{"id":3559,"date":"2026-02-02T21:37:44","date_gmt":"2026-02-02T18:37:44","guid":{"rendered":"https:\/\/www.kozmodern.com\/?product=kerastase-elixir-ultime-lhuile-originale-sac-yagi-75-ml"},"modified":"2026-04-18T15:46:08","modified_gmt":"2026-04-18T12:46:08","slug":"kerastase-elixir-ultime-lhuile-originale-sac-yagi-75-ml","status":"publish","type":"product","link":"https:\/\/www.kozmodern.com\/?product=kerastase-elixir-ultime-lhuile-originale-sac-yagi-75-ml","title":{"rendered":"Kerastase Elixir Ultime L&#8217;Huile Originale Sa\u00e7 Ya\u011f\u0131 75 ml"},"content":{"rendered":"<p>\u00c7ok ama\u00e7l\u0131 sa\u00e7 bak\u0131m ya\u011f\u0131, sa\u00e7 tellerini besleyip yumu\u015fat\u0131rken elektriklenmeyi azaltmaya ve yo\u011fun parlakl\u0131k kazand\u0131rmaya yard\u0131mc\u0131 olur. Is\u0131 ile \u015fekillendirme \u00f6ncesi veya son dokunu\u015f olarak kullan\u0131ld\u0131\u011f\u0131nda sa\u00e7\u0131n daha p\u00fcr\u00fczs\u00fcz ve bak\u0131ml\u0131 g\u00f6r\u00fcnmesini destekler.<\/p>\n","protected":false},"excerpt":{"rendered":"<h2 data-start=\"571\" data-end=\"587\">Ne i\u015fe yarar?<\/h2>\n<p data-start=\"588\" data-end=\"844\">Bu \u00fcr\u00fcn sa\u00e7lara parlakl\u0131k, yumu\u015fakl\u0131k ve besleyici bak\u0131m sa\u011flamak i\u00e7in geli\u015ftirilmi\u015f \u00e7ok ama\u00e7l\u0131 bir sa\u00e7 bak\u0131m ya\u011f\u0131d\u0131r. \u0130\u00e7eri\u011finde bulunan de\u011ferli bitkisel ya\u011flar sayesinde sa\u00e7 tellerini beslemeye, sa\u00e7\u0131n daha sa\u011fl\u0131kl\u0131 ve canl\u0131 g\u00f6r\u00fcnmesine yard\u0131mc\u0131 olur.<\/p>\n<p data-start=\"846\" data-end=\"1176\">Form\u00fcl\u00fcnde bulunan argan ya\u011f\u0131, kamelya ya\u011f\u0131, marula ya\u011f\u0131 ve m\u0131s\u0131r ya\u011f\u0131 gibi besleyici ya\u011flar sa\u00e7\u0131n ihtiya\u00e7 duydu\u011fu lipitleri destekleyerek sa\u00e7 tellerinin daha g\u00fc\u00e7l\u00fc ve esnek olmas\u0131na katk\u0131 sa\u011flar. Bu ya\u011flar sa\u00e7\u0131n kurumas\u0131n\u0131 \u00f6nlemeye yard\u0131mc\u0131 olurken sa\u00e7\u0131n do\u011fal parlakl\u0131\u011f\u0131n\u0131 da art\u0131r\u0131r.<\/p>\n<p data-start=\"1178\" data-end=\"1484\">Ayr\u0131ca \u00fcr\u00fcn sa\u00e7 y\u00fczeyinde ince bir koruyucu tabaka olu\u015fturarak sa\u00e7\u0131n daha p\u00fcr\u00fczs\u00fcz g\u00f6r\u00fcnmesini sa\u011flar. Bu sayede sa\u00e7\u0131n kabarmas\u0131 ve elektriklenmesi azal\u0131r, sa\u00e7 daha kolay \u015fekil al\u0131r ve g\u00fcn boyunca daha d\u00fczenli g\u00f6r\u00fcn\u00fcr. D\u00fczenli kullan\u0131mda sa\u00e7 u\u00e7lar\u0131n\u0131n daha yumu\u015fak ve bak\u0131ml\u0131 g\u00f6r\u00fcnmesine yard\u0131mc\u0131 olabilir.<\/p>\n<p data-start=\"1486\" data-end=\"1867\">\u00dcr\u00fcn ayn\u0131 zamanda sa\u00e7\u0131n parlakl\u0131\u011f\u0131n\u0131 art\u0131rmak, sa\u00e7 tellerini yumu\u015fatmak ve k\u0131r\u0131lma g\u00f6r\u00fcn\u00fcm\u00fcn\u00fc azaltmak i\u00e7in kullan\u0131l\u0131r. Sa\u00e7\u0131n daha ipeksi bir dokuda hissedilmesine ve daha sa\u011fl\u0131kl\u0131 g\u00f6r\u00fcnmesine katk\u0131 sa\u011flar. Baz\u0131 durumlarda f\u00f6n veya \u0131s\u0131 ile \u015fekillendirme \u00f6ncesinde de kullan\u0131labilir ve sa\u00e7\u0131 d\u0131\u015f etkenlere kar\u015f\u0131 korumaya yard\u0131mc\u0131 olabilir.<\/p>\n<hr data-start=\"1869\" data-end=\"1872\" \/>\n<h2 data-start=\"1874\" data-end=\"1894\">Nas\u0131l kullan\u0131l\u0131r?<\/h2>\n<ul data-start=\"1895\" data-end=\"2213\">\n<li data-start=\"1895\" data-end=\"1934\">\n<p data-start=\"1897\" data-end=\"1934\">Kuru veya nemli sa\u00e7a uygulanabilir.<\/p>\n<\/li>\n<li data-start=\"1935\" data-end=\"1971\">\n<p data-start=\"1937\" data-end=\"1971\">Avuca 1\u20132 damla \u00fcr\u00fcn al\u0131n\u0131r.<\/p>\n<\/li>\n<li data-start=\"1972\" data-end=\"2030\">\n<p data-start=\"1974\" data-end=\"2030\">Sa\u00e7\u0131n orta k\u0131s\u0131mlar\u0131ndan u\u00e7lar\u0131na do\u011fru uygulan\u0131r.<\/p>\n<\/li>\n<li data-start=\"2031\" data-end=\"2046\">\n<p data-start=\"2033\" data-end=\"2046\">Durulanmaz.<\/p>\n<\/li>\n<li data-start=\"2047\" data-end=\"2213\">\n<p data-start=\"2049\" data-end=\"2096\">\u0130ste\u011fe g\u00f6re farkl\u0131 \u015fekillerde kullan\u0131labilir:<\/p>\n<ul data-start=\"2099\" data-end=\"2213\">\n<li data-start=\"2099\" data-end=\"2124\">\n<p data-start=\"2101\" data-end=\"2124\">F\u00f6n \u00f6ncesi bak\u0131m ya\u011f\u0131<\/p>\n<\/li>\n<li data-start=\"2127\" data-end=\"2175\">\n<p data-start=\"2129\" data-end=\"2175\">G\u00fcn i\u00e7inde parlakl\u0131k vermek i\u00e7in son dokunu\u015f<\/p>\n<\/li>\n<li data-start=\"2178\" data-end=\"2213\">\n<p data-start=\"2180\" data-end=\"2213\">\u015eampuan \u00f6ncesi yo\u011fun bak\u0131m ya\u011f\u0131<\/p>\n<\/li>\n<\/ul>\n<\/li>\n<\/ul>\n<p data-start=\"2215\" data-end=\"2360\">Bu kullan\u0131m sayesinde sa\u00e7 daha parlak, yumu\u015fak, kolay taranan ve daha bak\u0131ml\u0131 g\u00f6r\u00fcnen bir hale gelir.<\/p>\n<p>&nbsp;<\/p>\n<h4>\u0130\u00c7ER\u0130K:<\/h4>\n<p>ISODODECANE \u2013 DIMETHICONE \u2013 DIMETHICONOL \u2013 CAMELLIA OLEIFERA SEED OIL \u2013 ZEA MAYS GERM OIL \/ CORN GERM OIL \u2013 ARGANIA SPINOSA KERNEL OIL \u2013 SCLEROCARYA BIRREA SEED OIL \u2013 PENTACLETHRA MACROLOBA SEED OIL \u2013 CAPRYLIC\/CAPRIC TRIGLYCERIDE \u2013 CAMELINA SATIVA SEED OIL \u2013 LINALOOL \u2013 ALPHA-ISOMETHYL IONONE \u2013 LIMONENE \u2013 COUMARIN \u2013 BENZYL ALCOHOL \u2013 CAMELLIA JAPONICA FLOWER EXTRACT \u2013 PHYLLANTHUS EMBLICA FRUIT EXTRACT \u2013 TOCOPHEROL \u2013 PARFUM \/ FRAGRANCE<\/p>\n","protected":false},"featured_media":3558,"comment_status":"open","ping_status":"closed","template":"","meta":{"_acf_changed":false},"product_brand":[171],"product_cat":[15],"product_tag":[],"class_list":{"0":"post-3559","1":"product","2":"type-product","3":"status-publish","4":"has-post-thumbnail","6":"product_brand-kerastase","7":"product_cat-genel","9":"first","10":"instock","11":"shipping-taxable","12":"purchasable","13":"product-type-simple"},"acf":[],"_links":{"self":[{"href":"https:\/\/www.kozmodern.com\/index.php?rest_route=\/wp\/v2\/product\/3559","targetHints":{"allow":["GET"]}}],"collection":[{"href":"https:\/\/www.kozmodern.com\/index.php?rest_route=\/wp\/v2\/product"}],"about":[{"href":"https:\/\/www.kozmodern.com\/index.php?rest_route=\/wp\/v2\/types\/product"}],"replies":[{"embeddable":true,"href":"https:\/\/www.kozmodern.com\/index.php?rest_route=%2Fwp%2Fv2%2Fcomments&post=3559"}],"wp:featuredmedia":[{"embeddable":true,"href":"https:\/\/www.kozmodern.com\/index.php?rest_route=\/wp\/v2\/media\/3558"}],"wp:attachment":[{"href":"https:\/\/www.kozmodern.com\/index.php?rest_route=%2Fwp%2Fv2%2Fmedia&parent=3559"}],"wp:term":[{"taxonomy":"product_brand","embeddable":true,"href":"https:\/\/www.kozmodern.com\/index.php?rest_route=%2Fwp%2Fv2%2Fproduct_brand&post=3559"},{"taxonomy":"product_cat","embeddable":true,"href":"https:\/\/www.kozmodern.com\/index.php?rest_route=%2Fwp%2Fv2%2Fproduct_cat&post=3559"},{"taxonomy":"product_tag","embeddable":true,"href":"https:\/\/www.kozmodern.com\/index.php?rest_route=%2Fwp%2Fv2%2Fproduct_tag&post=3559"}],"curies":[{"name":"wp","href":"https:\/\/api.w.org\/{rel}","templated":true}]}}