{"id":3585,"date":"2026-02-02T21:40:29","date_gmt":"2026-02-02T18:40:29","guid":{"rendered":"https:\/\/www.kozmodern.com\/?product=kerastase-genesis-masque-reconstituant-guclendirici-sac-maskesi-200-ml"},"modified":"2026-04-15T17:12:06","modified_gmt":"2026-04-15T14:12:06","slug":"kerastase-genesis-masque-reconstituant-guclendirici-sac-maskesi-200-ml","status":"publish","type":"product","link":"https:\/\/www.kozmodern.com\/?product=kerastase-genesis-masque-reconstituant-guclendirici-sac-maskesi-200-ml","title":{"rendered":"Kerastase Genesis Masque Reconstituant G\u00fc\u00e7lendirici Sa\u00e7 Maskesi 200 ml"},"content":{"rendered":"<p>D\u00f6k\u00fclmeye e\u011filimli, zay\u0131f sa\u00e7lar i\u00e7in geli\u015ftirilen bu sa\u00e7 maskesi, sa\u00e7 lifini kal\u0131nla\u015ft\u0131rmaya ve g\u00fc\u00e7lendirmeye yard\u0131mc\u0131 olur. Sa\u00e7lar daha dolgun, yo\u011fun ve ipeksi bir dokunu\u015fa sahip olur.<\/p>\n<h3 data-start=\"690\" data-end=\"726\">Ne i\u015fe yarar?<\/h3>\n<p data-start=\"728\" data-end=\"968\">Kerastase Genesis Masque Reconstituant, sa\u00e7\u0131n g\u00fc\u00e7s\u00fczle\u015fmeye e\u011filimli, k\u0131r\u0131lmaya ba\u011fl\u0131 d\u00f6k\u00fclmeleri azaltmaya yard\u0131mc\u0131 olacak \u015fekilde form\u00fcle edilen yo\u011fun bak\u0131m ve g\u00fc\u00e7lendirici sa\u00e7 maskesidir.<\/p>\n<p data-start=\"970\" data-end=\"1366\">Bu sa\u00e7 maskesi, sa\u00e7 tellerini derinlemesine nemlendirir, sa\u00e7\u0131n yap\u0131s\u0131n\u0131 besler ve sa\u00e7a yumu\u015fakl\u0131k ve parlakl\u0131k kazand\u0131r\u0131r. \u0130\u00e7eri\u011findeki Zencefil k\u00f6k\u00fc \u00f6z\u00fc, sa\u00e7 liflerini \u00e7evresel etkenlere kar\u015f\u0131 korumaya yard\u0131mc\u0131 olurken; Edelweiss k\u00f6k h\u00fccreleri g\u00fc\u00e7l\u00fc antioksidan \u00f6zelliklerle sa\u00e7 liflerini g\u00fc\u00e7lendirip y\u0131pranm\u0131\u015f alanlarda onar\u0131c\u0131 etki sa\u011flar.<\/p>\n<h3 data-start=\"1368\" data-end=\"1397\">\u00a0 \u00d6ne \u00e7\u0131kan faydalar\u0131:<\/h3>\n<ul data-start=\"1398\" data-end=\"1952\">\n<li data-start=\"1398\" data-end=\"1555\">\n<p data-start=\"1400\" data-end=\"1555\">Sa\u00e7 tellerini g\u00fc\u00e7lendirir ve k\u0131r\u0131lmaya kar\u015f\u0131 direncini art\u0131r\u0131r \u2013 zay\u0131f sa\u00e7larda k\u0131r\u0131lma riskini azaltabilir.<\/p>\n<\/li>\n<li data-start=\"1556\" data-end=\"1686\">\n<p data-start=\"1558\" data-end=\"1686\">Yo\u011fun nemlendirme sa\u011flar, sa\u00e7\u0131n kurulu\u011funu azalt\u0131r ve daha yumu\u015fak bir his verir.<\/p>\n<\/li>\n<li data-start=\"1687\" data-end=\"1820\">\n<p data-start=\"1689\" data-end=\"1820\">Kolay tarama ve bak\u0131m hissi olu\u015fturarak sa\u00e7\u0131n daha p\u00fcr\u00fczs\u00fcz g\u00f6r\u00fcnmesine katk\u0131 sa\u011flar.<\/p>\n<\/li>\n<li data-start=\"1821\" data-end=\"1952\">\n<p data-start=\"1823\" data-end=\"1952\">Parlakl\u0131k ve sa\u011fl\u0131k g\u00f6r\u00fcn\u00fcm\u00fc verir; sa\u00e7\u0131n daha canl\u0131 hissedilmesine yard\u0131mc\u0131 olur.<\/p>\n<\/li>\n<\/ul>\n<p data-start=\"1954\" data-end=\"2182\">Bu maske \u00f6zellikle zay\u0131fla\u015fm\u0131\u015f, incelmi\u015f ya da k\u0131r\u0131lma nedeniyle d\u00f6k\u00fclme e\u011filimi g\u00f6steren sa\u00e7lar i\u00e7in uygundur ve d\u00fczenli kullan\u0131mda sa\u00e7\u0131n genel g\u00f6r\u00fcn\u00fcm\u00fcn\u00fc iyile\u015ftirmeye destek olabilir.<\/p>\n","protected":false},"excerpt":{"rendered":"<h3 data-start=\"2189\" data-end=\"2215\">Nas\u0131l kullan\u0131l\u0131r?<\/h3>\n<ol data-start=\"2216\" data-end=\"2718\">\n<li data-start=\"2216\" data-end=\"2313\">\n<p data-start=\"2219\" data-end=\"2313\">Sa\u00e7\u0131n\u0131z\u0131 uygun bir Kerastase \u015fampuan\u0131 ile y\u0131kay\u0131n.<\/p>\n<\/li>\n<li data-start=\"2314\" data-end=\"2431\">\n<p data-start=\"2317\" data-end=\"2431\">Havluyla nemi al\u0131nm\u0131\u015f sa\u00e7 \u00fczerine maskeden yeterli miktar \u00fcr\u00fcn al\u0131n.<\/p>\n<\/li>\n<li data-start=\"2432\" data-end=\"2540\">\n<p data-start=\"2435\" data-end=\"2540\">Sa\u00e7\u0131n boy ve u\u00e7lar\u0131na maskeyi yay\u0131n ve nazik\u00e7e masaj yap\u0131n.<\/p>\n<\/li>\n<li data-start=\"2541\" data-end=\"2629\">\n<p data-start=\"2544\" data-end=\"2629\">\u00dcr\u00fcn\u00fc sa\u00e7ta yakla\u015f\u0131k 5 dakika bekletin.<\/p>\n<\/li>\n<li data-start=\"2630\" data-end=\"2718\">\n<p data-start=\"2633\" data-end=\"2718\">Daha sonra \u0131l\u0131k su ile iyice durulay\u0131n.<\/p>\n<\/li>\n<\/ol>\n<p data-start=\"2720\" data-end=\"2832\">&#8211; Ek tavsiye: Haftada 1\u20132 kez kullan\u0131ld\u0131\u011f\u0131nda daha iyi sonu\u00e7 verir.<\/p>\n<h3 data-start=\"2839\" data-end=\"2869\">Kimler i\u00e7in uygundur?<\/h3>\n<ul>\n<li data-start=\"2870\" data-end=\"3174\">Zay\u0131f, k\u0131r\u0131lmaya e\u011filimli sa\u00e7lar<\/li>\n<li data-start=\"2870\" data-end=\"3174\">D\u00f6k\u00fclme riski olan sa\u00e7 telleri<\/li>\n<li data-start=\"2870\" data-end=\"3174\">Kuruyan ve parlakl\u0131k eksikli\u011fi olan sa\u00e7lar<\/li>\n<li data-start=\"2870\" data-end=\"3174\">Kolay taranmayan sa\u00e7lar<\/li>\n<\/ul>\n<p>&nbsp;<\/p>\n<h4>\u0130\u00c7ER\u0130K:<\/h4>\n<p>AQUA \/ WATER \u2013 CETEARYL ALCOHOL \u2013 AMODIMETHICONE \u2013 BEHENTRIMONIUM CHLORIDE \u2013 CETYL ESTERS \u2013 ISOPROPYL ALCOHOL \u2013 TRIDECETH\u20116 \u2013 PHENOXYETHANOL \u2013 LIMONENE \u2013 CETRIMONIUM CHLORIDE \u2013 LINALOOL \u2013 CHLORHEXIDINE DIHYDROCHLORIDE \u2013 BENZYL SALICYLATE \u2013 COUMARIN \u2013 GLYCERIN \u2013 ZINGIBER OFFICINALE ROOT EXTRACT \/ GINGER ROOT EXTRACT \u2013 CITRAL \u2013 BENZYL ALCOHOL \u2013 CITRONELLOL \u2013 XYLITYLGLUCOSIDE \u2013 ANHYDROXYLITOL \u2013 LEONTOPODIUM ALPINUM CALLUS CULTURE EXTRACT \u2013 XYLITOL \u2013 CITRIC ACID \u2013 XANTHAN GUM \u2013 DIPEPTIDE DIAMINOBUTYROYL BENZYLAMIDE DIACETATE \u2013 PARFUM \/ FRAGRANCE<\/p>\n","protected":false},"featured_media":3584,"comment_status":"open","ping_status":"closed","template":"","meta":{"_acf_changed":false},"product_brand":[171],"product_cat":[15],"product_tag":[],"class_list":{"0":"post-3585","1":"product","2":"type-product","3":"status-publish","4":"has-post-thumbnail","6":"product_brand-kerastase","7":"product_cat-genel","9":"first","10":"instock","11":"shipping-taxable","12":"purchasable","13":"product-type-simple"},"acf":[],"_links":{"self":[{"href":"https:\/\/www.kozmodern.com\/index.php?rest_route=\/wp\/v2\/product\/3585","targetHints":{"allow":["GET"]}}],"collection":[{"href":"https:\/\/www.kozmodern.com\/index.php?rest_route=\/wp\/v2\/product"}],"about":[{"href":"https:\/\/www.kozmodern.com\/index.php?rest_route=\/wp\/v2\/types\/product"}],"replies":[{"embeddable":true,"href":"https:\/\/www.kozmodern.com\/index.php?rest_route=%2Fwp%2Fv2%2Fcomments&post=3585"}],"wp:featuredmedia":[{"embeddable":true,"href":"https:\/\/www.kozmodern.com\/index.php?rest_route=\/wp\/v2\/media\/3584"}],"wp:attachment":[{"href":"https:\/\/www.kozmodern.com\/index.php?rest_route=%2Fwp%2Fv2%2Fmedia&parent=3585"}],"wp:term":[{"taxonomy":"product_brand","embeddable":true,"href":"https:\/\/www.kozmodern.com\/index.php?rest_route=%2Fwp%2Fv2%2Fproduct_brand&post=3585"},{"taxonomy":"product_cat","embeddable":true,"href":"https:\/\/www.kozmodern.com\/index.php?rest_route=%2Fwp%2Fv2%2Fproduct_cat&post=3585"},{"taxonomy":"product_tag","embeddable":true,"href":"https:\/\/www.kozmodern.com\/index.php?rest_route=%2Fwp%2Fv2%2Fproduct_tag&post=3585"}],"curies":[{"name":"wp","href":"https:\/\/api.w.org\/{rel}","templated":true}]}}