{"id":3603,"date":"2026-02-02T21:42:49","date_gmt":"2026-02-02T18:42:49","guid":{"rendered":"https:\/\/www.kozmodern.com\/?product=olaplex-no-7-bonding-oil-60-ml"},"modified":"2026-03-10T01:54:40","modified_gmt":"2026-03-09T22:54:40","slug":"olaplex-no-7-bonding-oil-60-ml","status":"publish","type":"product","link":"https:\/\/www.kozmodern.com\/?product=olaplex-no-7-bonding-oil-60-ml","title":{"rendered":"Olaplex No. 7 Bonding Oil 60 ml"},"content":{"rendered":"<h3 data-start=\"701\" data-end=\"717\">Olaplex No. 7 Bonding Oil 60 ml<\/h3>\n<p data-start=\"718\" data-end=\"923\">Bu \u00fcr\u00fcn sa\u00e7lar\u0131 g\u00fc\u00e7lendirmek, parlakl\u0131k vermek ve \u0131s\u0131ya kar\u015f\u0131 korumak i\u00e7in geli\u015ftirilmi\u015f hafif yap\u0131l\u0131 bir sa\u00e7 bak\u0131m ya\u011f\u0131d\u0131r. \u00d6zellikle i\u015flem g\u00f6rm\u00fc\u015f, boyal\u0131 veya y\u0131pranm\u0131\u015f sa\u00e7lar i\u00e7in s\u0131k tercih edilir.<\/p>\n<p data-start=\"925\" data-end=\"1229\">Form\u00fcl\u00fcnde bulunan Bis-Aminopropyl Diglycol Dimaleate, Olaplex markas\u0131n\u0131n patentli aktif bile\u015fenidir. Bu madde sa\u00e7\u0131n i\u00e7 yap\u0131s\u0131ndaki ba\u011flar\u0131n korunmas\u0131na ve sa\u00e7 tellerinin daha g\u00fc\u00e7l\u00fc g\u00f6r\u00fcnmesine yard\u0131mc\u0131 olur. B\u00f6ylece sa\u00e7\u0131n k\u0131r\u0131lma ve hasar g\u00f6r\u00fcn\u00fcm\u00fc azalabilir.<\/p>\n<p data-start=\"1231\" data-end=\"1426\">Ayr\u0131ca \u00fcr\u00fcn sa\u00e7\u0131n y\u00fczeyini p\u00fcr\u00fczs\u00fczle\u015ftirerek sa\u00e7\u0131n daha parlak ve yumu\u015fak g\u00f6r\u00fcnmesine yard\u0131mc\u0131 olur. Sa\u00e7taki kabarmay\u0131 ve elektriklenmeyi azaltabilir ve sa\u00e7\u0131n daha kolay \u015fekil almas\u0131n\u0131 sa\u011flar.<\/p>\n<p data-start=\"1428\" data-end=\"1683\">Bu ya\u011f ayn\u0131 zamanda sa\u00e7 i\u00e7in \u0131s\u0131 korumas\u0131 sa\u011flar. Sa\u00e7\u0131n f\u00f6n, ma\u015fa veya d\u00fczle\u015ftirici gibi s\u0131cak i\u015flemler s\u0131ras\u0131nda zarar g\u00f6rmesini azaltmaya yard\u0131mc\u0131 olur ve yakla\u015f\u0131k 232\u00b0C\u2019ye kadar \u0131s\u0131 korumas\u0131 sa\u011flayabilir.<\/p>\n<p data-start=\"1685\" data-end=\"1711\">D\u00fczenli kullan\u0131ld\u0131\u011f\u0131nda:<\/p>\n<ul data-start=\"1712\" data-end=\"1965\">\n<li data-start=\"1712\" data-end=\"1767\">\n<p data-start=\"1714\" data-end=\"1767\">Sa\u00e7\u0131n parlakl\u0131\u011f\u0131n\u0131 ve yumu\u015fakl\u0131\u011f\u0131n\u0131 art\u0131rabilir<\/p>\n<\/li>\n<li data-start=\"1768\" data-end=\"1816\">\n<p data-start=\"1770\" data-end=\"1816\">Kabarmay\u0131 ve elektriklenmeyi azaltabilir<\/p>\n<\/li>\n<li data-start=\"1817\" data-end=\"1880\">\n<p data-start=\"1819\" data-end=\"1880\">Sa\u00e7 tellerinin daha g\u00fc\u00e7l\u00fc g\u00f6r\u00fcnmesine yard\u0131mc\u0131 olabilir<\/p>\n<\/li>\n<li data-start=\"1881\" data-end=\"1928\">\n<p data-start=\"1883\" data-end=\"1928\">K\u0131r\u0131lma ve hasar g\u00f6r\u00fcn\u00fcm\u00fcn\u00fc azaltabilir<\/p>\n<\/li>\n<li data-start=\"1929\" data-end=\"1965\">\n<p data-start=\"1931\" data-end=\"1965\">Sa\u00e7\u0131 \u0131s\u0131ya kar\u015f\u0131 koruyabilir<\/p>\n<\/li>\n<\/ul>\n","protected":false},"excerpt":{"rendered":"<h3 data-start=\"1931\" data-end=\"1965\">\u00a0 Nas\u0131l kullan\u0131l\u0131r?<\/h3>\n<ul data-start=\"1993\" data-end=\"2223\">\n<li data-start=\"1993\" data-end=\"2040\">\n<p data-start=\"1995\" data-end=\"2040\">\u015ei\u015feyi ters \u00e7evirip birka\u00e7 damla \u00fcr\u00fcn al\u0131n.<\/p>\n<\/li>\n<li data-start=\"2041\" data-end=\"2081\">\n<p data-start=\"2043\" data-end=\"2081\">2\u20133 damla genellikle yeterlidir.<\/p>\n<\/li>\n<li data-start=\"2082\" data-end=\"2121\">\n<p data-start=\"2084\" data-end=\"2121\">Nemli veya kuru sa\u00e7a uygulanabilir.<\/p>\n<\/li>\n<li data-start=\"2122\" data-end=\"2191\">\n<p data-start=\"2124\" data-end=\"2191\">\u00dcr\u00fcn\u00fc \u00f6zellikle sa\u00e7\u0131n orta k\u0131s\u0131mlar\u0131na ve u\u00e7lar\u0131na uygulay\u0131n.<\/p>\n<\/li>\n<li data-start=\"2192\" data-end=\"2223\">\n<p data-start=\"2194\" data-end=\"2223\">Durulanmaz (leave-in \u00fcr\u00fcn).<\/p>\n<\/li>\n<\/ul>\n<p data-start=\"2225\" data-end=\"2246\">Kullan\u0131m \u015fekilleri:<\/p>\n<ul data-start=\"2247\" data-end=\"2465\">\n<li data-start=\"2247\" data-end=\"2298\">\n<p data-start=\"2249\" data-end=\"2298\">F\u00f6n veya ma\u015fa \u00f6ncesi: Is\u0131dan koruma sa\u011flar.<\/p>\n<\/li>\n<li data-start=\"2299\" data-end=\"2361\">\n<p data-start=\"2301\" data-end=\"2361\">\u015eekillendirme sonras\u0131: Parlakl\u0131k ve p\u00fcr\u00fczs\u00fczl\u00fck verir.<\/p>\n<\/li>\n<li data-start=\"2362\" data-end=\"2465\">\n<p data-start=\"2364\" data-end=\"2465\">G\u00fcn i\u00e7inde: Elektriklenmeyi azaltmak i\u00e7in kullan\u0131labilir.<\/p>\n<\/li>\n<\/ul>\n<hr data-start=\"2467\" data-end=\"2470\" \/>\n<p data-start=\"2472\" data-end=\"2501\">&#8211;\u00a0 Kimler i\u00e7in uygundur?<\/p>\n<ul data-start=\"2502\" data-end=\"2654\">\n<li data-start=\"2502\" data-end=\"2540\">\n<p data-start=\"2504\" data-end=\"2540\">Y\u0131pranm\u0131\u015f veya i\u015flem g\u00f6rm\u00fc\u015f sa\u00e7lar<\/p>\n<\/li>\n<li data-start=\"2541\" data-end=\"2579\">\n<p data-start=\"2543\" data-end=\"2579\">Boya veya a\u00e7\u0131c\u0131 kullan\u0131lm\u0131\u015f sa\u00e7lar<\/p>\n<\/li>\n<li data-start=\"2580\" data-end=\"2615\">\n<p data-start=\"2582\" data-end=\"2615\">Elektriklenen ve kabaran sa\u00e7lar<\/p>\n<\/li>\n<li data-start=\"2616\" data-end=\"2654\">\n<p data-start=\"2618\" data-end=\"2654\">Is\u0131 ile s\u0131k \u015fekillendirilen sa\u00e7lar<\/p>\n<\/li>\n<\/ul>\n<p>&nbsp;<\/p>\n<p>\u0130\u00c7ER\u0130K:<\/p>\n<p data-start=\"90\" data-end=\"694\">DIMETHICONE \u2013 ISOHEXADECANE \u2013 C13-14 ISOPARAFFIN \u2013 COCO-CAPRYLATE \u2013 PHENYL TRIMETHICONE \u2013 BIS-AMINOPROPYL DIGLYCOL DIMALEATE \u2013 PROPANEDIOL \u2013 ZEA MAYS OIL \u2013 BETA-CAROTENE \u2013 HELIANTHUS ANNUUS SEED OIL \u2013 MORINGA OLEIFERA SEED OIL \u2013 PUNICA GRANATUM SEED OIL \u2013 AQUA \/ WATER \u2013 MORINDA CITRIFOLIA FRUIT POWDER \u2013 PARFUM \/ FRAGRANCE \u2013 HEXYL CINNAMAL \u2013 ECLIPTA PROSTRATA EXTRACT \u2013 ETHYLHEXYL METHOXYCINNAMATE \u2013 LIMONENE \u2013 TOCOPHEROL \u2013 CITRAL \u2013 LINALOOL \u2013 MELIA AZADIRACHTA LEAF EXTRACT \u2013 CITRONELLOL \u2013 PSEUDOZYMA EPICOLA \/ CAMELLIA SINENSIS SEED OIL FERMENT EXTRACT FILTRATE<\/p>\n","protected":false},"featured_media":3602,"comment_status":"open","ping_status":"closed","template":"","meta":{"_acf_changed":false},"product_brand":[172],"product_cat":[15],"product_tag":[],"class_list":{"0":"post-3603","1":"product","2":"type-product","3":"status-publish","4":"has-post-thumbnail","6":"product_brand-olaplex","7":"product_cat-genel","9":"first","10":"instock","11":"shipping-taxable","12":"purchasable","13":"product-type-simple"},"acf":[],"_links":{"self":[{"href":"https:\/\/www.kozmodern.com\/index.php?rest_route=\/wp\/v2\/product\/3603","targetHints":{"allow":["GET"]}}],"collection":[{"href":"https:\/\/www.kozmodern.com\/index.php?rest_route=\/wp\/v2\/product"}],"about":[{"href":"https:\/\/www.kozmodern.com\/index.php?rest_route=\/wp\/v2\/types\/product"}],"replies":[{"embeddable":true,"href":"https:\/\/www.kozmodern.com\/index.php?rest_route=%2Fwp%2Fv2%2Fcomments&post=3603"}],"wp:featuredmedia":[{"embeddable":true,"href":"https:\/\/www.kozmodern.com\/index.php?rest_route=\/wp\/v2\/media\/3602"}],"wp:attachment":[{"href":"https:\/\/www.kozmodern.com\/index.php?rest_route=%2Fwp%2Fv2%2Fmedia&parent=3603"}],"wp:term":[{"taxonomy":"product_brand","embeddable":true,"href":"https:\/\/www.kozmodern.com\/index.php?rest_route=%2Fwp%2Fv2%2Fproduct_brand&post=3603"},{"taxonomy":"product_cat","embeddable":true,"href":"https:\/\/www.kozmodern.com\/index.php?rest_route=%2Fwp%2Fv2%2Fproduct_cat&post=3603"},{"taxonomy":"product_tag","embeddable":true,"href":"https:\/\/www.kozmodern.com\/index.php?rest_route=%2Fwp%2Fv2%2Fproduct_tag&post=3603"}],"curies":[{"name":"wp","href":"https:\/\/api.w.org\/{rel}","templated":true}]}}