{"id":3617,"date":"2026-02-02T21:43:09","date_gmt":"2026-02-02T18:43:09","guid":{"rendered":"https:\/\/www.kozmodern.com\/?product=nashi-argan-oil-30-ml"},"modified":"2026-03-10T01:09:37","modified_gmt":"2026-03-09T22:09:37","slug":"nashi-argan-oil-30-ml","status":"publish","type":"product","link":"https:\/\/www.kozmodern.com\/?product=nashi-argan-oil-30-ml","title":{"rendered":"Nashi Argan Oil 30 ml"},"content":{"rendered":"<p>Nashi Argan Oil 30 ml, so\u011fuk s\u0131k\u0131m argan ya\u011f\u0131 bazl\u0131 sa\u00e7 bak\u0131m ya\u011f\u0131d\u0131r. Sa\u00e7\u0131 besler, nem dengesi sa\u011flar, kabarmay\u0131 azalt\u0131r ve sa\u00e7a parlakl\u0131k ile yumu\u015fakl\u0131k kazand\u0131r\u0131r. D\u00fczenli kullan\u0131mda sa\u00e7\u0131n daha g\u00fc\u00e7l\u00fc ve sa\u011fl\u0131kl\u0131 g\u00f6r\u00fcnmesine yard\u0131mc\u0131 olur.<\/p>\n","protected":false},"excerpt":{"rendered":"<h3 data-start=\"308\" data-end=\"331\">Ne i\u00e7in kullan\u0131l\u0131r?<\/h3>\n<ul data-start=\"332\" data-end=\"604\">\n<li data-start=\"332\" data-end=\"380\">\n<p data-start=\"334\" data-end=\"380\">Sa\u00e7a parlakl\u0131k ve yumu\u015fakl\u0131k kazand\u0131rmak<\/p>\n<\/li>\n<li data-start=\"381\" data-end=\"426\">\n<p data-start=\"383\" data-end=\"426\">Kabarmay\u0131 ve elektriklenmeyi azaltmak<\/p>\n<\/li>\n<li data-start=\"427\" data-end=\"489\">\n<p data-start=\"429\" data-end=\"489\">Sa\u00e7 u\u00e7lar\u0131ndaki k\u0131r\u0131lmalar\u0131 ve kuru b\u00f6lgeleri beslemek<\/p>\n<\/li>\n<li data-start=\"490\" data-end=\"538\">\n<p data-start=\"492\" data-end=\"538\">Sa\u00e7\u0131n daha sa\u011fl\u0131kl\u0131 g\u00f6r\u00fcnmesini sa\u011flamak<\/p>\n<\/li>\n<li data-start=\"539\" data-end=\"604\">\n<p data-start=\"541\" data-end=\"604\">F\u00f6n ve \u015fekillendirme \u00f6ncesi \u0131s\u0131 korumas\u0131 deste\u011fi sa\u011flamak<\/p>\n<\/li>\n<\/ul>\n<hr data-start=\"606\" data-end=\"609\" \/>\n<h3 data-start=\"611\" data-end=\"647\">Hangi sa\u00e7 tipleri i\u00e7in uygundur?<\/h3>\n<ul data-start=\"648\" data-end=\"809\">\n<li data-start=\"648\" data-end=\"677\">\n<p data-start=\"650\" data-end=\"677\">Kuru veya \u00e7ok kuru sa\u00e7lar<\/p>\n<\/li>\n<li data-start=\"678\" data-end=\"714\">\n<p data-start=\"680\" data-end=\"714\">Y\u0131pranm\u0131\u015f ve i\u015flem g\u00f6rm\u00fc\u015f sa\u00e7lar<\/p>\n<\/li>\n<li data-start=\"715\" data-end=\"739\">\n<p data-start=\"717\" data-end=\"739\">Mat ve cans\u0131z sa\u00e7lar<\/p>\n<\/li>\n<li data-start=\"740\" data-end=\"758\">\n<p data-start=\"742\" data-end=\"758\">Kabaran sa\u00e7lar<\/p>\n<\/li>\n<li data-start=\"759\" data-end=\"809\">\n<p data-start=\"761\" data-end=\"809\">T\u00fcm sa\u00e7 tiplerinde bak\u0131m ve parlakl\u0131k isteyenler<\/p>\n<\/li>\n<\/ul>\n<hr data-start=\"811\" data-end=\"814\" \/>\n<h3 data-start=\"816\" data-end=\"837\">Nas\u0131l kullan\u0131l\u0131r?<\/h3>\n<ul data-start=\"838\" data-end=\"1078\">\n<li data-start=\"838\" data-end=\"907\">\n<p data-start=\"840\" data-end=\"907\">Nemli sa\u00e7ta: 1\u20133 pompa \u00fcr\u00fcn\u00fc sa\u00e7\u0131n boy ve u\u00e7lar\u0131na uygulay\u0131n.<\/p>\n<\/li>\n<li data-start=\"908\" data-end=\"1020\">\n<p data-start=\"910\" data-end=\"1020\">Kuru sa\u00e7ta: Sadece sa\u00e7 u\u00e7lar\u0131na 1 pompa uygulayarak parlakl\u0131k ve kabarma kontrol\u00fc sa\u011flayabilirsiniz.<\/p>\n<\/li>\n<li data-start=\"1021\" data-end=\"1078\">\n<p data-start=\"1023\" data-end=\"1078\">\u0130stersen f\u00f6n veya d\u00fczle\u015ftirme \u00f6ncesi de kullan\u0131labilir.<\/p>\n<\/li>\n<\/ul>\n<hr data-start=\"1080\" data-end=\"1083\" \/>\n<h4 data-start=\"1085\" data-end=\"1107\">\u0130\u00c7ER\u0130K:<\/h4>\n<p data-start=\"1109\" data-end=\"1226\"><strong data-start=\"1109\" data-end=\"1224\">Argania Spinosa Kernel Oil \u2014 Tocopherol \u2014 Cinnamyl Alcohol \u2014 Linalool \u2014 Limonene \u2014 Geraniol \u2014 Citral \u2014 Farnesol<\/strong><\/p>\n","protected":false},"featured_media":3616,"comment_status":"open","ping_status":"closed","template":"","meta":{"_acf_changed":false},"product_brand":[185],"product_cat":[15],"product_tag":[186,183,187],"class_list":{"0":"post-3617","1":"product","2":"type-product","3":"status-publish","4":"has-post-thumbnail","6":"product_brand-nashi","7":"product_cat-genel","8":"product_tag-kuru-saclar","9":"product_tag-tum-sac-tipleri","10":"product_tag-yag","12":"first","13":"instock","14":"shipping-taxable","15":"purchasable","16":"product-type-simple"},"acf":[],"_links":{"self":[{"href":"https:\/\/www.kozmodern.com\/index.php?rest_route=\/wp\/v2\/product\/3617","targetHints":{"allow":["GET"]}}],"collection":[{"href":"https:\/\/www.kozmodern.com\/index.php?rest_route=\/wp\/v2\/product"}],"about":[{"href":"https:\/\/www.kozmodern.com\/index.php?rest_route=\/wp\/v2\/types\/product"}],"replies":[{"embeddable":true,"href":"https:\/\/www.kozmodern.com\/index.php?rest_route=%2Fwp%2Fv2%2Fcomments&post=3617"}],"wp:featuredmedia":[{"embeddable":true,"href":"https:\/\/www.kozmodern.com\/index.php?rest_route=\/wp\/v2\/media\/3616"}],"wp:attachment":[{"href":"https:\/\/www.kozmodern.com\/index.php?rest_route=%2Fwp%2Fv2%2Fmedia&parent=3617"}],"wp:term":[{"taxonomy":"product_brand","embeddable":true,"href":"https:\/\/www.kozmodern.com\/index.php?rest_route=%2Fwp%2Fv2%2Fproduct_brand&post=3617"},{"taxonomy":"product_cat","embeddable":true,"href":"https:\/\/www.kozmodern.com\/index.php?rest_route=%2Fwp%2Fv2%2Fproduct_cat&post=3617"},{"taxonomy":"product_tag","embeddable":true,"href":"https:\/\/www.kozmodern.com\/index.php?rest_route=%2Fwp%2Fv2%2Fproduct_tag&post=3617"}],"curies":[{"name":"wp","href":"https:\/\/api.w.org\/{rel}","templated":true}]}}