{"id":3636,"date":"2026-02-02T21:43:33","date_gmt":"2026-02-02T18:43:33","guid":{"rendered":"https:\/\/www.kozmodern.com\/?product=davines-oi-oil-135-ml"},"modified":"2026-03-10T00:54:11","modified_gmt":"2026-03-09T21:54:11","slug":"davines-oi-oil-135-ml","status":"publish","type":"product","link":"https:\/\/www.kozmodern.com\/?product=davines-oi-oil-135-ml","title":{"rendered":"Davines Oi Oil 135 ml"},"content":{"rendered":"<p data-start=\"86\" data-end=\"378\"><span class=\"whitespace-normal\">Davines OI Oil 135 ml<\/span>, sa\u00e7lara parlakl\u0131k, yumu\u015fakl\u0131k ve elektriklenme kontrol\u00fc sa\u011flayan \u00e7ok ama\u00e7l\u0131 bir sa\u00e7 bak\u0131m ya\u011f\u0131d\u0131r. Sa\u00e7\u0131 a\u011f\u0131rla\u015ft\u0131rmadan p\u00fcr\u00fczs\u00fczle\u015ftirir, dola\u015fmay\u0131 azalt\u0131r ve sa\u00e7\u0131n daha sa\u011fl\u0131kl\u0131 g\u00f6r\u00fcnmesine yard\u0131mc\u0131 olur.<\/p>\n<p data-start=\"380\" data-end=\"541\">Form\u00fcl\u00fcnde bulunan Roucou ya\u011f\u0131 antioksidan bak\u0131m sa\u011flar ve sa\u00e7\u0131n \u00e7evresel fakt\u00f6rlere kar\u015f\u0131 korunmas\u0131na yard\u0131mc\u0131 olur.<\/p>\n","protected":false},"excerpt":{"rendered":"<h3 data-start=\"548\" data-end=\"571\">Ne i\u00e7in kullan\u0131l\u0131r?<\/h3>\n<ul data-start=\"572\" data-end=\"853\">\n<li data-start=\"572\" data-end=\"618\">\n<p data-start=\"574\" data-end=\"618\">Sa\u00e7a parlakl\u0131k ve yumu\u015fakl\u0131k kazand\u0131rmak<\/p>\n<\/li>\n<li data-start=\"619\" data-end=\"662\">\n<p data-start=\"621\" data-end=\"662\">Elektriklenmeyi ve kabarmay\u0131 azaltmak<\/p>\n<\/li>\n<li data-start=\"663\" data-end=\"710\">\n<p data-start=\"665\" data-end=\"710\">Sa\u00e7\u0131 daha kolay taranabilir hale getirmek<\/p>\n<\/li>\n<li data-start=\"711\" data-end=\"760\">\n<p data-start=\"713\" data-end=\"760\">F\u00f6n ve \u015fekillendirme \u00f6ncesi koruma sa\u011flamak<\/p>\n<\/li>\n<li data-start=\"761\" data-end=\"853\">\n<p data-start=\"763\" data-end=\"853\">Sa\u00e7\u0131n daha p\u00fcr\u00fczs\u00fcz g\u00f6r\u00fcnmesine yard\u0131mc\u0131 olmak<\/p>\n<\/li>\n<\/ul>\n<hr data-start=\"855\" data-end=\"858\" \/>\n<h3 data-start=\"860\" data-end=\"896\">Hangi sa\u00e7 tipleri i\u00e7in uygundur?<\/h3>\n<ul data-start=\"897\" data-end=\"1003\">\n<li data-start=\"897\" data-end=\"912\">\n<p data-start=\"899\" data-end=\"912\">Kuru sa\u00e7lar<\/p>\n<\/li>\n<li data-start=\"913\" data-end=\"931\">\n<p data-start=\"915\" data-end=\"931\">Kabaran sa\u00e7lar<\/p>\n<\/li>\n<li data-start=\"932\" data-end=\"954\">\n<p data-start=\"934\" data-end=\"954\">Kal\u0131n telli sa\u00e7lar<\/p>\n<\/li>\n<li data-start=\"955\" data-end=\"972\">\n<p data-start=\"957\" data-end=\"972\">Boyal\u0131 sa\u00e7lar<\/p>\n<\/li>\n<li data-start=\"973\" data-end=\"1003\">\n<p data-start=\"975\" data-end=\"1003\">Dalgal\u0131 ve k\u0131v\u0131rc\u0131k sa\u00e7lar<\/p>\n<\/li>\n<\/ul>\n<p data-start=\"1005\" data-end=\"1123\">\u00d6zellikle orta ve kal\u0131n telli, kuru veya kabaran sa\u00e7lar i\u00e7in \u00e7ok uygundur.<\/p>\n<hr data-start=\"1125\" data-end=\"1128\" \/>\n<h3 data-start=\"1130\" data-end=\"1151\">Nas\u0131l kullan\u0131l\u0131r?<\/h3>\n<ul data-start=\"1152\" data-end=\"1368\">\n<li data-start=\"1152\" data-end=\"1241\">\n<p data-start=\"1154\" data-end=\"1241\">Nemli sa\u00e7ta: 2-3 pompa \u00fcr\u00fcn\u00fc sa\u00e7\u0131n boy ve u\u00e7lar\u0131na uygulay\u0131p f\u00f6n \u00e7ekilebilir.<\/p>\n<\/li>\n<li data-start=\"1242\" data-end=\"1368\">\n<p data-start=\"1244\" data-end=\"1368\">Kuru sa\u00e7ta: Parlakl\u0131k ve elektriklenme kontrol\u00fc i\u00e7in sa\u00e7 u\u00e7lar\u0131na uygulanabilir.<\/p>\n<\/li>\n<\/ul>\n<hr data-start=\"1370\" data-end=\"1373\" \/>\n<h4 data-start=\"1375\" data-end=\"1397\">\u0130\u00c7ER\u0130K:<\/h4>\n<p data-start=\"1399\" data-end=\"1916\">Cyclopentasiloxane \u2014 Disiloxane \u2014 Dimethiconol \u2014 Cyclohexasiloxane \u2014 Ethylhexyl Methoxycinnamate \u2014 Parfum \/ Fragrance \u2014 Tocopherol \u2014 Helianthus Annuus Seed Oil \u2014 Bixa Orellana Seed Extract \u2014 Mauritia Flexuosa Fruit Oil \u2014 Hexamethylindanopyran \u2014 Eucalyptus Globulus Oil \u2014 Acetyl Cedrene \u2014 Terpineol \u2014 Citronellol \u2014 Methyl Salicylate \u2014 Lavandula Oil\/Extract \u2014 Geraniol \u2014 Alpha-Isomethyl Ionone \u2014 Camphor \u2014 Pelargonium Graveolens Flower Oil \u2014 Linalool \u2014 Linalyl Acetate \u2014 Limonene<\/p>\n","protected":false},"featured_media":3635,"comment_status":"open","ping_status":"closed","template":"","meta":{"_acf_changed":false},"product_brand":[189],"product_cat":[15],"product_tag":[186,183],"class_list":{"0":"post-3636","1":"product","2":"type-product","3":"status-publish","4":"has-post-thumbnail","6":"product_brand-davines","7":"product_cat-genel","8":"product_tag-kuru-saclar","9":"product_tag-tum-sac-tipleri","11":"first","12":"instock","13":"shipping-taxable","14":"purchasable","15":"product-type-simple"},"acf":[],"_links":{"self":[{"href":"https:\/\/www.kozmodern.com\/index.php?rest_route=\/wp\/v2\/product\/3636","targetHints":{"allow":["GET"]}}],"collection":[{"href":"https:\/\/www.kozmodern.com\/index.php?rest_route=\/wp\/v2\/product"}],"about":[{"href":"https:\/\/www.kozmodern.com\/index.php?rest_route=\/wp\/v2\/types\/product"}],"replies":[{"embeddable":true,"href":"https:\/\/www.kozmodern.com\/index.php?rest_route=%2Fwp%2Fv2%2Fcomments&post=3636"}],"wp:featuredmedia":[{"embeddable":true,"href":"https:\/\/www.kozmodern.com\/index.php?rest_route=\/wp\/v2\/media\/3635"}],"wp:attachment":[{"href":"https:\/\/www.kozmodern.com\/index.php?rest_route=%2Fwp%2Fv2%2Fmedia&parent=3636"}],"wp:term":[{"taxonomy":"product_brand","embeddable":true,"href":"https:\/\/www.kozmodern.com\/index.php?rest_route=%2Fwp%2Fv2%2Fproduct_brand&post=3636"},{"taxonomy":"product_cat","embeddable":true,"href":"https:\/\/www.kozmodern.com\/index.php?rest_route=%2Fwp%2Fv2%2Fproduct_cat&post=3636"},{"taxonomy":"product_tag","embeddable":true,"href":"https:\/\/www.kozmodern.com\/index.php?rest_route=%2Fwp%2Fv2%2Fproduct_tag&post=3636"}],"curies":[{"name":"wp","href":"https:\/\/api.w.org\/{rel}","templated":true}]}}