{"id":3638,"date":"2026-02-02T21:43:34","date_gmt":"2026-02-02T18:43:34","guid":{"rendered":"https:\/\/www.kozmodern.com\/?product=davines-oi-shampoo-280-ml"},"modified":"2026-03-10T00:52:34","modified_gmt":"2026-03-09T21:52:34","slug":"davines-oi-shampoo-280-ml","status":"publish","type":"product","link":"https:\/\/www.kozmodern.com\/?product=davines-oi-shampoo-280-ml","title":{"rendered":"Davines Oi Shampoo 280 ml"},"content":{"rendered":"<p data-start=\"90\" data-end=\"404\"><span class=\"whitespace-normal\">Davines OI Shampoo 280 ml<\/span>, sa\u00e7\u0131 nazik\u00e7e temizleyen ve ayn\u0131 zamanda parlakl\u0131k, yumu\u015fakl\u0131k ve nem kazand\u0131ran g\u00fcnl\u00fck kullan\u0131ma uygun bir \u015fampuand\u0131r. \u0130\u00e7eri\u011finde bulunan Roucou ya\u011f\u0131 sayesinde sa\u00e7\u0131n daha g\u00fc\u00e7l\u00fc, parlak ve sa\u011fl\u0131kl\u0131 g\u00f6r\u00fcnmesine yard\u0131mc\u0131 olur.<\/p>\n","protected":false},"excerpt":{"rendered":"<h3 data-start=\"406\" data-end=\"429\">Ne i\u00e7in kullan\u0131l\u0131r?<\/h3>\n<ul data-start=\"430\" data-end=\"662\">\n<li data-start=\"430\" data-end=\"465\">\n<p data-start=\"432\" data-end=\"465\">Sa\u00e7\u0131 nazik \u015fekilde temizlemek<\/p>\n<\/li>\n<li data-start=\"466\" data-end=\"512\">\n<p data-start=\"468\" data-end=\"512\">Sa\u00e7a parlakl\u0131k ve yumu\u015fakl\u0131k kazand\u0131rmak<\/p>\n<\/li>\n<li data-start=\"513\" data-end=\"536\">\n<p data-start=\"515\" data-end=\"536\">Sa\u00e7\u0131 nemlendirmek<\/p>\n<\/li>\n<li data-start=\"537\" data-end=\"580\">\n<p data-start=\"539\" data-end=\"580\">Sa\u00e7\u0131n daha kolay taranmas\u0131n\u0131 sa\u011flamak<\/p>\n<\/li>\n<li data-start=\"581\" data-end=\"662\">\n<p data-start=\"583\" data-end=\"662\">Sa\u00e7\u0131 daha dolgun ve canl\u0131 g\u00f6stermek<\/p>\n<\/li>\n<\/ul>\n<h3 data-start=\"664\" data-end=\"700\">Hangi sa\u00e7 tipleri i\u00e7in uygundur?<\/h3>\n<ul data-start=\"701\" data-end=\"794\">\n<li data-start=\"701\" data-end=\"720\">\n<p data-start=\"703\" data-end=\"720\">T\u00fcm sa\u00e7 tipleri<\/p>\n<\/li>\n<li data-start=\"721\" data-end=\"736\">\n<p data-start=\"723\" data-end=\"736\">Kuru sa\u00e7lar<\/p>\n<\/li>\n<li data-start=\"737\" data-end=\"755\">\n<p data-start=\"739\" data-end=\"755\">Kabaran sa\u00e7lar<\/p>\n<\/li>\n<li data-start=\"756\" data-end=\"776\">\n<p data-start=\"758\" data-end=\"776\">Y\u0131pranm\u0131\u015f sa\u00e7lar<\/p>\n<\/li>\n<li data-start=\"777\" data-end=\"794\">\n<p data-start=\"779\" data-end=\"794\">Normal sa\u00e7lar<\/p>\n<\/li>\n<\/ul>\n<p data-start=\"796\" data-end=\"908\">\u00d6zellikle parlakl\u0131k ve yumu\u015fakl\u0131k isteyen sa\u00e7lar i\u00e7in tercih edilir.<\/p>\n<h3 data-start=\"910\" data-end=\"931\">Nas\u0131l kullan\u0131l\u0131r?<\/h3>\n<ol data-start=\"932\" data-end=\"1125\">\n<li data-start=\"932\" data-end=\"958\">\n<p data-start=\"935\" data-end=\"958\">Islak sa\u00e7a uygulan\u0131r.<\/p>\n<\/li>\n<li data-start=\"959\" data-end=\"999\">\n<p data-start=\"962\" data-end=\"999\">Sa\u00e7 derisine nazik\u00e7e masaj yap\u0131l\u0131r.<\/p>\n<\/li>\n<li data-start=\"1000\" data-end=\"1029\">\n<p data-start=\"1003\" data-end=\"1029\">Sa\u00e7 boylar\u0131na da\u011f\u0131t\u0131l\u0131r.<\/p>\n<\/li>\n<li data-start=\"1030\" data-end=\"1051\">\n<p data-start=\"1033\" data-end=\"1051\">\u0130yice durulan\u0131r.<\/p>\n<\/li>\n<li data-start=\"1052\" data-end=\"1125\">\n<p data-start=\"1055\" data-end=\"1125\">\u0130stenirse i\u015flem tekrar edilir.<\/p>\n<\/li>\n<\/ol>\n<hr data-start=\"1127\" data-end=\"1130\" \/>\n<h4 data-start=\"1132\" data-end=\"1154\">\u0130\u00c7ER\u0130K:<\/h4>\n<p data-start=\"1156\" data-end=\"2156\">Aqua \/ Water \/ Eau \u2014 Sodium Lauroyl Methyl Isethionate \u2014 Disodium Laureth Sulfosuccinate \u2014 Sodium Lauroyl Sarcosinate \u2014 Cocamidopropyl Betaine \u2014 Sodium Lauryl Sulfoacetate \u2014 Sodium Methyl 2-Sulfolaurate \u2014 Panthenol \u2014 Parfum \/ Fragrance \u2014 Sodium Methyl Isethionate \u2014 Benzyl Alcohol \u2014 Acrylates\/C10-30 Alkyl Acrylate Crosspolymer \u2014 Lauric Acid \u2014 PPG-26-Buteth-26 \u2014 Coco-Glucoside \u2014 Phenethyl Benzoate \u2014 Glyceryl Oleate \u2014 PEG-40 Hydrogenated Castor Oil \u2014 Sodium Benzoate \u2014 Glycol Distearate \u2014 Citric Acid \u2014 Trisodium Ethylenediamine Disuccinate \u2014 Polyquaternium-7 \u2014 Disodium 2-Sulfolaurate \u2014 Sodium Hydroxide \u2014 Sodium Laurate \u2014 Amodimethicone \u2014 Guar Hydroxypropyltrimonium Chloride \u2014 C11-15 Alketh-7 \u2014 Helianthus Annuus Seed Oil \u2014 Glyceryl Stearate \u2014 Glycerin \u2014 Laureth-9 \u2014 Trideceth-12 \u2014 Bixa Orellana Seed Extract \u2014 Hexamethylindanopyran \u2014 Eucalyptus Globulus Oil \u2014 Acetyl Cedrene \u2014 Terpineol \u2014 Citronellol \u2014 Methyl Salicylate \u2014 Lavandula Oil\/Extract \u2014 Geraniol<\/p>\n","protected":false},"featured_media":3637,"comment_status":"open","ping_status":"closed","template":"","meta":{"_acf_changed":false},"product_brand":[189],"product_cat":[15],"product_tag":[],"class_list":{"0":"post-3638","1":"product","2":"type-product","3":"status-publish","4":"has-post-thumbnail","6":"product_brand-davines","7":"product_cat-genel","9":"first","10":"instock","11":"shipping-taxable","12":"purchasable","13":"product-type-simple"},"acf":[],"_links":{"self":[{"href":"https:\/\/www.kozmodern.com\/index.php?rest_route=\/wp\/v2\/product\/3638","targetHints":{"allow":["GET"]}}],"collection":[{"href":"https:\/\/www.kozmodern.com\/index.php?rest_route=\/wp\/v2\/product"}],"about":[{"href":"https:\/\/www.kozmodern.com\/index.php?rest_route=\/wp\/v2\/types\/product"}],"replies":[{"embeddable":true,"href":"https:\/\/www.kozmodern.com\/index.php?rest_route=%2Fwp%2Fv2%2Fcomments&post=3638"}],"wp:featuredmedia":[{"embeddable":true,"href":"https:\/\/www.kozmodern.com\/index.php?rest_route=\/wp\/v2\/media\/3637"}],"wp:attachment":[{"href":"https:\/\/www.kozmodern.com\/index.php?rest_route=%2Fwp%2Fv2%2Fmedia&parent=3638"}],"wp:term":[{"taxonomy":"product_brand","embeddable":true,"href":"https:\/\/www.kozmodern.com\/index.php?rest_route=%2Fwp%2Fv2%2Fproduct_brand&post=3638"},{"taxonomy":"product_cat","embeddable":true,"href":"https:\/\/www.kozmodern.com\/index.php?rest_route=%2Fwp%2Fv2%2Fproduct_cat&post=3638"},{"taxonomy":"product_tag","embeddable":true,"href":"https:\/\/www.kozmodern.com\/index.php?rest_route=%2Fwp%2Fv2%2Fproduct_tag&post=3638"}],"curies":[{"name":"wp","href":"https:\/\/api.w.org\/{rel}","templated":true}]}}