{"id":3644,"date":"2026-02-02T21:43:37","date_gmt":"2026-02-02T18:43:37","guid":{"rendered":"https:\/\/www.kozmodern.com\/?product=davines-oi-souffle-125-ml"},"modified":"2026-03-10T00:46:52","modified_gmt":"2026-03-09T21:46:52","slug":"davines-oi-souffle-125-ml","status":"publish","type":"product","link":"https:\/\/www.kozmodern.com\/?product=davines-oi-souffle-125-ml","title":{"rendered":"Davines Oi Souffle 125 ml"},"content":{"rendered":"<p data-start=\"63\" data-end=\"353\">Davines OI Souffl\u00e9, s\u0131v\u0131dan k\u00f6p\u00fc\u011fe d\u00f6n\u00fc\u015fen durulanmayan (leave-in) bir sa\u00e7 \u015fekillendirici k\u00f6p\u00fck \u00fcr\u00fcn\u00fcd\u00fcr. Sa\u00e7a hacim, parlakl\u0131k ve yumu\u015fakl\u0131k vermek i\u00e7in kullan\u0131l\u0131r. Ayn\u0131 zamanda sa\u00e7 \u015fekillendirme aletlerine kar\u015f\u0131 \u0131s\u0131 korumas\u0131 sa\u011flar.<\/p>\n<p data-start=\"355\" data-end=\"514\">\u015ei\u015feden s\u0131v\u0131 olarak \u00e7\u0131kar ama elde hafif bir k\u00f6p\u00fc\u011fe d\u00f6n\u00fc\u015f\u00fcr, bu sayede sa\u00e7a e\u015fit \u015fekilde da\u011f\u0131l\u0131r ve a\u011f\u0131rl\u0131k yapmaz.<\/p>\n<p>&nbsp;<\/p>\n<p>&nbsp;<\/p>\n","protected":false},"excerpt":{"rendered":"<h3 data-start=\"521\" data-end=\"536\">Ne i\u015fe yarar?<\/h3>\n<p data-start=\"537\" data-end=\"563\">Bu \u00fcr\u00fcn\u00fcn temel i\u015flevleri:<\/p>\n<ul data-start=\"565\" data-end=\"873\">\n<li data-start=\"565\" data-end=\"608\">\n<p data-start=\"567\" data-end=\"608\">Sa\u00e7a hafif hacim ve dolgunluk verir<\/p>\n<\/li>\n<li data-start=\"609\" data-end=\"652\">\n<p data-start=\"611\" data-end=\"652\">Sa\u00e7\u0131 daha parlak ve ipeksi g\u00f6sterir<\/p>\n<\/li>\n<li data-start=\"653\" data-end=\"718\">\n<p data-start=\"655\" data-end=\"718\">Kabarmay\u0131 azalt\u0131r ve sa\u00e7\u0131n daha d\u00fczg\u00fcn g\u00f6r\u00fcnmesini sa\u011flar<\/p>\n<\/li>\n<li data-start=\"719\" data-end=\"777\">\n<p data-start=\"721\" data-end=\"777\">230\u00b0C\u2019ye kadar \u0131s\u0131 korumas\u0131 sa\u011flar (f\u00f6n, ma\u015fa vb.)<\/p>\n<\/li>\n<li data-start=\"778\" data-end=\"873\">\n<p data-start=\"780\" data-end=\"873\">Sa\u00e7\u0131 a\u011f\u0131rla\u015ft\u0131rmadan yumu\u015fak \u015fekillendirme sa\u011flar<\/p>\n<\/li>\n<\/ul>\n<hr data-start=\"875\" data-end=\"878\" \/>\n<h3 data-start=\"880\" data-end=\"914\">Hangi sa\u00e7 tipleri i\u00e7in uygundur?<\/h3>\n<p data-start=\"916\" data-end=\"955\">\u00d6zellikle \u015fu sa\u00e7 tipleri i\u00e7in \u00f6nerilir:<\/p>\n<p data-start=\"957\" data-end=\"976\">En uygun sa\u00e7lar<\/p>\n<ul data-start=\"977\" data-end=\"1036\">\n<li data-start=\"977\" data-end=\"998\">\n<p data-start=\"979\" data-end=\"998\">\u0130nce telli sa\u00e7lar<\/p>\n<\/li>\n<li data-start=\"999\" data-end=\"1018\">\n<p data-start=\"1001\" data-end=\"1018\">Hacimsiz sa\u00e7lar<\/p>\n<\/li>\n<li data-start=\"1019\" data-end=\"1036\">\n<p data-start=\"1021\" data-end=\"1036\">Normal sa\u00e7lar<\/p>\n<\/li>\n<\/ul>\n<p data-start=\"1038\" data-end=\"1056\">Kullan\u0131labilir<\/p>\n<ul data-start=\"1057\" data-end=\"1107\">\n<li data-start=\"1057\" data-end=\"1072\">\n<p data-start=\"1059\" data-end=\"1072\">Dalgal\u0131 sa\u00e7<\/p>\n<\/li>\n<li data-start=\"1073\" data-end=\"1084\">\n<p data-start=\"1075\" data-end=\"1084\">D\u00fcz sa\u00e7<\/p>\n<\/li>\n<li data-start=\"1085\" data-end=\"1107\">\n<p data-start=\"1087\" data-end=\"1107\">Hafif k\u0131v\u0131rc\u0131k sa\u00e7<\/p>\n<\/li>\n<\/ul>\n<p data-start=\"1109\" data-end=\"1235\">Bu \u00fcr\u00fcn \u00f6zellikle ince sa\u00e7lar\u0131 a\u011f\u0131rla\u015ft\u0131rmadan hacim vermek i\u00e7in geli\u015ftirilmi\u015ftir.<\/p>\n<hr data-start=\"1237\" data-end=\"1240\" \/>\n<h3 data-start=\"1242\" data-end=\"1261\">Nas\u0131l kullan\u0131l\u0131r?<\/h3>\n<ol data-start=\"1262\" data-end=\"1519\">\n<li data-start=\"1262\" data-end=\"1314\">\n<p data-start=\"1265\" data-end=\"1314\">Sa\u00e7\u0131n\u0131 y\u0131kad\u0131ktan sonra havluyla nemini al\u0131n.<\/p>\n<\/li>\n<li data-start=\"1315\" data-end=\"1350\">\n<p data-start=\"1318\" data-end=\"1350\">Avucuna 2\u20134 pompa \u00fcr\u00fcn al\u0131n.<\/p>\n<\/li>\n<li data-start=\"1351\" data-end=\"1407\">\n<p data-start=\"1354\" data-end=\"1407\">Sa\u00e7\u0131n boy ve u\u00e7lar\u0131na uygula (diplerden ka\u00e7\u0131n\u0131n).<\/p>\n<\/li>\n<li data-start=\"1408\" data-end=\"1426\">\n<p data-start=\"1411\" data-end=\"1426\">Durulamay\u0131n.<\/p>\n<\/li>\n<li data-start=\"1427\" data-end=\"1519\">\n<p data-start=\"1430\" data-end=\"1519\">F\u00f6n \u00e7ekebilir veya do\u011fal kurumaya b\u0131rakabilirsiniz.<\/p>\n<\/li>\n<\/ol>\n<p>&nbsp;<\/p>\n<p>\u0130\u00c7ER\u0130K:<\/p>\n<p data-start=\"879\" data-end=\"1658\">Aqua \/ Water \u2014 Polysorbate 20 \u2014 Propanediol \u2014 Parfum \u2014 1,2-Hexanediol \u2014 Coco-Betaine \u2014 Inulin \u2014 Sodium Gluconate \u2014 Polyquaternium-53 \u2014 Soy Amino Acids \u2014 Wheat Amino Acids \u2014 PVP \u2014 Polyquaternium-11 \u2014 Citric Acid \u2014 Glycine \u2014 Lysine HCl \u2014 Sodium Chloride \u2014 Caprylhydroxamic Acid \u2014 Amodimethicone \u2014 Laureth-9 \u2014 Arginine HCl \u2014 Serine \u2014 Threonine \u2014 Hexamethylindanopyran \u2014 Acetyl Cedrene \u2014 Eucalyptus Globulus Oil \u2014 Polyquaternium-55 \u2014 Terpineol \u2014 Citronellol \u2014 Phenoxyethanol \u2014 Methyl Salicylate \u2014 Lavandula Angustifolia Oil \u2014 Helianthus Annuus Seed Oil \u2014 Geraniol \u2014 Benzyl Alcohol \u2014 Alpha-Isomethyl Ionone \u2014 Camphor \u2014 Pelargonium Graveolens Oil \u2014 Linalool \u2014 Caprylyl Glycol \u2014 Linalyl Acetate \u2014 Potassium Sorbate \u2014 Acetic Acid \u2014 Limonene \u2014 Bixa Orellana Seed Extract \u2014 Sodium Benzoate<\/p>\n<p data-start=\"1660\" data-end=\"1755\" data-is-last-node=\"\" data-is-only-node=\"\">\n","protected":false},"featured_media":3643,"comment_status":"open","ping_status":"closed","template":"","meta":{"_acf_changed":false},"product_brand":[189],"product_cat":[15],"product_tag":[],"class_list":{"0":"post-3644","1":"product","2":"type-product","3":"status-publish","4":"has-post-thumbnail","6":"product_brand-davines","7":"product_cat-genel","9":"first","10":"instock","11":"shipping-taxable","12":"purchasable","13":"product-type-simple"},"acf":[],"_links":{"self":[{"href":"https:\/\/www.kozmodern.com\/index.php?rest_route=\/wp\/v2\/product\/3644","targetHints":{"allow":["GET"]}}],"collection":[{"href":"https:\/\/www.kozmodern.com\/index.php?rest_route=\/wp\/v2\/product"}],"about":[{"href":"https:\/\/www.kozmodern.com\/index.php?rest_route=\/wp\/v2\/types\/product"}],"replies":[{"embeddable":true,"href":"https:\/\/www.kozmodern.com\/index.php?rest_route=%2Fwp%2Fv2%2Fcomments&post=3644"}],"wp:featuredmedia":[{"embeddable":true,"href":"https:\/\/www.kozmodern.com\/index.php?rest_route=\/wp\/v2\/media\/3643"}],"wp:attachment":[{"href":"https:\/\/www.kozmodern.com\/index.php?rest_route=%2Fwp%2Fv2%2Fmedia&parent=3644"}],"wp:term":[{"taxonomy":"product_brand","embeddable":true,"href":"https:\/\/www.kozmodern.com\/index.php?rest_route=%2Fwp%2Fv2%2Fproduct_brand&post=3644"},{"taxonomy":"product_cat","embeddable":true,"href":"https:\/\/www.kozmodern.com\/index.php?rest_route=%2Fwp%2Fv2%2Fproduct_cat&post=3644"},{"taxonomy":"product_tag","embeddable":true,"href":"https:\/\/www.kozmodern.com\/index.php?rest_route=%2Fwp%2Fv2%2Fproduct_tag&post=3644"}],"curies":[{"name":"wp","href":"https:\/\/api.w.org\/{rel}","templated":true}]}}