{"id":3646,"date":"2026-02-02T21:43:38","date_gmt":"2026-02-02T18:43:38","guid":{"rendered":"https:\/\/www.kozmodern.com\/?product=loreal-liss-unlimited-prokeratin-sampuan-300-ml"},"modified":"2026-03-10T01:58:45","modified_gmt":"2026-03-09T22:58:45","slug":"loreal-liss-unlimited-prokeratin-sampuan-300-ml","status":"publish","type":"product","link":"https:\/\/www.kozmodern.com\/?product=loreal-liss-unlimited-prokeratin-sampuan-300-ml","title":{"rendered":"Loreal Liss Unlimited Prokeratin \u015eampuan 300 ml"},"content":{"rendered":"<p>L&#8217;Or\u00e9al Professionnel Liss Unlimited Prokeratin Shampoo 300\u202fml sa\u00e7lar\u0131 nazik\u00e7e temizleyen, ayn\u0131 zamanda elektriklenme ve kabarmay\u0131 kontrol alt\u0131na alan profesyonel bir \u015fampuand\u0131r. Form\u00fcl\u00fcnde bulunan pro\u2011keratin kompleksi ve kukui otu ya\u011f\u0131, sa\u00e7 tellerini g\u00fc\u00e7lendirir, nemlendirir ve sa\u00e7a uzun s\u00fcre p\u00fcr\u00fczs\u00fcz, yumu\u015fak bir his kazand\u0131r\u0131r.<\/p>\n","protected":false},"excerpt":{"rendered":"<h3 data-start=\"459\" data-end=\"487\">Ne i\u00e7in kullan\u0131l\u0131r?<\/h3>\n<ul data-start=\"488\" data-end=\"782\">\n<li data-start=\"488\" data-end=\"533\">\n<p data-start=\"490\" data-end=\"533\">Sa\u00e7\u0131 nazik\u00e7e temizlemek ve ar\u0131nd\u0131rmak<\/p>\n<\/li>\n<li data-start=\"534\" data-end=\"579\">\n<p data-start=\"536\" data-end=\"579\">Kabarmay\u0131 ve elektriklenmeyi azaltmak<\/p>\n<\/li>\n<li data-start=\"580\" data-end=\"628\">\n<p data-start=\"582\" data-end=\"628\">Sa\u00e7a yumu\u015fakl\u0131k ve parlakl\u0131k kazand\u0131rmak<\/p>\n<\/li>\n<li data-start=\"629\" data-end=\"691\">\n<p data-start=\"631\" data-end=\"691\">Sa\u00e7 telini g\u00fc\u00e7lendirmeye ve nemini korumaya yard\u0131mc\u0131 olmak<\/p>\n<\/li>\n<li data-start=\"692\" data-end=\"782\">\n<p data-start=\"694\" data-end=\"782\">Kuru ve asi g\u00f6r\u00fcn\u00fcml\u00fc sa\u00e7lar\u0131 kontrol alt\u0131na almak<\/p>\n<\/li>\n<\/ul>\n<h3 data-start=\"789\" data-end=\"833\">Hangi sa\u00e7 tipleri i\u00e7in uygundur?<\/h3>\n<ul data-start=\"834\" data-end=\"1072\">\n<li data-start=\"834\" data-end=\"879\">\n<p data-start=\"836\" data-end=\"879\">Kuru, kabaran ve elektriklenen sa\u00e7lar<\/p>\n<\/li>\n<li data-start=\"880\" data-end=\"924\">\n<p data-start=\"882\" data-end=\"924\">D\u00fczle\u015ftirme sonras\u0131 bak\u0131m isteyen sa\u00e7lar<\/p>\n<\/li>\n<li data-start=\"925\" data-end=\"955\">\n<p data-start=\"927\" data-end=\"955\">Normal ve kuru sa\u00e7 tipleri<\/p>\n<\/li>\n<li data-start=\"956\" data-end=\"995\">\n<p data-start=\"958\" data-end=\"995\">Elektriklenme sorunu ya\u015fayan sa\u00e7lar<\/p>\n<\/li>\n<li data-start=\"996\" data-end=\"1072\">\n<p data-start=\"998\" data-end=\"1072\">Sa\u00e7 yap\u0131s\u0131n\u0131 g\u00fc\u00e7lendirmek isteyenler<\/p>\n<\/li>\n<\/ul>\n<h3 data-start=\"1079\" data-end=\"1105\">Nas\u0131l kullan\u0131l\u0131r?<\/h3>\n<ol data-start=\"1106\" data-end=\"1401\">\n<li data-start=\"1106\" data-end=\"1146\">\n<p data-start=\"1109\" data-end=\"1146\">Islak sa\u00e7a az miktar uygulay\u0131n.<\/p>\n<\/li>\n<li data-start=\"1147\" data-end=\"1200\">\n<p data-start=\"1150\" data-end=\"1200\">Sa\u00e7 derisine nazik\u00e7e masaj yaparak k\u00f6p\u00fcrt\u00fcn.<\/p>\n<\/li>\n<li data-start=\"1201\" data-end=\"1226\">\n<p data-start=\"1204\" data-end=\"1226\">\u0130yice durulay\u0131n.<\/p>\n<\/li>\n<li data-start=\"1227\" data-end=\"1401\">\n<p data-start=\"1230\" data-end=\"1401\">Gerekirse tekrarlay\u0131n; ard\u0131ndan ayn\u0131 serinin Liss Unlimited Maske veya serum\/ya\u011f \u00fcr\u00fcnlerini kullanarak bak\u0131m\u0131n\u0131z\u0131 tamamlay\u0131n.<\/p>\n<\/li>\n<\/ol>\n<hr data-start=\"1403\" data-end=\"1406\" \/>\n<h4 data-start=\"1408\" data-end=\"1433\">\u0130\u00c7ER\u0130K:<\/h4>\n<p data-start=\"1435\" data-end=\"2092\">Aqua \/ Water \u2014 Sodium Laureth Sulfate \u2014 Disodium Cocoamphodiacetate \u2014 Glycol Distearate \u2014 Polyquaternium\u201110 \u2014 Hexylene Glycol \u2014 Disodium Ricinoleamido MEA\u2011Sulfosuccinate \u2014 Sodium Chloride \u2014 Ceteareth\u201160 Myristyl Glycol \u2014 Cocamide MEA \u2014 Sodium Benzoate \u2014 Salicylic Acid \u2014 Hexyl Cinnamal \u2014 Arginine \u2014 Glutamic Acid \u2014 Butylphenyl Methylpropional \u2014 Serine \u2014 Hydroxypropyltrimonium Hydrolyzed Wheat Protein \u2014 Oenothera Biennis (Evening Primrose) Oil \u2014 Aleurites Moluccana Seed Oil (Kukui Nut Oil) \u2014 Benzyl Alcohol \u2014 Citronellol \u2014 2\u2011Oleamido\u20111,3\u2011Octadecanediol \u2014 Limonene \u2014 Sodium Hydroxide \u2014 Citric Acid \u2014 Parfum \/ Fragrance<\/p>\n","protected":false},"featured_media":3645,"comment_status":"open","ping_status":"closed","template":"","meta":{"_acf_changed":false},"product_brand":[188],"product_cat":[15],"product_tag":[190],"class_list":{"0":"post-3646","1":"product","2":"type-product","3":"status-publish","4":"has-post-thumbnail","6":"product_brand-loreal-proffesional","7":"product_cat-genel","8":"product_tag-sari-saclar","10":"first","11":"instock","12":"shipping-taxable","13":"purchasable","14":"product-type-simple"},"acf":[],"_links":{"self":[{"href":"https:\/\/www.kozmodern.com\/index.php?rest_route=\/wp\/v2\/product\/3646","targetHints":{"allow":["GET"]}}],"collection":[{"href":"https:\/\/www.kozmodern.com\/index.php?rest_route=\/wp\/v2\/product"}],"about":[{"href":"https:\/\/www.kozmodern.com\/index.php?rest_route=\/wp\/v2\/types\/product"}],"replies":[{"embeddable":true,"href":"https:\/\/www.kozmodern.com\/index.php?rest_route=%2Fwp%2Fv2%2Fcomments&post=3646"}],"wp:featuredmedia":[{"embeddable":true,"href":"https:\/\/www.kozmodern.com\/index.php?rest_route=\/wp\/v2\/media\/3645"}],"wp:attachment":[{"href":"https:\/\/www.kozmodern.com\/index.php?rest_route=%2Fwp%2Fv2%2Fmedia&parent=3646"}],"wp:term":[{"taxonomy":"product_brand","embeddable":true,"href":"https:\/\/www.kozmodern.com\/index.php?rest_route=%2Fwp%2Fv2%2Fproduct_brand&post=3646"},{"taxonomy":"product_cat","embeddable":true,"href":"https:\/\/www.kozmodern.com\/index.php?rest_route=%2Fwp%2Fv2%2Fproduct_cat&post=3646"},{"taxonomy":"product_tag","embeddable":true,"href":"https:\/\/www.kozmodern.com\/index.php?rest_route=%2Fwp%2Fv2%2Fproduct_tag&post=3646"}],"curies":[{"name":"wp","href":"https:\/\/api.w.org\/{rel}","templated":true}]}}