{"id":3648,"date":"2026-02-02T21:43:38","date_gmt":"2026-02-02T18:43:38","guid":{"rendered":"https:\/\/www.kozmodern.com\/?product=schwarzkopf-session-label-the-definer-curl-cream-150-ml"},"modified":"2026-03-10T02:01:19","modified_gmt":"2026-03-09T23:01:19","slug":"schwarzkopf-session-label-the-definer-curl-cream-150-ml","status":"publish","type":"product","link":"https:\/\/www.kozmodern.com\/?product=schwarzkopf-session-label-the-definer-curl-cream-150-ml","title":{"rendered":"Schwarzkopf Session Label The Definer Curl Cream 150 ml"},"content":{"rendered":"<p>The Definer Bukle Kremi<\/p>\n<p>Bu \u00fcr\u00fcn k\u0131v\u0131rc\u0131k ve dalgal\u0131 sa\u00e7lar i\u00e7in geli\u015ftirilmi\u015f bir bukle belirginle\u015ftirici kremdir. Bukleleri \u015fekillendirir, kontrol eder ve tan\u0131mlar; ayn\u0131 zamanda elektriklenmeyi azalt\u0131r ve sa\u00e7ta sertlik ya da yap\u0131\u015fkanl\u0131k hissi b\u0131rakmaz. Form\u00fcl\u00fc sa\u00e7ta hafif hissedilir ve buklelerin do\u011fal g\u00f6r\u00fcn\u00fcm\u00fcn\u00fc vurgular.<\/p>\n","protected":false},"excerpt":{"rendered":"<h3 data-start=\"433\" data-end=\"458\">Ne i\u00e7in kullan\u0131l\u0131r?<\/h3>\n<ul data-start=\"459\" data-end=\"801\">\n<li data-start=\"459\" data-end=\"517\">\n<p data-start=\"461\" data-end=\"517\">Do\u011fal bukleleri belirginle\u015ftirmek ve kontrol etmek<\/p>\n<\/li>\n<li data-start=\"518\" data-end=\"560\">\n<p data-start=\"520\" data-end=\"560\">Elektriklenmeyi ve frizzi azaltmak<\/p>\n<\/li>\n<li data-start=\"561\" data-end=\"616\">\n<p data-start=\"563\" data-end=\"616\">Sa\u00e7\u0131n daha d\u00fczg\u00fcn ve canl\u0131 g\u00f6r\u00fcnmesini sa\u011flamak<\/p>\n<\/li>\n<li data-start=\"617\" data-end=\"712\">\n<p data-start=\"619\" data-end=\"712\">Is\u0131 korumas\u0131 (yakla\u015f\u0131k 230\u202f\u00b0C\u2019ye kadar) ile f\u00f6n\/dif\u00fcz\u00f6r gibi \u0131s\u0131 aletlerini desteklemek<\/p>\n<\/li>\n<li data-start=\"713\" data-end=\"801\">\n<p data-start=\"715\" data-end=\"801\">Dalgal\u0131 sa\u00e7lar\u0131 bukle g\u00f6r\u00fcn\u00fcm\u00fcne d\u00f6n\u00fc\u015ft\u00fcrmek<\/p>\n<\/li>\n<\/ul>\n<hr data-start=\"803\" data-end=\"806\" \/>\n<h3 data-start=\"808\" data-end=\"846\">Hangi sa\u00e7 tipleri i\u00e7in uygundur?<\/h3>\n<ul data-start=\"847\" data-end=\"1081\">\n<li data-start=\"847\" data-end=\"878\">\n<p data-start=\"849\" data-end=\"878\">K\u0131v\u0131rc\u0131k (curly) sa\u00e7lar<\/p>\n<\/li>\n<li data-start=\"879\" data-end=\"901\">\n<p data-start=\"881\" data-end=\"901\">Dalgal\u0131 sa\u00e7lar<\/p>\n<\/li>\n<li data-start=\"902\" data-end=\"937\">\n<p data-start=\"904\" data-end=\"937\">Elektriklenmeye e\u011filimli sa\u00e7lar<\/p>\n<\/li>\n<li data-start=\"938\" data-end=\"996\">\n<p data-start=\"940\" data-end=\"996\">\u0130nce\/orta telli bukleleri belirginle\u015ftirmek isteyenler<\/p>\n<\/li>\n<li data-start=\"997\" data-end=\"1081\">\n<p data-start=\"999\" data-end=\"1081\">Do\u011fal bukle g\u00f6r\u00fcn\u00fcm\u00fc isteyen t\u00fcm sa\u00e7 tipleri<\/p>\n<\/li>\n<\/ul>\n<hr data-start=\"1083\" data-end=\"1086\" \/>\n<h3 data-start=\"1088\" data-end=\"1111\">Nas\u0131l kullan\u0131l\u0131r?<\/h3>\n<ol data-start=\"1112\" data-end=\"1393\">\n<li data-start=\"1112\" data-end=\"1158\">\n<p data-start=\"1115\" data-end=\"1158\">Havluyla nemi al\u0131nm\u0131\u015f sa\u00e7a uygulay\u0131n.<\/p>\n<\/li>\n<li data-start=\"1159\" data-end=\"1205\">\n<p data-start=\"1162\" data-end=\"1205\">K\u00f6kten u\u00e7lara do\u011fru e\u015fit \u015fekilde da\u011f\u0131t\u0131n.<\/p>\n<\/li>\n<li data-start=\"1206\" data-end=\"1227\">\n<p data-start=\"1209\" data-end=\"1227\">Durulamay\u0131n.<\/p>\n<\/li>\n<li data-start=\"1228\" data-end=\"1289\">\n<p data-start=\"1231\" data-end=\"1289\">Hava ile kurumas\u0131na izin verin veya dif\u00fcz\u00f6r ile kurutun.<\/p>\n<\/li>\n<li data-start=\"1290\" data-end=\"1393\">\n<p data-start=\"1293\" data-end=\"1393\">Dilersen sa\u00e7 ma\u015fas\u0131 ile ekstra bukle tan\u0131m\u0131 sa\u011flayabilirsiniz.<\/p>\n<\/li>\n<\/ol>\n<hr data-start=\"1395\" data-end=\"1398\" \/>\n<h4 data-start=\"1400\" data-end=\"1422\">\u0130\u00c7ER\u0130K:<\/h4>\n<p data-start=\"1424\" data-end=\"1955\">Aqua \/ Water \u2014 Dimethicone \u2014 Rhus Verniciflua Peel Cera (Rhus Verniciflua Peel Wax) \u2014 Glycerin \u2014 PVP \u2014 Cetearyl Alcohol \u2014 Glyceryl Stearate \u2014 Phenoxyethanol \u2014 Sodium Polyacrylate \u2014 Parfum \/ Fragrance \u2014 Panthenol \u2014 Methylparaben \u2014 Ethylparaben \u2014 Propylene Glycol \u2014 Linalool \u2014 Hexyl Cinnamal \u2014 Ethylhexylglycerin \u2014 Alpha\u2011Isomethyl Ionone \u2014 Citronellol \u2014 Benzyl Alcohol \u2014 Eugenol \u2014 Geraniol \u2014 Methyl Benzoate<\/p>\n","protected":false},"featured_media":3647,"comment_status":"open","ping_status":"closed","template":"","meta":{"_acf_changed":false},"product_brand":[191,192],"product_cat":[15],"product_tag":[],"class_list":{"0":"post-3648","1":"product","2":"type-product","3":"status-publish","4":"has-post-thumbnail","6":"product_brand-schwarzkopf","7":"product_brand-session-label","8":"product_cat-genel","10":"first","11":"instock","12":"shipping-taxable","13":"purchasable","14":"product-type-simple"},"acf":[],"_links":{"self":[{"href":"https:\/\/www.kozmodern.com\/index.php?rest_route=\/wp\/v2\/product\/3648","targetHints":{"allow":["GET"]}}],"collection":[{"href":"https:\/\/www.kozmodern.com\/index.php?rest_route=\/wp\/v2\/product"}],"about":[{"href":"https:\/\/www.kozmodern.com\/index.php?rest_route=\/wp\/v2\/types\/product"}],"replies":[{"embeddable":true,"href":"https:\/\/www.kozmodern.com\/index.php?rest_route=%2Fwp%2Fv2%2Fcomments&post=3648"}],"wp:featuredmedia":[{"embeddable":true,"href":"https:\/\/www.kozmodern.com\/index.php?rest_route=\/wp\/v2\/media\/3647"}],"wp:attachment":[{"href":"https:\/\/www.kozmodern.com\/index.php?rest_route=%2Fwp%2Fv2%2Fmedia&parent=3648"}],"wp:term":[{"taxonomy":"product_brand","embeddable":true,"href":"https:\/\/www.kozmodern.com\/index.php?rest_route=%2Fwp%2Fv2%2Fproduct_brand&post=3648"},{"taxonomy":"product_cat","embeddable":true,"href":"https:\/\/www.kozmodern.com\/index.php?rest_route=%2Fwp%2Fv2%2Fproduct_cat&post=3648"},{"taxonomy":"product_tag","embeddable":true,"href":"https:\/\/www.kozmodern.com\/index.php?rest_route=%2Fwp%2Fv2%2Fproduct_tag&post=3648"}],"curies":[{"name":"wp","href":"https:\/\/api.w.org\/{rel}","templated":true}]}}