{"id":3660,"date":"2026-02-02T21:43:44","date_gmt":"2026-02-02T18:43:44","guid":{"rendered":"https:\/\/www.kozmodern.com\/?product=davines-love-smoothing-instant-mask-250-ml"},"modified":"2026-03-11T02:13:06","modified_gmt":"2026-03-10T23:13:06","slug":"davines-love-smoothing-instant-mask-250-ml","status":"publish","type":"product","link":"https:\/\/www.kozmodern.com\/?product=davines-love-smoothing-instant-mask-250-ml","title":{"rendered":"Davines love smoothing instant mask 250 ml"},"content":{"rendered":"<p data-start=\"42\" data-end=\"87\">Davines Love Smoothing Instant Mask 250 ml<\/p>\n<h3 data-start=\"89\" data-end=\"106\">Ne i\u015fe yarar?<\/h3>\n<ul data-start=\"107\" data-end=\"537\">\n<li data-start=\"107\" data-end=\"179\">\n<p data-start=\"109\" data-end=\"179\">Kabar\u0131k ve asi sa\u00e7lar\u0131 h\u0131zl\u0131 \u015fekilde yat\u0131\u015ft\u0131rmaya yard\u0131mc\u0131 olur.<\/p>\n<\/li>\n<li data-start=\"180\" data-end=\"228\">\n<p data-start=\"182\" data-end=\"228\">Sa\u00e7\u0131n elektriklenmesini (frizz) azalt\u0131r.<\/p>\n<\/li>\n<li data-start=\"229\" data-end=\"309\">\n<p data-start=\"231\" data-end=\"309\">\u0130stenmeyen hacmi kontrol eder ve sa\u00e7\u0131n daha p\u00fcr\u00fczs\u00fcz g\u00f6r\u00fcnmesini sa\u011flar.<\/p>\n<\/li>\n<li data-start=\"310\" data-end=\"379\">\n<p data-start=\"312\" data-end=\"379\">Sa\u00e7\u0131n daha kolay taranmas\u0131na ve \u015fekil almas\u0131na yard\u0131mc\u0131 olur.<\/p>\n<\/li>\n<li data-start=\"380\" data-end=\"428\">\n<p data-start=\"382\" data-end=\"428\">Sa\u00e7a yumu\u015fakl\u0131k ve parlakl\u0131k kazand\u0131r\u0131r.<\/p>\n<\/li>\n<li data-start=\"429\" data-end=\"537\">\n<p data-start=\"431\" data-end=\"537\">Etkisini yakla\u015f\u0131k 30 saniyede g\u00f6steren h\u0131zl\u0131 bak\u0131m maskesidir<\/p>\n<\/li>\n<\/ul>\n","protected":false},"excerpt":{"rendered":"<h3 data-start=\"539\" data-end=\"562\">Ne i\u00e7in kullan\u0131l\u0131r?<\/h3>\n<ul data-start=\"563\" data-end=\"855\">\n<li data-start=\"563\" data-end=\"632\">\n<p data-start=\"565\" data-end=\"632\">Sa\u00e7\u0131 p\u00fcr\u00fczs\u00fczle\u015ftirmek ve kabarmay\u0131 azaltmak i\u00e7in kullan\u0131l\u0131r.<\/p>\n<\/li>\n<li data-start=\"633\" data-end=\"713\">\n<p data-start=\"635\" data-end=\"713\">Sa\u00e7\u0131n daha kolay d\u00fczle\u015ftirilmesine ve \u015fekillendirilmesine yard\u0131mc\u0131 olur.<\/p>\n<\/li>\n<li data-start=\"714\" data-end=\"855\">\n<p data-start=\"716\" data-end=\"855\">\u00d6zellikle kontrol edilmesi zor, kal\u0131n telli veya kabaran sa\u00e7lar\u0131 yumu\u015fatmak i\u00e7in tercih edilir.<\/p>\n<\/li>\n<\/ul>\n<h3 data-start=\"857\" data-end=\"893\">Hangi sa\u00e7 tipleri i\u00e7in uygundur?<\/h3>\n<ul data-start=\"894\" data-end=\"1047\">\n<li data-start=\"894\" data-end=\"916\">\n<p data-start=\"896\" data-end=\"916\">Kabar\u0131k sa\u00e7lar<\/p>\n<\/li>\n<li data-start=\"917\" data-end=\"943\">\n<p data-start=\"919\" data-end=\"943\">Kal\u0131n telli sa\u00e7lar<\/p>\n<\/li>\n<li data-start=\"944\" data-end=\"980\">\n<p data-start=\"946\" data-end=\"980\">Asi ve zor \u015fekil alan sa\u00e7lar<\/p>\n<\/li>\n<li data-start=\"981\" data-end=\"1047\">\n<p data-start=\"983\" data-end=\"1047\">Elektriklenen sa\u00e7lar<\/p>\n<\/li>\n<\/ul>\n<hr data-start=\"1049\" data-end=\"1052\" \/>\n<h3 data-start=\"1054\" data-end=\"1074\">Nas\u0131l uygulan\u0131r?<\/h3>\n<ol data-start=\"1075\" data-end=\"1385\">\n<li data-start=\"1075\" data-end=\"1143\">\n<p data-start=\"1078\" data-end=\"1143\">Sa\u00e7\u0131 \u015fampuanla y\u0131kad\u0131ktan sonra havluyla fazla suyunu al\u0131n.<\/p>\n<\/li>\n<li data-start=\"1144\" data-end=\"1199\">\n<p data-start=\"1147\" data-end=\"1199\">Maskeyi nemli sa\u00e7\u0131n boy ve u\u00e7lar\u0131na uygulay\u0131n.<\/p>\n<\/li>\n<li data-start=\"1200\" data-end=\"1253\">\n<p data-start=\"1203\" data-end=\"1253\">Sa\u00e7\u0131 tarayarak \u00fcr\u00fcn\u00fcn e\u015fit da\u011f\u0131lmas\u0131n\u0131 sa\u011flay\u0131n.<\/p>\n<\/li>\n<li data-start=\"1254\" data-end=\"1282\">\n<p data-start=\"1257\" data-end=\"1282\">30 saniye bekletin.<\/p>\n<\/li>\n<li data-start=\"1283\" data-end=\"1385\">\n<p data-start=\"1286\" data-end=\"1385\">Ard\u0131ndan sa\u00e7\u0131n\u0131z\u0131 bol suyla durulay\u0131n ve \u015fekillendirin.<\/p>\n<\/li>\n<\/ol>\n<h3 data-start=\"1392\" data-end=\"1414\">\u0130\u00c7ER\u0130K:<\/h3>\n<p data-start=\"1416\" data-end=\"2149\">AQUA \/ WATER \/ EAU | GLYCERIN | CETYL ALCOHOL | BEHENTRIMONIUM CHLORIDE | CETEARYL ALCOHOL | AMODIMETHICONE | CETRIMONIUM CHLORIDE | GLYCERYL STEARATE | ORBIGNYA OLEIFERA SEED OIL | DIMETHICONE | BEHENTRIMONIUM METHOSULFATE | PARFUM \/ FRAGRANCE | ISOPROPYL ALCOHOL | HYDROGENATED SOY POLYGLYCERIDES | DIPROPYLENE GLYCOL | BENZOTRIAZOLYL DODECYL P-CRESOL | BENZYL ALCOHOL | DISODIUM EDTA | OCTADECYL DI-T-BUTYL-4-HYDROXYHYDROCINNAMATE | DIVINYLDIMETHICONE \/ DIMETHICONE CROSSPOLYMER | SODIUM BENZOATE | POLYSILICONE-29 | CITRIC ACID | OLEA EUROPAEA FRUIT EXTRACT \/ OLEA EUROPAEA (OLIVE) FRUIT EXTRACT | C15-23 ALKANE | CAPRYLYL GLYCOL | LIMONENE | CI 60730 \/ EXT. VIOLET 2 | CI 19140 \/ YELLOW 5<\/p>\n","protected":false},"featured_media":3659,"comment_status":"open","ping_status":"closed","template":"","meta":{"_acf_changed":false},"product_brand":[189],"product_cat":[15],"product_tag":[195,194,193],"class_list":{"0":"post-3660","1":"product","2":"type-product","3":"status-publish","4":"has-post-thumbnail","6":"product_brand-davines","7":"product_cat-genel","8":"product_tag-195","9":"product_tag-elektriklenme","10":"product_tag-kivircik-saclar","12":"first","13":"instock","14":"shipping-taxable","15":"purchasable","16":"product-type-simple"},"acf":[],"_links":{"self":[{"href":"https:\/\/www.kozmodern.com\/index.php?rest_route=\/wp\/v2\/product\/3660","targetHints":{"allow":["GET"]}}],"collection":[{"href":"https:\/\/www.kozmodern.com\/index.php?rest_route=\/wp\/v2\/product"}],"about":[{"href":"https:\/\/www.kozmodern.com\/index.php?rest_route=\/wp\/v2\/types\/product"}],"replies":[{"embeddable":true,"href":"https:\/\/www.kozmodern.com\/index.php?rest_route=%2Fwp%2Fv2%2Fcomments&post=3660"}],"wp:featuredmedia":[{"embeddable":true,"href":"https:\/\/www.kozmodern.com\/index.php?rest_route=\/wp\/v2\/media\/3659"}],"wp:attachment":[{"href":"https:\/\/www.kozmodern.com\/index.php?rest_route=%2Fwp%2Fv2%2Fmedia&parent=3660"}],"wp:term":[{"taxonomy":"product_brand","embeddable":true,"href":"https:\/\/www.kozmodern.com\/index.php?rest_route=%2Fwp%2Fv2%2Fproduct_brand&post=3660"},{"taxonomy":"product_cat","embeddable":true,"href":"https:\/\/www.kozmodern.com\/index.php?rest_route=%2Fwp%2Fv2%2Fproduct_cat&post=3660"},{"taxonomy":"product_tag","embeddable":true,"href":"https:\/\/www.kozmodern.com\/index.php?rest_route=%2Fwp%2Fv2%2Fproduct_tag&post=3660"}],"curies":[{"name":"wp","href":"https:\/\/api.w.org\/{rel}","templated":true}]}}