{"id":3664,"date":"2026-02-02T21:43:48","date_gmt":"2026-02-02T18:43:48","guid":{"rendered":"https:\/\/www.kozmodern.com\/?product=davines-love-smoothing-shampoo-250-ml"},"modified":"2026-03-11T02:19:40","modified_gmt":"2026-03-10T23:19:40","slug":"davines-love-smoothing-shampoo-250-ml","status":"publish","type":"product","link":"https:\/\/www.kozmodern.com\/?product=davines-love-smoothing-shampoo-250-ml","title":{"rendered":"Davines Love Smoothing Shampoo 250 ml"},"content":{"rendered":"<p data-start=\"42\" data-end=\"82\">Davines Love Smoothing Shampoo 250 ml<\/p>\n<h3 data-start=\"84\" data-end=\"101\">Ne i\u015fe yarar?<\/h3>\n<ul data-start=\"102\" data-end=\"484\">\n<li data-start=\"102\" data-end=\"160\">\n<p data-start=\"104\" data-end=\"160\">Kabar\u0131k ve asi sa\u00e7lar\u0131 yat\u0131\u015ft\u0131rmaya yard\u0131mc\u0131 olur.<\/p>\n<\/li>\n<li data-start=\"161\" data-end=\"221\">\n<p data-start=\"163\" data-end=\"221\">Sa\u00e7\u0131 nazik \u015fekilde temizler ve kurutmadan ar\u0131nd\u0131r\u0131r.<\/p>\n<\/li>\n<li data-start=\"222\" data-end=\"283\">\n<p data-start=\"224\" data-end=\"283\">Sa\u00e7a yumu\u015fakl\u0131k, parlakl\u0131k ve elastikiyet kazand\u0131r\u0131r.<\/p>\n<\/li>\n<li data-start=\"284\" data-end=\"357\">\n<p data-start=\"286\" data-end=\"357\">Frizz (elektriklenme\/kabarma) g\u00f6r\u00fcn\u00fcm\u00fcn\u00fc azaltmaya yard\u0131mc\u0131 olur.<\/p>\n<\/li>\n<li data-start=\"358\" data-end=\"484\">\n<p data-start=\"360\" data-end=\"484\">\u0130\u00e7eri\u011findeki Minuta zeytin \u00f6z\u00fc sa\u00e7\u0131n daha esnek ve parlak g\u00f6r\u00fcnmesini destekler.<\/p>\n<\/li>\n<\/ul>\n","protected":false},"excerpt":{"rendered":"<h3 data-start=\"486\" data-end=\"509\">Ne i\u00e7in kullan\u0131l\u0131r?<\/h3>\n<ul data-start=\"510\" data-end=\"815\">\n<li data-start=\"510\" data-end=\"588\">\n<p data-start=\"512\" data-end=\"588\">Sa\u00e7 ve sa\u00e7 derisini nazik\u00e7e temizlemek i\u00e7in kullan\u0131lan bir \u015fampuand\u0131r.<\/p>\n<\/li>\n<li data-start=\"589\" data-end=\"681\">\n<p data-start=\"591\" data-end=\"681\">\u00d6zellikle p\u00fcr\u00fczs\u00fcz ve kontrol edilebilir sa\u00e7 g\u00f6r\u00fcn\u00fcm\u00fc elde etmek i\u00e7in tercih edilir.<\/p>\n<\/li>\n<li data-start=\"682\" data-end=\"815\">\n<p data-start=\"684\" data-end=\"815\">Anti-frizz etkisi sayesinde sa\u00e7\u0131n daha d\u00fczg\u00fcn ve \u015fekil alabilir olmas\u0131na yard\u0131mc\u0131 olur.<\/p>\n<\/li>\n<\/ul>\n<h3 data-start=\"817\" data-end=\"853\">Hangi sa\u00e7 tipleri i\u00e7in uygundur?<\/h3>\n<ul data-start=\"854\" data-end=\"1016\">\n<li data-start=\"854\" data-end=\"876\">\n<p data-start=\"856\" data-end=\"876\">Kabar\u0131k sa\u00e7lar<\/p>\n<\/li>\n<li data-start=\"877\" data-end=\"903\">\n<p data-start=\"879\" data-end=\"903\">Kal\u0131n telli sa\u00e7lar<\/p>\n<\/li>\n<li data-start=\"904\" data-end=\"940\">\n<p data-start=\"906\" data-end=\"940\">Asi ve zor \u015fekil alan sa\u00e7lar<\/p>\n<\/li>\n<li data-start=\"941\" data-end=\"1016\">\n<p data-start=\"943\" data-end=\"1016\">Elektriklenmeye yatk\u0131n sa\u00e7lar<\/p>\n<\/li>\n<\/ul>\n<h3 data-start=\"1023\" data-end=\"1043\">Nas\u0131l uygulan\u0131r?<\/h3>\n<ol data-start=\"1044\" data-end=\"1362\">\n<li data-start=\"1044\" data-end=\"1074\">\n<p data-start=\"1047\" data-end=\"1074\">Sa\u00e7\u0131 tamamen \u0131slat\u0131n.<\/p>\n<\/li>\n<li data-start=\"1075\" data-end=\"1153\">\n<p data-start=\"1078\" data-end=\"1153\">K\u00fc\u00e7\u00fck bir miktar \u015fampuan\u0131 sa\u00e7 derisine uygulay\u0131p nazik\u00e7e masaj yap\u0131n.<\/p>\n<\/li>\n<li data-start=\"1154\" data-end=\"1206\">\n<p data-start=\"1157\" data-end=\"1206\">K\u00f6p\u00fc\u011f\u00fc sa\u00e7\u0131n boy ve u\u00e7lar\u0131na do\u011fru da\u011f\u0131t\u0131n.<\/p>\n<\/li>\n<li data-start=\"1207\" data-end=\"1236\">\n<p data-start=\"1210\" data-end=\"1236\">Bol suyla durulay\u0131n.<\/p>\n<\/li>\n<li data-start=\"1237\" data-end=\"1362\">\n<p data-start=\"1240\" data-end=\"1362\">Gerekirse i\u015flemi tekrar edebilirsiniz ve ard\u0131ndan sa\u00e7 kremi kullanabilirsiniz.<\/p>\n<\/li>\n<\/ol>\n<hr data-start=\"1364\" data-end=\"1367\" \/>\n<h3 data-start=\"1369\" data-end=\"1391\">\u0130\u00c7ER\u0130K:<\/h3>\n<p data-start=\"1393\" data-end=\"2412\">AQUA \/ WATER \/ EAU | DISODIUM LAURETH SULFOSUCCINATE | GLYCERIN | SODIUM LAUROYL METHYL ISETHIONATE | COCAMIDOPROPYL BETAINE | SODIUM COCOYL ISETHIONATE | SODIUM LAUROYL SARCOSINATE | COCO-GLUCOSIDE | PARFUM \/ FRAGRANCE | GLYCERYL OLEATE | ACRYLATES\/C10-30 ALKYL ACRYLATE CROSSPOLYMER | SODIUM LAURYL SULFOACETATE | PANTHENOL | BENZYL ALCOHOL | PHENETHYL BENZOATE | SODIUM METHYL 2-SULFOLAURATE | COCONUT ACID | GLYCOL DISTEARATE | SODIUM METHYL ISETHIONATE | SODIUM BENZOATE | DICAPRYLYL ETHER | LAURYL ALCOHOL | LAURIC ACID | POLYQUATERNIUM-7 | CITRIC ACID | GUAR HYDROXYPROPYLTRIMONIUM CHLORIDE | SODIUM ISETHIONATE | AMODIMETHICONE\/SILSESQUIOXANE COPOLYMER | OLEA EUROPAEA FRUIT EXTRACT \/ OLEA EUROPAEA (OLIVE) FRUIT EXTRACT | TETRASODIUM GLUTAMATE DIACETATE | DISODIUM 2-SULFOLAURATE | SODIUM HYDROXIDE | TRISODIUM ETHYLENEDIAMINE DISUCCINATE | SODIUM LAURATE | TRIDECETH-5 | GLYCERYL STEARATE | LIMONENE | CI 60730 \/ EXT. VIOLET 2 | CI 19140 \/ YELLOW 5 | CI 61570 \/ GREEN 5<\/p>\n","protected":false},"featured_media":3663,"comment_status":"open","ping_status":"closed","template":"","meta":{"_acf_changed":false},"product_brand":[189],"product_cat":[15],"product_tag":[197,194,193],"class_list":{"0":"post-3664","1":"product","2":"type-product","3":"status-publish","4":"has-post-thumbnail","6":"product_brand-davines","7":"product_cat-genel","8":"product_tag-197","9":"product_tag-elektriklenme","10":"product_tag-kivircik-saclar","12":"first","13":"instock","14":"shipping-taxable","15":"purchasable","16":"product-type-simple"},"acf":[],"_links":{"self":[{"href":"https:\/\/www.kozmodern.com\/index.php?rest_route=\/wp\/v2\/product\/3664","targetHints":{"allow":["GET"]}}],"collection":[{"href":"https:\/\/www.kozmodern.com\/index.php?rest_route=\/wp\/v2\/product"}],"about":[{"href":"https:\/\/www.kozmodern.com\/index.php?rest_route=\/wp\/v2\/types\/product"}],"replies":[{"embeddable":true,"href":"https:\/\/www.kozmodern.com\/index.php?rest_route=%2Fwp%2Fv2%2Fcomments&post=3664"}],"wp:featuredmedia":[{"embeddable":true,"href":"https:\/\/www.kozmodern.com\/index.php?rest_route=\/wp\/v2\/media\/3663"}],"wp:attachment":[{"href":"https:\/\/www.kozmodern.com\/index.php?rest_route=%2Fwp%2Fv2%2Fmedia&parent=3664"}],"wp:term":[{"taxonomy":"product_brand","embeddable":true,"href":"https:\/\/www.kozmodern.com\/index.php?rest_route=%2Fwp%2Fv2%2Fproduct_brand&post=3664"},{"taxonomy":"product_cat","embeddable":true,"href":"https:\/\/www.kozmodern.com\/index.php?rest_route=%2Fwp%2Fv2%2Fproduct_cat&post=3664"},{"taxonomy":"product_tag","embeddable":true,"href":"https:\/\/www.kozmodern.com\/index.php?rest_route=%2Fwp%2Fv2%2Fproduct_tag&post=3664"}],"curies":[{"name":"wp","href":"https:\/\/api.w.org\/{rel}","templated":true}]}}