{"id":3666,"date":"2026-02-02T21:43:50","date_gmt":"2026-02-02T18:43:50","guid":{"rendered":"https:\/\/www.kozmodern.com\/?product=davines-curl-building-bukle-yapilandirici-serum-250-ml"},"modified":"2026-03-11T02:21:42","modified_gmt":"2026-03-10T23:21:42","slug":"davines-curl-building-bukle-yapilandirici-serum-250-ml","status":"publish","type":"product","link":"https:\/\/www.kozmodern.com\/?product=davines-curl-building-bukle-yapilandirici-serum-250-ml","title":{"rendered":"Davines Curl Building Bukle Yap\u0131land\u0131r\u0131c\u0131 Serum 250 ml"},"content":{"rendered":"<p data-start=\"42\" data-end=\"99\">Davines Curl Building Bukle Yap\u0131land\u0131r\u0131c\u0131 Serum 250 ml<\/p>\n<h3 data-start=\"101\" data-end=\"118\">Ne i\u015fe yarar?<\/h3>\n<ul data-start=\"119\" data-end=\"502\">\n<li data-start=\"119\" data-end=\"191\">\n<p data-start=\"121\" data-end=\"191\">Bukleleri belirginle\u015ftiren leave-in (durulanmayan) bir serumdur.<\/p>\n<\/li>\n<li data-start=\"192\" data-end=\"281\">\n<p data-start=\"194\" data-end=\"281\">Sa\u00e7\u0131n elastikiyetini art\u0131rarak buklelerin daha canl\u0131 ve esnek g\u00f6r\u00fcnmesini sa\u011flar.<\/p>\n<\/li>\n<li data-start=\"282\" data-end=\"349\">\n<p data-start=\"284\" data-end=\"349\">Kabarma (frizz) ve elektriklenmeyi azaltmaya yard\u0131mc\u0131 olur.<\/p>\n<\/li>\n<li data-start=\"350\" data-end=\"403\">\n<p data-start=\"352\" data-end=\"403\">Sa\u00e7\u0131 nem ve neme ba\u011fl\u0131 kabarmaya kar\u015f\u0131 korur.<\/p>\n<\/li>\n<li data-start=\"404\" data-end=\"502\">\n<p data-start=\"406\" data-end=\"502\">Buklelere do\u011fal parlakl\u0131k ve hafif tutu\u015f kazand\u0131r\u0131r.<\/p>\n<\/li>\n<\/ul>\n<h3 data-start=\"504\" data-end=\"527\"><\/h3>\n","protected":false},"excerpt":{"rendered":"<h3 data-start=\"504\" data-end=\"527\">Ne i\u00e7in kullan\u0131l\u0131r?<\/h3>\n<ul data-start=\"528\" data-end=\"772\">\n<li data-start=\"528\" data-end=\"625\">\n<p data-start=\"530\" data-end=\"625\">Bukleli ve dalgal\u0131 sa\u00e7lar\u0131 \u015fekillendirmek ve bukle yap\u0131s\u0131n\u0131 g\u00fc\u00e7lendirmek i\u00e7in kullan\u0131l\u0131r.<\/p>\n<\/li>\n<li data-start=\"626\" data-end=\"772\">\n<p data-start=\"628\" data-end=\"772\">Hafif tutu\u015f (hold level: 2) sa\u011flayarak sa\u00e7\u0131n do\u011fal g\u00f6r\u00fcn\u00fcm\u00fcn\u00fc bozmadan \u015fekil almas\u0131na yard\u0131mc\u0131 olur.<\/p>\n<\/li>\n<\/ul>\n<h3 data-start=\"774\" data-end=\"810\">Hangi sa\u00e7 tipleri i\u00e7in uygundur?<\/h3>\n<ul data-start=\"811\" data-end=\"990\">\n<li data-start=\"811\" data-end=\"833\">\n<p data-start=\"813\" data-end=\"833\">Dalgal\u0131 sa\u00e7lar<\/p>\n<\/li>\n<li data-start=\"834\" data-end=\"857\">\n<p data-start=\"836\" data-end=\"857\">K\u0131v\u0131rc\u0131k sa\u00e7lar<\/p>\n<\/li>\n<li data-start=\"858\" data-end=\"894\">\n<p data-start=\"860\" data-end=\"894\">Kabarma problemi olan sa\u00e7lar<\/p>\n<\/li>\n<li data-start=\"895\" data-end=\"990\">\n<p data-start=\"897\" data-end=\"990\">Buklelerini belirginle\u015ftirmek isteyen sa\u00e7 tipleri<\/p>\n<\/li>\n<\/ul>\n<hr data-start=\"992\" data-end=\"995\" \/>\n<h3 data-start=\"997\" data-end=\"1017\">Nas\u0131l uygulan\u0131r?<\/h3>\n<ol data-start=\"1018\" data-end=\"1344\">\n<li data-start=\"1018\" data-end=\"1074\">\n<p data-start=\"1021\" data-end=\"1074\">Sa\u00e7\u0131n\u0131z\u0131 y\u0131kad\u0131ktan sonra nemli sa\u00e7a uygulay\u0131n.<\/p>\n<\/li>\n<li data-start=\"1075\" data-end=\"1145\">\n<p data-start=\"1078\" data-end=\"1145\">Az miktarda \u00fcr\u00fcn\u00fc sa\u00e7\u0131n boy ve u\u00e7lar\u0131na e\u015fit \u015fekilde da\u011f\u0131t\u0131n.<\/p>\n<\/li>\n<li data-start=\"1146\" data-end=\"1228\">\n<p data-start=\"1149\" data-end=\"1228\">\u0130sterseniz diffuser ile kurutabilir veya do\u011fal kurumaya b\u0131rakabilirsiniz.<\/p>\n<\/li>\n<li data-start=\"1229\" data-end=\"1344\">\n<p data-start=\"1232\" data-end=\"1344\">Durulanmaz; sa\u00e7ta b\u0131rak\u0131larak \u015fekillendirme \u00fcr\u00fcn\u00fc olarak kullan\u0131l\u0131r.<\/p>\n<\/li>\n<\/ol>\n<h3 data-start=\"1351\" data-end=\"1373\">\u0130\u00c7ER\u0130K:<\/h3>\n<p data-start=\"1375\" data-end=\"1905\">AQUA \/ WATER \/ EAU | GLYCERIN | VP\/DMAPA ACRYLATES COPOLYMER | CETEARYL ALCOHOL | PANTHENOL | BEHENTRIMONIUM CHLORIDE | POLYQUATERNIUM-37 | PROPYLENE GLYCOL DICAPRYLATE\/DICAPRATE | AMODIMETHICONE | BENZYL ALCOHOL | PARFUM \/ FRAGRANCE | VINYL CAPROLACTAM\/VP\/DIMETHYLAMINOETHYL METHACRYLATE COPOLYMER | SODIUM BENZOATE | PPG-1 TRIDECETH-6 | TRIDECETH-12 | CETRIMONIUM CHLORIDE | CITRIC ACID | CYCLOPENTASILOXANE | LINALOOL | SORBITAN OLEATE | LIMONENE | PHENOXYETHANOL | BENZALKONIUM CHLORIDE<\/p>\n","protected":false},"featured_media":3665,"comment_status":"open","ping_status":"closed","template":"","meta":{"_acf_changed":false},"product_brand":[189],"product_cat":[15],"product_tag":[198,194,193],"class_list":{"0":"post-3666","1":"product","2":"type-product","3":"status-publish","4":"has-post-thumbnail","6":"product_brand-davines","7":"product_cat-genel","8":"product_tag-198","9":"product_tag-elektriklenme","10":"product_tag-kivircik-saclar","12":"first","13":"instock","14":"shipping-taxable","15":"purchasable","16":"product-type-simple"},"acf":[],"_links":{"self":[{"href":"https:\/\/www.kozmodern.com\/index.php?rest_route=\/wp\/v2\/product\/3666","targetHints":{"allow":["GET"]}}],"collection":[{"href":"https:\/\/www.kozmodern.com\/index.php?rest_route=\/wp\/v2\/product"}],"about":[{"href":"https:\/\/www.kozmodern.com\/index.php?rest_route=\/wp\/v2\/types\/product"}],"replies":[{"embeddable":true,"href":"https:\/\/www.kozmodern.com\/index.php?rest_route=%2Fwp%2Fv2%2Fcomments&post=3666"}],"wp:featuredmedia":[{"embeddable":true,"href":"https:\/\/www.kozmodern.com\/index.php?rest_route=\/wp\/v2\/media\/3665"}],"wp:attachment":[{"href":"https:\/\/www.kozmodern.com\/index.php?rest_route=%2Fwp%2Fv2%2Fmedia&parent=3666"}],"wp:term":[{"taxonomy":"product_brand","embeddable":true,"href":"https:\/\/www.kozmodern.com\/index.php?rest_route=%2Fwp%2Fv2%2Fproduct_brand&post=3666"},{"taxonomy":"product_cat","embeddable":true,"href":"https:\/\/www.kozmodern.com\/index.php?rest_route=%2Fwp%2Fv2%2Fproduct_cat&post=3666"},{"taxonomy":"product_tag","embeddable":true,"href":"https:\/\/www.kozmodern.com\/index.php?rest_route=%2Fwp%2Fv2%2Fproduct_tag&post=3666"}],"curies":[{"name":"wp","href":"https:\/\/api.w.org\/{rel}","templated":true}]}}