{"id":3676,"date":"2026-02-02T21:43:55","date_gmt":"2026-02-02T18:43:55","guid":{"rendered":"https:\/\/www.kozmodern.com\/?product=davines-nourishing-vegetarian-miracle-conditioner-250-ml"},"modified":"2026-03-11T02:29:39","modified_gmt":"2026-03-10T23:29:39","slug":"davines-nourishing-vegetarian-miracle-conditioner-250-ml","status":"publish","type":"product","link":"https:\/\/www.kozmodern.com\/?product=davines-nourishing-vegetarian-miracle-conditioner-250-ml","title":{"rendered":"Davines Naturaltech Nourishing Vegetarian Miracle Conditioner 250\u202fml"},"content":{"rendered":"<p data-start=\"0\" data-end=\"51\"><strong data-start=\"3\" data-end=\"44\"><span class=\"inline align-baseline\"><span class=\"whitespace-normal\"><span class=\"hover:entity-accent entity-underline cursor-pointer\">Davines Naturaltech Nourishing Vegetarian Miracle Conditioner<\/span><\/span><\/span><\/strong> 250\u202fml<\/p>\n<h3 data-start=\"53\" data-end=\"74\">Ne i\u015fe yarar?<\/h3>\n<ul data-start=\"75\" data-end=\"394\">\n<li data-start=\"75\" data-end=\"163\">\n<p data-start=\"77\" data-end=\"163\">Kuru, y\u0131pranm\u0131\u015f ve k\u0131r\u0131lgan sa\u00e7lar\u0131n beslenmesine ve nemlenmesine yard\u0131mc\u0131 olur.<\/p>\n<\/li>\n<li data-start=\"164\" data-end=\"221\">\n<p data-start=\"166\" data-end=\"221\">Sa\u00e7 telini g\u00fc\u00e7lendirir ve sa\u00e7 yap\u0131s\u0131n\u0131 destekler.<\/p>\n<\/li>\n<li data-start=\"222\" data-end=\"292\">\n<p data-start=\"224\" data-end=\"292\">Sa\u00e7\u0131n yumu\u015fak, parlak ve kolay taranabilir g\u00f6r\u00fcnmesini sa\u011flar.<\/p>\n<\/li>\n<li data-start=\"293\" data-end=\"394\">\n<p data-start=\"295\" data-end=\"394\">Sa\u00e7\u0131n daha esnek ve sa\u011fl\u0131kl\u0131 g\u00f6r\u00fcnmesine katk\u0131da bulunur.<\/p>\n<\/li>\n<\/ul>\n","protected":false},"excerpt":{"rendered":"<h3 data-start=\"396\" data-end=\"423\">Ne i\u00e7in kullan\u0131l\u0131r?<\/h3>\n<ul data-start=\"424\" data-end=\"706\">\n<li data-start=\"424\" data-end=\"557\">\n<p data-start=\"426\" data-end=\"557\">\u015eampuan sonras\u0131 sa\u00e7 kremi (conditioner) olarak; sa\u00e7\u0131n nem dengesi ve kolay taranma ihtiyac\u0131n\u0131 kar\u015f\u0131lamak i\u00e7in kullan\u0131l\u0131r.<\/p>\n<\/li>\n<li data-start=\"558\" data-end=\"706\">\n<p data-start=\"560\" data-end=\"706\">\u00d6zellikle kuru, k\u0131r\u0131lgan veya zarar g\u00f6rm\u00fc\u015f sa\u00e7larda g\u00fcnl\u00fck bak\u0131m rutininin par\u00e7as\u0131 olarak tercih edilir.<\/p>\n<\/li>\n<\/ul>\n<h3 data-start=\"708\" data-end=\"748\">Hangi sa\u00e7 tipleri i\u00e7in uygundur?<\/h3>\n<ul data-start=\"749\" data-end=\"934\">\n<li data-start=\"749\" data-end=\"768\">\n<p data-start=\"751\" data-end=\"768\">Kuru sa\u00e7lar<\/p>\n<\/li>\n<li data-start=\"769\" data-end=\"809\">\n<p data-start=\"771\" data-end=\"809\">Y\u0131pranm\u0131\u015f \/ kolay k\u0131r\u0131lan sa\u00e7lar<\/p>\n<\/li>\n<li data-start=\"810\" data-end=\"844\">\n<p data-start=\"812\" data-end=\"844\">Nem ihtiyac\u0131 y\u00fcksek sa\u00e7lar<\/p>\n<\/li>\n<li data-start=\"845\" data-end=\"934\">\n<p data-start=\"847\" data-end=\"934\">Zararl\u0131 \u00e7evresel etkilere maruz kalm\u0131\u015f sa\u00e7lar<\/p>\n<\/li>\n<\/ul>\n<hr data-start=\"936\" data-end=\"939\" \/>\n<h3 data-start=\"941\" data-end=\"965\">Nas\u0131l uygulan\u0131r?<\/h3>\n<ol data-start=\"966\" data-end=\"1260\">\n<li data-start=\"966\" data-end=\"1059\">\n<p data-start=\"969\" data-end=\"1059\">\u015eampuanla y\u0131kanm\u0131\u015f ve havluyla fazla suyunu al\u0131nm\u0131\u015f sa\u00e7\u0131n boy ve u\u00e7lar\u0131na uygulay\u0131n.<\/p>\n<\/li>\n<li data-start=\"1060\" data-end=\"1096\">\n<p data-start=\"1063\" data-end=\"1096\">Yakla\u015f\u0131k 5\u202fdakika bekleyin.<\/p>\n<\/li>\n<li data-start=\"1097\" data-end=\"1260\">\n<p data-start=\"1100\" data-end=\"1260\">Ard\u0131ndan sa\u00e7\u0131n\u0131z\u0131 tarayarak iyice durulay\u0131n.<br data-start=\"1148\" data-end=\"1151\" \/>\u2192 \u00dcr\u00fcn ihtiyaca g\u00f6re her y\u0131kamada veya gerekti\u011finde kullan\u0131labilir.<\/p>\n<\/li>\n<\/ol>\n<h3 data-start=\"1267\" data-end=\"1294\">\u0130\u00c7ER\u0130K:<\/h3>\n<p data-start=\"1296\" data-end=\"1954\">AQUA \/ WATER \/ EAU | CETEARYL ALCOHOL | CETYL ALCOHOL | GLYCERIN | BEHENTRIMONIUM CHLORIDE | BEHENTRIMONIUM METHOSULFATE | CETRIMONIUM CHLORIDE | BEHENETH\u201125 | GLYCINE | QUATERNIUM\u201187 | PARFUM \/ FRAGRANCE | ISOPROPYL ALCOHOL | MALEIC ACID | BENZYL ALCOHOL | LYSINE HCL | SIMMONDSIA CHINENSIS SEED OIL \/ SIMMONDSIA CHINENSIS (JOJOBA) SEED OIL | HYDROLYZED RICE PROTEIN | THIOCTAMIDOETHYL DIMETHYLAMINE MALEATE | DISODIUM EDTA | HYDROXYETHYLCELLULOSE | SODIUM BENZOATE | SODIUM HYDROXIDE | RETINYL PALMITATE | SCLEROTIUM GUM | HELIANTHUS ANNUUS SEED OIL \/ HELIANTHUS ANNUUS (SUNFLOWER) SEED OIL | HEXYL CINNAMAL | LINALOOL<\/p>\n","protected":false},"featured_media":3675,"comment_status":"open","ping_status":"closed","template":"","meta":{"_acf_changed":false},"product_brand":[189],"product_cat":[15],"product_tag":[204,184,199,200],"class_list":{"0":"post-3676","1":"product","2":"type-product","3":"status-publish","4":"has-post-thumbnail","6":"product_brand-davines","7":"product_cat-genel","8":"product_tag-204","9":"product_tag-krem","10":"product_tag-onarici","11":"product_tag-yipranmis-saclar","13":"first","14":"instock","15":"shipping-taxable","16":"purchasable","17":"product-type-simple"},"acf":[],"_links":{"self":[{"href":"https:\/\/www.kozmodern.com\/index.php?rest_route=\/wp\/v2\/product\/3676","targetHints":{"allow":["GET"]}}],"collection":[{"href":"https:\/\/www.kozmodern.com\/index.php?rest_route=\/wp\/v2\/product"}],"about":[{"href":"https:\/\/www.kozmodern.com\/index.php?rest_route=\/wp\/v2\/types\/product"}],"replies":[{"embeddable":true,"href":"https:\/\/www.kozmodern.com\/index.php?rest_route=%2Fwp%2Fv2%2Fcomments&post=3676"}],"wp:featuredmedia":[{"embeddable":true,"href":"https:\/\/www.kozmodern.com\/index.php?rest_route=\/wp\/v2\/media\/3675"}],"wp:attachment":[{"href":"https:\/\/www.kozmodern.com\/index.php?rest_route=%2Fwp%2Fv2%2Fmedia&parent=3676"}],"wp:term":[{"taxonomy":"product_brand","embeddable":true,"href":"https:\/\/www.kozmodern.com\/index.php?rest_route=%2Fwp%2Fv2%2Fproduct_brand&post=3676"},{"taxonomy":"product_cat","embeddable":true,"href":"https:\/\/www.kozmodern.com\/index.php?rest_route=%2Fwp%2Fv2%2Fproduct_cat&post=3676"},{"taxonomy":"product_tag","embeddable":true,"href":"https:\/\/www.kozmodern.com\/index.php?rest_route=%2Fwp%2Fv2%2Fproduct_tag&post=3676"}],"curies":[{"name":"wp","href":"https:\/\/api.w.org\/{rel}","templated":true}]}}