{"id":3678,"date":"2026-02-02T21:43:56","date_gmt":"2026-02-02T18:43:56","guid":{"rendered":"https:\/\/www.kozmodern.com\/?product=davines-nourishing-vegetarian-miracle-mask-250-ml"},"modified":"2026-03-11T02:33:22","modified_gmt":"2026-03-10T23:33:22","slug":"davines-nourishing-vegetarian-miracle-mask-250-ml","status":"publish","type":"product","link":"https:\/\/www.kozmodern.com\/?product=davines-nourishing-vegetarian-miracle-mask-250-ml","title":{"rendered":"Davines Nourishing Vegetarian Miracle Mask 250 ml"},"content":{"rendered":"<p data-start=\"0\" data-end=\"56\">Davines Nourishing Vegetarian Miracle Mask 250 ml<\/p>\n<h3 data-start=\"63\" data-end=\"84\">Ne i\u015fe yarar?<\/h3>\n<ul data-start=\"85\" data-end=\"583\">\n<li data-start=\"85\" data-end=\"181\">\n<p data-start=\"87\" data-end=\"181\">Kuru, y\u0131pranm\u0131\u015f ve k\u0131r\u0131lgan sa\u00e7lar\u0131 derinlemesine besleyen ve onaran bir sa\u00e7 maskesidir.<\/p>\n<\/li>\n<li data-start=\"182\" data-end=\"259\">\n<p data-start=\"184\" data-end=\"259\">Sa\u00e7 tellerinin g\u00fc\u00e7lenmesine ve elastikiyet kazanmas\u0131na yard\u0131mc\u0131 olur.<\/p>\n<\/li>\n<li data-start=\"260\" data-end=\"319\">\n<p data-start=\"262\" data-end=\"319\">Sa\u00e7a yo\u011fun nem, parlakl\u0131k ve yumu\u015fakl\u0131k kazand\u0131r\u0131r.<\/p>\n<\/li>\n<li data-start=\"320\" data-end=\"388\">\n<p data-start=\"322\" data-end=\"388\">Sa\u00e7\u0131n daha kolay taranmas\u0131n\u0131 ve p\u00fcr\u00fczs\u00fcz g\u00f6r\u00fcnmesini sa\u011flar.<\/p>\n<\/li>\n<li data-start=\"389\" data-end=\"583\">\n<p data-start=\"391\" data-end=\"583\">\u00d6zellikle kuru, hasarl\u0131 ve yorgun sa\u00e7larda bak\u0131m sa\u011flar.<\/p>\n<\/li>\n<\/ul>\n","protected":false},"excerpt":{"rendered":"<h3 data-start=\"590\" data-end=\"617\">Ne i\u00e7in kullan\u0131l\u0131r?<\/h3>\n<ul data-start=\"618\" data-end=\"989\">\n<li data-start=\"618\" data-end=\"691\">\n<p data-start=\"620\" data-end=\"691\">\u015eampuan sonras\u0131 yerine sa\u00e7 kremi ya da maskesi olarak kullan\u0131l\u0131r.<\/p>\n<\/li>\n<li data-start=\"692\" data-end=\"758\">\n<p data-start=\"694\" data-end=\"758\">Sa\u00e7\u0131n derinlemesine nemlendirilmesi ve onar\u0131lmas\u0131 i\u00e7indir.<\/p>\n<\/li>\n<li data-start=\"759\" data-end=\"989\">\n<p data-start=\"761\" data-end=\"989\">\u00d6zellikle kuru, k\u0131r\u0131lgan ve kimyasal i\u015flem g\u00f6rm\u00fc\u015f sa\u00e7larda yo\u011fun bak\u0131m ama\u00e7l\u0131 tercih edilir.<\/p>\n<\/li>\n<\/ul>\n<h3 data-start=\"996\" data-end=\"1036\">Hangi sa\u00e7 tipleri i\u00e7in uygundur?<\/h3>\n<ul data-start=\"1037\" data-end=\"1322\">\n<li data-start=\"1037\" data-end=\"1054\">\n<p data-start=\"1039\" data-end=\"1054\">Kuru sa\u00e7lar<\/p>\n<\/li>\n<li data-start=\"1055\" data-end=\"1088\">\n<p data-start=\"1057\" data-end=\"1088\">Y\u0131pranm\u0131\u015f \/ k\u0131r\u0131lgan sa\u00e7lar<\/p>\n<\/li>\n<li data-start=\"1089\" data-end=\"1130\">\n<p data-start=\"1091\" data-end=\"1130\">Nem ve bak\u0131m ihtiyac\u0131 y\u00fcksek sa\u00e7lar<\/p>\n<\/li>\n<li data-start=\"1131\" data-end=\"1322\">\n<p data-start=\"1133\" data-end=\"1322\">Kimyasal i\u015flem g\u00f6rm\u00fc\u015f veya \u0131s\u0131dan zarar g\u00f6rm\u00fc\u015f sa\u00e7lar<\/p>\n<\/li>\n<\/ul>\n<h3 data-start=\"1329\" data-end=\"1353\">Nas\u0131l uygulan\u0131r?<\/h3>\n<ol data-start=\"1354\" data-end=\"1624\">\n<li data-start=\"1354\" data-end=\"1419\">\n<p data-start=\"1357\" data-end=\"1419\">\u015eampuanla y\u0131kad\u0131ktan sonra sa\u00e7\u0131n\u0131z\u0131 hafif\u00e7e nemlendirin.<\/p>\n<\/li>\n<li data-start=\"1420\" data-end=\"1469\">\n<p data-start=\"1423\" data-end=\"1469\">Maskeyi sa\u00e7\u0131n boy ve u\u00e7lar\u0131na uygulay\u0131n.<\/p>\n<\/li>\n<li data-start=\"1470\" data-end=\"1500\">\n<p data-start=\"1473\" data-end=\"1500\">5\u201310 dakika bekletin.<\/p>\n<\/li>\n<li data-start=\"1501\" data-end=\"1624\">\n<p data-start=\"1504\" data-end=\"1624\">Ard\u0131ndan bol su ile durulay\u0131n.<br data-start=\"1538\" data-end=\"1541\" \/>\u2192 Daha yo\u011fun bak\u0131m i\u00e7in maskeyi 10\u201315 dakika bekletmek de etkisini art\u0131rabilir.<\/p>\n<\/li>\n<\/ol>\n<h3 data-start=\"1631\" data-end=\"1658\">\u0130\u00c7ER\u0130K:<\/h3>\n<p data-start=\"1660\" data-end=\"2266\">AQUA \/ WATER \/ EAU | CETEARYL ALCOHOL | CETYL ALCOHOL | GLYCERIN | BEHENTRIMONIUM CHLORIDE | BEHENTRIMONIUM METHOSULFATE | CETRIMONIUM CHLORIDE | BEHENETH\u201125 | GLYCINE | PARFUM \/ FRAGRANCE | ISOPROPYL ALCOHOL | MALEIC ACID | BENZYL ALCOHOL | LYSINE HCL | SIMMONDSIA CHINENSIS SEED OIL \/ SIMMONDSIA CHINENSIS (JOJOBA) SEED OIL | HYDROLYZED RICE PROTEIN | THIOCTAMIDOETHYL DIMETHYLAMINE MALEATE | DISODIUM EDTA | HYDROXYETHYLCELLULOSE | SODIUM BENZOATE | SODIUM HYDROXIDE | RETINYL PALMITATE | SCLEROTIUM GUM | HELIANTHUS ANNUUS SEED OIL \/ HELIANTHUS ANNUUS (SUNFLOWER) SEED OIL | HEXYL CINNAMAL | LINALOOL<\/p>\n","protected":false},"featured_media":3677,"comment_status":"open","ping_status":"closed","template":"","meta":{"_acf_changed":false},"product_brand":[189],"product_cat":[15],"product_tag":[205,186,206,200],"class_list":{"0":"post-3678","1":"product","2":"type-product","3":"status-publish","4":"has-post-thumbnail","6":"product_brand-davines","7":"product_cat-genel","8":"product_tag-205","9":"product_tag-kuru-saclar","10":"product_tag-maske","11":"product_tag-yipranmis-saclar","13":"first","14":"instock","15":"shipping-taxable","16":"purchasable","17":"product-type-simple"},"acf":[],"_links":{"self":[{"href":"https:\/\/www.kozmodern.com\/index.php?rest_route=\/wp\/v2\/product\/3678","targetHints":{"allow":["GET"]}}],"collection":[{"href":"https:\/\/www.kozmodern.com\/index.php?rest_route=\/wp\/v2\/product"}],"about":[{"href":"https:\/\/www.kozmodern.com\/index.php?rest_route=\/wp\/v2\/types\/product"}],"replies":[{"embeddable":true,"href":"https:\/\/www.kozmodern.com\/index.php?rest_route=%2Fwp%2Fv2%2Fcomments&post=3678"}],"wp:featuredmedia":[{"embeddable":true,"href":"https:\/\/www.kozmodern.com\/index.php?rest_route=\/wp\/v2\/media\/3677"}],"wp:attachment":[{"href":"https:\/\/www.kozmodern.com\/index.php?rest_route=%2Fwp%2Fv2%2Fmedia&parent=3678"}],"wp:term":[{"taxonomy":"product_brand","embeddable":true,"href":"https:\/\/www.kozmodern.com\/index.php?rest_route=%2Fwp%2Fv2%2Fproduct_brand&post=3678"},{"taxonomy":"product_cat","embeddable":true,"href":"https:\/\/www.kozmodern.com\/index.php?rest_route=%2Fwp%2Fv2%2Fproduct_cat&post=3678"},{"taxonomy":"product_tag","embeddable":true,"href":"https:\/\/www.kozmodern.com\/index.php?rest_route=%2Fwp%2Fv2%2Fproduct_tag&post=3678"}],"curies":[{"name":"wp","href":"https:\/\/api.w.org\/{rel}","templated":true}]}}