{"id":3682,"date":"2026-02-02T21:43:57","date_gmt":"2026-02-02T18:43:57","guid":{"rendered":"https:\/\/www.kozmodern.com\/?product=davines-rebalancing-shampoo-250-ml"},"modified":"2026-03-11T02:36:53","modified_gmt":"2026-03-10T23:36:53","slug":"davines-rebalancing-shampoo-250-ml","status":"publish","type":"product","link":"https:\/\/www.kozmodern.com\/?product=davines-rebalancing-shampoo-250-ml","title":{"rendered":"Davines Rebalancing Shampoo Sebum Dengeleyici \u015eampuan 250\u202fml"},"content":{"rendered":"<p data-start=\"0\" data-end=\"53\"><span class=\"inline align-baseline\"><span class=\"whitespace-normal\"><span class=\"hover:entity-accent entity-underline cursor-pointer\">Davines Rebalancing Shampoo Sebum Dengeleyici \u015eampuan<\/span><\/span><\/span> (250\u202fml)<\/p>\n<h3 data-start=\"55\" data-end=\"76\">Ne i\u015fe yarar?<\/h3>\n<ul data-start=\"77\" data-end=\"500\">\n<li data-start=\"77\" data-end=\"170\">\n<p data-start=\"79\" data-end=\"170\">A\u015f\u0131r\u0131 sebum (ya\u011f) \u00fcretimiyle m\u00fccadele eden ve sa\u00e7 derisini dengeleyen bir \u015fampuand\u0131r.<\/p>\n<\/li>\n<li data-start=\"171\" data-end=\"294\">\n<p data-start=\"173\" data-end=\"294\">Sa\u00e7 derisini derinlemesine temizler, fazla ya\u011f\u0131 uzakla\u015ft\u0131r\u0131r ve sa\u00e7\u0131n daha uzun s\u00fcre temiz kalmas\u0131na yard\u0131mc\u0131 olur.<\/p>\n<\/li>\n<li data-start=\"295\" data-end=\"359\">\n<p data-start=\"297\" data-end=\"359\">Sebum \u00fcretimini normalle\u015ftirmeye ve dengelemeye \u00e7al\u0131\u015f\u0131r.<\/p>\n<\/li>\n<li data-start=\"360\" data-end=\"500\">\n<p data-start=\"362\" data-end=\"500\">Anti\u2011oksidan ve yat\u0131\u015ft\u0131r\u0131c\u0131 etkiler sa\u011flar, sa\u00e7 derisinin daha sa\u011fl\u0131kl\u0131 hissetmesine katk\u0131 sa\u011flar.<\/p>\n<\/li>\n<\/ul>\n","protected":false},"excerpt":{"rendered":"<h3 data-start=\"502\" data-end=\"529\">Ne i\u00e7in kullan\u0131l\u0131r?<\/h3>\n<ul data-start=\"530\" data-end=\"827\">\n<li data-start=\"530\" data-end=\"599\">\n<p data-start=\"532\" data-end=\"599\">Ya\u011fl\u0131 sa\u00e7 ve sa\u00e7 derisi sorunlar\u0131n\u0131 gidermek i\u00e7in kullan\u0131l\u0131r.<\/p>\n<\/li>\n<li data-start=\"600\" data-end=\"683\">\n<p data-start=\"602\" data-end=\"683\">A\u015f\u0131r\u0131 ya\u011flanm\u0131\u015f sa\u00e7larda <em data-start=\"627\" data-end=\"637\">temizlik<\/em> ve <em data-start=\"641\" data-end=\"648\">denge<\/em> sa\u011flamak amac\u0131yla tercih edilir.<\/p>\n<\/li>\n<li data-start=\"684\" data-end=\"827\">\n<p data-start=\"686\" data-end=\"827\">D\u00fczenli bak\u0131mda, ya\u011f \u00fcretiminin fazla oldu\u011fu durumlarda sa\u00e7\u0131n daha az ya\u011flanmas\u0131na yard\u0131mc\u0131 olur.<\/p>\n<\/li>\n<\/ul>\n<h3 data-start=\"829\" data-end=\"869\">Hangi sa\u00e7 tipleri i\u00e7in uygundur?<\/h3>\n<ul data-start=\"870\" data-end=\"1089\">\n<li data-start=\"870\" data-end=\"895\">\n<p data-start=\"872\" data-end=\"895\">Ya\u011fl\u0131 sa\u00e7 tipleri<\/p>\n<\/li>\n<li data-start=\"896\" data-end=\"929\">\n<p data-start=\"898\" data-end=\"929\">H\u0131zl\u0131 ya\u011flanan sa\u00e7 derisi<\/p>\n<\/li>\n<li data-start=\"930\" data-end=\"991\">\n<p data-start=\"932\" data-end=\"991\">\u0130nce veya normal sa\u00e7l\u0131 ama ya\u011flanma sorunu ya\u015fayanlar<\/p>\n<\/li>\n<li data-start=\"992\" data-end=\"1089\">\n<p data-start=\"994\" data-end=\"1089\">Sebum dengesini kontrol alt\u0131na almak isteyen herkes<\/p>\n<\/li>\n<\/ul>\n<h3 data-start=\"1096\" data-end=\"1120\">Nas\u0131l uygulan\u0131r?<\/h3>\n<ol data-start=\"1121\" data-end=\"1410\">\n<li data-start=\"1121\" data-end=\"1147\">\n<p data-start=\"1124\" data-end=\"1147\">Sa\u00e7\u0131n\u0131z\u0131 \u0131slat\u0131n.<\/p>\n<\/li>\n<li data-start=\"1148\" data-end=\"1220\">\n<p data-start=\"1151\" data-end=\"1220\">Bir miktar \u015fampuan\u0131 sa\u00e7 derisine uygulay\u0131p nazik\u00e7e masaj yap\u0131n.<\/p>\n<\/li>\n<li data-start=\"1221\" data-end=\"1296\">\n<p data-start=\"1224\" data-end=\"1296\">K\u00f6p\u00fc\u011f\u00fc sa\u00e7\u0131n boy ve u\u00e7lar\u0131na kadar yayarak birka\u00e7 dakika bekletin.<\/p>\n<\/li>\n<li data-start=\"1297\" data-end=\"1326\">\n<p data-start=\"1300\" data-end=\"1326\">Bol suyla durulay\u0131n.<\/p>\n<\/li>\n<li data-start=\"1327\" data-end=\"1410\">\n<p data-start=\"1330\" data-end=\"1410\">Gerekirse tekrar uygulayabilirsiniz.<\/p>\n<\/li>\n<\/ol>\n<h3 data-start=\"1417\" data-end=\"1444\">\u0130\u00c7ER\u0130K<strong data-start=\"1420\" data-end=\"1444\">:<\/strong><\/h3>\n<p data-start=\"1446\" data-end=\"2167\">AQUA \/ WATER \/ EAU | SODIUM LAUROYL METHYL ISETHIONATE | COCAMIDOPROPYL BETAINE | POLYSORBATE 20 | PARFUM \/ FRAGRANCE | SODIUM OLIVAMPHOACETATE | SODIUM LAUROYL SARCOSINATE | BENZYL ALCOHOL | SODIUM METHYL ISETHIONATE | ACRYLATES\/C10\u201130 ALKYL ACRYLATE CROSSPOLYMER | LAURIC ACID | SODIUM BENZOATE | TRISODIUM ETHYLENEDIAMINE DISUCCINATE | POLYQUATERNIUM\u201110 | SODIUM LAURATE | SODIUM HYDROXIDE | BUTYLENE GLYCOL | DISODIUM EDTA | LIMONENE | POLYQUATERNIUM\u201167 | CITRUS LIMON LEAF EXTRACT \/ CITRUS LIMON (LEMON) LEAF EXTRACT | CITRAL | CINNAMOMUM CASSIA BARK EXTRACT | SANGUISORBA OFFICINALIS ROOT EXTRACT | ZINGIBER OFFICINALE ROOT EXTRACT \/ ZINGIBER OFFICINALE (GINGER) ROOT EXTRACT<\/p>\n","protected":false},"featured_media":3681,"comment_status":"open","ping_status":"closed","template":"","meta":{"_acf_changed":false},"product_brand":[189],"product_cat":[15],"product_tag":[209,175,207],"class_list":{"0":"post-3682","1":"product","2":"type-product","3":"status-publish","4":"has-post-thumbnail","6":"product_brand-davines","7":"product_cat-genel","8":"product_tag-209","9":"product_tag-sampuan","10":"product_tag-yagli-saclar","12":"first","13":"instock","14":"shipping-taxable","15":"purchasable","16":"product-type-simple"},"acf":[],"_links":{"self":[{"href":"https:\/\/www.kozmodern.com\/index.php?rest_route=\/wp\/v2\/product\/3682","targetHints":{"allow":["GET"]}}],"collection":[{"href":"https:\/\/www.kozmodern.com\/index.php?rest_route=\/wp\/v2\/product"}],"about":[{"href":"https:\/\/www.kozmodern.com\/index.php?rest_route=\/wp\/v2\/types\/product"}],"replies":[{"embeddable":true,"href":"https:\/\/www.kozmodern.com\/index.php?rest_route=%2Fwp%2Fv2%2Fcomments&post=3682"}],"wp:featuredmedia":[{"embeddable":true,"href":"https:\/\/www.kozmodern.com\/index.php?rest_route=\/wp\/v2\/media\/3681"}],"wp:attachment":[{"href":"https:\/\/www.kozmodern.com\/index.php?rest_route=%2Fwp%2Fv2%2Fmedia&parent=3682"}],"wp:term":[{"taxonomy":"product_brand","embeddable":true,"href":"https:\/\/www.kozmodern.com\/index.php?rest_route=%2Fwp%2Fv2%2Fproduct_brand&post=3682"},{"taxonomy":"product_cat","embeddable":true,"href":"https:\/\/www.kozmodern.com\/index.php?rest_route=%2Fwp%2Fv2%2Fproduct_cat&post=3682"},{"taxonomy":"product_tag","embeddable":true,"href":"https:\/\/www.kozmodern.com\/index.php?rest_route=%2Fwp%2Fv2%2Fproduct_tag&post=3682"}],"curies":[{"name":"wp","href":"https:\/\/api.w.org\/{rel}","templated":true}]}}