{"id":3684,"date":"2026-02-02T21:44:00","date_gmt":"2026-02-02T18:44:00","guid":{"rendered":"https:\/\/www.kozmodern.com\/?product=davines-rebalancing-cleansing-treatment-250-ml"},"modified":"2026-03-11T02:39:32","modified_gmt":"2026-03-10T23:39:32","slug":"davines-rebalancing-cleansing-treatment-250-ml","status":"publish","type":"product","link":"https:\/\/www.kozmodern.com\/?product=davines-rebalancing-cleansing-treatment-250-ml","title":{"rendered":"Davines Rebalancing Cleansing Treatment 250 ml"},"content":{"rendered":"<p data-start=\"0\" data-end=\"53\">Davines Rebalancing Cleansing Treatment 250 ml<\/p>\n<h3 data-start=\"55\" data-end=\"76\">Ne i\u015fe yarar?<\/h3>\n<ul data-start=\"77\" data-end=\"596\">\n<li data-start=\"77\" data-end=\"166\">\n<p data-start=\"79\" data-end=\"166\">A\u015f\u0131r\u0131 ya\u011fl\u0131 ve dengesiz sa\u00e7 derisinin derinlemesine temizlenmesine yard\u0131mc\u0131 olur.<\/p>\n<\/li>\n<li data-start=\"167\" data-end=\"232\">\n<p data-start=\"169\" data-end=\"232\">Sebum, kir, kal\u0131nt\u0131 ve \u00fcr\u00fcn birikimini nazik\u00e7e ar\u0131nd\u0131r\u0131r.<\/p>\n<\/li>\n<li data-start=\"233\" data-end=\"310\">\n<p data-start=\"235\" data-end=\"310\">Sa\u00e7 derisinin daha temiz, ferah ve dengeli hissetmesine katk\u0131 sa\u011flar.<\/p>\n<\/li>\n<li data-start=\"311\" data-end=\"596\">\n<p data-start=\"313\" data-end=\"596\">D\u00fczenli \u015fampuanlamayla giderilemeyen frit ve kirleri \u00e7\u00f6zerek sa\u00e7 derisini rahatlat\u0131r.<br data-start=\"402\" data-end=\"405\" \/>\ud83d\udc49 Hafif peeling etkisiyle sa\u00e7 derisi ortam\u0131n\u0131 yenilemeye yard\u0131mc\u0131 olur.<\/p>\n<\/li>\n<\/ul>\n","protected":false},"excerpt":{"rendered":"<h3 data-start=\"603\" data-end=\"630\">Ne i\u00e7in kullan\u0131l\u0131r?<\/h3>\n<ul data-start=\"631\" data-end=\"987\">\n<li data-start=\"631\" data-end=\"713\">\n<p data-start=\"633\" data-end=\"713\">\u00d6zellikle a\u015f\u0131r\u0131 ya\u011fl\u0131 sa\u00e7 derisi ve \u00fcr\u00fcn birikimi sorunlar\u0131nda kullan\u0131l\u0131r.<\/p>\n<\/li>\n<li data-start=\"714\" data-end=\"791\">\n<p data-start=\"716\" data-end=\"791\">Derinlemesine temizlik ihtiyac\u0131 hissetti\u011fin d\u00f6nemlerde tercih edilir.<\/p>\n<\/li>\n<li data-start=\"792\" data-end=\"987\">\n<p data-start=\"794\" data-end=\"987\">Haftal\u0131k bak\u0131m rutininin bir par\u00e7as\u0131 olarak \u015fampuan \u00f6ncesi kullan\u0131labilir.<\/p>\n<\/li>\n<\/ul>\n<h3 data-start=\"994\" data-end=\"1047\">Hangi sa\u00e7 \/ sa\u00e7 derisi tipleri i\u00e7in uygundur?<\/h3>\n<ul data-start=\"1048\" data-end=\"1296\">\n<li data-start=\"1048\" data-end=\"1078\">\n<p data-start=\"1050\" data-end=\"1078\">A\u015f\u0131r\u0131 ya\u011fl\u0131 sa\u00e7 derisi<\/p>\n<\/li>\n<li data-start=\"1079\" data-end=\"1127\">\n<p data-start=\"1081\" data-end=\"1127\">\u00dcr\u00fcn kal\u0131nt\u0131s\u0131 ve birikim ya\u015fayan sa\u00e7lar<\/p>\n<\/li>\n<li data-start=\"1128\" data-end=\"1296\">\n<p data-start=\"1130\" data-end=\"1296\">Daha temiz ve dengeli sa\u00e7 derisi isteyen herkes<\/p>\n<\/li>\n<\/ul>\n<h3 data-start=\"1303\" data-end=\"1327\">Nas\u0131l uygulan\u0131r?<\/h3>\n<ol data-start=\"1328\" data-end=\"1660\">\n<li data-start=\"1328\" data-end=\"1382\">\n<p data-start=\"1331\" data-end=\"1382\">Sa\u00e7 \u0131slakken do\u011frudan sa\u00e7 derisine uygulay\u0131n.<\/p>\n<\/li>\n<li data-start=\"1383\" data-end=\"1453\">\n<p data-start=\"1386\" data-end=\"1453\">Parmak u\u00e7lar\u0131yla nazik\u00e7e masaj yap\u0131n (dairesel hareketlerle).<\/p>\n<\/li>\n<li data-start=\"1454\" data-end=\"1486\">\n<p data-start=\"1457\" data-end=\"1486\">Birka\u00e7 dakika bekleyin.<\/p>\n<\/li>\n<li data-start=\"1487\" data-end=\"1525\">\n<p data-start=\"1490\" data-end=\"1525\">Ard\u0131ndan bol suyla durulay\u0131n.<\/p>\n<\/li>\n<li data-start=\"1526\" data-end=\"1660\">\n<p data-start=\"1529\" data-end=\"1660\">Sonras\u0131nda \u015fampuan ile rutin bak\u0131m\u0131n\u0131z\u0131 yapabilirsiniz.<br data-start=\"1588\" data-end=\"1591\" \/>(<em data-start=\"1592\" data-end=\"1657\">Genellikle haftada 1 kez veya ihtiyaca g\u00f6re kullan\u0131labilir.<\/em>)<\/p>\n<\/li>\n<\/ol>\n<h3 data-start=\"1667\" data-end=\"1694\">\u0130\u00c7ER\u0130K:<\/h3>\n<p data-start=\"1696\" data-end=\"2471\">AQUA \/ WATER \/ EAU | LAURYL BETAINE | COCO\u2011GLUCOSIDE | GLYCERIN | GLYCOL DISTEARATE | DISODIUM LAURETH SULFOSUCCINATE | COCAMIDOPROPYL BETAINE | GLYCERYL OLEATE | SODIUM COCOYL ISETHIONATE | PARFUM \/ FRAGRANCE | ACRYLATES\/C10\u201130 ALKYL ACRYLATE CROSSPOLYMER | GLYCOL DISTEARATE | SODIUM BENZOATE | CITRIC ACID | POTASSIUM SORBATE | TRISODIUM ETHYLENEDIAMINE DISUCCINATE | LAURIC ACID | SODIUM LAUROYL METHYL ISETHIONATE | LIMONENE | CITRAL | GERANIOL | BUTYLENE GLYCOL | POLYQUATERNIUM\u201110 | DISODIUM EDTA | BENZYL ALCOHOL | OCTYLDODECANOL | ZINGIBER OFFICINALE ROOT EXTRACT \/ ZINGIBER OFFICINALE (GINGER) ROOT EXTRACT | SANGUISORBA OFFICINALIS ROOT EXTRACT | CINNAMOMUM CASSIA BARK EXTRACT | SODIUM CHLORIDE | PPG\u201126\u2011BUTETH\u201126 | HYDROGENATED VEGETABLE OIL | SODIUM HYDROXIDE<\/p>\n","protected":false},"featured_media":3683,"comment_status":"open","ping_status":"closed","template":"","meta":{"_acf_changed":false},"product_brand":[189],"product_cat":[15],"product_tag":[210,211,207],"class_list":{"0":"post-3684","1":"product","2":"type-product","3":"status-publish","4":"has-post-thumbnail","6":"product_brand-davines","7":"product_cat-genel","8":"product_tag-210","9":"product_tag-bakim","10":"product_tag-yagli-saclar","12":"first","13":"instock","14":"shipping-taxable","15":"purchasable","16":"product-type-simple"},"acf":[],"_links":{"self":[{"href":"https:\/\/www.kozmodern.com\/index.php?rest_route=\/wp\/v2\/product\/3684","targetHints":{"allow":["GET"]}}],"collection":[{"href":"https:\/\/www.kozmodern.com\/index.php?rest_route=\/wp\/v2\/product"}],"about":[{"href":"https:\/\/www.kozmodern.com\/index.php?rest_route=\/wp\/v2\/types\/product"}],"replies":[{"embeddable":true,"href":"https:\/\/www.kozmodern.com\/index.php?rest_route=%2Fwp%2Fv2%2Fcomments&post=3684"}],"wp:featuredmedia":[{"embeddable":true,"href":"https:\/\/www.kozmodern.com\/index.php?rest_route=\/wp\/v2\/media\/3683"}],"wp:attachment":[{"href":"https:\/\/www.kozmodern.com\/index.php?rest_route=%2Fwp%2Fv2%2Fmedia&parent=3684"}],"wp:term":[{"taxonomy":"product_brand","embeddable":true,"href":"https:\/\/www.kozmodern.com\/index.php?rest_route=%2Fwp%2Fv2%2Fproduct_brand&post=3684"},{"taxonomy":"product_cat","embeddable":true,"href":"https:\/\/www.kozmodern.com\/index.php?rest_route=%2Fwp%2Fv2%2Fproduct_cat&post=3684"},{"taxonomy":"product_tag","embeddable":true,"href":"https:\/\/www.kozmodern.com\/index.php?rest_route=%2Fwp%2Fv2%2Fproduct_tag&post=3684"}],"curies":[{"name":"wp","href":"https:\/\/api.w.org\/{rel}","templated":true}]}}