{"id":3688,"date":"2026-02-02T21:44:02","date_gmt":"2026-02-02T18:44:02","guid":{"rendered":"https:\/\/www.kozmodern.com\/?product=davines-renewing-shampoo-250-ml"},"modified":"2026-03-11T02:45:06","modified_gmt":"2026-03-10T23:45:06","slug":"davines-renewing-shampoo-250-ml","status":"publish","type":"product","link":"https:\/\/www.kozmodern.com\/?product=davines-renewing-shampoo-250-ml","title":{"rendered":"Davines Renewing Shampoo 250 ml"},"content":{"rendered":"<p data-start=\"0\" data-end=\"38\">Davines Renewing Shampoo 250 ml<\/p>\n<h3 data-start=\"40\" data-end=\"61\">Ne i\u015fe yarar?<\/h3>\n<ul data-start=\"62\" data-end=\"512\">\n<li data-start=\"62\" data-end=\"116\">\n<p data-start=\"64\" data-end=\"116\">Nazik\u00e7e temizleyen, yenileyici bir \u015fampuand\u0131r.<\/p>\n<\/li>\n<li data-start=\"117\" data-end=\"195\">\n<p data-start=\"119\" data-end=\"195\">Sa\u00e7\u0131 ve sa\u00e7 derisini temizlerken nem dengesini korumaya yard\u0131mc\u0131 olur.<\/p>\n<\/li>\n<li data-start=\"196\" data-end=\"274\">\n<p data-start=\"198\" data-end=\"274\">Sa\u00e7 tellerinin daha parlak, elastik ve sa\u011fl\u0131kl\u0131 g\u00f6r\u00fcnmesini destekler.<\/p>\n<\/li>\n<li data-start=\"275\" data-end=\"334\">\n<p data-start=\"277\" data-end=\"334\">K\u0131r\u0131lgan sa\u00e7larda g\u00fc\u00e7lendirici bak\u0131m etkisi sa\u011flar.<\/p>\n<\/li>\n<li data-start=\"335\" data-end=\"512\">\n<p data-start=\"337\" data-end=\"512\">D\u00fczenli kullan\u0131mda sa\u00e7\u0131n yumu\u015fak, esnek ve canl\u0131 hissedilmesine katk\u0131 sa\u011flar.<\/p>\n<\/li>\n<\/ul>\n","protected":false},"excerpt":{"rendered":"<h3 data-start=\"519\" data-end=\"546\">Ne i\u00e7in kullan\u0131l\u0131r?<\/h3>\n<ul data-start=\"547\" data-end=\"899\">\n<li data-start=\"547\" data-end=\"638\">\n<p data-start=\"549\" data-end=\"638\">\u015eampuan olarak sa\u00e7 ve sa\u00e7 derisinin temizlenmesi ve bak\u0131m ihtiyac\u0131 i\u00e7in kullan\u0131l\u0131r.<\/p>\n<\/li>\n<li data-start=\"639\" data-end=\"736\">\n<p data-start=\"641\" data-end=\"736\">\u00d6zellikle y\u0131pranm\u0131\u015f, k\u0131r\u0131lgan veya hayat\u0131n etkisiyle y\u0131pranm\u0131\u015f sa\u00e7lar i\u00e7in tercih edilir.<\/p>\n<\/li>\n<li data-start=\"737\" data-end=\"899\">\n<p data-start=\"739\" data-end=\"899\">Sa\u00e7\u0131n \u0131\u015f\u0131l \u0131\u015f\u0131l, daha yumu\u015fak ve sa\u011fl\u0131kl\u0131 g\u00f6r\u00fcnmesini ama\u00e7lar. (<a class=\"decorated-link\" href=\"https:\/\/www.davinesph.com\/products\/renewing-shampoo?utm_source=chatgpt.com\" target=\"_new\" rel=\"noopener\" data-start=\"807\" data-end=\"898\">davinesph.com<\/a>)<\/p>\n<\/li>\n<\/ul>\n<h3 data-start=\"906\" data-end=\"946\">Hangi sa\u00e7 tipleri i\u00e7in uygundur?<\/h3>\n<ul data-start=\"947\" data-end=\"1187\">\n<li data-start=\"947\" data-end=\"970\">\n<p data-start=\"949\" data-end=\"970\">T\u00fcm sa\u00e7 tipleri<\/p>\n<\/li>\n<li data-start=\"971\" data-end=\"1005\">\n<p data-start=\"973\" data-end=\"1005\">Y\u0131pranm\u0131\u015f, k\u0131r\u0131lgan sa\u00e7lar<\/p>\n<\/li>\n<li data-start=\"1006\" data-end=\"1053\">\n<p data-start=\"1008\" data-end=\"1053\">Donuk ve elastikiyetini yitirmi\u015f sa\u00e7lar<\/p>\n<\/li>\n<li data-start=\"1054\" data-end=\"1187\">\n<p data-start=\"1056\" data-end=\"1187\">Nem ve bak\u0131m ihtiyac\u0131 olan sa\u00e7lar<\/p>\n<\/li>\n<\/ul>\n<h3 data-start=\"1194\" data-end=\"1218\">Nas\u0131l uygulan\u0131r?<\/h3>\n<ol data-start=\"1219\" data-end=\"1467\">\n<li data-start=\"1219\" data-end=\"1249\">\n<p data-start=\"1222\" data-end=\"1249\">Sa\u00e7\u0131 tamamen \u0131slat\u0131n.<\/p>\n<\/li>\n<li data-start=\"1250\" data-end=\"1335\">\n<p data-start=\"1253\" data-end=\"1335\">Miktar olarak yeterli \u015fampuan\u0131 sa\u00e7 derisine nazik\u00e7e masaj yaparak uygulay\u0131n.<\/p>\n<\/li>\n<li data-start=\"1336\" data-end=\"1388\">\n<p data-start=\"1339\" data-end=\"1388\">K\u00f6p\u00fc\u011f\u00fc sa\u00e7\u0131n boy ve u\u00e7lar\u0131na do\u011fru da\u011f\u0131t\u0131n.<\/p>\n<\/li>\n<li data-start=\"1389\" data-end=\"1419\">\n<p data-start=\"1392\" data-end=\"1419\">Bol su ile durulay\u0131n.<\/p>\n<\/li>\n<li data-start=\"1420\" data-end=\"1467\">\n<p data-start=\"1423\" data-end=\"1467\">Gerekirse i\u015flemi tekrar edebilirsiniz.<\/p>\n<\/li>\n<\/ol>\n<h3 data-start=\"1474\" data-end=\"1501\">\u0130\u00c7ER\u0130K:<\/h3>\n<p data-start=\"1503\" data-end=\"2146\">AQUA \/ WATER \/ EAU | SODIUM LAUROYL METHYL ISETHIONATE | DISODIUM LAURETH SULFOSUCCINATE | COCAMIDOPROPYL BETAINE | GLYCERIN | SODIUM LAUROYL SARCOSINATE | COCO\u2011GLUCOSIDE | PARFUM \/ FRAGRANCE | GLYCERYL OLEATE | ACRYLATES\/C10\u201130 ALKYL ACRYLATE CROSSPOLYMER | BENZYL ALCOHOL | PANTHENOL | POLYQUATERNIUM\u20117 | HYDROXYETHYLCELLULOSE | SODIUM BENZOATE | CITRIC ACID | POTASSIUM SORBATE | DISODIUM EDTA | POLYQUATERNIUM\u201110 | TRISODIUM ETHYLENEDIAMINE DISUCCINATE | LAURIC ACID | SODIUM METHYL ISETHIONATE | SODIUM ISETHIONATE | COCOAMIDOPROPYL AMINE OXIDE | LIMONENE | HEXYL CINNAMAL | CI 19140 \/ YELLOW 5 | CI 15985 \/ ORANGE 4 | CI 42090 \/ BLUE 1<\/p>\n","protected":false},"featured_media":3687,"comment_status":"open","ping_status":"closed","template":"","meta":{"_acf_changed":false},"product_brand":[189],"product_cat":[15],"product_tag":[213,199,175,183],"class_list":{"0":"post-3688","1":"product","2":"type-product","3":"status-publish","4":"has-post-thumbnail","6":"product_brand-davines","7":"product_cat-genel","8":"product_tag-213","9":"product_tag-onarici","10":"product_tag-sampuan","11":"product_tag-tum-sac-tipleri","13":"first","14":"instock","15":"shipping-taxable","16":"purchasable","17":"product-type-simple"},"acf":[],"_links":{"self":[{"href":"https:\/\/www.kozmodern.com\/index.php?rest_route=\/wp\/v2\/product\/3688","targetHints":{"allow":["GET"]}}],"collection":[{"href":"https:\/\/www.kozmodern.com\/index.php?rest_route=\/wp\/v2\/product"}],"about":[{"href":"https:\/\/www.kozmodern.com\/index.php?rest_route=\/wp\/v2\/types\/product"}],"replies":[{"embeddable":true,"href":"https:\/\/www.kozmodern.com\/index.php?rest_route=%2Fwp%2Fv2%2Fcomments&post=3688"}],"wp:featuredmedia":[{"embeddable":true,"href":"https:\/\/www.kozmodern.com\/index.php?rest_route=\/wp\/v2\/media\/3687"}],"wp:attachment":[{"href":"https:\/\/www.kozmodern.com\/index.php?rest_route=%2Fwp%2Fv2%2Fmedia&parent=3688"}],"wp:term":[{"taxonomy":"product_brand","embeddable":true,"href":"https:\/\/www.kozmodern.com\/index.php?rest_route=%2Fwp%2Fv2%2Fproduct_brand&post=3688"},{"taxonomy":"product_cat","embeddable":true,"href":"https:\/\/www.kozmodern.com\/index.php?rest_route=%2Fwp%2Fv2%2Fproduct_cat&post=3688"},{"taxonomy":"product_tag","embeddable":true,"href":"https:\/\/www.kozmodern.com\/index.php?rest_route=%2Fwp%2Fv2%2Fproduct_tag&post=3688"}],"curies":[{"name":"wp","href":"https:\/\/api.w.org\/{rel}","templated":true}]}}