{"id":3690,"date":"2026-02-02T21:44:03","date_gmt":"2026-02-02T18:44:03","guid":{"rendered":"https:\/\/www.kozmodern.com\/?product=davines-well-being-hassas-bas-derisi-icin-nemlendirici-sampuan-250ml"},"modified":"2026-03-11T02:47:23","modified_gmt":"2026-03-10T23:47:23","slug":"davines-well-being-hassas-bas-derisi-icin-nemlendirici-sampuan-250ml","status":"publish","type":"product","link":"https:\/\/www.kozmodern.com\/?product=davines-well-being-hassas-bas-derisi-icin-nemlendirici-sampuan-250ml","title":{"rendered":"Davines A Single G\u00fcnl\u00fck Kullan\u0131m i\u00e7in Nemlendirici \u015eampuan 250\u202fml (Well Being \u2013 Hassas Ba\u015f Derisi \u0130\u00e7in Nemlendirici \u015eampuan)"},"content":{"rendered":"<p data-start=\"0\" data-end=\"105\"><span class=\"inline align-baseline\"><span class=\"whitespace-normal\"><span class=\"hover:entity-accent entity-underline cursor-pointer\">Davines A Single G\u00fcnl\u00fck Kullan\u0131m i\u00e7in Nemlendirici \u015eampuan 250\u202fml<\/span><\/span><\/span> <em data-start=\"45\" data-end=\"105\">(Well Being \u2013 Hassas Ba\u015f Derisi \u0130\u00e7in Nemlendirici \u015eampuan)<\/em><\/p>\n<h3 data-start=\"107\" data-end=\"124\">Ne i\u015fe yarar?<\/h3>\n<ul data-start=\"125\" data-end=\"527\">\n<li data-start=\"125\" data-end=\"213\">\n<p data-start=\"127\" data-end=\"213\">Hassas ve kuru sa\u00e7 derisi i\u00e7in \u00f6zel olarak form\u00fcle edilmi\u015f nazik bir \u015fampuand\u0131r.<\/p>\n<\/li>\n<li data-start=\"214\" data-end=\"299\">\n<p data-start=\"216\" data-end=\"299\">Sa\u00e7\u0131 ve sa\u00e7 derisini temizlerken tahri\u015fi ve kurulu\u011fu azaltmaya yard\u0131mc\u0131 olur.<\/p>\n<\/li>\n<li data-start=\"300\" data-end=\"383\">\n<p data-start=\"302\" data-end=\"383\">\u0130\u00e7eri\u011findeki do\u011fal \u00f6zler sayesinde nemlendirici ve yat\u0131\u015ft\u0131r\u0131c\u0131 etki sa\u011flar.<\/p>\n<\/li>\n<li data-start=\"384\" data-end=\"527\">\n<p data-start=\"386\" data-end=\"527\">Antioksidan \u00f6zellikli bile\u015fenlerle sa\u00e7 derisinin daha sa\u011fl\u0131kl\u0131 ve dengeli hissedilmesini destekler.<\/p>\n<\/li>\n<\/ul>\n","protected":false},"excerpt":{"rendered":"<h3 data-start=\"529\" data-end=\"552\">Ne i\u00e7in kullan\u0131l\u0131r?<\/h3>\n<ul data-start=\"553\" data-end=\"826\">\n<li data-start=\"553\" data-end=\"604\">\n<p data-start=\"555\" data-end=\"604\">G\u00fcnl\u00fck temizlik ve bak\u0131m ama\u00e7l\u0131 kullan\u0131l\u0131r.<\/p>\n<\/li>\n<li data-start=\"605\" data-end=\"697\">\n<p data-start=\"607\" data-end=\"697\">Nazik temizleme ve nemlendirme i\u00e7in tasarlanm\u0131\u015ft\u0131r; sa\u00e7 derisini yormadan ar\u0131nd\u0131r\u0131r.<\/p>\n<\/li>\n<li data-start=\"698\" data-end=\"826\">\n<p data-start=\"700\" data-end=\"826\">Hassasl\u0131k, ka\u015f\u0131nt\u0131 veya kuruluk ya\u015fayan sa\u00e7 derisinde dengeleme ve rahatlama sa\u011flar.<\/p>\n<\/li>\n<\/ul>\n<h3 data-start=\"828\" data-end=\"864\">Hangi sa\u00e7 tipleri i\u00e7in uygundur?<\/h3>\n<ul data-start=\"865\" data-end=\"1046\">\n<li data-start=\"865\" data-end=\"890\">\n<p data-start=\"867\" data-end=\"890\">Hassas sa\u00e7 derisi<\/p>\n<\/li>\n<li data-start=\"891\" data-end=\"935\">\n<p data-start=\"893\" data-end=\"935\">Kuru ve kolay tahri\u015f olan sa\u00e7 derisi<\/p>\n<\/li>\n<li data-start=\"936\" data-end=\"1046\">\n<p data-start=\"938\" data-end=\"1046\">T\u00fcm sa\u00e7 tipleri (\u00f6zellikle hassas ve nazik bak\u0131m ihtiyac\u0131 olanlar)<\/p>\n<\/li>\n<\/ul>\n<h3 data-start=\"1053\" data-end=\"1073\">Nas\u0131l uygulan\u0131r?<\/h3>\n<ol data-start=\"1074\" data-end=\"1365\">\n<li data-start=\"1074\" data-end=\"1096\">\n<p data-start=\"1077\" data-end=\"1096\">Sa\u00e7\u0131 \u0131slat\u0131n.<\/p>\n<\/li>\n<li data-start=\"1097\" data-end=\"1168\">\n<p data-start=\"1100\" data-end=\"1168\">Az miktar \u015fampuan\u0131 sa\u00e7 derisine ve sa\u00e7\u0131n\u0131za nazik\u00e7e uygulay\u0131n.<\/p>\n<\/li>\n<li data-start=\"1169\" data-end=\"1218\">\n<p data-start=\"1172\" data-end=\"1218\">Parmak u\u00e7lar\u0131yla masaj yaparak k\u00f6p\u00fcrt\u00fcn.<\/p>\n<\/li>\n<li data-start=\"1219\" data-end=\"1281\">\n<p data-start=\"1222\" data-end=\"1281\">K\u00f6p\u00fc\u011f\u00fc sa\u00e7\u0131n boy ve u\u00e7lar\u0131na do\u011fru yayarak durulay\u0131n.<\/p>\n<\/li>\n<li data-start=\"1282\" data-end=\"1365\">\n<p data-start=\"1285\" data-end=\"1365\">Gerekirse i\u015flemi tekrar edebilirsiniz.<\/p>\n<\/li>\n<\/ol>\n<h3 data-start=\"1372\" data-end=\"1399\">\u0130\u00c7ER\u0130K:<\/h3>\n<p data-start=\"1372\" data-end=\"1399\"><span style=\"font-size: 16px;\">AQUA \/ WATER \/ EAU | SODIUM LAUROYL METHYL ISETHIONATE | COCAMIDOPROPYL BETAINE | DISODIUM COCOAMPHODIACETATE | GLYCERIN | SODIUM LAUROYL SARCOSINATE | DECYL GLUCOSIDE | SODIUM CHLORIDE | POLYSORBATE 20 | BENZYL ALCOHOL | PARFUM \/ FRAGRANCE | ACRYLATES\/C10\u201130 ALKYL ACRYLATE CROSSPOLYMER | SODIUM BENZOATE | DICAPRYLYL ETHER | TRISODIUM ETHYLENEDIAMINE DISUCCINATE | POLYQUATERNIUM\u201110 | LAURYL ALCOHOL | LIMONENE | GUAR HYDROXYPROPYLTRIMONIUM CHLORIDE | TETRASODIUM GLUTAMATE DIACETATE | COCO\u2011GLUCOSIDE | ECHINACEA PALLIDA EXTRACT | BENZYL SALICYLATE | GLYCERYL STEARATE | GLYCERYL OLEATE | SODIUM HYDROXIDE | HEXYL CINNAMAL | CITRIC ACID<\/span><\/p>\n","protected":false},"featured_media":3689,"comment_status":"open","ping_status":"closed","template":"","meta":{"_acf_changed":false},"product_brand":[189],"product_cat":[15],"product_tag":[214,215,175],"class_list":{"0":"post-3690","1":"product","2":"type-product","3":"status-publish","4":"has-post-thumbnail","6":"product_brand-davines","7":"product_cat-genel","8":"product_tag-hassas-bas-derisi","9":"product_tag-nemlendirici","10":"product_tag-sampuan","12":"first","13":"instock","14":"shipping-taxable","15":"purchasable","16":"product-type-simple"},"acf":[],"_links":{"self":[{"href":"https:\/\/www.kozmodern.com\/index.php?rest_route=\/wp\/v2\/product\/3690","targetHints":{"allow":["GET"]}}],"collection":[{"href":"https:\/\/www.kozmodern.com\/index.php?rest_route=\/wp\/v2\/product"}],"about":[{"href":"https:\/\/www.kozmodern.com\/index.php?rest_route=\/wp\/v2\/types\/product"}],"replies":[{"embeddable":true,"href":"https:\/\/www.kozmodern.com\/index.php?rest_route=%2Fwp%2Fv2%2Fcomments&post=3690"}],"wp:featuredmedia":[{"embeddable":true,"href":"https:\/\/www.kozmodern.com\/index.php?rest_route=\/wp\/v2\/media\/3689"}],"wp:attachment":[{"href":"https:\/\/www.kozmodern.com\/index.php?rest_route=%2Fwp%2Fv2%2Fmedia&parent=3690"}],"wp:term":[{"taxonomy":"product_brand","embeddable":true,"href":"https:\/\/www.kozmodern.com\/index.php?rest_route=%2Fwp%2Fv2%2Fproduct_brand&post=3690"},{"taxonomy":"product_cat","embeddable":true,"href":"https:\/\/www.kozmodern.com\/index.php?rest_route=%2Fwp%2Fv2%2Fproduct_cat&post=3690"},{"taxonomy":"product_tag","embeddable":true,"href":"https:\/\/www.kozmodern.com\/index.php?rest_route=%2Fwp%2Fv2%2Fproduct_tag&post=3690"}],"curies":[{"name":"wp","href":"https:\/\/api.w.org\/{rel}","templated":true}]}}