{"id":3702,"date":"2026-02-02T21:44:10","date_gmt":"2026-02-02T18:44:10","guid":{"rendered":"https:\/\/www.kozmodern.com\/?product=davines-solu-salt-scrub-250-ml"},"modified":"2026-03-12T03:46:47","modified_gmt":"2026-03-12T00:46:47","slug":"davines-solu-salt-scrub-250-ml","status":"publish","type":"product","link":"https:\/\/www.kozmodern.com\/?product=davines-solu-salt-scrub-250-ml","title":{"rendered":"Davines Solu Salt Scrub Cleanser 250\u202fml"},"content":{"rendered":"<h4 data-start=\"0\" data-end=\"63\"><strong data-start=\"13\" data-end=\"54\"><span class=\"inline align-baseline\"><span class=\"whitespace-normal\"><span class=\"hover:entity-accent entity-underline cursor-pointer\">Davines Solu Salt Scrub Cleanser<\/span><\/span><\/span><\/strong> (250\u202fml)<\/h4>\n<h3 data-start=\"70\" data-end=\"94\"><strong data-start=\"74\" data-end=\"94\">Ne i\u015fe yarar?<\/strong><\/h3>\n<ul data-start=\"95\" data-end=\"492\">\n<li data-start=\"95\" data-end=\"161\">\n<p data-start=\"97\" data-end=\"161\">Deniz tuzu i\u00e7eren nazik bir sa\u00e7 ve sa\u00e7 derisi peelingidir.<\/p>\n<\/li>\n<li data-start=\"162\" data-end=\"261\">\n<p data-start=\"164\" data-end=\"261\">Sa\u00e7 derisindeki \u00fcr\u00fcn kal\u0131nt\u0131lar\u0131n\u0131, kirleri ve \u00e7evresel partik\u00fclleri ar\u0131nd\u0131r\u0131r ve temizler.<\/p>\n<\/li>\n<li data-start=\"262\" data-end=\"330\">\n<p data-start=\"264\" data-end=\"330\">Sa\u00e7a dokular kazand\u0131r\u0131r, daha hafif ve temiz bir his sa\u011flar.<\/p>\n<\/li>\n<li data-start=\"331\" data-end=\"408\">\n<p data-start=\"333\" data-end=\"408\">Sa\u00e7\u0131n daha uzun s\u00fcre temiz, yumu\u015fak ve hafif kalmas\u0131na yard\u0131mc\u0131 olur.<\/p>\n<\/li>\n<li data-start=\"409\" data-end=\"492\">\n<p data-start=\"411\" data-end=\"492\">Canland\u0131r\u0131c\u0131 ve temizleyici etki sunar.<\/p>\n<\/li>\n<\/ul>\n","protected":false},"excerpt":{"rendered":"<h3 data-start=\"499\" data-end=\"529\">Ne i\u00e7in kullan\u0131l\u0131r?<\/h3>\n<ul data-start=\"530\" data-end=\"909\">\n<li data-start=\"530\" data-end=\"596\">\n<p data-start=\"532\" data-end=\"596\">Derinlemesine ar\u0131nd\u0131rma ve peeling etkisi i\u00e7in kullan\u0131l\u0131r.<\/p>\n<\/li>\n<li data-start=\"597\" data-end=\"684\">\n<p data-start=\"599\" data-end=\"684\">Sa\u00e7 derisini temizleyerek \u00fcr\u00fcn birikimini ve kirlili\u011fi gidermeye yard\u0131mc\u0131 olur.<\/p>\n<\/li>\n<li data-start=\"685\" data-end=\"759\">\n<p data-start=\"687\" data-end=\"759\">Sa\u00e7\u0131 daha temiz, hafif ve temiz hissiyle b\u0131rakmak i\u00e7in kullan\u0131l\u0131r.<\/p>\n<\/li>\n<li data-start=\"760\" data-end=\"909\">\n<p data-start=\"762\" data-end=\"909\">Nemlendirici \u00fcr\u00fcnler \u00f6ncesinde sa\u00e7 derisini haz\u0131rlama amac\u0131yla uygundur (\u00f6rne\u011fin maske\/sa\u00e7 kremi \u00f6ncesi).<\/p>\n<\/li>\n<\/ul>\n<h3 data-start=\"916\" data-end=\"959\">Hangi sa\u00e7 tipleri i\u00e7in uygundur?<\/h3>\n<ul data-start=\"960\" data-end=\"1250\">\n<li data-start=\"960\" data-end=\"998\">\n<p data-start=\"962\" data-end=\"998\">T\u00fcm sa\u00e7 tipleri i\u00e7in uygundur.<\/p>\n<\/li>\n<li data-start=\"999\" data-end=\"1139\">\n<p data-start=\"1001\" data-end=\"1139\">\u00d6zellikle yo\u011fun \u00fcr\u00fcn kullananlar, sa\u00e7 derisi kirlenmesine e\u011filimli olanlar veya temizleme ihtiya\u00e7 duyanlar i\u00e7in ideal bir destektir.<\/p>\n<\/li>\n<li data-start=\"1140\" data-end=\"1250\">\n<p data-start=\"1142\" data-end=\"1250\">Ayr\u0131ca sa\u00e7ta daha fazla hacim ve doku isteyen herkes kullanabilir.<\/p>\n<\/li>\n<\/ul>\n<h3 data-start=\"1257\" data-end=\"1285\">Nas\u0131l kullan\u0131l\u0131r?<\/h3>\n<ol data-start=\"1286\" data-end=\"1681\">\n<li data-start=\"1286\" data-end=\"1308\">\n<p data-start=\"1289\" data-end=\"1308\">Sa\u00e7\u0131 \u0131slat\u0131n.<\/p>\n<\/li>\n<li data-start=\"1309\" data-end=\"1371\">\n<p data-start=\"1312\" data-end=\"1371\">Bir miktar \u00fcr\u00fcn\u00fc nemli sa\u00e7 ve sa\u00e7 derisine uygulay\u0131n.<\/p>\n<\/li>\n<li data-start=\"1372\" data-end=\"1480\">\n<p data-start=\"1375\" data-end=\"1480\">Nazik\u00e7e masaj yaparak sa\u00e7 derisini peeling etkisiyle temizleyin; su ekleyerek k\u00f6p\u00fcrmesini sa\u011flay\u0131n.<\/p>\n<\/li>\n<li data-start=\"1481\" data-end=\"1506\">\n<p data-start=\"1484\" data-end=\"1506\">\u0130yice durulay\u0131n.<\/p>\n<\/li>\n<li data-start=\"1507\" data-end=\"1582\">\n<p data-start=\"1510\" data-end=\"1582\">Ard\u0131ndan besleyici sa\u00e7 kremi veya maske ile bak\u0131m\u0131n\u0131z\u0131 tamamlay\u0131n.<\/p>\n<\/li>\n<li data-start=\"1583\" data-end=\"1681\">\n<p data-start=\"1586\" data-end=\"1681\">Her 2\u20133 y\u0131kamada bir kez kullan\u0131lmas\u0131 tavsiye edilir.<\/p>\n<\/li>\n<\/ol>\n<h3 data-start=\"1688\" data-end=\"1754\">\u0130\u00e7indekiler:<\/h3>\n<p data-start=\"1755\" data-end=\"2385\">Sodium Chloride, Aqua \/ Water \/ Eau, Sodium Lauroyl Methyl Isethionate, Sodium Cocoyl Isethionate, Polyglyceryl\u201110 Laurate, Stearamidopropyl Dimethylamine, Coco\u2011Betaine, Glycerin, Sodium Methyl Isethionate, Decyl Glucoside, Lauric Acid, Polyglyceryl\u20114 Oleate, Cocamide MIPA, Betaine, Parfum \/ Fragrance, Stearyl Stearate, Citric Acid, Polyester\u201137, Sodium Laurate, Glyceryl Olivate, Disodium EDTA, Hydrogenated Rapeseed Alcohol, Limonene, Linalool, Benzyl Salicylate, Euphorbia Cerifera Cera \/ Euphorbia Cerifera (Candelilla) Wax, Geraniol, Citronellol, Jojoba Esters, CI 77491 \/ Iron Oxides.<\/p>\n","protected":false},"featured_media":3701,"comment_status":"open","ping_status":"closed","template":"","meta":{"_acf_changed":false},"product_brand":[189],"product_cat":[15],"product_tag":[224,214,206],"class_list":{"0":"post-3702","1":"product","2":"type-product","3":"status-publish","4":"has-post-thumbnail","6":"product_brand-davines","7":"product_cat-genel","8":"product_tag-derin-temizleme","9":"product_tag-hassas-bas-derisi","10":"product_tag-maske","12":"first","13":"outofstock","14":"shipping-taxable","15":"purchasable","16":"product-type-simple"},"acf":[],"_links":{"self":[{"href":"https:\/\/www.kozmodern.com\/index.php?rest_route=\/wp\/v2\/product\/3702","targetHints":{"allow":["GET"]}}],"collection":[{"href":"https:\/\/www.kozmodern.com\/index.php?rest_route=\/wp\/v2\/product"}],"about":[{"href":"https:\/\/www.kozmodern.com\/index.php?rest_route=\/wp\/v2\/types\/product"}],"replies":[{"embeddable":true,"href":"https:\/\/www.kozmodern.com\/index.php?rest_route=%2Fwp%2Fv2%2Fcomments&post=3702"}],"wp:featuredmedia":[{"embeddable":true,"href":"https:\/\/www.kozmodern.com\/index.php?rest_route=\/wp\/v2\/media\/3701"}],"wp:attachment":[{"href":"https:\/\/www.kozmodern.com\/index.php?rest_route=%2Fwp%2Fv2%2Fmedia&parent=3702"}],"wp:term":[{"taxonomy":"product_brand","embeddable":true,"href":"https:\/\/www.kozmodern.com\/index.php?rest_route=%2Fwp%2Fv2%2Fproduct_brand&post=3702"},{"taxonomy":"product_cat","embeddable":true,"href":"https:\/\/www.kozmodern.com\/index.php?rest_route=%2Fwp%2Fv2%2Fproduct_cat&post=3702"},{"taxonomy":"product_tag","embeddable":true,"href":"https:\/\/www.kozmodern.com\/index.php?rest_route=%2Fwp%2Fv2%2Fproduct_tag&post=3702"}],"curies":[{"name":"wp","href":"https:\/\/api.w.org\/{rel}","templated":true}]}}