{"id":3704,"date":"2026-02-02T21:44:11","date_gmt":"2026-02-02T18:44:11","guid":{"rendered":"https:\/\/www.kozmodern.com\/?product=davines-volu-hacim-kazandiran-sampuan-250ml"},"modified":"2026-03-12T03:49:04","modified_gmt":"2026-03-12T00:49:04","slug":"davines-volu-hacim-kazandiran-sampuan-250ml","status":"publish","type":"product","link":"https:\/\/www.kozmodern.com\/?product=davines-volu-hacim-kazandiran-sampuan-250ml","title":{"rendered":"Davines Volu Hacim Kazand\u0131ran \u015eampuan 250ml"},"content":{"rendered":"<h4 data-start=\"0\" data-end=\"93\"><strong data-start=\"13\" data-end=\"54\"><span class=\"inline align-baseline\"><span class=\"whitespace-normal\"><span class=\"hover:entity-accent entity-underline cursor-pointer\">Davines Volu Shampoo 250\u202fml<\/span><\/span><\/span><\/strong> (Volu Hacim Kazand\u0131ran \u015eampuan 250\u202fml)<\/h4>\n<h3 data-start=\"100\" data-end=\"124\"><strong data-start=\"104\" data-end=\"124\">Ne i\u015fe yarar?<\/strong><\/h3>\n<ul data-start=\"125\" data-end=\"493\">\n<li data-start=\"125\" data-end=\"203\">\n<p data-start=\"127\" data-end=\"203\">Sa\u00e7a an\u0131nda hacim ve dolgunluk kazand\u0131rmay\u0131 hedefleyen bir \u015fampuand\u0131r.<\/p>\n<\/li>\n<li data-start=\"204\" data-end=\"298\">\n<p data-start=\"206\" data-end=\"298\">\u0130nce telli veya s\u00f6n\u00fck sa\u00e7lara temizleme ile birlikte hacim y\u00fckseltici etki sa\u011flar.<\/p>\n<\/li>\n<li data-start=\"299\" data-end=\"355\">\n<p data-start=\"301\" data-end=\"355\">Sa\u00e7\u0131 nazik\u00e7e temizler, yumu\u015fak ve hafif b\u0131rak\u0131r.<\/p>\n<\/li>\n<li data-start=\"356\" data-end=\"493\">\n<p data-start=\"358\" data-end=\"493\">Parlakl\u0131k ve yumu\u015fakl\u0131k kazand\u0131r\u0131r, sa\u00e7\u0131n daha dolgun ve canl\u0131 g\u00f6r\u00fcnmesine yard\u0131mc\u0131 olur.<\/p>\n<\/li>\n<\/ul>\n","protected":false},"excerpt":{"rendered":"<h3 data-start=\"500\" data-end=\"530\">Ne i\u00e7in kullan\u0131l\u0131r?<\/h3>\n<ul data-start=\"531\" data-end=\"785\">\n<li data-start=\"531\" data-end=\"598\">\n<p data-start=\"533\" data-end=\"598\">Hacim ve v\u00fccut kayb\u0131 ya\u015fayan sa\u00e7lar\u0131n bak\u0131m\u0131nda kullan\u0131l\u0131r.<\/p>\n<\/li>\n<li data-start=\"599\" data-end=\"662\">\n<p data-start=\"601\" data-end=\"662\">G\u00fcnl\u00fck sa\u00e7 temizli\u011fi ile birlikte hacim deste\u011fi sa\u011flar.<\/p>\n<\/li>\n<li data-start=\"663\" data-end=\"785\">\n<p data-start=\"665\" data-end=\"785\">Sa\u00e7lar\u0131n daha canl\u0131, dolgun ve hafif hissetmesini desteklemek i\u00e7in kullan\u0131l\u0131r.<\/p>\n<\/li>\n<\/ul>\n<h3 data-start=\"792\" data-end=\"835\">Hangi sa\u00e7 tipleri i\u00e7in uygundur?<\/h3>\n<ul data-start=\"836\" data-end=\"1096\">\n<li data-start=\"836\" data-end=\"862\">\n<p data-start=\"838\" data-end=\"862\">\u0130nce telli sa\u00e7lar.<\/p>\n<\/li>\n<li data-start=\"863\" data-end=\"897\">\n<p data-start=\"865\" data-end=\"897\">Cans\u0131z ve hacimsiz sa\u00e7lar.<\/p>\n<\/li>\n<li data-start=\"898\" data-end=\"1096\">\n<p data-start=\"900\" data-end=\"1096\">Sa\u00e7\u0131n\u0131 dolgunla\u015ft\u0131rmak ve hafif b\u0131rakmak isteyen herkes.<br data-start=\"960\" data-end=\"963\" \/>Bu \u015fampuan \u00f6zellikle ince telli \/ d\u00fcz sa\u00e7larda hacim art\u0131\u015f\u0131 hedefleyen bak\u0131m i\u00e7in uygundur.<\/p>\n<\/li>\n<\/ul>\n<h3 data-start=\"1103\" data-end=\"1131\">Nas\u0131l kullan\u0131l\u0131r?<\/h3>\n<ol data-start=\"1132\" data-end=\"1539\">\n<li data-start=\"1132\" data-end=\"1162\">\n<p data-start=\"1135\" data-end=\"1162\">Sa\u00e7\u0131 tamamen \u0131slat\u0131n.<\/p>\n<\/li>\n<li data-start=\"1163\" data-end=\"1250\">\n<p data-start=\"1166\" data-end=\"1250\">Bir miktar \u00fcr\u00fcn\u00fc sa\u00e7 diplerinden u\u00e7lara do\u011fru nazik\u00e7e masaj yaparak uygulay\u0131n.<\/p>\n<\/li>\n<li data-start=\"1251\" data-end=\"1303\">\n<p data-start=\"1254\" data-end=\"1303\">Nazik\u00e7e k\u00f6p\u00fcrt\u00fcn ve birka\u00e7 dakika bekletin.<\/p>\n<\/li>\n<li data-start=\"1304\" data-end=\"1340\">\n<p data-start=\"1307\" data-end=\"1340\">Bol su ile iyice durulay\u0131n.<\/p>\n<\/li>\n<li data-start=\"1341\" data-end=\"1388\">\n<p data-start=\"1344\" data-end=\"1388\">Gerekirse i\u015flemi tekrarlayabilirsiniz.<\/p>\n<\/li>\n<li data-start=\"1389\" data-end=\"1539\">\n<p data-start=\"1392\" data-end=\"1539\">Etkiyi art\u0131rmak i\u00e7in ayn\u0131 seriden Volu bak\u0131m kremi veya Volu mist (hacim spreyi) ile devam edebilirsiniz.<\/p>\n<\/li>\n<\/ol>\n<h3 data-start=\"1546\" data-end=\"1609\">\u0130\u00e7indekiler:<\/h3>\n<p data-start=\"1610\" data-end=\"2283\">Aqua \/ Water \/ Eau, Sodium C14\u201116 Olefin Sulfonate, Sodium Lauroyl Methyl Isethionate, Cocamidopropyl Betaine, Sodium PCA, Decyl Glucoside, Sodium Methyl 2\u2011Sulfolaurate, Glyceryl Oleate, Coco\u2011Glucoside, Lauramidopropylamine Oxide, Benzyl Alcohol, Polysorbate 20, Sodium Chloride, Panthenol, Parfum \/ Fragrance, Sodium Benzoate, Myristamidopropylamine Oxide, Disodium 2\u2011Sulfolaurate, Citric Acid, Polyquaternium\u20117, Trisodium Ethylenediamine Disuccinate, Guar Hydroxypropyltrimonium Chloride, Glycerin, Tetrasodium Glutamate Diacetate, Brassica Rapa Root Extract \/ Brassica Rapa (Turnip) Root Extract, Linalool, CI 60730 \/ Ext. Violet 2.<\/p>\n","protected":false},"featured_media":3703,"comment_status":"open","ping_status":"closed","template":"","meta":{"_acf_changed":false},"product_brand":[189],"product_cat":[15],"product_tag":[226,175,225],"class_list":{"0":"post-3704","1":"product","2":"type-product","3":"status-publish","4":"has-post-thumbnail","6":"product_brand-davines","7":"product_cat-genel","8":"product_tag-hacimsiz-saclar","9":"product_tag-sampuan","10":"product_tag-volume","12":"first","13":"outofstock","14":"shipping-taxable","15":"purchasable","16":"product-type-simple"},"acf":[],"_links":{"self":[{"href":"https:\/\/www.kozmodern.com\/index.php?rest_route=\/wp\/v2\/product\/3704","targetHints":{"allow":["GET"]}}],"collection":[{"href":"https:\/\/www.kozmodern.com\/index.php?rest_route=\/wp\/v2\/product"}],"about":[{"href":"https:\/\/www.kozmodern.com\/index.php?rest_route=\/wp\/v2\/types\/product"}],"replies":[{"embeddable":true,"href":"https:\/\/www.kozmodern.com\/index.php?rest_route=%2Fwp%2Fv2%2Fcomments&post=3704"}],"wp:featuredmedia":[{"embeddable":true,"href":"https:\/\/www.kozmodern.com\/index.php?rest_route=\/wp\/v2\/media\/3703"}],"wp:attachment":[{"href":"https:\/\/www.kozmodern.com\/index.php?rest_route=%2Fwp%2Fv2%2Fmedia&parent=3704"}],"wp:term":[{"taxonomy":"product_brand","embeddable":true,"href":"https:\/\/www.kozmodern.com\/index.php?rest_route=%2Fwp%2Fv2%2Fproduct_brand&post=3704"},{"taxonomy":"product_cat","embeddable":true,"href":"https:\/\/www.kozmodern.com\/index.php?rest_route=%2Fwp%2Fv2%2Fproduct_cat&post=3704"},{"taxonomy":"product_tag","embeddable":true,"href":"https:\/\/www.kozmodern.com\/index.php?rest_route=%2Fwp%2Fv2%2Fproduct_tag&post=3704"}],"curies":[{"name":"wp","href":"https:\/\/api.w.org\/{rel}","templated":true}]}}