{"id":3714,"date":"2026-02-02T21:44:17","date_gmt":"2026-02-02T18:44:17","guid":{"rendered":"https:\/\/www.kozmodern.com\/?product=schwarzkopf-osis-dust-it-doku-veren-sac-pudrasi-10-gr"},"modified":"2026-03-12T04:04:22","modified_gmt":"2026-03-12T01:04:22","slug":"schwarzkopf-osis-dust-it-doku-veren-sac-pudrasi-10-gr","status":"publish","type":"product","link":"https:\/\/www.kozmodern.com\/?product=schwarzkopf-osis-dust-it-doku-veren-sac-pudrasi-10-gr","title":{"rendered":"Schwarzkopf Osis+ Dust It Doku Veren Sa\u00e7 Pudras\u0131 10 gr"},"content":{"rendered":"<h3 data-start=\"61\" data-end=\"86\">Ne i\u015fe yarar?<\/h3>\n<ul data-start=\"87\" data-end=\"419\">\n<li data-start=\"87\" data-end=\"151\">\n<p data-start=\"89\" data-end=\"151\">Sa\u00e7a an\u0131nda hacim ve doku kazand\u0131ran mat sa\u00e7 pudras\u0131d\u0131r.<\/p>\n<\/li>\n<li data-start=\"152\" data-end=\"218\">\n<p data-start=\"154\" data-end=\"218\">K\u00f6klerden itibaren y\u00fcksek hacim ve lift (kald\u0131rma) sa\u011flar.<\/p>\n<\/li>\n<li data-start=\"219\" data-end=\"294\">\n<p data-start=\"221\" data-end=\"294\">Sa\u00e7ta an\u0131nda tutu\u015f ve kavrama etkisi yaratarak kolay \u015fekillendirir.<\/p>\n<\/li>\n<li data-start=\"295\" data-end=\"419\">\n<p data-start=\"297\" data-end=\"419\">Mat biti\u015fli g\u00f6r\u00fcn\u00fcm ile daha dolgun ve tekst\u00fcrl\u00fc stil elde etmeye yard\u0131mc\u0131 olur.<\/p>\n<\/li>\n<\/ul>\n","protected":false},"excerpt":{"rendered":"<h3 data-start=\"426\" data-end=\"457\">Ne i\u00e7in kullan\u0131l\u0131r?<\/h3>\n<ul data-start=\"458\" data-end=\"828\">\n<li data-start=\"458\" data-end=\"525\">\n<p data-start=\"460\" data-end=\"525\">Hacimsiz ve ince telli sa\u00e7larda an\u0131nda hacim art\u0131rmak i\u00e7in.<\/p>\n<\/li>\n<li data-start=\"526\" data-end=\"594\">\n<p data-start=\"528\" data-end=\"594\">K\u00f6kleri kald\u0131r\u0131p daha dolgun bir sa\u00e7 g\u00f6r\u00fcn\u00fcm\u00fc yaratmak i\u00e7in.<\/p>\n<\/li>\n<li data-start=\"595\" data-end=\"696\">\n<p data-start=\"597\" data-end=\"696\">Sa\u00e7ta doku ve kavrama (grip) sa\u011flamak, b\u00f6ylece stilin daha uzun s\u00fcre kalmas\u0131na yard\u0131mc\u0131 olur.<\/p>\n<\/li>\n<li data-start=\"697\" data-end=\"828\">\n<p data-start=\"699\" data-end=\"828\">\u00d6rg\u00fcler, toplu modeller veya \u015fekillendirme s\u0131ras\u0131nda ekstra kavrama i\u00e7in uygulanabilir.<\/p>\n<\/li>\n<\/ul>\n<h3 data-start=\"835\" data-end=\"880\">Hangi sa\u00e7 tipleri i\u00e7in uygundur?<\/h3>\n<ul data-start=\"881\" data-end=\"1150\">\n<li data-start=\"881\" data-end=\"945\">\n<p data-start=\"883\" data-end=\"945\">\u0130nce telli sa\u00e7lar ve hacim eksikli\u011fi ya\u015fayan sa\u00e7lar.<\/p>\n<\/li>\n<li data-start=\"946\" data-end=\"1012\">\n<p data-start=\"948\" data-end=\"1012\">K\u0131sa, orta veya uzun sa\u00e7lar i\u00e7in hacim ve doku isteyenler.<\/p>\n<\/li>\n<li data-start=\"1013\" data-end=\"1150\">\n<p data-start=\"1015\" data-end=\"1150\">Her sa\u00e7 tipinde kullan\u0131labilse de \u00f6zellikle ince ve s\u00f6n\u00fck sa\u00e7a sahip ki\u015filerde \u00e7ok etkilidir.<\/p>\n<\/li>\n<\/ul>\n<h3 data-start=\"1157\" data-end=\"1183\">Nas\u0131l kullan\u0131l\u0131r?<\/h3>\n<ol data-start=\"1184\" data-end=\"1592\">\n<li data-start=\"1184\" data-end=\"1257\">\n<p data-start=\"1187\" data-end=\"1257\">\u00dcr\u00fcn\u00fc kuru sa\u00e7a uygulay\u0131n \u2013 en iyi sonu\u00e7 kuru sa\u00e7ta elde edilir.<\/p>\n<\/li>\n<li data-start=\"1258\" data-end=\"1334\">\n<p data-start=\"1261\" data-end=\"1334\">Fazla sa\u00e7tan uza\u011fa tutup hafif\u00e7e pudray\u0131 sa\u00e7 k\u00f6klerine serpi\u015ftirin.<\/p>\n<\/li>\n<li data-start=\"1335\" data-end=\"1401\">\n<p data-start=\"1338\" data-end=\"1401\">Parmaklar\u0131n\u0131zla veya sa\u00e7\u0131n\u0131zla nazik\u00e7e yedirerek da\u011f\u0131t\u0131n.<\/p>\n<\/li>\n<li data-start=\"1402\" data-end=\"1475\">\n<p data-start=\"1405\" data-end=\"1475\">K\u00f6klerden ba\u015flayan uygulama, sa\u00e7ta an\u0131nda hacim ve doku yarat\u0131r.<\/p>\n<\/li>\n<li data-start=\"1476\" data-end=\"1592\">\n<p data-start=\"1479\" data-end=\"1592\">\u0130sterseniz \u00fczerine di\u011fer \u015fekillendiricilerle stilini tamamlayabilirsin.<\/p>\n<\/li>\n<\/ol>\n<h3 data-start=\"1599\" data-end=\"1659\">\u0130\u00e7indekiler:<\/h3>\n<p data-start=\"1599\" data-end=\"1659\">Aqua (Water, Eau), <strong data-start=\"1679\" data-end=\"1698\">Silica Silylate<\/strong>, <strong data-start=\"1700\" data-end=\"1719\">Sodium Benzoate<\/strong>, <strong data-start=\"1721\" data-end=\"1736\">Citric Acid<\/strong>.<\/p>\n","protected":false},"featured_media":3713,"comment_status":"open","ping_status":"closed","template":"","meta":{"_acf_changed":false},"product_brand":[231,191],"product_cat":[15],"product_tag":[233,234,228,183],"class_list":{"0":"post-3714","1":"product","2":"type-product","3":"status-publish","4":"has-post-thumbnail","6":"product_brand-osis","7":"product_brand-schwarzkopf","8":"product_cat-genel","9":"product_tag-233","10":"product_tag-pudra","11":"product_tag-sekillendirme","12":"product_tag-tum-sac-tipleri","14":"first","15":"instock","16":"shipping-taxable","17":"purchasable","18":"product-type-simple"},"acf":[],"_links":{"self":[{"href":"https:\/\/www.kozmodern.com\/index.php?rest_route=\/wp\/v2\/product\/3714","targetHints":{"allow":["GET"]}}],"collection":[{"href":"https:\/\/www.kozmodern.com\/index.php?rest_route=\/wp\/v2\/product"}],"about":[{"href":"https:\/\/www.kozmodern.com\/index.php?rest_route=\/wp\/v2\/types\/product"}],"replies":[{"embeddable":true,"href":"https:\/\/www.kozmodern.com\/index.php?rest_route=%2Fwp%2Fv2%2Fcomments&post=3714"}],"wp:featuredmedia":[{"embeddable":true,"href":"https:\/\/www.kozmodern.com\/index.php?rest_route=\/wp\/v2\/media\/3713"}],"wp:attachment":[{"href":"https:\/\/www.kozmodern.com\/index.php?rest_route=%2Fwp%2Fv2%2Fmedia&parent=3714"}],"wp:term":[{"taxonomy":"product_brand","embeddable":true,"href":"https:\/\/www.kozmodern.com\/index.php?rest_route=%2Fwp%2Fv2%2Fproduct_brand&post=3714"},{"taxonomy":"product_cat","embeddable":true,"href":"https:\/\/www.kozmodern.com\/index.php?rest_route=%2Fwp%2Fv2%2Fproduct_cat&post=3714"},{"taxonomy":"product_tag","embeddable":true,"href":"https:\/\/www.kozmodern.com\/index.php?rest_route=%2Fwp%2Fv2%2Fproduct_tag&post=3714"}],"curies":[{"name":"wp","href":"https:\/\/api.w.org\/{rel}","templated":true}]}}