{"id":3776,"date":"2026-02-02T21:45:28","date_gmt":"2026-02-02T18:45:28","guid":{"rendered":"https:\/\/www.kozmodern.com\/?product=loreal-tecni-art-fix-design-bolgesel-tutuculuk-icin-sprey-200ml"},"modified":"2026-04-03T21:52:38","modified_gmt":"2026-04-03T18:52:38","slug":"loreal-tecni-art-fix-design-bolgesel-tutuculuk-icin-sprey-200ml","status":"publish","type":"product","link":"https:\/\/www.kozmodern.com\/?product=loreal-tecni-art-fix-design-bolgesel-tutuculuk-icin-sprey-200ml","title":{"rendered":"Loreal Tecni Art Fix Design B\u00f6lgesel Tutuculuk \u0130\u00e7in Sprey 200ml"},"content":{"rendered":"<h3 data-section-id=\"1fxjv0p\" data-start=\"60\" data-end=\"84\">Ne i\u015fe yarar?<\/h3>\n<p data-start=\"85\" data-end=\"441\">Bu \u00fcr\u00fcn, sa\u00e7ta olu\u015fturdu\u011funuz \u015fekli \u00e7ok g\u00fc\u00e7l\u00fc \u015fekilde (tutu\u015f seviyesi\u202f5) sabitleyen profesyonel bir sa\u00e7 spreyidir. Hem t\u00fcm sa\u00e7a hem de \u00f6zellikle belirli b\u00f6lgelere uygulayarak yarat\u0131c\u0131l\u0131kla \u015fekillendirilmi\u015f stilleri uzun s\u00fcre koruman\u0131z\u0131 sa\u011flar. UV filtresiyle g\u00fcne\u015fin zararl\u0131 etkilerine kar\u015f\u0131 da sa\u00e7\u0131n\u0131z\u0131 korur.<\/p>\n","protected":false},"excerpt":{"rendered":"<h3 data-section-id=\"1i95a5j\" data-start=\"448\" data-end=\"478\">Ne i\u00e7in kullan\u0131l\u0131r?<\/h3>\n<ul data-start=\"479\" data-end=\"825\">\n<li data-section-id=\"13vhuxw\" data-start=\"479\" data-end=\"533\">\n<p data-start=\"481\" data-end=\"533\">Sa\u00e7 \u015feklinin g\u00fcn boyu kal\u0131c\u0131 olmas\u0131n\u0131 sa\u011flamak<\/p>\n<\/li>\n<li data-section-id=\"56fbc4\" data-start=\"534\" data-end=\"597\">\n<p data-start=\"536\" data-end=\"597\">Sa\u00e7\u0131n tamam\u0131n\u0131 veya belirli b\u00f6lgeleri belirginle\u015ftirmek<\/p>\n<\/li>\n<li data-section-id=\"1eec18d\" data-start=\"598\" data-end=\"644\">\n<p data-start=\"600\" data-end=\"644\">Yarat\u0131c\u0131, detayl\u0131 sa\u00e7 modelleri olu\u015fturmak<\/p>\n<\/li>\n<li data-section-id=\"1315dcj\" data-start=\"645\" data-end=\"695\">\n<p data-start=\"647\" data-end=\"695\">UV filtresiyle sa\u00e7 telini g\u00fcne\u015ften korumak<\/p>\n<\/li>\n<li data-section-id=\"8odzfa\" data-start=\"696\" data-end=\"743\">\n<p data-start=\"698\" data-end=\"743\">Kokusuz ve hafif form\u00fcl\u00fc ile rahat uygulama<\/p>\n<\/li>\n<li data-section-id=\"ge689i\" data-start=\"744\" data-end=\"825\">\n<p data-start=\"746\" data-end=\"825\">\u015eampuan veya f\u0131r\u00e7alama ile kolayca ar\u0131nma<\/p>\n<\/li>\n<\/ul>\n<h3 data-section-id=\"19u8gew\" data-start=\"832\" data-end=\"873\">Hangi sa\u00e7lar i\u00e7in uygundur?<\/h3>\n<ul data-start=\"874\" data-end=\"1042\">\n<li data-section-id=\"1xj21nr\" data-start=\"874\" data-end=\"893\">\n<p data-start=\"876\" data-end=\"893\">T\u00fcm sa\u00e7 tipleri<\/p>\n<\/li>\n<li data-section-id=\"alwaa5\" data-start=\"894\" data-end=\"959\">\n<p data-start=\"896\" data-end=\"959\">\u00d6zellikle g\u00fc\u00e7l\u00fc tutu\u015f ve detayl\u0131 \u015fekillendirme isteyen sa\u00e7lar<\/p>\n<\/li>\n<li data-section-id=\"1yvykew\" data-start=\"960\" data-end=\"1042\">\n<p data-start=\"962\" data-end=\"1042\">Hem k\u0131sa hem uzun sa\u00e7 modelleri i\u00e7in uygun<\/p>\n<\/li>\n<\/ul>\n<h3 data-section-id=\"1enax1m\" data-start=\"1049\" data-end=\"1088\">Nas\u0131l uygulan\u0131r?<\/h3>\n<ol data-start=\"1089\" data-end=\"1433\">\n<li data-section-id=\"c4a33k\" data-start=\"1089\" data-end=\"1205\">\n<p data-start=\"1092\" data-end=\"1205\">Sa\u00e7\u0131n\u0131z\u0131 \u015fekillendirdikten sonra \u00fcr\u00fcn\u00fc sa\u00e7tan ~15\u202fcm uzakl\u0131kta tutun.<\/p>\n<\/li>\n<li data-section-id=\"cfw64\" data-start=\"1206\" data-end=\"1320\">\n<p data-start=\"1209\" data-end=\"1320\">E\u015fit \u015fekilde p\u00fcsk\u00fcrt\u00fcn ve \u00f6zel b\u00f6lgeleri ya da t\u00fcm sa\u00e7\u0131 sabitleyin.<\/p>\n<\/li>\n<li data-section-id=\"1q4lwoj\" data-start=\"1321\" data-end=\"1433\">\n<p data-start=\"1324\" data-end=\"1433\">Durulama gerekmez; ister g\u00fcnl\u00fck ister \u00f6zel g\u00fcn kullan\u0131m\u0131 i\u00e7in uygundur.<\/p>\n<\/li>\n<\/ol>\n<h3 data-section-id=\"1nbyk79\" data-start=\"1440\" data-end=\"1496\">\u0130\u00e7erik:<\/h3>\n<p data-start=\"1497\" data-end=\"1773\">Alcohol Denat., VA\/Crotonates\/Vinyl Neodecanoate Copolymer, Aminomethyl Propanol, PEG\/PPG\u20114\/12 Dimethicone, Ethylhexyl Methoxycinnamate, Hexyl Cinnamal, Linalool, Limonene, Geraniol, Citronellol, Benzyl Alcohol, Coumarin, Parfum\/Fragrance<\/p>\n","protected":false},"featured_media":3775,"comment_status":"open","ping_status":"closed","template":"","meta":{"_acf_changed":false},"product_brand":[188],"product_cat":[15],"product_tag":[263,228,227,183],"class_list":{"0":"post-3776","1":"product","2":"type-product","3":"status-publish","4":"has-post-thumbnail","6":"product_brand-loreal-proffesional","7":"product_cat-genel","8":"product_tag-263","9":"product_tag-sekillendirme","10":"product_tag-sprey","11":"product_tag-tum-sac-tipleri","13":"first","14":"instock","15":"shipping-taxable","16":"purchasable","17":"product-type-simple"},"acf":[],"_links":{"self":[{"href":"https:\/\/www.kozmodern.com\/index.php?rest_route=\/wp\/v2\/product\/3776","targetHints":{"allow":["GET"]}}],"collection":[{"href":"https:\/\/www.kozmodern.com\/index.php?rest_route=\/wp\/v2\/product"}],"about":[{"href":"https:\/\/www.kozmodern.com\/index.php?rest_route=\/wp\/v2\/types\/product"}],"replies":[{"embeddable":true,"href":"https:\/\/www.kozmodern.com\/index.php?rest_route=%2Fwp%2Fv2%2Fcomments&post=3776"}],"wp:featuredmedia":[{"embeddable":true,"href":"https:\/\/www.kozmodern.com\/index.php?rest_route=\/wp\/v2\/media\/3775"}],"wp:attachment":[{"href":"https:\/\/www.kozmodern.com\/index.php?rest_route=%2Fwp%2Fv2%2Fmedia&parent=3776"}],"wp:term":[{"taxonomy":"product_brand","embeddable":true,"href":"https:\/\/www.kozmodern.com\/index.php?rest_route=%2Fwp%2Fv2%2Fproduct_brand&post=3776"},{"taxonomy":"product_cat","embeddable":true,"href":"https:\/\/www.kozmodern.com\/index.php?rest_route=%2Fwp%2Fv2%2Fproduct_cat&post=3776"},{"taxonomy":"product_tag","embeddable":true,"href":"https:\/\/www.kozmodern.com\/index.php?rest_route=%2Fwp%2Fv2%2Fproduct_tag&post=3776"}],"curies":[{"name":"wp","href":"https:\/\/api.w.org\/{rel}","templated":true}]}}