{"id":3800,"date":"2026-02-02T21:45:59","date_gmt":"2026-02-02T18:45:59","guid":{"rendered":"https:\/\/www.kozmodern.com\/?product=davines-alchemic-golden-altin-sampuan-280ml"},"modified":"2026-03-01T22:08:32","modified_gmt":"2026-03-01T19:08:32","slug":"davines-alchemic-golden-altin-sampuan-280ml","status":"publish","type":"product","link":"https:\/\/www.kozmodern.com\/?product=davines-alchemic-golden-altin-sampuan-280ml","title":{"rendered":"Davines Alchemic Golden Alt\u0131n \u015eampuan 280ml"},"content":{"rendered":"<p>Davines Alchemic Golden Alt\u0131n \u015eampuan<\/p>\n<p>Alcemic \u015fampuan sar\u0131 sa\u00e7lar i\u00e7in renk koruyucu parlakl\u0131k veren \u015fampuand\u0131r.<\/p>\n<p>\u00d6ne \u00c7\u0131kanlar:<br \/>\n&#8211; parlakl\u0131k: \u015fampuan<\/p>\n","protected":false},"excerpt":{"rendered":"<p>Davines Alchemic Golden Alt\u0131n \u015eampuan<\/p>\n","protected":false},"featured_media":3799,"comment_status":"open","ping_status":"closed","template":"","meta":{"_acf_changed":false},"product_brand":[189],"product_cat":[15],"product_tag":[275,218,175,190],"class_list":{"0":"post-3800","1":"product","2":"type-product","3":"status-publish","4":"has-post-thumbnail","6":"product_brand-davines","7":"product_cat-genel","8":"product_tag-275","9":"product_tag-renk-koruyucu","10":"product_tag-sampuan","11":"product_tag-sari-saclar","13":"first","14":"instock","15":"shipping-taxable","16":"purchasable","17":"product-type-simple"},"acf":[],"_links":{"self":[{"href":"https:\/\/www.kozmodern.com\/index.php?rest_route=\/wp\/v2\/product\/3800","targetHints":{"allow":["GET"]}}],"collection":[{"href":"https:\/\/www.kozmodern.com\/index.php?rest_route=\/wp\/v2\/product"}],"about":[{"href":"https:\/\/www.kozmodern.com\/index.php?rest_route=\/wp\/v2\/types\/product"}],"replies":[{"embeddable":true,"href":"https:\/\/www.kozmodern.com\/index.php?rest_route=%2Fwp%2Fv2%2Fcomments&post=3800"}],"wp:featuredmedia":[{"embeddable":true,"href":"https:\/\/www.kozmodern.com\/index.php?rest_route=\/wp\/v2\/media\/3799"}],"wp:attachment":[{"href":"https:\/\/www.kozmodern.com\/index.php?rest_route=%2Fwp%2Fv2%2Fmedia&parent=3800"}],"wp:term":[{"taxonomy":"product_brand","embeddable":true,"href":"https:\/\/www.kozmodern.com\/index.php?rest_route=%2Fwp%2Fv2%2Fproduct_brand&post=3800"},{"taxonomy":"product_cat","embeddable":true,"href":"https:\/\/www.kozmodern.com\/index.php?rest_route=%2Fwp%2Fv2%2Fproduct_cat&post=3800"},{"taxonomy":"product_tag","embeddable":true,"href":"https:\/\/www.kozmodern.com\/index.php?rest_route=%2Fwp%2Fv2%2Fproduct_tag&post=3800"}],"curies":[{"name":"wp","href":"https:\/\/api.w.org\/{rel}","templated":true}]}}