{"id":3806,"date":"2026-02-02T21:46:02","date_gmt":"2026-02-02T18:46:02","guid":{"rendered":"https:\/\/www.kozmodern.com\/?product=davines-alchemic-chocolate-cikolata-sac-kremi-250ml"},"modified":"2026-04-03T19:00:18","modified_gmt":"2026-04-03T16:00:18","slug":"davines-alchemic-chocolate-cikolata-sac-kremi-250ml","status":"publish","type":"product","link":"https:\/\/www.kozmodern.com\/?product=davines-alchemic-chocolate-cikolata-sac-kremi-250ml","title":{"rendered":"Davines Alchemic Chocolate \u00c7ikolata Sa\u00e7 Kremi 250ml"},"content":{"rendered":"<h3 data-section-id=\"1fxjv0p\" data-start=\"113\" data-end=\"137\"><strong data-start=\"120\" data-end=\"137\">Ne i\u015fe yarar?<\/strong><\/h3>\n<p data-start=\"138\" data-end=\"390\">Bu \u00fcr\u00fcn, sa\u00e7 rengini yo\u011funla\u015ft\u0131ran ve canland\u0131ran pigmentli bir sa\u00e7 kremidir. \u00d6zellikle koyu kahverengi ve siyah sa\u00e7larda tonlar\u0131 derinle\u015ftirir, parlakl\u0131k kazand\u0131r\u0131r ve sa\u00e7\u0131n daha sa\u011fl\u0131kl\u0131 g\u00f6r\u00fcnmesini sa\u011flar.<\/p>\n","protected":false},"excerpt":{"rendered":"<h3 data-section-id=\"1i95a5j\" data-start=\"397\" data-end=\"427\"><strong data-start=\"404\" data-end=\"427\">Ne i\u00e7in kullan\u0131l\u0131r?<\/strong><\/h3>\n<ul data-start=\"428\" data-end=\"694\">\n<li data-section-id=\"1sgza75\" data-start=\"428\" data-end=\"474\">\n<p data-start=\"430\" data-end=\"474\">Sa\u00e7 rengini korumak ve solmay\u0131 geciktirmek<\/p>\n<\/li>\n<li data-section-id=\"1wcz88f\" data-start=\"475\" data-end=\"529\">\n<p data-start=\"477\" data-end=\"529\">Koyu tonlar\u0131 daha canl\u0131 ve derin hale getirmek<\/p>\n<\/li>\n<li data-section-id=\"1nl3zvf\" data-start=\"530\" data-end=\"565\">\n<p data-start=\"532\" data-end=\"565\">Sa\u00e7\u0131 nemlendirmek ve yumu\u015fatmak<\/p>\n<\/li>\n<li data-section-id=\"1stlhuo\" data-start=\"566\" data-end=\"607\">\n<p data-start=\"568\" data-end=\"607\">Sa\u00e7\u0131n daha kolay taranmas\u0131n\u0131 sa\u011flamak<\/p>\n<\/li>\n<li data-section-id=\"1ggr2tv\" data-start=\"608\" data-end=\"694\">\n<p data-start=\"610\" data-end=\"694\">Sa\u00e7a parlakl\u0131k ve ipeksi g\u00f6r\u00fcn\u00fcm kazand\u0131rmak<\/p>\n<\/li>\n<\/ul>\n<h3 data-section-id=\"19u8gew\" data-start=\"701\" data-end=\"742\"><strong data-start=\"711\" data-end=\"742\">Hangi sa\u00e7lar i\u00e7in uygundur?<\/strong><\/h3>\n<ul data-start=\"743\" data-end=\"928\">\n<li data-section-id=\"1wsck6t\" data-start=\"743\" data-end=\"778\">\n<p data-start=\"745\" data-end=\"778\">Koyu kahverengi ve siyah sa\u00e7lar<\/p>\n<\/li>\n<li data-section-id=\"ahnmgy\" data-start=\"779\" data-end=\"817\">\n<p data-start=\"781\" data-end=\"817\">Boyal\u0131 veya do\u011fal koyu renk sa\u00e7lar<\/p>\n<\/li>\n<li data-section-id=\"1juu0h3\" data-start=\"818\" data-end=\"852\">\n<p data-start=\"820\" data-end=\"852\">Rengi solmu\u015f, matla\u015fm\u0131\u015f sa\u00e7lar<\/p>\n<\/li>\n<li data-section-id=\"1atmkec\" data-start=\"853\" data-end=\"928\">\n<p data-start=\"855\" data-end=\"928\">Nem ve bak\u0131m ihtiyac\u0131 olan sa\u00e7lar<\/p>\n<\/li>\n<\/ul>\n<h3 data-section-id=\"1enax1m\" data-start=\"935\" data-end=\"974\"><strong data-start=\"942\" data-end=\"974\">Nas\u0131l uygulan\u0131r?<\/strong><\/h3>\n<ol data-start=\"975\" data-end=\"1258\">\n<li data-section-id=\"8bluf5\" data-start=\"975\" data-end=\"1030\">\n<p data-start=\"978\" data-end=\"1030\">Sa\u00e7\u0131n\u0131z\u0131 \u015fampuanla y\u0131kad\u0131ktan sonra nemli b\u0131rak\u0131n.<\/p>\n<\/li>\n<li data-section-id=\"mxa244\" data-start=\"1031\" data-end=\"1087\">\n<p data-start=\"1034\" data-end=\"1087\">\u00dcr\u00fcn\u00fc sa\u00e7\u0131n orta k\u0131s\u0131mlar\u0131na ve u\u00e7lar\u0131na uygulay\u0131n.<\/p>\n<\/li>\n<li data-section-id=\"1rin7qv\" data-start=\"1088\" data-end=\"1125\">\n<p data-start=\"1091\" data-end=\"1125\">E\u015fit \u015fekilde da\u011f\u0131t\u0131n ve taray\u0131n.<\/p>\n<\/li>\n<li data-section-id=\"1ssljz\" data-start=\"1126\" data-end=\"1149\">\n<p data-start=\"1129\" data-end=\"1149\">5 dakika bekletin.<\/p>\n<\/li>\n<li data-section-id=\"1r7msfe\" data-start=\"1150\" data-end=\"1176\">\n<p data-start=\"1153\" data-end=\"1176\">Bol su ile durulay\u0131n.<\/p>\n<\/li>\n<li data-section-id=\"bgumzs\" data-start=\"1177\" data-end=\"1258\">\n<p data-start=\"1180\" data-end=\"1258\">Daha yo\u011fun etki i\u00e7in d\u00fczenli kullan\u0131n.<\/p>\n<\/li>\n<\/ol>\n<h3 data-section-id=\"1nbyk79\" data-start=\"1265\" data-end=\"1321\"><strong data-start=\"1272\" data-end=\"1319\">\u0130\u00e7erik:<\/strong><\/h3>\n<p data-start=\"1322\" data-end=\"1847\">Aqua, Cetearyl Alcohol, Glycerin, Cetyl Alcohol, Cetrimonium Chloride, Beheneth-25, Glyceryl Stearate, Polyglyceryl-4 Oleate, Benzyl Alcohol, Ethylhexyl Methoxycinnamate, Parfum, Simmondsia Chinensis Seed Oil, Tocopherol, Disodium EDTA, Hydroxyethylcellulose, Sodium Benzoate, Glyceryl Olivate, Hydrogenated Palm Glycerides Citrate, Hydrogenated Rapeseed Alcohol, Sclerotium Gum, Citric Acid, Basic Brown 17, Basic Blue 99, Basic Brown 16, Acid Violet 43, Basic Red 76, Basic Yellow 57<\/p>\n","protected":false},"featured_media":3805,"comment_status":"open","ping_status":"closed","template":"","meta":{"_acf_changed":false},"product_brand":[189],"product_cat":[15],"product_tag":[279,219,184,253],"class_list":{"0":"post-3806","1":"product","2":"type-product","3":"status-publish","4":"has-post-thumbnail","6":"product_brand-davines","7":"product_cat-genel","8":"product_tag-279","9":"product_tag-boyali-saclar","10":"product_tag-krem","11":"product_tag-nemlendirme","13":"first","14":"instock","15":"shipping-taxable","16":"purchasable","17":"product-type-simple"},"acf":[],"_links":{"self":[{"href":"https:\/\/www.kozmodern.com\/index.php?rest_route=\/wp\/v2\/product\/3806","targetHints":{"allow":["GET"]}}],"collection":[{"href":"https:\/\/www.kozmodern.com\/index.php?rest_route=\/wp\/v2\/product"}],"about":[{"href":"https:\/\/www.kozmodern.com\/index.php?rest_route=\/wp\/v2\/types\/product"}],"replies":[{"embeddable":true,"href":"https:\/\/www.kozmodern.com\/index.php?rest_route=%2Fwp%2Fv2%2Fcomments&post=3806"}],"wp:featuredmedia":[{"embeddable":true,"href":"https:\/\/www.kozmodern.com\/index.php?rest_route=\/wp\/v2\/media\/3805"}],"wp:attachment":[{"href":"https:\/\/www.kozmodern.com\/index.php?rest_route=%2Fwp%2Fv2%2Fmedia&parent=3806"}],"wp:term":[{"taxonomy":"product_brand","embeddable":true,"href":"https:\/\/www.kozmodern.com\/index.php?rest_route=%2Fwp%2Fv2%2Fproduct_brand&post=3806"},{"taxonomy":"product_cat","embeddable":true,"href":"https:\/\/www.kozmodern.com\/index.php?rest_route=%2Fwp%2Fv2%2Fproduct_cat&post=3806"},{"taxonomy":"product_tag","embeddable":true,"href":"https:\/\/www.kozmodern.com\/index.php?rest_route=%2Fwp%2Fv2%2Fproduct_tag&post=3806"}],"curies":[{"name":"wp","href":"https:\/\/api.w.org\/{rel}","templated":true}]}}