{"id":3850,"date":"2026-02-02T21:47:13","date_gmt":"2026-02-02T18:47:13","guid":{"rendered":"https:\/\/www.kozmodern.com\/?product=insight-damaged-hair-yipranmis-saclar-icin-onarici-sprey-100ml"},"modified":"2026-04-04T14:50:44","modified_gmt":"2026-04-04T11:50:44","slug":"insight-damaged-hair-yipranmis-saclar-icin-onarici-sprey-100ml","status":"publish","type":"product","link":"https:\/\/www.kozmodern.com\/?product=insight-damaged-hair-yipranmis-saclar-icin-onarici-sprey-100ml","title":{"rendered":"Insight  Damaged Hair Y\u0131pranm\u0131\u015f Sa\u00e7lar \u0130\u00e7in Onar\u0131c\u0131 Sprey 100ml"},"content":{"rendered":"<h3 data-section-id=\"1kdymc7\" data-start=\"5\" data-end=\"27\">Ne i\u00e7in kullan\u0131l\u0131r?<\/h3>\n<ul data-start=\"28\" data-end=\"340\">\n<li data-section-id=\"msyx1p\" data-start=\"28\" data-end=\"64\">\n<p data-start=\"30\" data-end=\"64\">Sa\u00e7\u0131 onarmak ve g\u00fc\u00e7lendirmek<\/p>\n<\/li>\n<li data-section-id=\"rms10f\" data-start=\"65\" data-end=\"106\">\n<p data-start=\"67\" data-end=\"106\">K\u0131r\u0131lmalar\u0131 ve kopmalar\u0131 azaltmak<\/p>\n<\/li>\n<li data-section-id=\"lea9fh\" data-start=\"107\" data-end=\"165\">\n<p data-start=\"109\" data-end=\"165\">Sa\u00e7\u0131n daha parlak ve sa\u011fl\u0131kl\u0131 g\u00f6r\u00fcnmesini sa\u011flamak<\/p>\n<\/li>\n<li data-section-id=\"7a60wv\" data-start=\"166\" data-end=\"340\">\n<p data-start=\"168\" data-end=\"340\">G\u00fcnl\u00fck kullan\u0131mda kolay tarama ve bak\u0131m kolayl\u0131\u011f\u0131 sa\u011flamak<\/p>\n<\/li>\n<\/ul>\n","protected":false},"excerpt":{"rendered":"<div class=\"relative basis-auto flex-col -mb-(--composer-overlap-px) [--composer-overlap-px:28px] grow flex\">\n<div class=\"flex flex-col text-sm pb-25\">\n<article class=\"text-token-text-primary w-full focus:outline-none [--shadow-height:45px] has-data-writing-block:pointer-events-none has-data-writing-block:-mt-(--shadow-height) has-data-writing-block:pt-(--shadow-height) [&amp;:has([data-writing-block])&gt;*]:pointer-events-auto scroll-mt-[calc(var(--header-height)+min(200px,max(70px,20svh)))]\" dir=\"auto\" tabindex=\"-1\" data-turn-id=\"request-WEB:db4a58dd-afee-4239-b2cc-e9827b5d0627-13\" data-testid=\"conversation-turn-28\" data-scroll-anchor=\"true\" data-turn=\"assistant\">\n<div class=\"text-base my-auto mx-auto pb-10 [--thread-content-margin:var(--thread-content-margin-xs,calc(var(--spacing)*4))] @w-sm\/main:[--thread-content-margin:var(--thread-content-margin-sm,calc(var(--spacing)*6))] @w-lg\/main:[--thread-content-margin:var(--thread-content-margin-lg,calc(var(--spacing)*16))] px-(--thread-content-margin)\">\n<div class=\"[--thread-content-max-width:40rem] @w-lg\/main:[--thread-content-max-width:48rem] mx-auto max-w-(--thread-content-max-width) flex-1 group\/turn-messages focus-visible:outline-hidden relative flex w-full min-w-0 flex-col agent-turn\" tabindex=\"-1\">\n<div class=\"flex max-w-full flex-col gap-4 grow\">\n<div class=\"min-h-8 text-message relative flex w-full flex-col items-end gap-2 text-start break-words whitespace-normal [.text-message+&amp;]:mt-1\" dir=\"auto\" data-message-author-role=\"assistant\" data-message-id=\"57df75f9-23dd-45f9-8969-d67910ec9dfe\" data-message-model-slug=\"gpt-5-mini\">\n<div class=\"flex w-full flex-col gap-1 empty:hidden\">\n<div class=\"markdown prose dark:prose-invert w-full wrap-break-word light markdown-new-styling\">\n<h3 data-section-id=\"eph883\" data-start=\"342\" data-end=\"377\">Hangi sa\u00e7 tipleri i\u00e7in uygundur?<\/h3>\n<ul data-start=\"378\" data-end=\"689\">\n<li data-section-id=\"10esens\" data-start=\"378\" data-end=\"421\">\n<p data-start=\"380\" data-end=\"421\">Y\u0131pranm\u0131\u015f, k\u0131r\u0131lmaya meyilli sa\u00e7lar<\/p>\n<\/li>\n<li data-section-id=\"1qej4gy\" data-start=\"422\" data-end=\"476\">\n<p data-start=\"424\" data-end=\"476\">Kimyasal i\u015flemler g\u00f6rm\u00fc\u015f veya y\u0131pranm\u0131\u015f sa\u00e7lar<\/p>\n<\/li>\n<li data-section-id=\"1lz6wu7\" data-start=\"477\" data-end=\"689\">\n<p data-start=\"479\" data-end=\"489\">\u00d6zellikle:<\/p>\n<ul data-start=\"492\" data-end=\"689\">\n<li data-section-id=\"eck57y\" data-start=\"492\" data-end=\"537\">\n<p data-start=\"494\" data-end=\"537\">Boya, r\u00f6fle veya \u0131s\u0131 ile y\u0131pranm\u0131\u015f sa\u00e7lar<\/p>\n<\/li>\n<li data-section-id=\"un0ysh\" data-start=\"540\" data-end=\"689\">\n<p data-start=\"542\" data-end=\"689\">Nem ve onar\u0131m ihtiyac\u0131 olan sa\u00e7lar<\/p>\n<\/li>\n<\/ul>\n<\/li>\n<\/ul>\n<h3 data-section-id=\"8hngdw\" data-start=\"691\" data-end=\"711\">Nas\u0131l kullan\u0131l\u0131r?<\/h3>\n<ol data-start=\"712\" data-end=\"1016\">\n<li data-section-id=\"123hghe\" data-start=\"712\" data-end=\"757\">\n<p data-start=\"715\" data-end=\"757\">\u015eampuan sonras\u0131 veya kuru sa\u00e7a uygulay\u0131n<\/p>\n<\/li>\n<li data-section-id=\"12ix2s7\" data-start=\"758\" data-end=\"811\">\n<p data-start=\"761\" data-end=\"811\">Sa\u00e7 boylar\u0131na ve u\u00e7lar\u0131na e\u015fit \u015fekilde p\u00fcsk\u00fcrt\u00fcn<\/p>\n<\/li>\n<li data-section-id=\"xgdq5f\" data-start=\"812\" data-end=\"834\">\n<p data-start=\"815\" data-end=\"834\">Durulama gerekmez<\/p>\n<\/li>\n<li data-section-id=\"1bfq5au\" data-start=\"835\" data-end=\"873\">\n<p data-start=\"838\" data-end=\"873\">Tarak veya f\u0131r\u00e7a ile nazik\u00e7e a\u00e7\u0131n<\/p>\n<\/li>\n<li data-section-id=\"1ytnkjz\" data-start=\"874\" data-end=\"1016\">\n<p data-start=\"877\" data-end=\"1016\">G\u00fcnl\u00fck kullan\u0131m i\u00e7in uygundur<\/p>\n<\/li>\n<\/ol>\n<h3 data-section-id=\"1g6zbrs\" data-start=\"1018\" data-end=\"1050\">\u0130\u00e7erik:<\/h3>\n<p data-start=\"1051\" data-end=\"1370\" data-is-last-node=\"\" data-is-only-node=\"\">Aqua\/Water\/Eau, Cetearyl Alcohol, Cetrimonium Chloride, Behentrimonium Methosulfate, Hydrolyzed Wheat Protein, Helianthus Annuus (Sunflower) Seed Oil, Argania Spinosa Kernel Oil, Butyrospermum Parkii (Shea) Butter, Panthenol, Tocopherol, Parfum\/Fragrance, Citric Acid, Benzyl Alcohol, Sodium Benzoate, Potassium Sorbate<\/p>\n<\/div>\n<\/div>\n<\/div>\n<\/div>\n<div class=\"z-0 flex min-h-[46px] justify-start\"><\/div>\n<\/div>\n<\/div>\n<\/article>\n<\/div>\n<\/div>\n","protected":false},"featured_media":3849,"comment_status":"open","ping_status":"closed","template":"","meta":{"_acf_changed":false},"product_brand":[202],"product_cat":[15],"product_tag":[304,199,227,200],"class_list":{"0":"post-3850","1":"product","2":"type-product","3":"status-publish","4":"has-post-thumbnail","6":"product_brand-insight","7":"product_cat-genel","8":"product_tag-304","9":"product_tag-onarici","10":"product_tag-sprey","11":"product_tag-yipranmis-saclar","13":"first","14":"instock","15":"shipping-taxable","16":"purchasable","17":"product-type-simple"},"acf":[],"_links":{"self":[{"href":"https:\/\/www.kozmodern.com\/index.php?rest_route=\/wp\/v2\/product\/3850","targetHints":{"allow":["GET"]}}],"collection":[{"href":"https:\/\/www.kozmodern.com\/index.php?rest_route=\/wp\/v2\/product"}],"about":[{"href":"https:\/\/www.kozmodern.com\/index.php?rest_route=\/wp\/v2\/types\/product"}],"replies":[{"embeddable":true,"href":"https:\/\/www.kozmodern.com\/index.php?rest_route=%2Fwp%2Fv2%2Fcomments&post=3850"}],"wp:featuredmedia":[{"embeddable":true,"href":"https:\/\/www.kozmodern.com\/index.php?rest_route=\/wp\/v2\/media\/3849"}],"wp:attachment":[{"href":"https:\/\/www.kozmodern.com\/index.php?rest_route=%2Fwp%2Fv2%2Fmedia&parent=3850"}],"wp:term":[{"taxonomy":"product_brand","embeddable":true,"href":"https:\/\/www.kozmodern.com\/index.php?rest_route=%2Fwp%2Fv2%2Fproduct_brand&post=3850"},{"taxonomy":"product_cat","embeddable":true,"href":"https:\/\/www.kozmodern.com\/index.php?rest_route=%2Fwp%2Fv2%2Fproduct_cat&post=3850"},{"taxonomy":"product_tag","embeddable":true,"href":"https:\/\/www.kozmodern.com\/index.php?rest_route=%2Fwp%2Fv2%2Fproduct_tag&post=3850"}],"curies":[{"name":"wp","href":"https:\/\/api.w.org\/{rel}","templated":true}]}}