{"id":3860,"date":"2026-02-02T21:47:47","date_gmt":"2026-02-02T18:47:47","guid":{"rendered":"https:\/\/www.kozmodern.com\/?product=insight-anti-frizz-hydrating-nemlendirici-sac-maskesi-400-ml"},"modified":"2026-04-04T14:34:26","modified_gmt":"2026-04-04T11:34:26","slug":"insight-anti-frizz-hydrating-nemlendirici-sac-maskesi-400-ml","status":"publish","type":"product","link":"https:\/\/www.kozmodern.com\/?product=insight-anti-frizz-hydrating-nemlendirici-sac-maskesi-400-ml","title":{"rendered":"Insight Anti-Frizz Hydrating Nemlendirici Sa\u00e7 Maskesi 400 ml"},"content":{"rendered":"<h3 data-section-id=\"1kdymc7\" data-start=\"45\" data-end=\"67\">Ne i\u00e7in kullan\u0131l\u0131r?<\/h3>\n<ul data-start=\"68\" data-end=\"357\">\n<li data-section-id=\"tb9649\" data-start=\"68\" data-end=\"127\">\n<p data-start=\"70\" data-end=\"127\">Kabaran ve elektriklenen sa\u00e7lar\u0131 kontrol alt\u0131na almak<\/p>\n<\/li>\n<li data-section-id=\"ym60sb\" data-start=\"128\" data-end=\"177\">\n<p data-start=\"130\" data-end=\"177\">Sa\u00e7\u0131 yo\u011fun \u015fekilde nemlendirmek ve beslemek<\/p>\n<\/li>\n<li data-section-id=\"1dyzubh\" data-start=\"178\" data-end=\"218\">\n<p data-start=\"180\" data-end=\"218\">P\u00fcr\u00fczs\u00fczl\u00fck ve yumu\u015fakl\u0131k sa\u011flamak<\/p>\n<\/li>\n<li data-section-id=\"15r2934\" data-start=\"219\" data-end=\"267\">\n<p data-start=\"221\" data-end=\"267\">Sa\u00e7\u0131n daha kolay a\u00e7\u0131lmas\u0131na yard\u0131mc\u0131 olmak<\/p>\n<\/li>\n<li data-section-id=\"fs3dwu\" data-start=\"268\" data-end=\"357\">\n<p data-start=\"270\" data-end=\"357\">Sa\u00e7a parlak ve sa\u011fl\u0131kl\u0131 g\u00f6r\u00fcn\u00fcm kazand\u0131rmak<\/p>\n<\/li>\n<\/ul>\n<h2 data-section-id=\"eph883\" data-start=\"359\" data-end=\"394\"><\/h2>\n","protected":false},"excerpt":{"rendered":"<h3 data-section-id=\"eph883\" data-start=\"359\" data-end=\"394\">Hangi sa\u00e7 tipleri i\u00e7in uygundur?<\/h3>\n<ul data-start=\"395\" data-end=\"535\">\n<li data-section-id=\"1gr2416\" data-start=\"395\" data-end=\"432\">\n<p data-start=\"397\" data-end=\"432\">Kabaran ve elektriklenen sa\u00e7lar<\/p>\n<\/li>\n<li data-section-id=\"11bqxzi\" data-start=\"433\" data-end=\"460\">\n<p data-start=\"435\" data-end=\"460\">Kuru ve nemsiz sa\u00e7lar<\/p>\n<\/li>\n<li data-section-id=\"1c9bld2\" data-start=\"461\" data-end=\"535\">\n<p data-start=\"463\" data-end=\"535\">Asi ve zor \u015fekil alan sa\u00e7lar<\/p>\n<\/li>\n<\/ul>\n<h3 data-section-id=\"8hngdw\" data-start=\"537\" data-end=\"557\">Nas\u0131l kullan\u0131l\u0131r?<\/h3>\n<ol data-start=\"558\" data-end=\"730\">\n<li data-section-id=\"ip4e7t\" data-start=\"558\" data-end=\"599\">\n<p data-start=\"561\" data-end=\"599\">Sa\u00e7\u0131n\u0131z\u0131 \u015fampuanla y\u0131kay\u0131p durulay\u0131n<\/p>\n<\/li>\n<li data-section-id=\"cfib6a\" data-start=\"600\" data-end=\"640\">\n<p data-start=\"603\" data-end=\"640\">Sa\u00e7\u0131n boy ve u\u00e7lar\u0131na uygulay\u0131n<\/p>\n<\/li>\n<li data-section-id=\"y2ikf8\" data-start=\"641\" data-end=\"666\">\n<p data-start=\"644\" data-end=\"666\">5\u201310 dakika bekletin<\/p>\n<\/li>\n<li data-section-id=\"1i3xhh4\" data-start=\"667\" data-end=\"730\">\n<p data-start=\"670\" data-end=\"730\">Bol su ile durulay\u0131n<\/p>\n<\/li>\n<\/ol>\n<h3 data-section-id=\"1g6zbrs\" data-start=\"732\" data-end=\"764\">\u0130\u00e7erik:<\/h3>\n<p data-start=\"765\" data-end=\"1129\">Aqua\/Water\/Eau, Cetearyl Alcohol, Cetrimonium Chloride, Distearoylethyl Dimonium Chloride, Myristyl Alcohol, Cannabis Sativa Seed Oil, Gossypium Herbaceum (Cotton) Seed Oil, Theobroma Cacao (Cocoa) Seed Butter, Linum Usitatissimum (Linseed) Seed Extract, Glycerin, Parfum\/Fragrance, Citric Acid, Benzyl Alcohol, Glyceryl Laurate, Sodium Benzoate, Potassium Sorbate<\/p>\n","protected":false},"featured_media":3859,"comment_status":"open","ping_status":"closed","template":"","meta":{"_acf_changed":false},"product_brand":[202],"product_cat":[15],"product_tag":[310,194,309,206],"class_list":{"0":"post-3860","1":"product","2":"type-product","3":"status-publish","4":"has-post-thumbnail","6":"product_brand-insight","7":"product_cat-genel","8":"product_tag-310","9":"product_tag-elektriklenme","10":"product_tag-elektriklenmis","11":"product_tag-maske","13":"first","14":"instock","15":"shipping-taxable","16":"purchasable","17":"product-type-simple"},"acf":[],"_links":{"self":[{"href":"https:\/\/www.kozmodern.com\/index.php?rest_route=\/wp\/v2\/product\/3860","targetHints":{"allow":["GET"]}}],"collection":[{"href":"https:\/\/www.kozmodern.com\/index.php?rest_route=\/wp\/v2\/product"}],"about":[{"href":"https:\/\/www.kozmodern.com\/index.php?rest_route=\/wp\/v2\/types\/product"}],"replies":[{"embeddable":true,"href":"https:\/\/www.kozmodern.com\/index.php?rest_route=%2Fwp%2Fv2%2Fcomments&post=3860"}],"wp:featuredmedia":[{"embeddable":true,"href":"https:\/\/www.kozmodern.com\/index.php?rest_route=\/wp\/v2\/media\/3859"}],"wp:attachment":[{"href":"https:\/\/www.kozmodern.com\/index.php?rest_route=%2Fwp%2Fv2%2Fmedia&parent=3860"}],"wp:term":[{"taxonomy":"product_brand","embeddable":true,"href":"https:\/\/www.kozmodern.com\/index.php?rest_route=%2Fwp%2Fv2%2Fproduct_brand&post=3860"},{"taxonomy":"product_cat","embeddable":true,"href":"https:\/\/www.kozmodern.com\/index.php?rest_route=%2Fwp%2Fv2%2Fproduct_cat&post=3860"},{"taxonomy":"product_tag","embeddable":true,"href":"https:\/\/www.kozmodern.com\/index.php?rest_route=%2Fwp%2Fv2%2Fproduct_tag&post=3860"}],"curies":[{"name":"wp","href":"https:\/\/api.w.org\/{rel}","templated":true}]}}