{"id":3862,"date":"2026-02-02T21:47:56","date_gmt":"2026-02-02T18:47:56","guid":{"rendered":"https:\/\/www.kozmodern.com\/?product=insight-anti-frizz-hydrating-nemlendirici-sac-kremi-350-ml"},"modified":"2026-04-04T14:31:44","modified_gmt":"2026-04-04T11:31:44","slug":"insight-anti-frizz-hydrating-nemlendirici-sac-kremi-350-ml","status":"publish","type":"product","link":"https:\/\/www.kozmodern.com\/?product=insight-anti-frizz-hydrating-nemlendirici-sac-kremi-350-ml","title":{"rendered":"Insight Anti-Frizz Hydrating Nemlendirici Sa\u00e7 Kremi 350 ml"},"content":{"rendered":"<div class=\"flex flex-col gap-3 md:flex-row md:items-center md:gap-6\">\n<div class=\"font-['SF_Pro_Text','SF_Pro_Display','SF_Pro',var(--font-sans)] flex min-w-0 flex-col justify-center\"><\/div>\n<\/div>\n<h3 data-section-id=\"1kdymc7\" data-start=\"45\" data-end=\"67\">Ne i\u00e7in kullan\u0131l\u0131r?<\/h3>\n<ul data-start=\"68\" data-end=\"310\">\n<li data-section-id=\"lv6nq\" data-start=\"68\" data-end=\"105\">\n<p data-start=\"70\" data-end=\"105\">Sa\u00e7\u0131 yo\u011fun \u015fekilde nemlendirmek<\/p>\n<\/li>\n<li data-section-id=\"sx5ml9\" data-start=\"106\" data-end=\"149\">\n<p data-start=\"108\" data-end=\"149\">Kabarmay\u0131 ve elektriklenmeyi azaltmak<\/p>\n<\/li>\n<li data-section-id=\"13oc8dh\" data-start=\"150\" data-end=\"197\">\n<p data-start=\"152\" data-end=\"197\">Sa\u00e7\u0131 yumu\u015fatmak ve p\u00fcr\u00fczs\u00fcz hale getirmek<\/p>\n<\/li>\n<li data-section-id=\"dk0nzp\" data-start=\"198\" data-end=\"225\">\n<p data-start=\"200\" data-end=\"225\">Kolay tarama sa\u011flamak<\/p>\n<\/li>\n<li data-section-id=\"mx8661\" data-start=\"226\" data-end=\"310\">\n<p data-start=\"228\" data-end=\"310\">Sa\u00e7a parlakl\u0131k ve canl\u0131l\u0131k kazand\u0131rmak<\/p>\n<\/li>\n<\/ul>\n","protected":false},"excerpt":{"rendered":"<div class=\"flex flex-col text-sm pb-25\">\n<article class=\"text-token-text-primary w-full focus:outline-none [--shadow-height:45px] has-data-writing-block:pointer-events-none has-data-writing-block:-mt-(--shadow-height) has-data-writing-block:pt-(--shadow-height) [&amp;:has([data-writing-block])&gt;*]:pointer-events-auto scroll-mt-[calc(var(--header-height)+min(200px,max(70px,20svh)))]\" dir=\"auto\" tabindex=\"-1\" data-turn-id=\"request-WEB:db4a58dd-afee-4239-b2cc-e9827b5d0627-7\" data-testid=\"conversation-turn-16\" data-scroll-anchor=\"true\" data-turn=\"assistant\">\n<div class=\"text-base my-auto mx-auto pb-10 [--thread-content-margin:var(--thread-content-margin-xs,calc(var(--spacing)*4))] @w-sm\/main:[--thread-content-margin:var(--thread-content-margin-sm,calc(var(--spacing)*6))] @w-lg\/main:[--thread-content-margin:var(--thread-content-margin-lg,calc(var(--spacing)*16))] px-(--thread-content-margin)\">\n<div class=\"[--thread-content-max-width:40rem] @w-lg\/main:[--thread-content-max-width:48rem] mx-auto max-w-(--thread-content-max-width) flex-1 group\/turn-messages focus-visible:outline-hidden relative flex w-full min-w-0 flex-col agent-turn\" tabindex=\"-1\">\n<div class=\"flex max-w-full flex-col gap-4 grow\">\n<div class=\"min-h-8 text-message relative flex w-full flex-col items-end gap-2 text-start break-words whitespace-normal [.text-message+&amp;]:mt-1\" dir=\"auto\" data-message-author-role=\"assistant\" data-message-id=\"7886e77b-9c01-41b9-8cbe-9bb95eb50a60\" data-message-model-slug=\"gpt-5-3\">\n<div class=\"flex w-full flex-col gap-1 empty:hidden\">\n<div class=\"markdown prose dark:prose-invert w-full wrap-break-word light markdown-new-styling\">\n<h3 data-section-id=\"eph883\" data-start=\"312\" data-end=\"347\">Hangi sa\u00e7 tipleri i\u00e7in uygundur?<\/h3>\n<ul data-start=\"348\" data-end=\"488\">\n<li data-section-id=\"1gr2416\" data-start=\"348\" data-end=\"385\">\n<p data-start=\"350\" data-end=\"385\">Kabaran ve elektriklenen sa\u00e7lar<\/p>\n<\/li>\n<li data-section-id=\"11bqxzi\" data-start=\"386\" data-end=\"413\">\n<p data-start=\"388\" data-end=\"413\">Kuru ve nemsiz sa\u00e7lar<\/p>\n<\/li>\n<li data-section-id=\"1c9bld2\" data-start=\"414\" data-end=\"488\">\n<p data-start=\"416\" data-end=\"488\">Asi ve zor \u015fekil alan sa\u00e7lar<\/p>\n<\/li>\n<\/ul>\n<h3 data-section-id=\"8hngdw\" data-start=\"490\" data-end=\"510\">Nas\u0131l kullan\u0131l\u0131r?<\/h3>\n<ol data-start=\"511\" data-end=\"689\">\n<li data-section-id=\"bhud3h\" data-start=\"511\" data-end=\"561\">\n<p data-start=\"514\" data-end=\"561\">Sa\u00e7\u0131n\u0131z\u0131 \u015fampuanla y\u0131kad\u0131ktan sonra uygulay\u0131n<\/p>\n<\/li>\n<li data-section-id=\"f4d3ev\" data-start=\"562\" data-end=\"600\">\n<p data-start=\"565\" data-end=\"600\">Sa\u00e7\u0131n boy ve u\u00e7lar\u0131na da\u011f\u0131t\u0131n<\/p>\n<\/li>\n<li data-section-id=\"m4qigm\" data-start=\"601\" data-end=\"625\">\n<p data-start=\"604\" data-end=\"625\">3\u20135 dakika bekletin<\/p>\n<\/li>\n<li data-section-id=\"1i3xhh4\" data-start=\"626\" data-end=\"689\">\n<p data-start=\"629\" data-end=\"689\">Bol su ile durulay\u0131n<\/p>\n<\/li>\n<\/ol>\n<h3 data-section-id=\"1g6zbrs\" data-start=\"691\" data-end=\"723\">\u0130\u00e7erik:<\/h3>\n<p data-start=\"724\" data-end=\"1218\">Aqua\/Water\/Eau, Cetearyl Alcohol, Cetrimonium Chloride, Myristyl Alcohol, Cetyl Alcohol, Stearyl Alcohol, Dipalmitoylethyl Hydroxyethylmonium Methosulfate, Behenamidopropyl Dimethylamine, Cannabis Sativa Seed Oil, Gossypium Herbaceum (Cotton) Seed Oil, Theobroma Cacao (Cocoa) Seed Butter, Linum Usitatissimum (Linseed) Seed Extract, Parfum\/Fragrance, Glycerin, Benzyl Alcohol, Glyceryl Laurate, Lactic Acid, Citric Acid, Sodium Benzoate, Potassium Sorbate<\/p>\n<\/div>\n<\/div>\n<\/div>\n<\/div>\n<div class=\"z-0 flex min-h-[46px] justify-start\"><\/div>\n<\/div>\n<\/div>\n<\/article>\n<\/div>\n<div class=\"pointer-events-none h-px w-px absolute bottom-0\" aria-hidden=\"true\" data-edge=\"true\"><\/div>\n","protected":false},"featured_media":3861,"comment_status":"open","ping_status":"closed","template":"","meta":{"_acf_changed":false},"product_brand":[202],"product_cat":[15],"product_tag":[311,194,309,184],"class_list":{"0":"post-3862","1":"product","2":"type-product","3":"status-publish","4":"has-post-thumbnail","6":"product_brand-insight","7":"product_cat-genel","8":"product_tag-311","9":"product_tag-elektriklenme","10":"product_tag-elektriklenmis","11":"product_tag-krem","13":"first","14":"instock","15":"shipping-taxable","16":"purchasable","17":"product-type-simple"},"acf":[],"_links":{"self":[{"href":"https:\/\/www.kozmodern.com\/index.php?rest_route=\/wp\/v2\/product\/3862","targetHints":{"allow":["GET"]}}],"collection":[{"href":"https:\/\/www.kozmodern.com\/index.php?rest_route=\/wp\/v2\/product"}],"about":[{"href":"https:\/\/www.kozmodern.com\/index.php?rest_route=\/wp\/v2\/types\/product"}],"replies":[{"embeddable":true,"href":"https:\/\/www.kozmodern.com\/index.php?rest_route=%2Fwp%2Fv2%2Fcomments&post=3862"}],"wp:featuredmedia":[{"embeddable":true,"href":"https:\/\/www.kozmodern.com\/index.php?rest_route=\/wp\/v2\/media\/3861"}],"wp:attachment":[{"href":"https:\/\/www.kozmodern.com\/index.php?rest_route=%2Fwp%2Fv2%2Fmedia&parent=3862"}],"wp:term":[{"taxonomy":"product_brand","embeddable":true,"href":"https:\/\/www.kozmodern.com\/index.php?rest_route=%2Fwp%2Fv2%2Fproduct_brand&post=3862"},{"taxonomy":"product_cat","embeddable":true,"href":"https:\/\/www.kozmodern.com\/index.php?rest_route=%2Fwp%2Fv2%2Fproduct_cat&post=3862"},{"taxonomy":"product_tag","embeddable":true,"href":"https:\/\/www.kozmodern.com\/index.php?rest_route=%2Fwp%2Fv2%2Fproduct_tag&post=3862"}],"curies":[{"name":"wp","href":"https:\/\/api.w.org\/{rel}","templated":true}]}}