{"id":3880,"date":"2026-02-02T21:48:29","date_gmt":"2026-02-02T18:48:29","guid":{"rendered":"https:\/\/www.kozmodern.com\/?product=insight-volumizing-ince-telli-saclar-icin-hacimlendirici-sampuan-350ml"},"modified":"2026-04-04T17:24:36","modified_gmt":"2026-04-04T14:24:36","slug":"insight-volumizing-ince-telli-saclar-icin-hacimlendirici-sampuan-350ml","status":"publish","type":"product","link":"https:\/\/www.kozmodern.com\/?product=insight-volumizing-ince-telli-saclar-icin-hacimlendirici-sampuan-350ml","title":{"rendered":"Insight  Volumizing \u0130nce Telli Sa\u00e7lar \u0130\u00e7in Hacimlendirici \u015eampuan 350ml"},"content":{"rendered":"<h3 data-section-id=\"gneok4\" data-start=\"45\" data-end=\"68\">Ne i\u00e7in kullan\u0131l\u0131r?<\/h3>\n<ul data-start=\"69\" data-end=\"327\">\n<li data-section-id=\"1ybmnvs\" data-start=\"69\" data-end=\"145\">\n<p data-start=\"71\" data-end=\"145\">\u0130nce telli ve hacimsiz sa\u00e7lara k\u00f6kten uca hacim ve dolgunluk sa\u011flar.<\/p>\n<\/li>\n<li data-section-id=\"qzfu1u\" data-start=\"146\" data-end=\"234\">\n<p data-start=\"148\" data-end=\"234\">Sa\u00e7\u0131 a\u011f\u0131rla\u015ft\u0131rmadan dolgunla\u015ft\u0131r\u0131r ve daha canl\u0131 g\u00f6r\u00fcnmesine yard\u0131mc\u0131 olur.<\/p>\n<\/li>\n<li data-section-id=\"1mcpirc\" data-start=\"235\" data-end=\"327\">\n<p data-start=\"237\" data-end=\"327\">Yumu\u015fakl\u0131k, hafiflik ve hacimli doku kazand\u0131r\u0131r.<\/p>\n<\/li>\n<\/ul>\n","protected":false},"excerpt":{"rendered":"<h3 data-section-id=\"1xouzeo\" data-start=\"329\" data-end=\"365\">Hangi sa\u00e7 tipleri i\u00e7in uygundur?<\/h3>\n<ul data-start=\"366\" data-end=\"469\">\n<li data-section-id=\"hajx0i\" data-start=\"366\" data-end=\"391\">\n<p data-start=\"368\" data-end=\"391\">\u0130nce telli sa\u00e7lar<\/p>\n<\/li>\n<li data-section-id=\"1jh3yhi\" data-start=\"392\" data-end=\"469\">\n<p data-start=\"394\" data-end=\"469\">Hacim ve dolgunluk isteyen sa\u00e7 yap\u0131s\u0131<\/p>\n<\/li>\n<\/ul>\n<h3 data-section-id=\"1j8b2gn\" data-start=\"471\" data-end=\"492\">Nas\u0131l kullan\u0131l\u0131r?<\/h3>\n<ol data-start=\"493\" data-end=\"691\">\n<li data-section-id=\"1d1sjtq\" data-start=\"493\" data-end=\"540\">\n<p data-start=\"496\" data-end=\"540\">Islak sa\u00e7a yeterli miktarda uygulay\u0131n.<\/p>\n<\/li>\n<li data-section-id=\"13nox42\" data-start=\"541\" data-end=\"581\">\n<p data-start=\"544\" data-end=\"581\">Nazik\u00e7e masaj yaparak k\u00f6p\u00fcrt\u00fcn.<\/p>\n<\/li>\n<li data-section-id=\"g157vx\" data-start=\"582\" data-end=\"607\">\n<p data-start=\"585\" data-end=\"607\">\u0130yice durulay\u0131n.<\/p>\n<\/li>\n<li data-section-id=\"r2zii4\" data-start=\"608\" data-end=\"691\">\n<p data-start=\"611\" data-end=\"691\">Gerekirse uygulamay\u0131 tekrar edebilirsiniz.<\/p>\n<\/li>\n<\/ol>\n<h3 data-section-id=\"6rpbrv\" data-start=\"693\" data-end=\"726\">\u0130\u00e7erik:<\/h3>\n<p data-start=\"727\" data-end=\"1073\">Aqua\/Water\/Eau, Sodium Coceth Sulfate, Disodium Laureth Sulfosuccinate, Cocamidopropyl Betaine, Lamium Album Extract, Panax Ginseng Root Extract, Plantago Psyllium Seed Extract, Glycerin, Parfum\/Fragrance, Guar Hydroxypropyltrimonium Chloride, Sodium Chloride, Citric Acid, Sodium Benzoate, Potassium Sorbate<\/p>\n","protected":false},"featured_media":3879,"comment_status":"open","ping_status":"closed","template":"","meta":{"_acf_changed":false},"product_brand":[202],"product_cat":[15],"product_tag":[321,194,284,175,352],"class_list":{"0":"post-3880","1":"product","2":"type-product","3":"status-publish","4":"has-post-thumbnail","6":"product_brand-insight","7":"product_cat-genel","8":"product_tag-321","9":"product_tag-elektriklenme","10":"product_tag-ince-telli","11":"product_tag-sampuan","12":"product_tag-yeni","14":"first","15":"instock","16":"shipping-taxable","17":"purchasable","18":"product-type-simple"},"acf":[],"_links":{"self":[{"href":"https:\/\/www.kozmodern.com\/index.php?rest_route=\/wp\/v2\/product\/3880","targetHints":{"allow":["GET"]}}],"collection":[{"href":"https:\/\/www.kozmodern.com\/index.php?rest_route=\/wp\/v2\/product"}],"about":[{"href":"https:\/\/www.kozmodern.com\/index.php?rest_route=\/wp\/v2\/types\/product"}],"replies":[{"embeddable":true,"href":"https:\/\/www.kozmodern.com\/index.php?rest_route=%2Fwp%2Fv2%2Fcomments&post=3880"}],"wp:featuredmedia":[{"embeddable":true,"href":"https:\/\/www.kozmodern.com\/index.php?rest_route=\/wp\/v2\/media\/3879"}],"wp:attachment":[{"href":"https:\/\/www.kozmodern.com\/index.php?rest_route=%2Fwp%2Fv2%2Fmedia&parent=3880"}],"wp:term":[{"taxonomy":"product_brand","embeddable":true,"href":"https:\/\/www.kozmodern.com\/index.php?rest_route=%2Fwp%2Fv2%2Fproduct_brand&post=3880"},{"taxonomy":"product_cat","embeddable":true,"href":"https:\/\/www.kozmodern.com\/index.php?rest_route=%2Fwp%2Fv2%2Fproduct_cat&post=3880"},{"taxonomy":"product_tag","embeddable":true,"href":"https:\/\/www.kozmodern.com\/index.php?rest_route=%2Fwp%2Fv2%2Fproduct_tag&post=3880"}],"curies":[{"name":"wp","href":"https:\/\/api.w.org\/{rel}","templated":true}]}}