{"id":3890,"date":"2026-02-02T21:48:43","date_gmt":"2026-02-02T18:48:43","guid":{"rendered":"https:\/\/www.kozmodern.com\/?product=insight-blonde-cold-reflections-soguk-yansima-sampuani-400-ml"},"modified":"2026-04-04T17:35:46","modified_gmt":"2026-04-04T14:35:46","slug":"insight-blonde-cold-reflections-soguk-yansima-sampuani-400-ml","status":"publish","type":"product","link":"https:\/\/www.kozmodern.com\/?product=insight-blonde-cold-reflections-soguk-yansima-sampuani-400-ml","title":{"rendered":"Insight Blonde Cold Reflections So\u011fuk Yans\u0131ma \u015eampuan\u0131 400 ml"},"content":{"rendered":"<h3 data-section-id=\"nbe8u6\" data-start=\"45\" data-end=\"71\">Ne i\u00e7in kullan\u0131l\u0131r?<\/h3>\n<ul data-start=\"72\" data-end=\"474\">\n<li data-section-id=\"zg8un5\" data-start=\"72\" data-end=\"199\">\n<p data-start=\"74\" data-end=\"199\">Do\u011fal, a\u00e7\u0131lm\u0131\u015f veya boyal\u0131 sar\u0131 sa\u00e7lardaki sar\u0131 ve turuncu tonlar\u0131 n\u00f6tralize etmek i\u00e7in \u00f6zel olarak form\u00fcle edilmi\u015ftir.<\/p>\n<\/li>\n<li data-section-id=\"m4g38l\" data-start=\"200\" data-end=\"297\">\n<p data-start=\"202\" data-end=\"297\">Sa\u00e7\u0131 nazik\u00e7e temizlerken so\u011fuk, daha dengeli bir sar\u0131 ton ortaya \u00e7\u0131karmaya yard\u0131mc\u0131 olur.<\/p>\n<\/li>\n<li data-section-id=\"oun6po\" data-start=\"298\" data-end=\"357\">\n<p data-start=\"300\" data-end=\"357\">Sa\u00e7\u0131n nemini korur, yumu\u015fakl\u0131k ve parlakl\u0131k sa\u011flar.<\/p>\n<\/li>\n<li data-section-id=\"1fw1zfx\" data-start=\"358\" data-end=\"474\">\n<p data-start=\"360\" data-end=\"474\">Sar\u0131 tonlar\u0131n\u0131 canl\u0131 ve so\u011fuk tutmak isteyen kullan\u0131c\u0131lar i\u00e7in uygundur.<\/p>\n<\/li>\n<\/ul>\n<h3 data-section-id=\"1mzsle0\" data-start=\"476\" data-end=\"514\"><\/h3>\n","protected":false},"excerpt":{"rendered":"<h3 data-section-id=\"1mzsle0\" data-start=\"476\" data-end=\"514\">Hangi sa\u00e7 tipleri i\u00e7in uygundur?<\/h3>\n<ul data-start=\"515\" data-end=\"698\">\n<li data-section-id=\"fjds1b\" data-start=\"515\" data-end=\"577\">\n<p data-start=\"517\" data-end=\"577\">Sar\u0131 ve a\u00e7\u0131lm\u0131\u015f sa\u00e7lar (do\u011fal veya renk i\u015flemi g\u00f6rm\u00fc\u015f)<\/p>\n<\/li>\n<li data-section-id=\"1ybto9a\" data-start=\"578\" data-end=\"698\">\n<p data-start=\"580\" data-end=\"698\">Sar\u0131 sa\u00e7lardaki istenmeyen s\u0131cak yans\u0131malar\u0131 azaltmak isteyenler i\u00e7in ideal.<\/p>\n<\/li>\n<\/ul>\n<h3 data-section-id=\"zivqfx\" data-start=\"700\" data-end=\"724\">Nas\u0131l kullan\u0131l\u0131r?<\/h3>\n<ol data-start=\"725\" data-end=\"1045\">\n<li data-section-id=\"vd4jop\" data-start=\"725\" data-end=\"755\">\n<p data-start=\"728\" data-end=\"755\">Islak sa\u00e7a uygulay\u0131n.<\/p>\n<\/li>\n<li data-section-id=\"39p3v6\" data-start=\"756\" data-end=\"815\">\n<p data-start=\"759\" data-end=\"815\">Parmak u\u00e7lar\u0131n\u0131zla nazik\u00e7e masaj yaparak k\u00f6p\u00fcrt\u00fcn.<\/p>\n<\/li>\n<li data-section-id=\"17a8s1r\" data-start=\"816\" data-end=\"916\">\n<p data-start=\"819\" data-end=\"916\">\u00d6zellikle sar\u0131 \u201cbrassy\u201d (sar\u0131\/turuncu) tonlar\u0131n yo\u011fun oldu\u011fu b\u00f6lgelere 2\u20133 dakika bekletin.<\/p>\n<\/li>\n<li data-section-id=\"2p5boq\" data-start=\"917\" data-end=\"942\">\n<p data-start=\"920\" data-end=\"942\">\u0130yice durulay\u0131n.<\/p>\n<\/li>\n<li data-section-id=\"6nvklm\" data-start=\"943\" data-end=\"1045\">\n<p data-start=\"946\" data-end=\"1045\">En iyi sonu\u00e7 i\u00e7in ayn\u0131 seri maskeyle birlikte kullan\u0131labilir.<\/p>\n<\/li>\n<\/ol>\n<h3 data-section-id=\"puox67\" data-start=\"1047\" data-end=\"1083\">\u0130\u00e7erik:<\/h3>\n<p data-start=\"1084\" data-end=\"1595\">Aqua\/Water\/Eau, Sodium Coceth Sulfate, Cocamidopropyl Betaine, Magnesium Lauryl Sulfate, Coco\u2011Glucoside, Glyceryl Oleate, Guar Hydroxypropyltrimonium Chloride, Parfum\/Fragrance, Hydrolyzed Chestnut Extract, Avena Sativa (Oat) Leaf\/Stalk Extract, Chamomilla Recutita (Matricaria) Flower Extract, Citric Acid, Tocopherol, Hydrogenated Palm Glycerides Citrate, Acid Violet 43 (colorant), Sodium Chloride, Sodium Benzoate, Potassium Sorbate, Benzyl Alcohol, Dehydroacetic Acid.<\/p>\n","protected":false},"featured_media":3889,"comment_status":"open","ping_status":"closed","template":"","meta":{"_acf_changed":false},"product_brand":[202],"product_cat":[15],"product_tag":[326,199,175,190],"class_list":{"0":"post-3890","1":"product","2":"type-product","3":"status-publish","4":"has-post-thumbnail","6":"product_brand-insight","7":"product_cat-genel","8":"product_tag-326","9":"product_tag-onarici","10":"product_tag-sampuan","11":"product_tag-sari-saclar","13":"first","14":"instock","15":"shipping-taxable","16":"purchasable","17":"product-type-simple"},"acf":[],"_links":{"self":[{"href":"https:\/\/www.kozmodern.com\/index.php?rest_route=\/wp\/v2\/product\/3890","targetHints":{"allow":["GET"]}}],"collection":[{"href":"https:\/\/www.kozmodern.com\/index.php?rest_route=\/wp\/v2\/product"}],"about":[{"href":"https:\/\/www.kozmodern.com\/index.php?rest_route=\/wp\/v2\/types\/product"}],"replies":[{"embeddable":true,"href":"https:\/\/www.kozmodern.com\/index.php?rest_route=%2Fwp%2Fv2%2Fcomments&post=3890"}],"wp:featuredmedia":[{"embeddable":true,"href":"https:\/\/www.kozmodern.com\/index.php?rest_route=\/wp\/v2\/media\/3889"}],"wp:attachment":[{"href":"https:\/\/www.kozmodern.com\/index.php?rest_route=%2Fwp%2Fv2%2Fmedia&parent=3890"}],"wp:term":[{"taxonomy":"product_brand","embeddable":true,"href":"https:\/\/www.kozmodern.com\/index.php?rest_route=%2Fwp%2Fv2%2Fproduct_brand&post=3890"},{"taxonomy":"product_cat","embeddable":true,"href":"https:\/\/www.kozmodern.com\/index.php?rest_route=%2Fwp%2Fv2%2Fproduct_cat&post=3890"},{"taxonomy":"product_tag","embeddable":true,"href":"https:\/\/www.kozmodern.com\/index.php?rest_route=%2Fwp%2Fv2%2Fproduct_tag&post=3890"}],"curies":[{"name":"wp","href":"https:\/\/api.w.org\/{rel}","templated":true}]}}