{"id":3902,"date":"2026-02-02T21:48:52","date_gmt":"2026-02-02T18:48:52","guid":{"rendered":"https:\/\/www.kozmodern.com\/?product=maria-nila-structure-repair-yipranmis-saclar-icin-onarici-sampuan-350ml"},"modified":"2026-03-01T22:08:35","modified_gmt":"2026-03-01T19:08:35","slug":"maria-nila-structure-repair-yipranmis-saclar-icin-onarici-sampuan-350ml","status":"publish","type":"product","link":"https:\/\/www.kozmodern.com\/?product=maria-nila-structure-repair-yipranmis-saclar-icin-onarici-sampuan-350ml","title":{"rendered":"Maria Nila Structure Repair Y\u0131pranm\u0131\u015f Sa\u00e7lar \u0130\u00e7in Onar\u0131c\u0131 \u015eampuan 350ml"},"content":{"rendered":"<p>Maria Nila Structure Repair Y\u0131pranm\u0131\u015f Sa\u00e7lar \u0130\u00e7in Onar\u0131c\u0131 \u015eampuan<\/p>\n<div><strong>\u00d6ZELL\u0130KLER<\/strong><\/div>\n<p>&nbsp;<\/p>\n<ul>\n<li>Kuru, y\u0131pranm\u0131\u015f ve kimyasal i\u015flem g\u00f6rm\u00fc\u015f sa\u00e7lar i\u00e7in geli\u015ftirilmi\u015ftir.<\/li>\n<li>Sa\u00e7\u0131 nemlendirir, onar\u0131r ve g\u00fc\u00e7lendirir.<\/li>\n<li>Geli\u015ftirdi\u011fi renk koruyucu sistem ile renk kay\u0131plar\u0131n\u0131 minimuma indirir.<\/li>\n<li>Y\u0131kama, \u0131s\u0131 ile \u015fekillendirme ve g\u00fcne\u015f \u0131\u015f\u0131nlar\u0131n\u0131n sebep oldu\u011fu hasarlara mani olur.<\/li>\n<li>Y\u0131pranm\u0131\u015f ve kuru sa\u00e7lar i\u00e7in g\u00fcnl\u00fck kullan\u0131ma uygundur.<\/li>\n<li>S\u00fclfat ve paraben i\u00e7ermez.<\/li>\n<li>%100 vegan i\u00e7eri\u011fe sahip olan Maria Nila \u00fcr\u00fcnlerinin hi\u00e7birinde hayvansal i\u00e7erikler bulunmamaktad\u0131r.<\/li>\n<\/ul>\n<div><\/div>\n<div><strong>\u0130\u00c7ER\u0130K<\/strong><\/div>\n<ul>\n<li>Yosun \u00d6zleri ile sa\u00e7\u0131n g\u00fc\u00e7l\u00fc, yumu\u015fak ve parlak g\u00f6r\u00fcnmesini sa\u011flar.<\/li>\n<\/ul>\n<div><\/div>\n<div><strong>NASIL KULLANILIR?<\/strong><\/div>\n<ul>\n<li>Nemli sa\u00e7a uygulay\u0131n.<\/li>\n<li>Masaj yaparak t\u00fcm sa\u00e7a yay\u0131lmas\u0131n\u0131 sa\u011flay\u0131n.<\/li>\n<li>\u0130yice durulay\u0131n.<\/li>\n<li>Gerekirse i\u015flemi tekrarlay\u0131n.<\/li>\n<\/ul>\n<p>\u00d6ne \u00c7\u0131kanlar:<br \/>\n&#8211; onar\u0131c\u0131: \u015fampuan<\/p>\n","protected":false},"excerpt":{"rendered":"<p>Maria Nila Structure Repair Y\u0131pranm\u0131\u015f Sa\u00e7lar \u0130\u00e7in Onar\u0131c\u0131 \u015eampuan<\/p>\n","protected":false},"featured_media":3901,"comment_status":"open","ping_status":"closed","template":"","meta":{"_acf_changed":false},"product_brand":[329],"product_cat":[15],"product_tag":[334,186,175,200],"class_list":{"0":"post-3902","1":"product","2":"type-product","3":"status-publish","4":"has-post-thumbnail","6":"product_brand-maria-nila","7":"product_cat-genel","8":"product_tag-334","9":"product_tag-kuru-saclar","10":"product_tag-sampuan","11":"product_tag-yipranmis-saclar","13":"first","14":"instock","15":"shipping-taxable","16":"purchasable","17":"product-type-simple"},"acf":[],"_links":{"self":[{"href":"https:\/\/www.kozmodern.com\/index.php?rest_route=\/wp\/v2\/product\/3902","targetHints":{"allow":["GET"]}}],"collection":[{"href":"https:\/\/www.kozmodern.com\/index.php?rest_route=\/wp\/v2\/product"}],"about":[{"href":"https:\/\/www.kozmodern.com\/index.php?rest_route=\/wp\/v2\/types\/product"}],"replies":[{"embeddable":true,"href":"https:\/\/www.kozmodern.com\/index.php?rest_route=%2Fwp%2Fv2%2Fcomments&post=3902"}],"wp:featuredmedia":[{"embeddable":true,"href":"https:\/\/www.kozmodern.com\/index.php?rest_route=\/wp\/v2\/media\/3901"}],"wp:attachment":[{"href":"https:\/\/www.kozmodern.com\/index.php?rest_route=%2Fwp%2Fv2%2Fmedia&parent=3902"}],"wp:term":[{"taxonomy":"product_brand","embeddable":true,"href":"https:\/\/www.kozmodern.com\/index.php?rest_route=%2Fwp%2Fv2%2Fproduct_brand&post=3902"},{"taxonomy":"product_cat","embeddable":true,"href":"https:\/\/www.kozmodern.com\/index.php?rest_route=%2Fwp%2Fv2%2Fproduct_cat&post=3902"},{"taxonomy":"product_tag","embeddable":true,"href":"https:\/\/www.kozmodern.com\/index.php?rest_route=%2Fwp%2Fv2%2Fproduct_tag&post=3902"}],"curies":[{"name":"wp","href":"https:\/\/api.w.org\/{rel}","templated":true}]}}