{"id":3918,"date":"2026-02-02T21:49:02","date_gmt":"2026-02-02T18:49:02","guid":{"rendered":"https:\/\/www.kozmodern.com\/?product=maria-nila-structure-repair-yipranmis-saclar-icin-onarici-maske-250ml"},"modified":"2026-03-01T22:08:36","modified_gmt":"2026-03-01T19:08:36","slug":"maria-nila-structure-repair-yipranmis-saclar-icin-onarici-maske-250ml","status":"publish","type":"product","link":"https:\/\/www.kozmodern.com\/?product=maria-nila-structure-repair-yipranmis-saclar-icin-onarici-maske-250ml","title":{"rendered":"Maria Nila Structure Repair Y\u0131pranm\u0131\u015f Sa\u00e7lar \u0130\u00e7in Onar\u0131c\u0131 Maske 250ml"},"content":{"rendered":"<p>Maria Nila Structure Repair Y\u0131pranm\u0131\u015f Sa\u00e7lar \u0130\u00e7in Onar\u0131c\u0131 Maske<\/p>\n<div><strong>\u00d6ZELL\u0130KLER<\/strong><\/div>\n<p>&nbsp;<\/p>\n<ul>\n<li>Kuru, y\u0131pranm\u0131\u015f ve kimyasal i\u015flem g\u00f6rm\u00fc\u015f sa\u00e7lar i\u00e7in geli\u015ftirilmi\u015ftir.<\/li>\n<li>Sa\u00e7lara derinlemesine bak\u0131m yapan maske nemlendirme, onar\u0131m ve yumu\u015fat\u0131c\u0131 etkiyi bir arada sunar.<\/li>\n<li>Elektriklenme kar\u015f\u0131t\u0131 form\u00fcl\u00fc, sa\u00e7\u0131n kabarmas\u0131n\u0131 \u00f6nler ve elektriklenmesine mani olur.<\/li>\n<li>Geli\u015ftirdi\u011fi renk koruyucu sistem ile renk kay\u0131plar\u0131n\u0131 minimuma indirir.<\/li>\n<li>Y\u0131kama, \u0131s\u0131 ile \u015fekillendirme ve g\u00fcne\u015f \u0131\u015f\u0131nlar\u0131n\u0131n sebep oldu\u011fu hasarlara mani olur.<\/li>\n<li>Sa\u00e7 y\u00fczeyindeki d\u00fc\u011f\u00fcmlenmeleri a\u00e7arak kolay taranmas\u0131n\u0131 sa\u011flar.<\/li>\n<li>S\u00fclfat ve paraben i\u00e7ermez.<\/li>\n<li>%100 vegan i\u00e7eri\u011fe sahip olan Maria Nila \u00fcr\u00fcnlerinin hi\u00e7birinde hayvansal i\u00e7erikler bulunmamaktad\u0131r.<\/li>\n<\/ul>\n<div><\/div>\n<div><strong>\u0130\u00c7ER\u0130K<\/strong><\/div>\n<ul>\n<li>Yosun \u00d6zleri ile sa\u00e7\u0131n g\u00fc\u00e7l\u00fc, yumu\u015fak ve parlak g\u00f6r\u00fcnmesini sa\u011flar.<\/li>\n<\/ul>\n<div><\/div>\n<div><strong>NASIL KULLANILIR?<\/strong><\/div>\n<ul>\n<li>Nemli temiz sa\u00e7\u0131n boy ve u\u00e7lar\u0131na uygulay\u0131n.<\/li>\n<li>Etki etmesi i\u00e7in 3 dakika bekletip iyice durulay\u0131n.<\/li>\n<li>A\u015f\u0131r\u0131 y\u0131pranm\u0131\u015f sa\u00e7larda daha yo\u011fun etki sa\u011flamak i\u00e7in 5-10 dakika boyunca beklettikten sonra sa\u00e7\u0131 durulay\u0131n.<\/li>\n<\/ul>\n<p>\u00d6ne \u00c7\u0131kanlar:<br \/>\n&#8211; yap\u0131land\u0131r\u0131c\u0131: maske<\/p>\n","protected":false},"excerpt":{"rendered":"<p>Maria Nila Structure Repair Y\u0131pranm\u0131\u015f Sa\u00e7lar \u0130\u00e7in Onar\u0131c\u0131 Maske<\/p>\n","protected":false},"featured_media":3917,"comment_status":"open","ping_status":"closed","template":"","meta":{"_acf_changed":false},"product_brand":[329],"product_cat":[15],"product_tag":[343,219,206,220],"class_list":{"0":"post-3918","1":"product","2":"type-product","3":"status-publish","4":"has-post-thumbnail","6":"product_brand-maria-nila","7":"product_cat-genel","8":"product_tag-343","9":"product_tag-boyali-saclar","10":"product_tag-maske","11":"product_tag-yipranmis","13":"first","14":"instock","15":"shipping-taxable","16":"purchasable","17":"product-type-simple"},"acf":[],"_links":{"self":[{"href":"https:\/\/www.kozmodern.com\/index.php?rest_route=\/wp\/v2\/product\/3918","targetHints":{"allow":["GET"]}}],"collection":[{"href":"https:\/\/www.kozmodern.com\/index.php?rest_route=\/wp\/v2\/product"}],"about":[{"href":"https:\/\/www.kozmodern.com\/index.php?rest_route=\/wp\/v2\/types\/product"}],"replies":[{"embeddable":true,"href":"https:\/\/www.kozmodern.com\/index.php?rest_route=%2Fwp%2Fv2%2Fcomments&post=3918"}],"wp:featuredmedia":[{"embeddable":true,"href":"https:\/\/www.kozmodern.com\/index.php?rest_route=\/wp\/v2\/media\/3917"}],"wp:attachment":[{"href":"https:\/\/www.kozmodern.com\/index.php?rest_route=%2Fwp%2Fv2%2Fmedia&parent=3918"}],"wp:term":[{"taxonomy":"product_brand","embeddable":true,"href":"https:\/\/www.kozmodern.com\/index.php?rest_route=%2Fwp%2Fv2%2Fproduct_brand&post=3918"},{"taxonomy":"product_cat","embeddable":true,"href":"https:\/\/www.kozmodern.com\/index.php?rest_route=%2Fwp%2Fv2%2Fproduct_cat&post=3918"},{"taxonomy":"product_tag","embeddable":true,"href":"https:\/\/www.kozmodern.com\/index.php?rest_route=%2Fwp%2Fv2%2Fproduct_tag&post=3918"}],"curies":[{"name":"wp","href":"https:\/\/api.w.org\/{rel}","templated":true}]}}