{"id":3930,"date":"2026-02-02T21:49:11","date_gmt":"2026-02-02T18:49:11","guid":{"rendered":"https:\/\/www.kozmodern.com\/?product=sebastian-potion-9-sac-sekillendirici-bakim-kremi-150-ml"},"modified":"2026-04-04T17:43:43","modified_gmt":"2026-04-04T14:43:43","slug":"sebastian-potion-9-sac-sekillendirici-bakim-kremi-150-ml","status":"publish","type":"product","link":"https:\/\/www.kozmodern.com\/?product=sebastian-potion-9-sac-sekillendirici-bakim-kremi-150-ml","title":{"rendered":"Sebastian Potion 9 Sa\u00e7 \u015eekillendirici Bak\u0131m Kremi 150 ml"},"content":{"rendered":"<h3 data-section-id=\"1i7b00g\" data-start=\"5\" data-end=\"31\">Ne i\u00e7in kullan\u0131l\u0131r?<\/h3>\n<ul data-start=\"32\" data-end=\"393\">\n<li data-section-id=\"1aeco4m\" data-start=\"32\" data-end=\"117\">\n<p data-start=\"34\" data-end=\"117\">\u015eekillendirirken bak\u0131m sa\u011flar: sa\u00e7\u0131n daha kolay \u015fekil almas\u0131na yard\u0131mc\u0131 olur.<\/p>\n<\/li>\n<li data-section-id=\"nka1vp\" data-start=\"118\" data-end=\"186\">\n<p data-start=\"120\" data-end=\"186\">Sa\u00e7\u0131 nemlendirir ve besler, kurumas\u0131n\u0131 ve kabarmas\u0131n\u0131 \u00f6nler.<\/p>\n<\/li>\n<li data-section-id=\"1csqlz8\" data-start=\"187\" data-end=\"252\">\n<p data-start=\"189\" data-end=\"252\">Elektriklenmeyi azalt\u0131r ve p\u00fcr\u00fczs\u00fcz bir y\u00fczey kazand\u0131r\u0131r.<\/p>\n<\/li>\n<li data-section-id=\"1ohf0c8\" data-start=\"253\" data-end=\"337\">\n<p data-start=\"255\" data-end=\"337\">F\u00f6n, ma\u015falar ve di\u011fer \u015fekillendiricilerle daha iyi sonu\u00e7 al\u0131nmas\u0131na destek olur.<\/p>\n<\/li>\n<li data-section-id=\"15my6uk\" data-start=\"338\" data-end=\"393\">\n<p data-start=\"340\" data-end=\"393\">Sa\u00e7a doku, kontrol ve hafif tutu\u015f sa\u011flayabilir.<\/p>\n<\/li>\n<\/ul>\n","protected":false},"excerpt":{"rendered":"<div class=\"flex flex-col text-sm pb-25\">\n<article class=\"text-token-text-primary w-full focus:outline-none [--shadow-height:45px] has-data-writing-block:pointer-events-none has-data-writing-block:-mt-(--shadow-height) has-data-writing-block:pt-(--shadow-height) [&amp;:has([data-writing-block])&gt;*]:pointer-events-auto scroll-mt-[calc(var(--header-height)+min(200px,max(70px,20svh)))]\" dir=\"auto\" tabindex=\"-1\" data-turn-id=\"request-WEB:db4a58dd-afee-4239-b2cc-e9827b5d0627-31\" data-testid=\"conversation-turn-64\" data-scroll-anchor=\"true\" data-turn=\"assistant\">\n<div class=\"text-base my-auto mx-auto pb-10 [--thread-content-margin:var(--thread-content-margin-xs,calc(var(--spacing)*4))] @w-sm\/main:[--thread-content-margin:var(--thread-content-margin-sm,calc(var(--spacing)*6))] @w-lg\/main:[--thread-content-margin:var(--thread-content-margin-lg,calc(var(--spacing)*16))] px-(--thread-content-margin)\">\n<div class=\"[--thread-content-max-width:40rem] @w-lg\/main:[--thread-content-max-width:48rem] mx-auto max-w-(--thread-content-max-width) flex-1 group\/turn-messages focus-visible:outline-hidden relative flex w-full min-w-0 flex-col agent-turn\" tabindex=\"-1\">\n<div class=\"flex max-w-full flex-col gap-4 grow\">\n<div class=\"min-h-8 text-message relative flex w-full flex-col items-end gap-2 text-start break-words whitespace-normal [.text-message+&amp;]:mt-1\" dir=\"auto\" data-message-author-role=\"assistant\" data-message-id=\"6d47e7bd-05a2-4531-9b11-805449ad188d\" data-message-model-slug=\"gpt-5-mini\">\n<div class=\"flex w-full flex-col gap-1 empty:hidden\">\n<div class=\"markdown prose dark:prose-invert w-full wrap-break-word light markdown-new-styling\">\n<h3 data-section-id=\"1mzsle0\" data-start=\"395\" data-end=\"433\">Hangi sa\u00e7 tipleri i\u00e7in uygundur?<\/h3>\n<ul data-start=\"434\" data-end=\"601\">\n<li data-section-id=\"rt95pv\" data-start=\"434\" data-end=\"472\">\n<p data-start=\"436\" data-end=\"472\">T\u00fcm sa\u00e7 tipleri i\u00e7in uygundur.<\/p>\n<\/li>\n<li data-section-id=\"1x4oyhk\" data-start=\"473\" data-end=\"601\">\n<p data-start=\"475\" data-end=\"485\">\u00d6zellikle:<\/p>\n<ul data-start=\"488\" data-end=\"601\">\n<li data-section-id=\"1ylq9o6\" data-start=\"488\" data-end=\"515\">\n<p data-start=\"490\" data-end=\"515\">Kuru veya nemsiz sa\u00e7lar<\/p>\n<\/li>\n<li data-section-id=\"1cxvp8q\" data-start=\"518\" data-end=\"553\">\n<p data-start=\"520\" data-end=\"553\">Elektriklenen ve kabaran sa\u00e7lar<\/p>\n<\/li>\n<li data-section-id=\"1egtgu3\" data-start=\"556\" data-end=\"601\">\n<p data-start=\"558\" data-end=\"601\">\u015eekillendirmede ekstra kontrol isteyenler<\/p>\n<\/li>\n<\/ul>\n<\/li>\n<\/ul>\n<h3 data-section-id=\"1m1r4cm\" data-start=\"603\" data-end=\"627\">Nas\u0131l kullan\u0131l\u0131r?<\/h3>\n<ol data-start=\"628\" data-end=\"899\">\n<li data-section-id=\"1aq1sbl\" data-start=\"628\" data-end=\"671\">\n<p data-start=\"631\" data-end=\"671\">Nemli sa\u00e7a birka\u00e7 pompa uygulay\u0131n.<\/p>\n<\/li>\n<li data-section-id=\"1sbdplz\" data-start=\"672\" data-end=\"718\">\n<p data-start=\"675\" data-end=\"718\">Parmaklar\u0131n\u0131zla e\u015fit \u015fekilde da\u011f\u0131t\u0131n.<\/p>\n<\/li>\n<li data-section-id=\"1w8epk\" data-start=\"719\" data-end=\"784\">\n<p data-start=\"722\" data-end=\"784\">\u0130sterseniz sa\u00e7\u0131n\u0131z\u0131 havayla kurutarak do\u011fal \u015fekil verin.<\/p>\n<\/li>\n<li data-section-id=\"73rjwg\" data-start=\"785\" data-end=\"870\">\n<p data-start=\"788\" data-end=\"870\">F\u00f6n, d\u00fczle\u015ftirici veya ma\u015fayla \u015fekillendirirken daha kontroll\u00fc sonu\u00e7 sa\u011flar.<\/p>\n<\/li>\n<li data-section-id=\"wd9bwk\" data-start=\"871\" data-end=\"899\">\n<p data-start=\"874\" data-end=\"899\">Durulama gerektirmez.<\/p>\n<\/li>\n<\/ol>\n<h3 data-section-id=\"puox67\" data-start=\"901\" data-end=\"937\">\u0130\u00e7erik:<\/h3>\n<p data-start=\"938\" data-end=\"1303\" data-is-last-node=\"\" data-is-only-node=\"\">Aqua\/Water\/Eau, Glycerin, PVP\/Methacrylamide\/Vinyl Imidazole Copolymer, Polyquaternium\u201116, Phenoxyethanol, Panthenol, Sodium Benzoate, Styrene\/VP Copolymer, PEG\u201140 Hydrogenated Castor Oil, Fragrance (Parfum), Disodium EDTA, Acetyl Glucosamine, Cetrimonium Chloride, Citric Acid, Limonene, Benzyl Salicylate, Hexyl Cinnamal, Alpha\u2011Isomethyl Ionone, Linalool, Citral.<\/p>\n<\/div>\n<\/div>\n<\/div>\n<\/div>\n<div class=\"z-0 flex min-h-[46px] justify-start\"><\/div>\n<\/div>\n<\/div>\n<\/article>\n<\/div>\n<div class=\"pointer-events-none h-px w-px absolute bottom-0\" aria-hidden=\"true\" data-edge=\"true\"><\/div>\n","protected":false},"featured_media":3929,"comment_status":"open","ping_status":"closed","template":"","meta":{"_acf_changed":false},"product_brand":[349],"product_cat":[15],"product_tag":[350,184,228,183],"class_list":{"0":"post-3930","1":"product","2":"type-product","3":"status-publish","4":"has-post-thumbnail","6":"product_brand-sebastian","7":"product_cat-genel","8":"product_tag-350","9":"product_tag-krem","10":"product_tag-sekillendirme","11":"product_tag-tum-sac-tipleri","13":"first","14":"instock","15":"shipping-taxable","16":"purchasable","17":"product-type-simple"},"acf":[],"_links":{"self":[{"href":"https:\/\/www.kozmodern.com\/index.php?rest_route=\/wp\/v2\/product\/3930","targetHints":{"allow":["GET"]}}],"collection":[{"href":"https:\/\/www.kozmodern.com\/index.php?rest_route=\/wp\/v2\/product"}],"about":[{"href":"https:\/\/www.kozmodern.com\/index.php?rest_route=\/wp\/v2\/types\/product"}],"replies":[{"embeddable":true,"href":"https:\/\/www.kozmodern.com\/index.php?rest_route=%2Fwp%2Fv2%2Fcomments&post=3930"}],"wp:featuredmedia":[{"embeddable":true,"href":"https:\/\/www.kozmodern.com\/index.php?rest_route=\/wp\/v2\/media\/3929"}],"wp:attachment":[{"href":"https:\/\/www.kozmodern.com\/index.php?rest_route=%2Fwp%2Fv2%2Fmedia&parent=3930"}],"wp:term":[{"taxonomy":"product_brand","embeddable":true,"href":"https:\/\/www.kozmodern.com\/index.php?rest_route=%2Fwp%2Fv2%2Fproduct_brand&post=3930"},{"taxonomy":"product_cat","embeddable":true,"href":"https:\/\/www.kozmodern.com\/index.php?rest_route=%2Fwp%2Fv2%2Fproduct_cat&post=3930"},{"taxonomy":"product_tag","embeddable":true,"href":"https:\/\/www.kozmodern.com\/index.php?rest_route=%2Fwp%2Fv2%2Fproduct_tag&post=3930"}],"curies":[{"name":"wp","href":"https:\/\/api.w.org\/{rel}","templated":true}]}}