{"id":3932,"date":"2026-02-02T21:49:14","date_gmt":"2026-02-02T18:49:14","guid":{"rendered":"https:\/\/www.kozmodern.com\/?product=kerastase-gloss-absolu-hair-mist-30-ml"},"modified":"2026-04-18T16:25:38","modified_gmt":"2026-04-18T13:25:38","slug":"kerastase-gloss-absolu-hair-mist-30-ml","status":"publish","type":"product","link":"https:\/\/www.kozmodern.com\/?product=kerastase-gloss-absolu-hair-mist-30-ml","title":{"rendered":"Kerastase Gloss Absolu Hair Mist 30 ml"},"content":{"rendered":"<h3 data-section-id=\"b5sr4\" data-start=\"44\" data-end=\"72\">Ne i\u00e7in kullan\u0131l\u0131r?<\/h3>\n<ul data-start=\"73\" data-end=\"365\">\n<li data-section-id=\"4rjqx7\" data-start=\"73\" data-end=\"161\">\n<p data-start=\"75\" data-end=\"161\">Sa\u00e7a zarif bir koku ve ferahl\u0131k sa\u011flar, sa\u00e7taki ho\u015f parf\u00fcm etkisini g\u00fc\u00e7lendirir.<\/p>\n<\/li>\n<li data-section-id=\"1ctmagv\" data-start=\"162\" data-end=\"259\">\n<p data-start=\"164\" data-end=\"259\">Yumu\u015fakl\u0131k ve hafif parlakl\u0131k kazand\u0131r\u0131r, kabarmaya yatk\u0131n sa\u00e7lara ho\u015f bir dokunu\u015f ekler.<\/p>\n<\/li>\n<li data-section-id=\"c0xwf8\" data-start=\"260\" data-end=\"365\">\n<p data-start=\"262\" data-end=\"365\">Sa\u00e7lar\u0131 kurutmadan kokulu b\u0131rak\u0131r ve g\u00fcn boyu taze his verir.<\/p>\n<\/li>\n<\/ul>\n","protected":false},"excerpt":{"rendered":"<h3 data-section-id=\"wu5fm0\" data-start=\"367\" data-end=\"407\">Hangi sa\u00e7 tipleri i\u00e7in uygundur?<\/h3>\n<ul data-start=\"408\" data-end=\"551\">\n<li data-section-id=\"rt95pv\" data-start=\"408\" data-end=\"446\">\n<p data-start=\"410\" data-end=\"446\">T\u00fcm sa\u00e7 tipleri i\u00e7in uygundur.<\/p>\n<\/li>\n<li data-section-id=\"gzqx2g\" data-start=\"447\" data-end=\"551\">\n<p data-start=\"449\" data-end=\"551\">\u00d6zellikle koku ve ekstra parlakl\u0131k isteyenler i\u00e7in idealdir.<\/p>\n<\/li>\n<\/ul>\n<h3 data-section-id=\"19cp02l\" data-start=\"553\" data-end=\"579\">Nas\u0131l kullan\u0131l\u0131r?<\/h3>\n<ol data-start=\"580\" data-end=\"810\">\n<li data-section-id=\"1tl7owl\" data-start=\"580\" data-end=\"628\">\n<p data-start=\"583\" data-end=\"628\">\u015ei\u015feyi sa\u00e7\u0131n\u0131za 3\u20135\u202fcm uzakl\u0131kta tutun.<\/p>\n<\/li>\n<li data-section-id=\"1o2xmac\" data-start=\"629\" data-end=\"670\">\n<p data-start=\"632\" data-end=\"670\">Kuru sa\u00e7\u0131n\u0131za 2\u20133 kez p\u00fcsk\u00fcrt\u00fcn.<\/p>\n<\/li>\n<li data-section-id=\"1jil55q\" data-start=\"671\" data-end=\"810\">\n<p data-start=\"674\" data-end=\"810\">Durulama gerektirmez. (Gerekirse istedi\u011finiz kadar tazelemek i\u00e7in yeniden p\u00fcsk\u00fcrtebilirsiniz.)<\/p>\n<\/li>\n<\/ol>\n<h3 data-section-id=\"p79qzz\" data-start=\"812\" data-end=\"850\">\u0130\u00e7erik:<\/h3>\n<p data-start=\"851\" data-end=\"1591\">Alcohol\u202fDenat., Aqua\/Water\/Eau, Dipropylene\u202fGlycol, Caprylic\/Capric\u202fTriglyceride, Triethyl\u202fCitrate, Parfum\/Fragrance, PPG\u201126\u2011Buteth\u201126, PEG\u201140\u202fHydrogenated\u202fCastor\u202fOil, Carvone, Limonene, Citrus\u202fLimon\u202fPeel\u202fOil, Polyglceryl\u201110\u202fLaurate, Citrus\u202fAurantium\u202fPeel\u202fOil, Linalyl\u202fAcetate, Butyl\u202fMethoxydibenzoylmethane, Linalool, Tetramethyl\u202fAcetyloctahydronaphthalenes, Pinene, Citronellol, Pentaerythrityl\u202fTetra\u2011Di\u2011T\u2011Butyl\u202fHydroxyhydrocinnamate, Hexyl\u202fCinnamal, Alpha\u2011Isomethyl\u202fIonone, Citral, Terpinolene, Argania\u202fSpinosa\u202fKernel\u202fOil, Terpineol, Vanillin, Coumarin, Geranyl\u202fAcetate, Beta\u2011Caryophyllene, Alpha\u2011Terpinene, Rose\u202fKetones, Geraniol, Hexadecanolactone, Citrus\u202fAurantium\u202fFlower\u202fOil, CI\u202f14700, CI\u202f19140.<\/p>\n","protected":false},"featured_media":3931,"comment_status":"open","ping_status":"closed","template":"","meta":{"_acf_changed":false},"product_brand":[171],"product_cat":[15],"product_tag":[351,194,227,183],"class_list":{"0":"post-3932","1":"product","2":"type-product","3":"status-publish","4":"has-post-thumbnail","6":"product_brand-kerastase","7":"product_cat-genel","8":"product_tag-351","9":"product_tag-elektriklenme","10":"product_tag-sprey","11":"product_tag-tum-sac-tipleri","13":"first","14":"instock","15":"shipping-taxable","16":"purchasable","17":"product-type-simple"},"acf":[],"_links":{"self":[{"href":"https:\/\/www.kozmodern.com\/index.php?rest_route=\/wp\/v2\/product\/3932","targetHints":{"allow":["GET"]}}],"collection":[{"href":"https:\/\/www.kozmodern.com\/index.php?rest_route=\/wp\/v2\/product"}],"about":[{"href":"https:\/\/www.kozmodern.com\/index.php?rest_route=\/wp\/v2\/types\/product"}],"replies":[{"embeddable":true,"href":"https:\/\/www.kozmodern.com\/index.php?rest_route=%2Fwp%2Fv2%2Fcomments&post=3932"}],"wp:featuredmedia":[{"embeddable":true,"href":"https:\/\/www.kozmodern.com\/index.php?rest_route=\/wp\/v2\/media\/3931"}],"wp:attachment":[{"href":"https:\/\/www.kozmodern.com\/index.php?rest_route=%2Fwp%2Fv2%2Fmedia&parent=3932"}],"wp:term":[{"taxonomy":"product_brand","embeddable":true,"href":"https:\/\/www.kozmodern.com\/index.php?rest_route=%2Fwp%2Fv2%2Fproduct_brand&post=3932"},{"taxonomy":"product_cat","embeddable":true,"href":"https:\/\/www.kozmodern.com\/index.php?rest_route=%2Fwp%2Fv2%2Fproduct_cat&post=3932"},{"taxonomy":"product_tag","embeddable":true,"href":"https:\/\/www.kozmodern.com\/index.php?rest_route=%2Fwp%2Fv2%2Fproduct_tag&post=3932"}],"curies":[{"name":"wp","href":"https:\/\/api.w.org\/{rel}","templated":true}]}}