{"id":4086,"date":"2026-03-01T22:17:28","date_gmt":"2026-03-01T19:17:28","guid":{"rendered":"https:\/\/www.kozmodern.com\/?product=kerastase-blond-absolu-bain-lumiere-parlaklik-veren-sampuan-250-ml"},"modified":"2026-04-17T17:58:20","modified_gmt":"2026-04-17T14:58:20","slug":"kerastase-blond-absolu-bain-lumiere-parlaklik-veren-sampuan-250-ml","status":"publish","type":"product","link":"https:\/\/www.kozmodern.com\/?product=kerastase-blond-absolu-bain-lumiere-parlaklik-veren-sampuan-250-ml","title":{"rendered":"Kerastase Blond Absolu Bain Lumiere Parlakl\u0131k Veren \u015eampuan 250 ml"},"content":{"rendered":"<div class=\"flex flex-col text-sm pb-25\">\n<section class=\"text-token-text-primary w-full focus:outline-none [--shadow-height:45px] has-data-writing-block:pointer-events-none has-data-writing-block:-mt-(--shadow-height) has-data-writing-block:pt-(--shadow-height) [&amp;:has([data-writing-block])&gt;*]:pointer-events-auto scroll-mt-[calc(var(--header-height)+min(200px,max(70px,20svh)))]\" dir=\"auto\" data-turn-id=\"request-WEB:194c6895-0b29-44e3-b928-567bd4924e4b-19\" data-testid=\"conversation-turn-38\" data-scroll-anchor=\"true\" data-turn=\"assistant\">\n<div class=\"text-base my-auto mx-auto pb-10 [--thread-content-margin:var(--thread-content-margin-xs,calc(var(--spacing)*4))] @w-sm\/main:[--thread-content-margin:var(--thread-content-margin-sm,calc(var(--spacing)*6))] @w-lg\/main:[--thread-content-margin:var(--thread-content-margin-lg,calc(var(--spacing)*16))] px-(--thread-content-margin)\">\n<div class=\"[--thread-content-max-width:40rem] @w-lg\/main:[--thread-content-max-width:48rem] mx-auto max-w-(--thread-content-max-width) flex-1 group\/turn-messages focus-visible:outline-hidden relative flex w-full min-w-0 flex-col agent-turn\">\n<div class=\"flex max-w-full flex-col gap-4 grow\">\n<div class=\"min-h-8 text-message relative flex w-full flex-col items-end gap-2 text-start break-words whitespace-normal outline-none keyboard-focused:focus-ring [.text-message+&amp;]:mt-1\" dir=\"auto\" tabindex=\"0\" data-message-author-role=\"assistant\" data-message-id=\"23ab365b-b311-4a9e-ad31-f45bcc1582f2\" data-turn-start-message=\"true\" data-message-model-slug=\"gpt-5-mini\">\n<div class=\"flex w-full flex-col gap-1 empty:hidden\">\n<div class=\"markdown prose dark:prose-invert w-full wrap-break-word light markdown-new-styling\">\n<h3 data-section-id=\"c3spm3\" data-start=\"52\" data-end=\"77\">Kimler i\u00e7in uygundur<\/h3>\n<ul data-start=\"78\" data-end=\"348\">\n<li data-section-id=\"1strym\" data-start=\"78\" data-end=\"125\">Sar\u0131, platin veya a\u00e7\u0131k tonlara sahip sa\u00e7lar<\/li>\n<li data-section-id=\"s6hg93\" data-start=\"126\" data-end=\"155\">R\u00f6fleli ve a\u00e7\u0131lm\u0131\u015f sa\u00e7lar<\/li>\n<li data-section-id=\"1ily73z\" data-start=\"156\" data-end=\"185\">Mat ve nemsiz sa\u00e7 telleri<\/li>\n<li data-section-id=\"sstoxx\" data-start=\"186\" data-end=\"224\">Hassasla\u015fm\u0131\u015f veya y\u0131pranm\u0131\u015f sa\u00e7lar<\/li>\n<li data-section-id=\"spdgxw\" data-start=\"225\" data-end=\"261\">Parlakl\u0131k ve hafiflik isteyenler<\/li>\n<li data-section-id=\"exzzd3\" data-start=\"262\" data-end=\"348\">T\u00fcm sar\u0131 sa\u00e7 tipleri (do\u011fal veya i\u015flem g\u00f6rm\u00fc\u015f)<\/li>\n<\/ul>\n<\/div>\n<\/div>\n<\/div>\n<\/div>\n<\/div>\n<\/div>\n<\/section>\n<\/div>\n<div class=\"pointer-events-none h-px w-px absolute bottom-0\" aria-hidden=\"true\" data-edge=\"true\"><\/div>\n","protected":false},"excerpt":{"rendered":"<div class=\"flex flex-col text-sm pb-25\">\n<section class=\"text-token-text-primary w-full focus:outline-none [--shadow-height:45px] has-data-writing-block:pointer-events-none has-data-writing-block:-mt-(--shadow-height) has-data-writing-block:pt-(--shadow-height) [&amp;:has([data-writing-block])&gt;*]:pointer-events-auto scroll-mt-[calc(var(--header-height)+min(200px,max(70px,20svh)))]\" dir=\"auto\" data-turn-id=\"request-WEB:194c6895-0b29-44e3-b928-567bd4924e4b-19\" data-testid=\"conversation-turn-38\" data-scroll-anchor=\"true\" data-turn=\"assistant\">\n<div class=\"text-base my-auto mx-auto pb-10 [--thread-content-margin:var(--thread-content-margin-xs,calc(var(--spacing)*4))] @w-sm\/main:[--thread-content-margin:var(--thread-content-margin-sm,calc(var(--spacing)*6))] @w-lg\/main:[--thread-content-margin:var(--thread-content-margin-lg,calc(var(--spacing)*16))] px-(--thread-content-margin)\">\n<div class=\"[--thread-content-max-width:40rem] @w-lg\/main:[--thread-content-max-width:48rem] mx-auto max-w-(--thread-content-max-width) flex-1 group\/turn-messages focus-visible:outline-hidden relative flex w-full min-w-0 flex-col agent-turn\">\n<div class=\"flex max-w-full flex-col gap-4 grow\">\n<div class=\"min-h-8 text-message relative flex w-full flex-col items-end gap-2 text-start break-words whitespace-normal outline-none keyboard-focused:focus-ring [.text-message+&amp;]:mt-1\" dir=\"auto\" tabindex=\"0\" data-message-author-role=\"assistant\" data-message-id=\"23ab365b-b311-4a9e-ad31-f45bcc1582f2\" data-turn-start-message=\"true\" data-message-model-slug=\"gpt-5-mini\">\n<div class=\"flex w-full flex-col gap-1 empty:hidden\">\n<div class=\"markdown prose dark:prose-invert w-full wrap-break-word light markdown-new-styling\">\n<h3 data-section-id=\"dzt1go\" data-start=\"350\" data-end=\"373\">Ne i\u00e7in kullan\u0131l\u0131r<\/h3>\n<ul data-start=\"374\" data-end=\"657\">\n<li data-section-id=\"17a67o8\" data-start=\"374\" data-end=\"415\">Sa\u00e7\u0131 derinlemesine nazik\u00e7e temizlemek<\/li>\n<li data-section-id=\"1j7479\" data-start=\"416\" data-end=\"458\">Sa\u00e7 tellerini nemlendirmek ve beslemek<\/li>\n<li data-section-id=\"1mb60vo\" data-start=\"459\" data-end=\"508\">G\u00fcnl\u00fck \u00e7evresel kir ve kirlilikten ar\u0131nd\u0131rmak<\/li>\n<li data-section-id=\"1hiacgl\" data-start=\"509\" data-end=\"559\">Sa\u00e7a do\u011fal bir parlakl\u0131k ve \u0131\u015f\u0131lt\u0131 kazand\u0131rmak<\/li>\n<li data-section-id=\"3m8cfo\" data-start=\"560\" data-end=\"657\">Matla\u015fm\u0131\u015f sar\u0131 tonlar\u0131 canland\u0131rmak ve hafif his b\u0131rakmak<\/li>\n<\/ul>\n<h3 data-section-id=\"1v35uln\" data-start=\"659\" data-end=\"680\">Nas\u0131l kullan\u0131l\u0131r<\/h3>\n<ul data-start=\"681\" data-end=\"895\">\n<li data-section-id=\"d6z2dx\" data-start=\"681\" data-end=\"705\">Islak sa\u00e7a uygulay\u0131n<\/li>\n<li data-section-id=\"b495eu\" data-start=\"706\" data-end=\"764\">Parmak u\u00e7lar\u0131n\u0131zla sa\u00e7 derisine masaj yaparak k\u00f6p\u00fcrt\u00fcn<\/li>\n<li data-section-id=\"5duhew\" data-start=\"765\" data-end=\"795\">Dipten uca nazik\u00e7e da\u011f\u0131t\u0131n<\/li>\n<li data-section-id=\"1cl5fxu\" data-start=\"796\" data-end=\"820\">Bol su ile durulay\u0131n<\/li>\n<li data-section-id=\"1uq80il\" data-start=\"821\" data-end=\"895\">Gerekirse ikinci kez uygulanabilir<\/li>\n<\/ul>\n<h3 data-section-id=\"wdv9ru\" data-start=\"897\" data-end=\"927\">\u0130\u00e7indekiler (Ingredients)<\/h3>\n<p data-start=\"928\" data-end=\"1343\">Aqua\/Water, Sodium Laureth Sulfate, Glycerin, Coco\u2011Betaine, Sodium Chloride, Cocamide MIPA, Citric Acid, Sodium Benzoate, Sodium Hydroxide, Hexylene Glycol, Hydroxypropyl Guar Hydroxypropyltrimonium Chloride, Salicylic Acid, Limonene, Tocopherol, Leontopodium Alpinum Flower\/Leaf Extract, Sodium Hyaluronate, Malva Sylvestris Flower Extract, Potassium Sorbate, Parfum\/Fragrance<\/p>\n<\/div>\n<\/div>\n<\/div>\n<\/div>\n<div class=\"z-0 flex min-h-[46px] justify-start\"><\/div>\n<\/div>\n<\/div>\n<\/section>\n<\/div>\n<div class=\"pointer-events-none h-px w-px absolute bottom-0\" aria-hidden=\"true\" data-edge=\"true\"><\/div>\n","protected":false},"featured_media":4085,"comment_status":"open","ping_status":"closed","template":"","meta":{"_acf_changed":false},"product_brand":[171],"product_cat":[372],"product_tag":[354],"class_list":{"0":"post-4086","1":"product","2":"type-product","3":"status-publish","4":"has-post-thumbnail","6":"product_brand-kerastase","7":"product_cat-sampuan-2","8":"product_tag-kerastase","10":"first","11":"instock","12":"shipping-taxable","13":"purchasable","14":"product-type-simple"},"acf":[],"_links":{"self":[{"href":"https:\/\/www.kozmodern.com\/index.php?rest_route=\/wp\/v2\/product\/4086","targetHints":{"allow":["GET"]}}],"collection":[{"href":"https:\/\/www.kozmodern.com\/index.php?rest_route=\/wp\/v2\/product"}],"about":[{"href":"https:\/\/www.kozmodern.com\/index.php?rest_route=\/wp\/v2\/types\/product"}],"replies":[{"embeddable":true,"href":"https:\/\/www.kozmodern.com\/index.php?rest_route=%2Fwp%2Fv2%2Fcomments&post=4086"}],"wp:featuredmedia":[{"embeddable":true,"href":"https:\/\/www.kozmodern.com\/index.php?rest_route=\/wp\/v2\/media\/4085"}],"wp:attachment":[{"href":"https:\/\/www.kozmodern.com\/index.php?rest_route=%2Fwp%2Fv2%2Fmedia&parent=4086"}],"wp:term":[{"taxonomy":"product_brand","embeddable":true,"href":"https:\/\/www.kozmodern.com\/index.php?rest_route=%2Fwp%2Fv2%2Fproduct_brand&post=4086"},{"taxonomy":"product_cat","embeddable":true,"href":"https:\/\/www.kozmodern.com\/index.php?rest_route=%2Fwp%2Fv2%2Fproduct_cat&post=4086"},{"taxonomy":"product_tag","embeddable":true,"href":"https:\/\/www.kozmodern.com\/index.php?rest_route=%2Fwp%2Fv2%2Fproduct_tag&post=4086"}],"curies":[{"name":"wp","href":"https:\/\/api.w.org\/{rel}","templated":true}]}}