{"id":4184,"date":"2026-03-01T22:17:35","date_gmt":"2026-03-01T19:17:35","guid":{"rendered":"https:\/\/www.kozmodern.com\/?product=kerastase-specifique-bain-divalent-yaglanma-karsiti-sampuan-250-ml"},"modified":"2026-04-17T15:32:00","modified_gmt":"2026-04-17T12:32:00","slug":"kerastase-specifique-bain-divalent-yaglanma-karsiti-sampuan-250-ml","status":"publish","type":"product","link":"https:\/\/www.kozmodern.com\/?product=kerastase-specifique-bain-divalent-yaglanma-karsiti-sampuan-250-ml","title":{"rendered":"Kerastase Specifique Bain Divalent Ya\u011flanma Kar\u015f\u0131t\u0131 \u015eampuan 250 ml"},"content":{"rendered":"<div class=\"flex flex-col text-sm pb-25\">\n<section class=\"text-token-text-primary w-full focus:outline-none [--shadow-height:45px] has-data-writing-block:pointer-events-none has-data-writing-block:-mt-(--shadow-height) has-data-writing-block:pt-(--shadow-height) [&amp;:has([data-writing-block])&gt;*]:pointer-events-auto scroll-mt-[calc(var(--header-height)+min(200px,max(70px,20svh)))]\" dir=\"auto\" data-turn-id=\"request-WEB:6ad13007-09b1-4e01-9b24-bb0c6f765f71-19\" data-testid=\"conversation-turn-40\" data-scroll-anchor=\"true\" data-turn=\"assistant\">\n<div class=\"text-base my-auto mx-auto pb-10 [--thread-content-margin:var(--thread-content-margin-xs,calc(var(--spacing)*4))] @w-sm\/main:[--thread-content-margin:var(--thread-content-margin-sm,calc(var(--spacing)*6))] @w-lg\/main:[--thread-content-margin:var(--thread-content-margin-lg,calc(var(--spacing)*16))] px-(--thread-content-margin)\">\n<div class=\"[--thread-content-max-width:40rem] @w-lg\/main:[--thread-content-max-width:48rem] mx-auto max-w-(--thread-content-max-width) flex-1 group\/turn-messages focus-visible:outline-hidden relative flex w-full min-w-0 flex-col agent-turn\">\n<div class=\"flex max-w-full flex-col gap-4 grow\">\n<div class=\"min-h-8 text-message relative flex w-full flex-col items-end gap-2 text-start break-words whitespace-normal outline-none keyboard-focused:focus-ring [.text-message+&amp;]:mt-1\" dir=\"auto\" tabindex=\"0\" data-message-author-role=\"assistant\" data-message-id=\"cb0a7d24-7471-4380-a5eb-7c7c9d4012a7\" data-turn-start-message=\"true\" data-message-model-slug=\"gpt-5-mini\">\n<div class=\"flex w-full flex-col gap-1 empty:hidden\">\n<div class=\"markdown prose dark:prose-invert w-full wrap-break-word light markdown-new-styling\">\n<h3 data-section-id=\"1ois3w7\" data-start=\"51\" data-end=\"80\"><span role=\"text\"><strong data-start=\"55\" data-end=\"80\">Kimler i\u00e7in uygundur?<\/strong><\/span><\/h3>\n<ul data-start=\"81\" data-end=\"304\">\n<li data-section-id=\"1c10qho\" data-start=\"81\" data-end=\"117\">Ya\u011fl\u0131 sa\u00e7 derisine sahip olanlar<\/li>\n<li data-section-id=\"14qr5ij\" data-start=\"118\" data-end=\"175\">Sebum \u00fcretimi nedeniyle sa\u00e7 dipleri h\u0131zla ya\u011flananlar<\/li>\n<li data-section-id=\"1wyfpsj\" data-start=\"176\" data-end=\"217\">Hassasla\u015fm\u0131\u015f uzunluklara sahip sa\u00e7lar<\/li>\n<li data-section-id=\"viylgs\" data-start=\"218\" data-end=\"304\">Sa\u00e7 u\u00e7lar\u0131 kuruyan fakat dipleri ya\u011fl\u0131 olanlar<\/li>\n<\/ul>\n<\/div>\n<\/div>\n<\/div>\n<\/div>\n<\/div>\n<\/div>\n<\/section>\n<\/div>\n<div class=\"pointer-events-none h-px w-px absolute bottom-0\" aria-hidden=\"true\" data-edge=\"true\"><\/div>\n","protected":false},"excerpt":{"rendered":"<div class=\"flex flex-col text-sm pb-25\">\n<section class=\"text-token-text-primary w-full focus:outline-none [--shadow-height:45px] has-data-writing-block:pointer-events-none has-data-writing-block:-mt-(--shadow-height) has-data-writing-block:pt-(--shadow-height) [&amp;:has([data-writing-block])&gt;*]:pointer-events-auto scroll-mt-[calc(var(--header-height)+min(200px,max(70px,20svh)))]\" dir=\"auto\" data-turn-id=\"request-WEB:6ad13007-09b1-4e01-9b24-bb0c6f765f71-19\" data-testid=\"conversation-turn-40\" data-scroll-anchor=\"true\" data-turn=\"assistant\">\n<div class=\"text-base my-auto mx-auto pb-10 [--thread-content-margin:var(--thread-content-margin-xs,calc(var(--spacing)*4))] @w-sm\/main:[--thread-content-margin:var(--thread-content-margin-sm,calc(var(--spacing)*6))] @w-lg\/main:[--thread-content-margin:var(--thread-content-margin-lg,calc(var(--spacing)*16))] px-(--thread-content-margin)\">\n<div class=\"[--thread-content-max-width:40rem] @w-lg\/main:[--thread-content-max-width:48rem] mx-auto max-w-(--thread-content-max-width) flex-1 group\/turn-messages focus-visible:outline-hidden relative flex w-full min-w-0 flex-col agent-turn\">\n<div class=\"flex max-w-full flex-col gap-4 grow\">\n<div class=\"min-h-8 text-message relative flex w-full flex-col items-end gap-2 text-start break-words whitespace-normal outline-none keyboard-focused:focus-ring [.text-message+&amp;]:mt-1\" dir=\"auto\" tabindex=\"0\" data-message-author-role=\"assistant\" data-message-id=\"cb0a7d24-7471-4380-a5eb-7c7c9d4012a7\" data-turn-start-message=\"true\" data-message-model-slug=\"gpt-5-mini\">\n<div class=\"flex w-full flex-col gap-1 empty:hidden\">\n<div class=\"markdown prose dark:prose-invert w-full wrap-break-word light markdown-new-styling\">\n<h3 data-section-id=\"1ywxi6s\" data-start=\"311\" data-end=\"338\"><span role=\"text\">Ne i\u00e7in kullan\u0131l\u0131r?<\/span><\/h3>\n<ul data-start=\"339\" data-end=\"622\">\n<li data-section-id=\"nqy7oh\" data-start=\"339\" data-end=\"381\">Sa\u00e7 derisini ve k\u00f6kleri ar\u0131nd\u0131rmak<\/li>\n<li data-section-id=\"7wj0n5\" data-start=\"382\" data-end=\"420\">A\u015f\u0131r\u0131 ya\u011f ve kokular\u0131 azaltmak<\/li>\n<li data-section-id=\"18cruap\" data-start=\"421\" data-end=\"467\">Sebum \u00fcretimini d\u00fczenlemeye yard\u0131mc\u0131 olmak<\/li>\n<li data-section-id=\"gsv2j5\" data-start=\"468\" data-end=\"525\">Sa\u00e7 tellerine yumu\u015fakl\u0131k ve parlakl\u0131k kazand\u0131rmak<\/li>\n<li data-section-id=\"kges0\" data-start=\"526\" data-end=\"622\">Uzunluklar\u0131 nazik\u00e7e beslemek ve dola\u015f\u0131kl\u0131\u011f\u0131 azaltmak<\/li>\n<\/ul>\n<h3 data-section-id=\"tx8gfr\" data-start=\"629\" data-end=\"654\"><span role=\"text\">Nas\u0131l kullan\u0131l\u0131r?<\/span><\/h3>\n<ol data-start=\"655\" data-end=\"823\">\n<li data-section-id=\"1p7vxuv\" data-start=\"655\" data-end=\"684\">Islak sa\u00e7a uygulay\u0131n<\/li>\n<li data-section-id=\"1cufok\" data-start=\"685\" data-end=\"762\">Parmak u\u00e7lar\u0131yla masaj yap\u0131n (mikro dola\u015f\u0131m\u0131 harekete ge\u00e7irmek i\u00e7in)<\/li>\n<li data-section-id=\"1045jha\" data-start=\"763\" data-end=\"823\">\u0130yice durulay\u0131n<\/li>\n<\/ol>\n<h3 data-section-id=\"1waled3\" data-start=\"830\" data-end=\"880\"><span role=\"text\">\u0130\u00e7erik:<\/span><\/h3>\n<p data-section-id=\"1waled3\" data-start=\"830\" data-end=\"880\">Aqua \/ Water &#8211; Sodium Laureth Sulfate &#8211; Tea\u2011Lauryl Sulfate &#8211; Cocamide MIPA &#8211; Disodium Cocoamphodiacetate &#8211; Glycol Distearate &#8211; Hexylene Glycol &#8211; Sodium Chloride &#8211; Citric Acid &#8211; Sodium Benzoate &#8211; Sodium Hydroxide &#8211; Capryloyl Glycine &#8211; Polyquaternium\u201111 &#8211; Salicylic Acid &#8211; Carbomer &#8211; Pyridoxine HCl &#8211; Menthoxypropanediol &#8211; Guar Hydroxypropyltrimonium Chloride &#8211; Hexyl Cinnamal &#8211; Linalool &#8211; Hydroxycitronellal &#8211; Citronellol &#8211; Benzyl Alcohol &#8211; Fumaric Acid &#8211; Parfum \/ Fragrance<\/p>\n<\/div>\n<\/div>\n<\/div>\n<\/div>\n<div class=\"z-0 flex min-h-[46px] justify-start\"><\/div>\n<\/div>\n<\/div>\n<\/section>\n<\/div>\n<div class=\"pointer-events-none h-px w-px absolute bottom-0\" aria-hidden=\"true\" data-edge=\"true\"><\/div>\n","protected":false},"featured_media":4183,"comment_status":"open","ping_status":"closed","template":"","meta":{"_acf_changed":false},"product_brand":[171],"product_cat":[372],"product_tag":[354],"class_list":{"0":"post-4184","1":"product","2":"type-product","3":"status-publish","4":"has-post-thumbnail","6":"product_brand-kerastase","7":"product_cat-sampuan-2","8":"product_tag-kerastase","10":"first","11":"instock","12":"shipping-taxable","13":"purchasable","14":"product-type-simple"},"acf":[],"_links":{"self":[{"href":"https:\/\/www.kozmodern.com\/index.php?rest_route=\/wp\/v2\/product\/4184","targetHints":{"allow":["GET"]}}],"collection":[{"href":"https:\/\/www.kozmodern.com\/index.php?rest_route=\/wp\/v2\/product"}],"about":[{"href":"https:\/\/www.kozmodern.com\/index.php?rest_route=\/wp\/v2\/types\/product"}],"replies":[{"embeddable":true,"href":"https:\/\/www.kozmodern.com\/index.php?rest_route=%2Fwp%2Fv2%2Fcomments&post=4184"}],"wp:featuredmedia":[{"embeddable":true,"href":"https:\/\/www.kozmodern.com\/index.php?rest_route=\/wp\/v2\/media\/4183"}],"wp:attachment":[{"href":"https:\/\/www.kozmodern.com\/index.php?rest_route=%2Fwp%2Fv2%2Fmedia&parent=4184"}],"wp:term":[{"taxonomy":"product_brand","embeddable":true,"href":"https:\/\/www.kozmodern.com\/index.php?rest_route=%2Fwp%2Fv2%2Fproduct_brand&post=4184"},{"taxonomy":"product_cat","embeddable":true,"href":"https:\/\/www.kozmodern.com\/index.php?rest_route=%2Fwp%2Fv2%2Fproduct_cat&post=4184"},{"taxonomy":"product_tag","embeddable":true,"href":"https:\/\/www.kozmodern.com\/index.php?rest_route=%2Fwp%2Fv2%2Fproduct_tag&post=4184"}],"curies":[{"name":"wp","href":"https:\/\/api.w.org\/{rel}","templated":true}]}}