{"id":4198,"date":"2026-03-01T22:17:36","date_gmt":"2026-03-01T19:17:36","guid":{"rendered":"https:\/\/www.kozmodern.com\/?product=olaplex-no-4c-bond-maintenance-clarifying-canlandirici-sampuan-250-ml"},"modified":"2026-04-06T16:05:12","modified_gmt":"2026-04-06T13:05:12","slug":"olaplex-no-4c-bond-maintenance-clarifying-canlandirici-sampuan-250-ml","status":"publish","type":"product","link":"https:\/\/www.kozmodern.com\/?product=olaplex-no-4c-bond-maintenance-clarifying-canlandirici-sampuan-250-ml","title":{"rendered":"Olaplex No. 4C Bond Maintenance Clarifying Canland\u0131r\u0131c\u0131 \u015eampuan 250 ml"},"content":{"rendered":"<h3 data-section-id=\"1ois3w7\" data-start=\"205\" data-end=\"234\"><span role=\"text\">Kimler i\u00e7in uygundur?<\/span><\/h3>\n<ul data-start=\"235\" data-end=\"635\">\n<li data-section-id=\"mg0qfs\" data-start=\"235\" data-end=\"307\">Sa\u00e7ta biriken \u00fcr\u00fcn kal\u0131nt\u0131s\u0131 ve ya\u011f birikimini temizlemek isteyenler<\/li>\n<li data-section-id=\"lsha6e\" data-start=\"308\" data-end=\"367\">S\u0131k sprey, sa\u00e7 kremi, kuru \u015fampuan vb. \u00fcr\u00fcn kullananlar<\/li>\n<li data-section-id=\"1bsrfcb\" data-start=\"368\" data-end=\"415\">G\u00f6zenekli, a\u011f\u0131rla\u015fm\u0131\u015f veya matla\u015fm\u0131\u015f sa\u00e7lar<\/li>\n<li data-section-id=\"12wrrdk\" data-start=\"416\" data-end=\"456\">Normal, ya\u011fl\u0131 veya karma sa\u00e7 tipleri<\/li>\n<li data-section-id=\"1thjx82\" data-start=\"457\" data-end=\"635\">Renkli\/boyal\u0131 sa\u00e7larda \u00fcr\u00fcn birikimi nedeniyle donuk g\u00f6r\u00fcn\u00fcm ya\u015fayanlar<\/li>\n<\/ul>\n<p data-start=\"1189\" data-end=\"1592\">\n","protected":false},"excerpt":{"rendered":"<h3 data-section-id=\"1ywxi6s\" data-start=\"642\" data-end=\"669\"><span role=\"text\">Ne i\u00e7in kullan\u0131l\u0131r?<\/span><\/h3>\n<ul data-start=\"670\" data-end=\"870\">\n<li data-section-id=\"1cycct6\" data-start=\"670\" data-end=\"708\">Sa\u00e7\u0131 derinlemesine temizlemeye<\/li>\n<li data-section-id=\"1shutki\" data-start=\"709\" data-end=\"752\">\u00dcr\u00fcn, ya\u011f ve kir birikimini \u00e7\u00f6zmeye<\/li>\n<li data-section-id=\"1gyzbz1\" data-start=\"753\" data-end=\"802\">Sa\u00e7\u0131 ferah, hafif ve daha canl\u0131 hissettirmeye<\/li>\n<li data-section-id=\"1d0s8o\" data-start=\"803\" data-end=\"870\">Normal bak\u0131m \u00fcr\u00fcnleriyle birlikte daha etkili sonu\u00e7 vermeye<\/li>\n<\/ul>\n<h3 data-section-id=\"tx8gfr\" data-start=\"877\" data-end=\"902\"><span role=\"text\">Nas\u0131l kullan\u0131l\u0131r?<\/span><\/h3>\n<ol data-start=\"903\" data-end=\"1129\">\n<li data-section-id=\"1p7vxuv\" data-start=\"903\" data-end=\"932\">Islak sa\u00e7a uygulay\u0131n<\/li>\n<li data-section-id=\"emep9l\" data-start=\"933\" data-end=\"983\">Parmak u\u00e7lar\u0131n\u0131zla masaj yaparak k\u00f6p\u00fcrt\u00fcn<\/li>\n<li data-section-id=\"hgx9qy\" data-start=\"984\" data-end=\"1047\">2\u20133 dakika bekletin (temizleme etkisini art\u0131rmak i\u00e7in)<\/li>\n<li data-section-id=\"wdcpqc\" data-start=\"1048\" data-end=\"1072\">\u0130yice durulay\u0131n<\/li>\n<li data-section-id=\"1me0vfj\" data-start=\"1073\" data-end=\"1129\">Haftada 1\u20132 kez veya ihtiyaca g\u00f6re kullan\u0131labilir<\/li>\n<\/ol>\n<h3 data-section-id=\"34e2gn\" data-start=\"1136\" data-end=\"1188\"><span role=\"text\">\u0130\u00e7erik:<\/span><\/h3>\n<p data-start=\"1189\" data-end=\"1592\">Water\/Aqua\/Eau \u2022 Sodium Laureth Sulfate \u2022 Cocamidopropyl Betaine \u2022 Cocamide MEA \u2022 Sodium Chloride \u2022 Bis\u2011Aminopropyl Diglycol Dimaleate \u2022 Glycol Distearate \u2022 Acrylates Copolymer \u2022 Glycerin \u2022 Guar Hydroxypropyltrimonium Chloride \u2022 Polyquaternium\u201110 \u2022 Citric Acid \u2022 Ethylhexylglycerin \u2022 Phenoxyethanol \u2022 Sodium Benzoate \u2022 Fragrance\/Parfum \u2022 Limonene \u2022 Hexyl Cinnamal \u2022 CI 19140\/Yellow\u202f5 \u2022 CI 15985\/Yellow\u202f6<\/p>\n","protected":false},"featured_media":4197,"comment_status":"open","ping_status":"closed","template":"","meta":{"_acf_changed":false},"product_brand":[172],"product_cat":[15],"product_tag":[353],"class_list":{"0":"post-4198","1":"product","2":"type-product","3":"status-publish","4":"has-post-thumbnail","6":"product_brand-olaplex","7":"product_cat-genel","8":"product_tag-olaplex","10":"first","11":"instock","12":"shipping-taxable","13":"purchasable","14":"product-type-simple"},"acf":[],"_links":{"self":[{"href":"https:\/\/www.kozmodern.com\/index.php?rest_route=\/wp\/v2\/product\/4198","targetHints":{"allow":["GET"]}}],"collection":[{"href":"https:\/\/www.kozmodern.com\/index.php?rest_route=\/wp\/v2\/product"}],"about":[{"href":"https:\/\/www.kozmodern.com\/index.php?rest_route=\/wp\/v2\/types\/product"}],"replies":[{"embeddable":true,"href":"https:\/\/www.kozmodern.com\/index.php?rest_route=%2Fwp%2Fv2%2Fcomments&post=4198"}],"wp:featuredmedia":[{"embeddable":true,"href":"https:\/\/www.kozmodern.com\/index.php?rest_route=\/wp\/v2\/media\/4197"}],"wp:attachment":[{"href":"https:\/\/www.kozmodern.com\/index.php?rest_route=%2Fwp%2Fv2%2Fmedia&parent=4198"}],"wp:term":[{"taxonomy":"product_brand","embeddable":true,"href":"https:\/\/www.kozmodern.com\/index.php?rest_route=%2Fwp%2Fv2%2Fproduct_brand&post=4198"},{"taxonomy":"product_cat","embeddable":true,"href":"https:\/\/www.kozmodern.com\/index.php?rest_route=%2Fwp%2Fv2%2Fproduct_cat&post=4198"},{"taxonomy":"product_tag","embeddable":true,"href":"https:\/\/www.kozmodern.com\/index.php?rest_route=%2Fwp%2Fv2%2Fproduct_tag&post=4198"}],"curies":[{"name":"wp","href":"https:\/\/api.w.org\/{rel}","templated":true}]}}