{"id":4204,"date":"2026-03-01T22:17:36","date_gmt":"2026-03-01T19:17:36","guid":{"rendered":"https:\/\/www.kozmodern.com\/?product=olaplex-no-9-bond-protector-besleyici-sac-serumu-90-ml"},"modified":"2026-04-06T16:00:10","modified_gmt":"2026-04-06T13:00:10","slug":"olaplex-no-9-bond-protector-besleyici-sac-serumu-90-ml","status":"publish","type":"product","link":"https:\/\/www.kozmodern.com\/?product=olaplex-no-9-bond-protector-besleyici-sac-serumu-90-ml","title":{"rendered":"Olaplex No. 9 Bond Protector Besleyici Sa\u00e7 Serumu 90 ml"},"content":{"rendered":"<h3 data-section-id=\"1ois3w7\" data-start=\"80\" data-end=\"109\"><span role=\"text\"><strong data-start=\"84\" data-end=\"109\">Kimler i\u00e7in uygundur?<\/strong><\/span><\/h3>\n<ul data-start=\"110\" data-end=\"401\">\n<li data-section-id=\"1x7ur99\" data-start=\"110\" data-end=\"143\">T\u00fcm sa\u00e7 tipleri i\u00e7in uygundur<\/li>\n<li data-section-id=\"7hr0ct\" data-start=\"144\" data-end=\"184\">Hasar g\u00f6rm\u00fc\u015f, kuru veya zay\u0131f sa\u00e7lar<\/li>\n<li data-section-id=\"o97mc8\" data-start=\"185\" data-end=\"228\">Elektriklenme ve dola\u015fma ya\u015fayan sa\u00e7lar<\/li>\n<li data-section-id=\"hrzqy3\" data-start=\"229\" data-end=\"263\">Is\u0131 ile \u015fekillendirilen sa\u00e7lar<\/li>\n<li data-section-id=\"1flt8d5\" data-start=\"264\" data-end=\"401\">Renkli\/boyal\u0131 sa\u00e7lar<\/li>\n<li data-section-id=\"1flt8d5\" data-start=\"264\" data-end=\"401\">Durulanmayan serum, g\u00fcnl\u00fck bak\u0131m ve \u015fekillendirme rutini i\u00e7in idealdir.<\/li>\n<\/ul>\n","protected":false},"excerpt":{"rendered":"<h3 data-section-id=\"1ywxi6s\" data-start=\"408\" data-end=\"435\"><span role=\"text\">Ne i\u00e7in kullan\u0131l\u0131r?<\/span><\/h3>\n<ul data-start=\"436\" data-end=\"835\">\n<li data-section-id=\"rq1enj\" data-start=\"436\" data-end=\"492\">Sa\u00e7\u0131 \u00e7evresel fakt\u00f6rlere ve kirlili\u011fe kar\u015f\u0131 korumaya<\/li>\n<li data-section-id=\"1ctm9do\" data-start=\"493\" data-end=\"538\">Elektriklenme ve statik kontrol sa\u011flamaya<\/li>\n<li data-section-id=\"1qj4rbm\" data-start=\"539\" data-end=\"588\">Sa\u00e7\u0131n daha kolay taranmas\u0131n\u0131 desteklemeye<\/li>\n<li data-section-id=\"1yyt2zi\" data-start=\"589\" data-end=\"639\">Saten parlakl\u0131k ve yumu\u015fakl\u0131k kazand\u0131rmaya<\/li>\n<li data-section-id=\"191cfl1\" data-start=\"640\" data-end=\"689\">Is\u0131dan koruma sa\u011flamaya (232\u202f\u00b0C\u2019ye kadar)<\/li>\n<li data-section-id=\"gi0esd\" data-start=\"690\" data-end=\"835\">Renk korumas\u0131na yard\u0131mc\u0131 olmaya<\/li>\n<li data-section-id=\"gi0esd\" data-start=\"690\" data-end=\"835\">Ultra hafif, durulanmayan form\u00fcl ile \u015fekillendirme \u00f6ncesi uygulan\u0131r.<\/li>\n<\/ul>\n<h3 data-section-id=\"tx8gfr\" data-start=\"842\" data-end=\"867\"><span role=\"text\">Nas\u0131l kullan\u0131l\u0131r?<\/span><\/h3>\n<ol data-start=\"868\" data-end=\"1114\">\n<li data-section-id=\"1rc4hjr\" data-start=\"868\" data-end=\"916\">Temiz ve nemli sa\u00e7a az miktar uygulay\u0131n<\/li>\n<li data-section-id=\"nqjva\" data-start=\"917\" data-end=\"969\">U\u00e7lardan k\u00f6klere do\u011fru e\u015fit \u015fekilde da\u011f\u0131t\u0131n<\/li>\n<li data-section-id=\"18bgbqh\" data-start=\"970\" data-end=\"990\">Durulamay\u0131n<\/li>\n<li data-section-id=\"ggww8x\" data-start=\"991\" data-end=\"1114\">Ard\u0131ndan sa\u00e7\u0131n\u0131z\u0131 do\u011fal kurutabilir veya \u015fekillendirebilirsiniz (f\u00f6n, dif\u00fcz\u00f6r vb.)<\/li>\n<\/ol>\n<h3 data-section-id=\"1waled3\" data-start=\"1121\" data-end=\"1171\"><span role=\"text\">\u0130\u00e7erik:<\/span><\/h3>\n<p data-start=\"1172\" data-end=\"1799\">Water \/ Aqua \/ Eau \u2022 Propanediol \u2022 Betaine \u2022 Quaternium\u201122 \u2022 Bis\u2011Aminopropyl Diglycol Dimaleate \u2022 Sodium Hyaluronate \u2022 Cetrimonium Chloride \u2022 Panthenol \u2022 Hydroxyethylcellulose \u2022 PVP \u2022 Guar Hydroxypropyltrimonium Chloride \u2022 Furcellaria Lumbricalis Extract \u2022 Pelvetia Canaliculata Extract \u2022 Xylitylglucoside \u2022 Polyquaternium\u201144 \u2022 Anhydroxylitol \u2022 Maltitol \u2022 Citric Acid \u2022 Trisodium Ethylenediamine Disuccinate \u2022 Xylitol \u2022 Ethylhexylglycerin \u2022 Sodium Hydroxide \u2022 Sorbic Acid \u2022 Phenoxyethanol \u2022 Sodium Benzoate \u2022 Fragrance (Parfum) \u2022 Citral \u2022 Citronellol \u2022 Hexyl Cinnamal \u2022 Limonene \u2022 Linalool<\/p>\n","protected":false},"featured_media":4203,"comment_status":"open","ping_status":"closed","template":"","meta":{"_acf_changed":false},"product_brand":[172],"product_cat":[15],"product_tag":[353],"class_list":{"0":"post-4204","1":"product","2":"type-product","3":"status-publish","4":"has-post-thumbnail","6":"product_brand-olaplex","7":"product_cat-genel","8":"product_tag-olaplex","10":"first","11":"instock","12":"shipping-taxable","13":"purchasable","14":"product-type-simple"},"acf":[],"_links":{"self":[{"href":"https:\/\/www.kozmodern.com\/index.php?rest_route=\/wp\/v2\/product\/4204","targetHints":{"allow":["GET"]}}],"collection":[{"href":"https:\/\/www.kozmodern.com\/index.php?rest_route=\/wp\/v2\/product"}],"about":[{"href":"https:\/\/www.kozmodern.com\/index.php?rest_route=\/wp\/v2\/types\/product"}],"replies":[{"embeddable":true,"href":"https:\/\/www.kozmodern.com\/index.php?rest_route=%2Fwp%2Fv2%2Fcomments&post=4204"}],"wp:featuredmedia":[{"embeddable":true,"href":"https:\/\/www.kozmodern.com\/index.php?rest_route=\/wp\/v2\/media\/4203"}],"wp:attachment":[{"href":"https:\/\/www.kozmodern.com\/index.php?rest_route=%2Fwp%2Fv2%2Fmedia&parent=4204"}],"wp:term":[{"taxonomy":"product_brand","embeddable":true,"href":"https:\/\/www.kozmodern.com\/index.php?rest_route=%2Fwp%2Fv2%2Fproduct_brand&post=4204"},{"taxonomy":"product_cat","embeddable":true,"href":"https:\/\/www.kozmodern.com\/index.php?rest_route=%2Fwp%2Fv2%2Fproduct_cat&post=4204"},{"taxonomy":"product_tag","embeddable":true,"href":"https:\/\/www.kozmodern.com\/index.php?rest_route=%2Fwp%2Fv2%2Fproduct_tag&post=4204"}],"curies":[{"name":"wp","href":"https:\/\/api.w.org\/{rel}","templated":true}]}}