{"id":4208,"date":"2026-03-01T22:17:36","date_gmt":"2026-03-01T19:17:36","guid":{"rendered":"https:\/\/www.kozmodern.com\/?product=olaplex-no-6-bond-smoother-bag-puruzsuzlestirici-bakim-100-ml"},"modified":"2026-04-06T15:56:16","modified_gmt":"2026-04-06T12:56:16","slug":"olaplex-no-6-bond-smoother-bag-puruzsuzlestirici-bakim-100-ml","status":"publish","type":"product","link":"https:\/\/www.kozmodern.com\/?product=olaplex-no-6-bond-smoother-bag-puruzsuzlestirici-bakim-100-ml","title":{"rendered":"Olaplex No. 6 Bond Smoother Ba\u011f P\u00fcr\u00fczs\u00fczle\u015ftirici Bak\u0131m 100 ml"},"content":{"rendered":"<h3 data-section-id=\"1pzjmif\" data-start=\"90\" data-end=\"117\">Kimler i\u00e7in uygundur?<\/h3>\n<ul data-start=\"118\" data-end=\"388\">\n<li data-section-id=\"6flz4o\" data-start=\"118\" data-end=\"175\">T\u00fcm sa\u00e7 tipleri (d\u00fcz, dalgal\u0131, k\u0131v\u0131rc\u0131k, ince, kal\u0131n)<\/li>\n<li data-section-id=\"feezye\" data-start=\"176\" data-end=\"218\">Elektriklenme \/ kabarma ya\u015fayan sa\u00e7lar<\/li>\n<li data-section-id=\"1exy8uf\" data-start=\"219\" data-end=\"266\">Hasar g\u00f6rm\u00fc\u015f, kuru veya i\u015flem g\u00f6rm\u00fc\u015f sa\u00e7lar<\/li>\n<li data-section-id=\"193qenc\" data-start=\"267\" data-end=\"317\">Is\u0131 uygulanan sa\u00e7lar (\u2018blow\u2011dry\u2019, ma\u015falar vb.)<\/li>\n<li data-section-id=\"15sujw\" data-start=\"318\" data-end=\"388\">Boyal\u0131 sa\u00e7lar i\u00e7in de uygundur<\/li>\n<\/ul>\n","protected":false},"excerpt":{"rendered":"<h3 data-section-id=\"j7exg4\" data-start=\"395\" data-end=\"420\">Ne i\u00e7in kullan\u0131l\u0131r?<\/h3>\n<ul data-start=\"421\" data-end=\"700\">\n<li data-section-id=\"56w45o\" data-start=\"421\" data-end=\"452\">Sa\u00e7\u0131 p\u00fcr\u00fczs\u00fczle\u015ftirmeye<\/li>\n<li data-section-id=\"eusrop\" data-start=\"453\" data-end=\"521\">Elektriklenmeyi ve kabarmay\u0131 kontrol etmeye (72 saate kadar)<\/li>\n<li data-section-id=\"wf997\" data-start=\"522\" data-end=\"561\">Nem kazand\u0131rmaya ve yumu\u015fatmaya<\/li>\n<li data-section-id=\"1h831kx\" data-start=\"562\" data-end=\"608\">Sa\u00e7\u0131 daha kolay taran\u0131r h\u00e2le getirmeye<\/li>\n<li data-section-id=\"ggr14s\" data-start=\"609\" data-end=\"700\">Is\u0131ya kar\u015f\u0131 koruma sa\u011flamaya (450\u202f\u00b0F \/ ~232\u202f\u00b0C)<\/li>\n<\/ul>\n<h3 data-section-id=\"1i5j31z\" data-start=\"707\" data-end=\"730\">Nas\u0131l kullan\u0131l\u0131r?<\/h3>\n<ol data-start=\"731\" data-end=\"1038\">\n<li data-section-id=\"hppf4k\" data-start=\"731\" data-end=\"815\">Temiz, nemli veya kuru sa\u00e7a uygulay\u0131n<\/li>\n<li data-section-id=\"7seztf\" data-start=\"816\" data-end=\"896\">Boydan u\u00e7lara do\u011fru yayarak s\u00fcr\u00fcn<\/li>\n<li data-section-id=\"1n2u0k4\" data-start=\"897\" data-end=\"955\">Durulamay\u0131n<\/li>\n<li data-section-id=\"g3el3f\" data-start=\"956\" data-end=\"1038\">\u0130stedi\u011finiz gibi taray\u0131n ve \u015fekillendirin<\/li>\n<\/ol>\n<h3 data-section-id=\"roza0n\" data-start=\"1045\" data-end=\"1093\">\u0130\u00e7erik:<\/h3>\n<p data-start=\"1094\" data-end=\"2157\">Water \/ Aqua \/ Eau\u202f\u2022\u202fCetearyl Alcohol\u202f\u2022\u202fDimethicone\u202f\u2022\u202fIsohexadecane\u202f\u2022\u202fCoco\u2011Caprylate\u202f\u2022\u202fNeopentyl Glycol Diheptanoate\u202f\u2022\u202fBehentrimonium Chloride\u202f\u2022\u202fIsododecane\u202f\u2022\u202fPhenyl Trimethicone\u202f\u2022\u202fPropanediol\u202f\u2022\u202fBis\u2011Aminopropyl Diglycol Dimaleate\u202f\u2022\u202fCetrimonium Chloride\u202f\u2022\u202fGlyceryl Stearate\u202f\u2022\u202fIsopropyl Alcohol\u202f\u2022\u202fHydroxyethylcellulose\u202f\u2022\u202fHydroxypropyl Guar\u202f\u2022\u202fSodium Stearoyl Lactylate\u202f\u2022\u202fHydroxypropyl Cyclodextrin\u202f\u2022\u202fHydrolyzed Vegetable Protein PG\u2011Propyl Silanetriol\u202f\u2022\u202fDisodium EDTA\u202f\u2022\u202fSilica Dimethyl Silylate\u202f\u2022\u202fGigartina Stellata Extract\u202f\u2022\u202fGlyoxal\u202f\u2022\u202fChondrus Crispus Extract\u202f\u2022\u202fTocopherol\u202f\u2022\u202fHelianthus Annuus (Sunflower) Seed Oil\u202f\u2022\u202fAscorbic Acid\u202f\u2022\u202fCocos Nucifera (Coconut) Oil\u202f\u2022\u202fPhytantriol\u202f\u2022\u202fPseudozyma Epicola \/ Camellia Sinensis Seed Oil Ferment Extract Filtrate\u202f\u2022\u202fTocopheryl Acetate\u202f\u2022\u202fVitis Vinifera (Grape) Seed Oil\u202f\u2022\u202fAloe Barbadensis Leaf Juice\u202f\u2022\u202fPanthenol\u202f\u2022\u202fCitric Acid\u202f\u2022\u202fPhenoxyethanol\u202f\u2022\u202fIodopropynyl Butylcarbamate\u202f\u2022\u202fPotassium Sorbate\u202f\u2022\u202fSodium Benzoate\u202f\u2022\u202fFragrance \/ Parfum\u202f\u2022\u202fHexyl Cinnamal\u202f\u2022\u202fLimonene\u202f\u2022\u202fCitral\u202f\u2022\u202fLinalool\u202f\u2022\u202fCitronellol<\/p>\n","protected":false},"featured_media":4207,"comment_status":"open","ping_status":"closed","template":"","meta":{"_acf_changed":false},"product_brand":[172],"product_cat":[15],"product_tag":[353],"class_list":{"0":"post-4208","1":"product","2":"type-product","3":"status-publish","4":"has-post-thumbnail","6":"product_brand-olaplex","7":"product_cat-genel","8":"product_tag-olaplex","10":"first","11":"instock","12":"shipping-taxable","13":"purchasable","14":"product-type-simple"},"acf":[],"_links":{"self":[{"href":"https:\/\/www.kozmodern.com\/index.php?rest_route=\/wp\/v2\/product\/4208","targetHints":{"allow":["GET"]}}],"collection":[{"href":"https:\/\/www.kozmodern.com\/index.php?rest_route=\/wp\/v2\/product"}],"about":[{"href":"https:\/\/www.kozmodern.com\/index.php?rest_route=\/wp\/v2\/types\/product"}],"replies":[{"embeddable":true,"href":"https:\/\/www.kozmodern.com\/index.php?rest_route=%2Fwp%2Fv2%2Fcomments&post=4208"}],"wp:featuredmedia":[{"embeddable":true,"href":"https:\/\/www.kozmodern.com\/index.php?rest_route=\/wp\/v2\/media\/4207"}],"wp:attachment":[{"href":"https:\/\/www.kozmodern.com\/index.php?rest_route=%2Fwp%2Fv2%2Fmedia&parent=4208"}],"wp:term":[{"taxonomy":"product_brand","embeddable":true,"href":"https:\/\/www.kozmodern.com\/index.php?rest_route=%2Fwp%2Fv2%2Fproduct_brand&post=4208"},{"taxonomy":"product_cat","embeddable":true,"href":"https:\/\/www.kozmodern.com\/index.php?rest_route=%2Fwp%2Fv2%2Fproduct_cat&post=4208"},{"taxonomy":"product_tag","embeddable":true,"href":"https:\/\/www.kozmodern.com\/index.php?rest_route=%2Fwp%2Fv2%2Fproduct_tag&post=4208"}],"curies":[{"name":"wp","href":"https:\/\/api.w.org\/{rel}","templated":true}]}}