{"id":4210,"date":"2026-03-01T22:17:36","date_gmt":"2026-03-01T19:17:36","guid":{"rendered":"https:\/\/www.kozmodern.com\/?product=olaplex-no-7-bonding-oil-puruzsuzlestirici-sac-yagi-30-ml"},"modified":"2026-04-06T15:47:48","modified_gmt":"2026-04-06T12:47:48","slug":"olaplex-no-7-bonding-oil-puruzsuzlestirici-sac-yagi-30-ml","status":"publish","type":"product","link":"https:\/\/www.kozmodern.com\/?product=olaplex-no-7-bonding-oil-puruzsuzlestirici-sac-yagi-30-ml","title":{"rendered":"Olaplex No. 7 Bonding Oil P\u00fcr\u00fczs\u00fczle\u015ftirici Sa\u00e7 Ya\u011f\u0131 30 ml"},"content":{"rendered":"<h3 data-section-id=\"4hpznb\" data-start=\"86\" data-end=\"111\">Kimler i\u00e7in uygundur?<\/h3>\n<ul data-start=\"112\" data-end=\"385\">\n<li data-section-id=\"1xj21nr\" data-start=\"112\" data-end=\"131\">T\u00fcm sa\u00e7 tipleri<\/li>\n<li data-section-id=\"dmbvfb\" data-start=\"132\" data-end=\"180\">Hasar g\u00f6rm\u00fc\u015f, kuru veya elektriklenen sa\u00e7lar<\/li>\n<li data-section-id=\"fsfro3\" data-start=\"181\" data-end=\"225\">S\u0131k \u0131s\u0131 uygulayanlar (f\u00f6n, ma\u015falar gibi)<\/li>\n<li data-section-id=\"ypjyb3\" data-start=\"226\" data-end=\"385\">Renkli veya i\u015flem g\u00f6rm\u00fc\u015f sa\u00e7lar<br data-start=\"259\" data-end=\"262\" \/>Bu ya\u011f, sa\u00e7ta parlakl\u0131k, yumu\u015fakl\u0131k ve kontrol sa\u011flamak isteyenler i\u00e7in uygundur.<\/li>\n<\/ul>\n","protected":false},"excerpt":{"rendered":"<h3 data-section-id=\"gneok4\" data-start=\"392\" data-end=\"415\">Ne i\u00e7in kullan\u0131l\u0131r?<\/h3>\n<ul data-start=\"416\" data-end=\"695\">\n<li data-section-id=\"1rimjfp\" data-start=\"416\" data-end=\"470\">Sa\u00e7a an\u0131nda parlakl\u0131k ve yumu\u015fakl\u0131k kazand\u0131r\u0131r<\/li>\n<li data-section-id=\"en4f4u\" data-start=\"471\" data-end=\"527\">U\u00e7lardaki kabar\u0131kl\u0131\u011f\u0131 ve elektriklenmeyi azalt\u0131r<\/li>\n<li data-section-id=\"vv44o3\" data-start=\"528\" data-end=\"558\">Sa\u00e7 derinlemesine nemlenir<\/li>\n<li data-section-id=\"buvl1e\" data-start=\"559\" data-end=\"606\">Is\u0131dan koruma sa\u011flar (450\u202f\u00b0F \/ ~232\u202f\u00b0C)<\/li>\n<li data-section-id=\"1gicdti\" data-start=\"607\" data-end=\"695\">Renk canl\u0131l\u0131\u011f\u0131n\u0131 ve sa\u00e7\u0131n g\u00f6r\u00fcn\u00fcm\u00fcn\u00fc iyile\u015ftirir<\/li>\n<\/ul>\n<h3 data-section-id=\"1j8b2gn\" data-start=\"702\" data-end=\"723\">Nas\u0131l kullan\u0131l\u0131r?<\/h3>\n<ol data-start=\"724\" data-end=\"995\">\n<li data-section-id=\"jxdx0r\" data-start=\"724\" data-end=\"814\">\u015ei\u015feyi ters \u00e7evirin, alt\u0131na hafif\u00e7e dokunarak 2\u20133 damla \u00fcr\u00fcn\u00fc avucunuza al\u0131n.<\/li>\n<li data-section-id=\"1jgn0sn\" data-start=\"815\" data-end=\"855\">Nemli veya kuru sa\u00e7a uygulay\u0131n.<\/li>\n<li data-section-id=\"yt5ayr\" data-start=\"856\" data-end=\"937\">\u0130stedi\u011finiz gibi \u015fekillendirin (\u0131s\u0131 \u00f6ncesi veya sonras\u0131 kullan\u0131labilir).<\/li>\n<li data-section-id=\"3yeuu5\" data-start=\"938\" data-end=\"995\">Durulamay\u0131n.<\/li>\n<\/ol>\n<h3 data-section-id=\"1y2t0tz\" data-start=\"1002\" data-end=\"1048\">\u0130\u00e7erik:<\/h3>\n<p data-start=\"1049\" data-end=\"1550\">Dimethicone \u2022 Isohexadecane \u2022 C13\u201114 Isoalkane \u2022 Coco\u2011Caprylate \u2022 Phenyl Trimethicone \u2022 Bis\u2011Aminopropyl Diglycol Dimaleate \u2022 Propanediol \u2022 Zea Mays (Corn) Oil \u2022 Beta\u2011Carotene \u2022 Helianthus Annuus (Sunflower) Seed Oil \u2022 Punica Granatum Seed Oil \u2022 Water\/Aqua\/Eau \u2022 Morinda Citrifolia Fruit Extract \u2022 Tocopherol \u2022 Pseudozyma Epicola\/Camellia Sinensis Seed Oil Ferment Extract Filtrate \u2022 Fragrance (Parfum) \u2022 Citral \u2022 Linalool \u2022 Limonene \u2022 Citronellol \u2022 Hexyl Cinnamal<\/p>\n","protected":false},"featured_media":4209,"comment_status":"open","ping_status":"closed","template":"","meta":{"_acf_changed":false},"product_brand":[172],"product_cat":[15],"product_tag":[353],"class_list":{"0":"post-4210","1":"product","2":"type-product","3":"status-publish","4":"has-post-thumbnail","6":"product_brand-olaplex","7":"product_cat-genel","8":"product_tag-olaplex","10":"first","11":"instock","12":"shipping-taxable","13":"purchasable","14":"product-type-simple"},"acf":[],"_links":{"self":[{"href":"https:\/\/www.kozmodern.com\/index.php?rest_route=\/wp\/v2\/product\/4210","targetHints":{"allow":["GET"]}}],"collection":[{"href":"https:\/\/www.kozmodern.com\/index.php?rest_route=\/wp\/v2\/product"}],"about":[{"href":"https:\/\/www.kozmodern.com\/index.php?rest_route=\/wp\/v2\/types\/product"}],"replies":[{"embeddable":true,"href":"https:\/\/www.kozmodern.com\/index.php?rest_route=%2Fwp%2Fv2%2Fcomments&post=4210"}],"wp:featuredmedia":[{"embeddable":true,"href":"https:\/\/www.kozmodern.com\/index.php?rest_route=\/wp\/v2\/media\/4209"}],"wp:attachment":[{"href":"https:\/\/www.kozmodern.com\/index.php?rest_route=%2Fwp%2Fv2%2Fmedia&parent=4210"}],"wp:term":[{"taxonomy":"product_brand","embeddable":true,"href":"https:\/\/www.kozmodern.com\/index.php?rest_route=%2Fwp%2Fv2%2Fproduct_brand&post=4210"},{"taxonomy":"product_cat","embeddable":true,"href":"https:\/\/www.kozmodern.com\/index.php?rest_route=%2Fwp%2Fv2%2Fproduct_cat&post=4210"},{"taxonomy":"product_tag","embeddable":true,"href":"https:\/\/www.kozmodern.com\/index.php?rest_route=%2Fwp%2Fv2%2Fproduct_tag&post=4210"}],"curies":[{"name":"wp","href":"https:\/\/api.w.org\/{rel}","templated":true}]}}