{"id":4216,"date":"2026-03-01T22:17:37","date_gmt":"2026-03-01T19:17:37","guid":{"rendered":"https:\/\/www.kozmodern.com\/?product=schwarzkopf-igora-royal-teknik-renk-sac-boyasi-60-ml"},"modified":"2026-04-06T16:21:34","modified_gmt":"2026-04-06T13:21:34","slug":"schwarzkopf-igora-royal-teknik-renk-sac-boyasi-60-ml","status":"publish","type":"product","link":"https:\/\/www.kozmodern.com\/?product=schwarzkopf-igora-royal-teknik-renk-sac-boyasi-60-ml","title":{"rendered":"Schwarzkopf Igora Royal Teknik Renk Sa\u00e7 Boyas\u0131 60 ml"},"content":{"rendered":"<h3 data-section-id=\"1ois3w7\" data-start=\"51\" data-end=\"80\"><span role=\"text\"><strong data-start=\"55\" data-end=\"80\">Kimler i\u00e7in uygundur?<\/strong><\/span><\/h3>\n<ul data-start=\"81\" data-end=\"480\">\n<li data-section-id=\"1145b9q\" data-start=\"81\" data-end=\"150\">Sa\u00e7 rengini <em data-start=\"95\" data-end=\"137\">kal\u0131c\u0131 olarak de\u011fi\u015ftirmek veya yenilemek<\/em> isteyenler<\/li>\n<li data-section-id=\"1276fij\" data-start=\"151\" data-end=\"230\"><em data-start=\"153\" data-end=\"217\">Do\u011fal pigmentiyle sa\u00e7 rengi e\u015fitlemek \/ parlak renk elde etmek<\/em> isteyenler<\/li>\n<li data-section-id=\"1mf5ctp\" data-start=\"231\" data-end=\"264\"><em data-start=\"233\" data-end=\"251\">Beyaz sa\u00e7 kapama<\/em> isteyenler<\/li>\n<li data-section-id=\"90wwrm\" data-start=\"265\" data-end=\"480\">Profesyonel ve evde boya uygulamas\u0131 yapmak isteyenler<br data-start=\"320\" data-end=\"323\" \/>-Bu \u00fcr\u00fcn profesyonel kategoriye ait <em data-start=\"361\" data-end=\"380\">kal\u0131c\u0131 sa\u00e7 boyas\u0131<\/em>d\u0131r ve genellikle oksidan (developer) ile birlikte kullan\u0131l\u0131r<\/li>\n<\/ul>\n","protected":false},"excerpt":{"rendered":"<h3 data-section-id=\"1ywxi6s\" data-start=\"487\" data-end=\"514\"><span role=\"text\">Ne i\u00e7in kullan\u0131l\u0131r?<\/span><\/h3>\n<ul data-start=\"515\" data-end=\"856\">\n<li data-section-id=\"yf0hmc\" data-start=\"515\" data-end=\"563\">Sa\u00e7 rengini kal\u0131c\u0131 \u015fekilde renklendirmek<\/li>\n<li data-section-id=\"12sbwu6\" data-start=\"564\" data-end=\"592\"><em data-start=\"566\" data-end=\"590\">Beyaz sa\u00e7lar\u0131 kapatmak<\/em><\/li>\n<li data-section-id=\"154zmj3\" data-start=\"593\" data-end=\"632\">Renk de\u011fi\u015fimi veya <em data-start=\"614\" data-end=\"623\">tonlama<\/em> yapmak<\/li>\n<li data-section-id=\"fqnkdk\" data-start=\"633\" data-end=\"675\"><em data-start=\"635\" data-end=\"657\">Yo\u011fun ve parlak renk<\/em> sonucu sa\u011flamak<\/li>\n<li data-section-id=\"tcgb1y\" data-start=\"676\" data-end=\"856\"><em data-start=\"678\" data-end=\"712\">Profesyonel sa\u00e7 boyama i\u015flemleri<\/em> i\u00e7in<br data-start=\"717\" data-end=\"720\" \/>-Igora Royal, zengin renk performans\u0131, y\u00fcksek pigment yo\u011funlu\u011fu ve uzun s\u00fcre kal\u0131c\u0131 renk sa\u011flar.<\/li>\n<\/ul>\n<h3 data-section-id=\"tx8gfr\" data-start=\"863\" data-end=\"888\"><span role=\"text\">Nas\u0131l kullan\u0131l\u0131r?<\/span><\/h3>\n<ol data-start=\"889\" data-end=\"1337\">\n<li data-section-id=\"asosmv\" data-start=\"889\" data-end=\"1021\">Sa\u00e7 boyas\u0131n\u0131 uygun seri oksidan kremle (developer) kar\u0131\u015ft\u0131r\u0131n (genellikle 1:1 oran\u0131).<\/li>\n<li data-section-id=\"9vq3ur\" data-start=\"1022\" data-end=\"1112\">Kuru, y\u0131kanmam\u0131\u015f sa\u00e7a k\u00f6kten uca uygulay\u0131n.<\/li>\n<li data-section-id=\"1wlpvnl\" data-start=\"1113\" data-end=\"1224\">30\u201345 dakika bekletin (ton\/rengin t\u00fcr\u00fcne g\u00f6re s\u00fcre de\u011fi\u015febilir).<\/li>\n<li data-section-id=\"1s3r2d2\" data-start=\"1225\" data-end=\"1337\">\u0130yice durulay\u0131n, sonra sa\u00e7 bak\u0131m \u00fcr\u00fcnleri ile sa\u00e7\u0131n\u0131za bak\u0131m yap\u0131n.<\/li>\n<\/ol>\n<h3 data-section-id=\"1waled3\" data-start=\"1344\" data-end=\"1394\"><span role=\"text\">\u0130\u00e7erik:\u00a0<\/span><\/h3>\n<p data-start=\"1395\" data-end=\"2171\"><em data-start=\"1395\" data-end=\"1514\">(Not: Schwarzkopf Igora Royal 60\u202fml t\u00fcp boya i\u00e7in tam i\u00e7erik ambalajda yer al\u0131r; bu, yayg\u0131n bilinen form\u00fcl \u00f6rne\u011fidir)<\/em><br data-start=\"1514\" data-end=\"1517\" \/>Aqua\/Water\/Eau \u2022 Cetearyl Alcohol \u2022 Ammonium Hydroxide \u2022 Glyceryl Stearate SE \u2022 Ceteareth\u201120 \u2022 Octyldodecanol \u2022 Sodium Laureth Sulfate \u2022 Toluene\u20112,5\u2011Diamine Sulfate \u2022 Glycerin \u2022 Sodium Cetearyl Sulfate \u2022 Ethanolamine \u2022 Resorcinol \u2022 Oleic Acid \u2022 Parfum\/Fragrance \u2022 N,N\u2011Bis(2\u2011Hydroxyethyl)\u2011p\u2011Phenylenediamine Sulfate \u2022 Carbomer \u2022 Trisodium Ethylenediamine Disuccinate \u2022 Polyquaternium\u201139 \u2022 Sodium Sulfite \u2022 Potassium Hydroxide \u2022 4\u2011Chlororesorcinol \u2022 2\u2011Amino\u20114\u2011Hydroxyethylaminoanisole Sulfate \u2022 Propylene Glycol \u2022 <em data-start=\"2029\" data-end=\"2047\">Moringa Oleifera<\/em> Seed Extract \u2022 Chlorphenesin \u2022 CI 77891\/Titanium Dioxide \u2022 <em data-start=\"2107\" data-end=\"2133\">(Pigments vary by shade)<\/em><\/p>\n","protected":false},"featured_media":4215,"comment_status":"open","ping_status":"closed","template":"","meta":{"_acf_changed":false},"product_brand":[191],"product_cat":[377],"product_tag":[378],"class_list":{"0":"post-4216","1":"product","2":"type-product","3":"status-publish","4":"has-post-thumbnail","6":"product_brand-schwarzkopf","7":"product_cat-sac-boya-bakimi","8":"product_tag-schwarzkopf","10":"first","11":"instock","12":"shipping-taxable","13":"purchasable","14":"product-type-simple"},"acf":[],"_links":{"self":[{"href":"https:\/\/www.kozmodern.com\/index.php?rest_route=\/wp\/v2\/product\/4216","targetHints":{"allow":["GET"]}}],"collection":[{"href":"https:\/\/www.kozmodern.com\/index.php?rest_route=\/wp\/v2\/product"}],"about":[{"href":"https:\/\/www.kozmodern.com\/index.php?rest_route=\/wp\/v2\/types\/product"}],"replies":[{"embeddable":true,"href":"https:\/\/www.kozmodern.com\/index.php?rest_route=%2Fwp%2Fv2%2Fcomments&post=4216"}],"wp:featuredmedia":[{"embeddable":true,"href":"https:\/\/www.kozmodern.com\/index.php?rest_route=\/wp\/v2\/media\/4215"}],"wp:attachment":[{"href":"https:\/\/www.kozmodern.com\/index.php?rest_route=%2Fwp%2Fv2%2Fmedia&parent=4216"}],"wp:term":[{"taxonomy":"product_brand","embeddable":true,"href":"https:\/\/www.kozmodern.com\/index.php?rest_route=%2Fwp%2Fv2%2Fproduct_brand&post=4216"},{"taxonomy":"product_cat","embeddable":true,"href":"https:\/\/www.kozmodern.com\/index.php?rest_route=%2Fwp%2Fv2%2Fproduct_cat&post=4216"},{"taxonomy":"product_tag","embeddable":true,"href":"https:\/\/www.kozmodern.com\/index.php?rest_route=%2Fwp%2Fv2%2Fproduct_tag&post=4216"}],"curies":[{"name":"wp","href":"https:\/\/api.w.org\/{rel}","templated":true}]}}