{"id":4224,"date":"2026-03-01T22:17:37","date_gmt":"2026-03-01T19:17:37","guid":{"rendered":"https:\/\/www.kozmodern.com\/?product=schwarzkopf-igora-oksidan-krem-6-20-vol-1000-ml"},"modified":"2026-04-06T16:14:34","modified_gmt":"2026-04-06T13:14:34","slug":"schwarzkopf-igora-oksidan-krem-6-20-vol-1000-ml","status":"publish","type":"product","link":"https:\/\/www.kozmodern.com\/?product=schwarzkopf-igora-oksidan-krem-6-20-vol-1000-ml","title":{"rendered":"Schwarzkopf Igora Oksidan Krem %6 20 Vol. 1000 ml"},"content":{"rendered":"<h3 data-section-id=\"1ois3w7\" data-start=\"161\" data-end=\"190\"><span role=\"text\">Kimler i\u00e7in uygundur?<\/span><\/h3>\n<ul data-start=\"191\" data-end=\"471\">\n<li data-section-id=\"ftoukn\" data-start=\"191\" data-end=\"221\">Sa\u00e7 boyama i\u015flemi yapanlar<\/li>\n<li data-section-id=\"174uo5v\" data-start=\"222\" data-end=\"306\">\u00d6zellikle IGORA Royal veya benzeri profesyonel boyalarla sa\u00e7 renklendirenler<\/li>\n<li data-section-id=\"5x4w60\" data-start=\"307\" data-end=\"471\">Salon veya evde profesyonel uygulama yapanlar i\u00e7in uygundur<\/li>\n<li data-section-id=\"5x4w60\" data-start=\"307\" data-end=\"471\"><em data-start=\"374\" data-end=\"433\">Normal bak\u0131m \u00fcr\u00fcn\u00fc de\u011fildir; boya i\u015flemi i\u00e7in kullan\u0131l\u0131r.<\/em><\/li>\n<\/ul>\n","protected":false},"excerpt":{"rendered":"<div class=\"flex h-svh w-screen flex-col\">\n<div class=\"relative z-0 flex min-h-0 w-full flex-1\">\n<div class=\"relative flex min-h-0 w-full flex-1\">\n<div class=\"@container\/main relative flex min-w-0 flex-1 flex-col -translate-y-[calc(env(safe-area-inset-bottom,0px)\/2)] pt-[calc(env(safe-area-inset-bottom,0px)\/2)]\">\n<div class=\"@w-sm\/main:[scrollbar-gutter:var(--stage-scroll-gutter)] touch:[scrollbar-width:none] group\/scroll-root relative flex min-h-0 min-w-0 flex-1 flex-col [scrollbar-gutter:stable] not-print:overflow-x-clip not-print:overflow-y-auto group-data-stream-active\/scroll-root:[overflow-anchor:none] scroll-pt-(--header-height) [--sticky-padding-top:var(--header-height)] [--sticky-padding-bottom:0px] [--scroll-root-safe-area-inset-top:calc(var(--sticky-padding-top)+env(safe-area-inset-top,0px))] [--scroll-root-safe-area-inset-bottom:calc(var(--sticky-padding-bottom)+var(--screen-keyboard-height,0px)+env(safe-area-inset-bottom,0px))] [--scroll-root-safe-area-height:calc(100lvh-var(--scroll-root-safe-area-inset-top)-var(--scroll-root-safe-area-inset-bottom))] has-data-[fixed-header=less-than-xl]:@w-xl\/main:scroll-pt-0 has-data-[fixed-header=less-than-xl]:@w-xl\/main:[--sticky-padding-top:0px] has-data-[fixed-header=less-than-xxl]:@w-2xl\/main:scroll-pt-0 has-data-[fixed-header=less-than-xxl]:@w-2xl\/main:[--sticky-padding-top:0px]\" data-scroll-root=\"\" data-scroll-from-top=\"\"><main id=\"main\" class=\"min-h-0 flex-1\"><\/p>\n<div id=\"thread\" class=\"group\/thread flex flex-col min-h-full\">\n<div class=\"composer-parent flex flex-1 flex-col focus-visible:outline-0\" role=\"presentation\">\n<div class=\"relative basis-auto flex-col -mb-(--composer-overlap-px) pb-(--composer-overlap-px) [--composer-overlap-px:28px] grow flex\">\n<div class=\"flex flex-col text-sm pb-25\">\n<section class=\"text-token-text-primary w-full focus:outline-none [--shadow-height:45px] has-data-writing-block:pointer-events-none has-data-writing-block:-mt-(--shadow-height) has-data-writing-block:pt-(--shadow-height) [&amp;:has([data-writing-block])&gt;*]:pointer-events-auto scroll-mt-[calc(var(--header-height)+min(200px,max(70px,20svh)))]\" dir=\"auto\" data-turn-id=\"request-WEB:6ad13007-09b1-4e01-9b24-bb0c6f765f71-31\" data-testid=\"conversation-turn-64\" data-scroll-anchor=\"true\" data-turn=\"assistant\">\n<div class=\"text-base my-auto mx-auto pb-10 [--thread-content-margin:var(--thread-content-margin-xs,calc(var(--spacing)*4))] @w-sm\/main:[--thread-content-margin:var(--thread-content-margin-sm,calc(var(--spacing)*6))] @w-lg\/main:[--thread-content-margin:var(--thread-content-margin-lg,calc(var(--spacing)*16))] px-(--thread-content-margin)\">\n<div class=\"[--thread-content-max-width:40rem] @w-lg\/main:[--thread-content-max-width:48rem] mx-auto max-w-(--thread-content-max-width) flex-1 group\/turn-messages focus-visible:outline-hidden relative flex w-full min-w-0 flex-col agent-turn\">\n<div class=\"flex max-w-full flex-col gap-4 grow\">\n<div class=\"min-h-8 text-message relative flex w-full flex-col items-end gap-2 text-start break-words whitespace-normal outline-none keyboard-focused:focus-ring [.text-message+&amp;]:mt-1\" dir=\"auto\" tabindex=\"0\" data-message-author-role=\"assistant\" data-message-id=\"b76ff483-941e-4fdd-a0b6-685dc519bfa6\" data-turn-start-message=\"true\" data-message-model-slug=\"gpt-5-mini\">\n<div class=\"flex w-full flex-col gap-1 empty:hidden\">\n<div class=\"markdown prose dark:prose-invert w-full wrap-break-word light markdown-new-styling\">\n<h3 data-section-id=\"1ywxi6s\" data-start=\"478\" data-end=\"505\"><span role=\"text\">Ne i\u00e7in kullan\u0131l\u0131r?<\/span><\/h3>\n<ul data-start=\"506\" data-end=\"823\">\n<li data-section-id=\"l57wm1\" data-start=\"506\" data-end=\"591\">Sa\u00e7 boyas\u0131n\u0131n aktive olmas\u0131n\u0131 sa\u011flar ve boyan\u0131n a\u00e7\u0131\u011fa \u00e7\u0131kmas\u0131na yard\u0131mc\u0131 olur<\/li>\n<li data-section-id=\"1fsr7z7\" data-start=\"592\" data-end=\"641\">Beyaz sa\u00e7lar\u0131n kapat\u0131lmas\u0131nda destek olur<\/li>\n<li data-section-id=\"htx7g1\" data-start=\"642\" data-end=\"696\">A\u00e7\u0131klanan tona g\u00f6re sa\u00e7 rengini <em data-start=\"676\" data-end=\"694\">1\u20132 ton a\u00e7abilir<\/em><\/li>\n<li data-section-id=\"1iitwqc\" data-start=\"697\" data-end=\"823\">Boya ile kar\u0131\u015ft\u0131r\u0131ld\u0131\u011f\u0131nda renk reaksiyonunu tetikler ve sabitlemeye yard\u0131mc\u0131 olur<\/li>\n<\/ul>\n<h3 data-section-id=\"tx8gfr\" data-start=\"830\" data-end=\"855\"><span role=\"text\">Nas\u0131l kullan\u0131l\u0131r?<\/span><\/h3>\n<ol data-start=\"856\" data-end=\"1231\">\n<li data-section-id=\"pk2qon\" data-start=\"856\" data-end=\"925\">Sa\u00e7 boyas\u0131yla kar\u0131\u015ft\u0131r\u0131n (\u00fcretici talimat\u0131na g\u00f6re oranlarda)<\/li>\n<li data-section-id=\"12nyqj\" data-start=\"926\" data-end=\"983\">Kar\u0131\u015f\u0131m\u0131 sa\u00e7ta k\u00f6kten uca e\u015fit \u015fekilde uygulay\u0131n<\/li>\n<li data-section-id=\"1j73jkh\" data-start=\"984\" data-end=\"1039\">Talimatlarda belirtilen bekleme s\u00fcresince bekletin<\/li>\n<li data-section-id=\"78sgw5\" data-start=\"1040\" data-end=\"1081\">S\u00fcre sonunda bol suyla durulay\u0131n<\/li>\n<li data-section-id=\"wse0mh\" data-start=\"1082\" data-end=\"1231\">Ard\u0131ndan sa\u00e7 bak\u0131m \u00fcr\u00fcnleri ile sa\u00e7\u0131 nemlendirin<br data-start=\"1137\" data-end=\"1140\" \/>&#8211;<em data-start=\"1143\" data-end=\"1193\">Her zaman \u00fcretici boya talimat\u0131na g\u00f6re kullan\u0131n.<\/em><\/li>\n<\/ol>\n<h3 data-section-id=\"1waled3\" data-start=\"1238\" data-end=\"1288\"><span role=\"text\">\u0130\u00e7erik:<\/span><\/h3>\n<p data-start=\"1289\" data-end=\"1836\"><em data-start=\"1289\" data-end=\"1434\">(Not: Bu \u00fcr\u00fcn\u00fcn tam i\u00e7erik listesi ambalajda yer al\u0131r ve sat\u0131c\u0131 sitelerinde genelde payla\u015f\u0131lmaz; a\u015fa\u011f\u0131dakiler genel oksidan bile\u015fen tipleridir)<\/em><br data-start=\"1434\" data-end=\"1437\" \/>Hydrogen Peroxide \u2022 Aqua\/Water \u2022 Cetearyl Alcohol \u2022 Glycerin \u2022 Phosphoric Acid \u2022 Etidronic Acid \u2022 Sodium Stannate \u2022 Acrylates\/Ceteth\u201120 Itaconate Copolymer \u2022 Tetrasodium EDTA \u2022 Sodium Pyrophosphate \u2022 Disodium Pyrophosphate \u2022 Calcium Lactate \u2022 Phenoxyethanol \u2022 Aminomethyl Propanol \u2022 Caprylyl Glycol \u2022 Sodium Hydroxide \u2022 Parfum \/ Fragrance \u2022 Benzyl Alcohol \u2022 Limonene \u2022 Linalool \u2022 CI 19140 \u2022 CI 15985<\/p>\n<p data-start=\"1838\" data-end=\"1956\"><em data-start=\"1838\" data-end=\"1956\">(Bu i\u00e7erik listesi tahmini genel form\u00fcldir; \u00fcr\u00fcn ambalaj\u0131n\u0131 g\u00f6rerek en g\u00fcncel listeyi kontrol etmeniz \u00f6nerilir.)<\/em><\/p>\n<p data-start=\"1963\" data-end=\"2230\">\n<\/div>\n<\/div>\n<\/div>\n<\/div>\n<\/div>\n<\/div>\n<\/section>\n<\/div>\n<\/div>\n<\/div>\n<\/div>\n<p><\/main><\/div>\n<\/div>\n<\/div>\n<\/div>\n<\/div>\n","protected":false},"featured_media":4223,"comment_status":"open","ping_status":"closed","template":"","meta":{"_acf_changed":false},"product_brand":[191],"product_cat":[377],"product_tag":[378],"class_list":{"0":"post-4224","1":"product","2":"type-product","3":"status-publish","4":"has-post-thumbnail","6":"product_brand-schwarzkopf","7":"product_cat-sac-boya-bakimi","8":"product_tag-schwarzkopf","10":"first","11":"instock","12":"shipping-taxable","13":"purchasable","14":"product-type-simple"},"acf":[],"_links":{"self":[{"href":"https:\/\/www.kozmodern.com\/index.php?rest_route=\/wp\/v2\/product\/4224","targetHints":{"allow":["GET"]}}],"collection":[{"href":"https:\/\/www.kozmodern.com\/index.php?rest_route=\/wp\/v2\/product"}],"about":[{"href":"https:\/\/www.kozmodern.com\/index.php?rest_route=\/wp\/v2\/types\/product"}],"replies":[{"embeddable":true,"href":"https:\/\/www.kozmodern.com\/index.php?rest_route=%2Fwp%2Fv2%2Fcomments&post=4224"}],"wp:featuredmedia":[{"embeddable":true,"href":"https:\/\/www.kozmodern.com\/index.php?rest_route=\/wp\/v2\/media\/4223"}],"wp:attachment":[{"href":"https:\/\/www.kozmodern.com\/index.php?rest_route=%2Fwp%2Fv2%2Fmedia&parent=4224"}],"wp:term":[{"taxonomy":"product_brand","embeddable":true,"href":"https:\/\/www.kozmodern.com\/index.php?rest_route=%2Fwp%2Fv2%2Fproduct_brand&post=4224"},{"taxonomy":"product_cat","embeddable":true,"href":"https:\/\/www.kozmodern.com\/index.php?rest_route=%2Fwp%2Fv2%2Fproduct_cat&post=4224"},{"taxonomy":"product_tag","embeddable":true,"href":"https:\/\/www.kozmodern.com\/index.php?rest_route=%2Fwp%2Fv2%2Fproduct_tag&post=4224"}],"curies":[{"name":"wp","href":"https:\/\/api.w.org\/{rel}","templated":true}]}}