{"id":4230,"date":"2026-03-01T22:17:38","date_gmt":"2026-03-01T19:17:38","guid":{"rendered":"https:\/\/www.kozmodern.com\/?product=schwarzkopf-silhouette-super-tutucu-sprey-500-ml-3-adet"},"modified":"2026-04-06T16:30:15","modified_gmt":"2026-04-06T13:30:15","slug":"schwarzkopf-silhouette-super-tutucu-sprey-500-ml-3-adet","status":"publish","type":"product","link":"https:\/\/www.kozmodern.com\/?product=schwarzkopf-silhouette-super-tutucu-sprey-500-ml-3-adet","title":{"rendered":"Schwarzkopf Silhouette S\u00fcper Tutucu Sprey 500 ml 3 Adet"},"content":{"rendered":"<h3 data-section-id=\"1ois3w7\" data-start=\"71\" data-end=\"100\"><span role=\"text\">Kimler i\u00e7in uygundur?<\/span><\/h3>\n<ul data-start=\"101\" data-end=\"367\">\n<li data-section-id=\"qnp57e\" data-start=\"101\" data-end=\"148\">Sa\u00e7\u0131n\u0131 g\u00fcn boyu sabit tutmak isteyenler<\/li>\n<li data-section-id=\"1v9bjfb\" data-start=\"149\" data-end=\"217\">Karma\u015f\u0131k modeller veya topuz gibi g\u00fc\u00e7l\u00fc tutu\u015f gerektiren stiller<\/li>\n<li data-section-id=\"1820is2\" data-start=\"218\" data-end=\"290\">D\u00fcn\u00ad\u00ady\u00adal\u0131k veya \u00f6zel g\u00fcn \u015fekillendirmede g\u00fc\u00e7l\u00fc tutu\u015f isteyenler<\/li>\n<li data-section-id=\"1viirge\" data-start=\"291\" data-end=\"367\">T\u00fcm sa\u00e7 tipleri i\u00e7in uygundur <em data-start=\"323\" data-end=\"367\">(\u00f6zellikle uzun, s\u0131k \u015fekil verilen sa\u00e7lar)<\/em><\/li>\n<\/ul>\n","protected":false},"excerpt":{"rendered":"<h3 data-section-id=\"1ywxi6s\" data-start=\"374\" data-end=\"401\"><span role=\"text\">Ne i\u00e7in kullan\u0131l\u0131r?<\/span><\/h3>\n<ul data-start=\"402\" data-end=\"568\">\n<li data-section-id=\"15bxgp1\" data-start=\"402\" data-end=\"446\">Sa\u00e7 modelini uzun s\u00fcreli sabitlemeye<\/li>\n<li data-section-id=\"orfdab\" data-start=\"447\" data-end=\"480\">\u015eekli bozulmadan korumaya<\/li>\n<li data-section-id=\"1slva5z\" data-start=\"481\" data-end=\"528\">Sa\u00e7a parlakl\u0131k ve canl\u0131l\u0131k kazand\u0131rmaya<\/li>\n<li data-section-id=\"12s680g\" data-start=\"529\" data-end=\"568\">A\u011f\u0131rla\u015ft\u0131rmadan g\u00fc\u00e7l\u00fc tutu\u015f sa\u011flamaya<\/li>\n<\/ul>\n<h3 data-section-id=\"tx8gfr\" data-start=\"575\" data-end=\"600\"><span role=\"text\">Nas\u0131l kullan\u0131l\u0131r?<\/span><\/h3>\n<ol data-start=\"601\" data-end=\"862\">\n<li data-section-id=\"1lfztrg\" data-start=\"601\" data-end=\"662\">Kuru sa\u00e7a sa\u00e7 modelini olu\u015fturduktan sonra uygulay\u0131n<\/li>\n<li data-section-id=\"z6xq7c\" data-start=\"663\" data-end=\"721\">20\u201330\u202fcm uzakl\u0131ktan e\u015fit \u015fekilde spreyi p\u00fcsk\u00fcrt\u00fcn<\/li>\n<li data-section-id=\"fa7b0q\" data-start=\"722\" data-end=\"785\">Kurumas\u0131n\u0131 bekleyin \u2014 durulama veya tarama gerektirmez<\/li>\n<li data-section-id=\"1qyi2ve\" data-start=\"786\" data-end=\"862\">\u0130stersen katlar halinde (y\u00fcksek tutu\u015f i\u00e7in) tekrar uygulayabilirsiniz<\/li>\n<\/ol>\n<p data-start=\"864\" data-end=\"939\"><em data-start=\"864\" data-end=\"939\">(3 adet almak, uzun s\u00fcreli kullan\u0131m veya stok ihtiya\u00e7lar\u0131 i\u00e7in idealdir.)<\/em><\/p>\n<h3 data-section-id=\"34e2gn\" data-start=\"946\" data-end=\"998\"><span role=\"text\">\u0130\u00e7erik: <\/span><\/h3>\n<p data-section-id=\"34e2gn\" data-start=\"946\" data-end=\"998\">Dimethyl Ether \u2022 Alcohol Denat. \u2022 Aqua \/ Water \u2022 Octylacrylamide \/ Acrylates \/ Butylaminoethyl Methacrylate Copolymer \u2022 Aminomethyl Propanol \u2022 Parfum \/ Fragrance \u2022 Benzyl Alcohol<\/p>\n","protected":false},"featured_media":4229,"comment_status":"open","ping_status":"closed","template":"","meta":{"_acf_changed":false},"product_brand":[191],"product_cat":[379],"product_tag":[378],"class_list":{"0":"post-4230","1":"product","2":"type-product","3":"status-publish","4":"has-post-thumbnail","6":"product_brand-schwarzkopf","7":"product_cat-sekillendiriciler-2","8":"product_tag-schwarzkopf","10":"first","11":"instock","12":"shipping-taxable","13":"purchasable","14":"product-type-simple"},"acf":[],"_links":{"self":[{"href":"https:\/\/www.kozmodern.com\/index.php?rest_route=\/wp\/v2\/product\/4230","targetHints":{"allow":["GET"]}}],"collection":[{"href":"https:\/\/www.kozmodern.com\/index.php?rest_route=\/wp\/v2\/product"}],"about":[{"href":"https:\/\/www.kozmodern.com\/index.php?rest_route=\/wp\/v2\/types\/product"}],"replies":[{"embeddable":true,"href":"https:\/\/www.kozmodern.com\/index.php?rest_route=%2Fwp%2Fv2%2Fcomments&post=4230"}],"wp:featuredmedia":[{"embeddable":true,"href":"https:\/\/www.kozmodern.com\/index.php?rest_route=\/wp\/v2\/media\/4229"}],"wp:attachment":[{"href":"https:\/\/www.kozmodern.com\/index.php?rest_route=%2Fwp%2Fv2%2Fmedia&parent=4230"}],"wp:term":[{"taxonomy":"product_brand","embeddable":true,"href":"https:\/\/www.kozmodern.com\/index.php?rest_route=%2Fwp%2Fv2%2Fproduct_brand&post=4230"},{"taxonomy":"product_cat","embeddable":true,"href":"https:\/\/www.kozmodern.com\/index.php?rest_route=%2Fwp%2Fv2%2Fproduct_cat&post=4230"},{"taxonomy":"product_tag","embeddable":true,"href":"https:\/\/www.kozmodern.com\/index.php?rest_route=%2Fwp%2Fv2%2Fproduct_tag&post=4230"}],"curies":[{"name":"wp","href":"https:\/\/api.w.org\/{rel}","templated":true}]}}