{"id":4333,"date":"2026-03-02T00:42:37","date_gmt":"2026-03-01T21:42:37","guid":{"rendered":"https:\/\/www.kozmodern.com\/?product=davines-alchemic-cikolata-sac-kremi-250-ml"},"modified":"2026-04-06T18:41:47","modified_gmt":"2026-04-06T15:41:47","slug":"davines-alchemic-cikolata-sac-kremi-250-ml","status":"publish","type":"product","link":"https:\/\/www.kozmodern.com\/?product=davines-alchemic-cikolata-sac-kremi-250-ml","title":{"rendered":"Davines Alchemic \u00c7ikolata Sa\u00e7 Kremi 250 ml"},"content":{"rendered":"<h3 data-section-id=\"1ois3w7\" data-start=\"51\" data-end=\"80\"><span role=\"text\">Kimler i\u00e7in uygundur?<\/span><\/h3>\n<ul data-start=\"81\" data-end=\"355\">\n<li data-section-id=\"3c0nrv\" data-start=\"81\" data-end=\"152\">Koyu kahverengi veya siyah tonlardaki do\u011fal veya boyal\u0131 sa\u00e7lara<\/li>\n<li data-section-id=\"rpg74y\" data-start=\"153\" data-end=\"210\">Renk canl\u0131l\u0131\u011f\u0131n\u0131 korumak ve yo\u011funla\u015ft\u0131rmak isteyenler<\/li>\n<li data-section-id=\"14g9t6z\" data-start=\"211\" data-end=\"280\">Sa\u00e7lar\u0131 kolay taranabilir ve yumu\u015fak h\u00e2le getirmek isteyenler<\/li>\n<li data-section-id=\"5b5y3m\" data-start=\"281\" data-end=\"355\">T\u00fcm sa\u00e7 tipleri i\u00e7in kullan\u0131labilir<\/li>\n<\/ul>\n","protected":false},"excerpt":{"rendered":"<h3 data-section-id=\"1ywxi6s\" data-start=\"362\" data-end=\"389\"><span role=\"text\"><strong data-start=\"366\" data-end=\"389\">N<\/strong>e i\u00e7in kullan\u0131l\u0131r?<\/span><\/h3>\n<ul data-start=\"390\" data-end=\"653\">\n<li data-section-id=\"1aystkv\" data-start=\"390\" data-end=\"463\">Sa\u00e7\u0131n koyu tonlar\u0131n\u0131 belirginle\u015ftirmeye ve parlakl\u0131k kazand\u0131rmaya<\/li>\n<li data-section-id=\"q9dbu5\" data-start=\"464\" data-end=\"496\">Renk solmas\u0131n\u0131 azaltmaya<\/li>\n<li data-section-id=\"18tz3cs\" data-start=\"497\" data-end=\"532\">Sa\u00e7\u0131 beslemeye ve nemlendirmeye<\/li>\n<li data-section-id=\"phfmey\" data-start=\"533\" data-end=\"653\">Sa\u00e7 tellerini daha yumu\u015fak ve kontrol edilebilir h\u00e2le getirmeye yard\u0131mc\u0131 olur<\/li>\n<\/ul>\n<h3 data-section-id=\"tx8gfr\" data-start=\"660\" data-end=\"685\"><span role=\"text\">Nas\u0131l kullan\u0131l\u0131r?<\/span><\/h3>\n<ol data-start=\"686\" data-end=\"880\">\n<li data-section-id=\"2mefdu\" data-start=\"686\" data-end=\"748\">\u015eampuan sonras\u0131 havluyla nemi al\u0131nm\u0131\u015f sa\u00e7a uygulay\u0131n.<\/li>\n<li data-section-id=\"1k0v0o7\" data-start=\"749\" data-end=\"792\">Boy ve u\u00e7lara masaj yaparak yay\u0131n.<\/li>\n<li data-section-id=\"1ymy9iy\" data-start=\"793\" data-end=\"820\">5\u202fdakika bekleyin.<\/li>\n<li data-section-id=\"24h8d5\" data-start=\"821\" data-end=\"880\">\u0130yice durulay\u0131n<\/li>\n<\/ol>\n<h3 data-section-id=\"1waled3\" data-start=\"887\" data-end=\"937\"><span role=\"text\">\u0130\u00e7erik: <\/span><\/h3>\n<p data-section-id=\"1waled3\" data-start=\"887\" data-end=\"937\">Aqua\/Water\/Eau \u2022 Cetearyl Alcohol \u2022 Glycerin \u2022 Cetyl Alcohol \u2022 Cetrimonium Chloride \u2022 Beheneth\u201125 \u2022 Glyceryl Stearate \u2022 Polyglyceryl\u20114 Oleate \u2022 Benzyl Alcohol \u2022 Ethylhexyl Methoxycinnamate \u2022 Parfum\/Fragrance \u2022 Simmondsia Chinensis (Jojoba) Seed Oil \u2022 Tocopherol \u2022 Disodium EDTA \u2022 Hydroxyethylcellulose \u2022 Sodium Benzoate \u2022 Glyceryl Olivate \u2022 Hydrogenated Palm Glycerides Citrate \u2022 Hydrogenated Rapeseed Alcohol \u2022 Sclerotium Gum \u2022 Citric Acid \u2022 Basic Brown 17 \u2022 Basic Blue 99 \u2022 Basic Brown 16 \u2022 Acid Violet 43 \u2022 Basic Red 76 \u2022 Basic Yellow 57<\/p>\n","protected":false},"featured_media":4332,"comment_status":"open","ping_status":"closed","template":"","meta":{"_acf_changed":false},"product_brand":[189],"product_cat":[397],"product_tag":[],"class_list":{"0":"post-4333","1":"product","2":"type-product","3":"status-publish","4":"has-post-thumbnail","6":"product_brand-davines","7":"product_cat-sac-kremi-davines","9":"first","10":"instock","11":"shipping-taxable","12":"purchasable","13":"product-type-simple"},"acf":[],"_links":{"self":[{"href":"https:\/\/www.kozmodern.com\/index.php?rest_route=\/wp\/v2\/product\/4333","targetHints":{"allow":["GET"]}}],"collection":[{"href":"https:\/\/www.kozmodern.com\/index.php?rest_route=\/wp\/v2\/product"}],"about":[{"href":"https:\/\/www.kozmodern.com\/index.php?rest_route=\/wp\/v2\/types\/product"}],"replies":[{"embeddable":true,"href":"https:\/\/www.kozmodern.com\/index.php?rest_route=%2Fwp%2Fv2%2Fcomments&post=4333"}],"wp:featuredmedia":[{"embeddable":true,"href":"https:\/\/www.kozmodern.com\/index.php?rest_route=\/wp\/v2\/media\/4332"}],"wp:attachment":[{"href":"https:\/\/www.kozmodern.com\/index.php?rest_route=%2Fwp%2Fv2%2Fmedia&parent=4333"}],"wp:term":[{"taxonomy":"product_brand","embeddable":true,"href":"https:\/\/www.kozmodern.com\/index.php?rest_route=%2Fwp%2Fv2%2Fproduct_brand&post=4333"},{"taxonomy":"product_cat","embeddable":true,"href":"https:\/\/www.kozmodern.com\/index.php?rest_route=%2Fwp%2Fv2%2Fproduct_cat&post=4333"},{"taxonomy":"product_tag","embeddable":true,"href":"https:\/\/www.kozmodern.com\/index.php?rest_route=%2Fwp%2Fv2%2Fproduct_tag&post=4333"}],"curies":[{"name":"wp","href":"https:\/\/api.w.org\/{rel}","templated":true}]}}