{"id":4339,"date":"2026-03-02T00:42:39","date_gmt":"2026-03-01T21:42:39","guid":{"rendered":"https:\/\/www.kozmodern.com\/?product=davines-alchemic-copper-bakir-sac-kremi-250-ml"},"modified":"2026-04-06T18:46:45","modified_gmt":"2026-04-06T15:46:45","slug":"davines-alchemic-copper-bakir-sac-kremi-250-ml","status":"publish","type":"product","link":"https:\/\/www.kozmodern.com\/?product=davines-alchemic-copper-bakir-sac-kremi-250-ml","title":{"rendered":"Davines Alchemic Copper Conditioner 250\u202fml  (Bak\u0131r Tonlar i\u00e7in Renk Koruyucu Sa\u00e7 Kremi)"},"content":{"rendered":"<h3 data-section-id=\"1ois3w7\" data-start=\"104\" data-end=\"133\"><span role=\"text\">Kimler i\u00e7in uygundur?<\/span><\/h3>\n<ul data-start=\"134\" data-end=\"347\">\n<li data-section-id=\"1qbx066\" data-start=\"134\" data-end=\"186\">Bak\u0131r tonlardaki sa\u00e7lara (do\u011fal veya boyal\u0131)<\/li>\n<li data-section-id=\"1revgv4\" data-start=\"187\" data-end=\"252\">Renk solmas\u0131n\u0131 \u00f6nlemek ve tonlar\u0131 canl\u0131 tutmak isteyenler<\/li>\n<li data-section-id=\"1p1fvet\" data-start=\"253\" data-end=\"301\">Sa\u00e7\u0131n\u0131 beslemek ve yumu\u015fatmak isteyenler<\/li>\n<li data-section-id=\"yhmxek\" data-start=\"302\" data-end=\"347\">T\u00fcm sa\u00e7 tipleri (\u00f6zellikle renkli sa\u00e7larda)<\/li>\n<\/ul>\n","protected":false},"excerpt":{"rendered":"<h3 data-section-id=\"1ywxi6s\" data-start=\"354\" data-end=\"381\"><span role=\"text\">Ne i\u00e7in kullan\u0131l\u0131r?<\/span><\/h3>\n<ul data-start=\"382\" data-end=\"564\">\n<li data-section-id=\"1t38nee\" data-start=\"382\" data-end=\"437\">Sa\u00e7taki bak\u0131r\/\u0131\u015f\u0131ldayan tonlar\u0131 yo\u011funla\u015ft\u0131rmaya<\/li>\n<li data-section-id=\"7qvwod\" data-start=\"438\" data-end=\"470\">Renk solmas\u0131n\u0131 azaltmaya<\/li>\n<li data-section-id=\"1q0tzlr\" data-start=\"471\" data-end=\"512\">Sa\u00e7\u0131 nemlendirmeye ve yumu\u015fatmaya<\/li>\n<li data-section-id=\"1bi49sl\" data-start=\"513\" data-end=\"564\">Sa\u00e7\u0131n parlak ve canl\u0131 g\u00f6r\u00fcnmesini sa\u011flamaya<\/li>\n<\/ul>\n<h3 data-section-id=\"tx8gfr\" data-start=\"571\" data-end=\"596\"><span role=\"text\">Nas\u0131l kullan\u0131l\u0131r?<\/span><\/h3>\n<ol data-start=\"597\" data-end=\"752\">\n<li data-section-id=\"auavkc\" data-start=\"597\" data-end=\"658\">\u015eampuan sonras\u0131 havluyla nemi al\u0131nm\u0131\u015f sa\u00e7a uygulay\u0131n<\/li>\n<li data-section-id=\"jjy60u\" data-start=\"659\" data-end=\"700\">Boy ve u\u00e7lara e\u015fit \u015fekilde yay\u0131n<\/li>\n<li data-section-id=\"118alx2\" data-start=\"701\" data-end=\"729\">3\u20135 dakika bekletin<\/li>\n<li data-section-id=\"19ao6kk\" data-start=\"730\" data-end=\"752\">\u0130yice durulay\u0131n<\/li>\n<\/ol>\n<h3 data-section-id=\"34e2gn\" data-start=\"759\" data-end=\"811\"><span role=\"text\">\u0130\u00e7erik:<\/span><\/h3>\n<p data-start=\"812\" data-end=\"1315\">Aqua \/ Water \/ Eau \u2022 Cetearyl Alcohol \u2022 Glycerin \u2022 Cetyl Alcohol \u2022 Cetrimonium Chloride \u2022 Beheneth\u201125 \u2022 Glyceryl Stearate \u2022 Polyglyceryl\u20114 Oleate \u2022 Benzyl Alcohol \u2022 Ethylhexyl Methoxycinnamate \u2022 Parfum \/ Fragrance \u2022 Tocopherol \u2022 Disodium EDTA \u2022 Hydroxyethylcellulose \u2022 Sodium Benzoate \u2022 Glyceryl Olivate \u2022 Hydrogenated Palm Glycerides Citrate \u2022 Hydrogenated Rapeseed Alcohol \u2022 Sclerotium Gum \u2022 Citric Acid \u2022 Basic Red 76 \u2022 Basic Yellow 57 \u2022 Basic Orange 85 \u2022 Basic Red 51 \u2022 Basic Violet 43 \u2022 CI Pigments<\/p>\n","protected":false},"featured_media":4338,"comment_status":"open","ping_status":"closed","template":"","meta":{"_acf_changed":false},"product_brand":[189],"product_cat":[397],"product_tag":[],"class_list":{"0":"post-4339","1":"product","2":"type-product","3":"status-publish","4":"has-post-thumbnail","6":"product_brand-davines","7":"product_cat-sac-kremi-davines","9":"first","10":"instock","11":"shipping-taxable","12":"purchasable","13":"product-type-simple"},"acf":[],"_links":{"self":[{"href":"https:\/\/www.kozmodern.com\/index.php?rest_route=\/wp\/v2\/product\/4339","targetHints":{"allow":["GET"]}}],"collection":[{"href":"https:\/\/www.kozmodern.com\/index.php?rest_route=\/wp\/v2\/product"}],"about":[{"href":"https:\/\/www.kozmodern.com\/index.php?rest_route=\/wp\/v2\/types\/product"}],"replies":[{"embeddable":true,"href":"https:\/\/www.kozmodern.com\/index.php?rest_route=%2Fwp%2Fv2%2Fcomments&post=4339"}],"wp:featuredmedia":[{"embeddable":true,"href":"https:\/\/www.kozmodern.com\/index.php?rest_route=\/wp\/v2\/media\/4338"}],"wp:attachment":[{"href":"https:\/\/www.kozmodern.com\/index.php?rest_route=%2Fwp%2Fv2%2Fmedia&parent=4339"}],"wp:term":[{"taxonomy":"product_brand","embeddable":true,"href":"https:\/\/www.kozmodern.com\/index.php?rest_route=%2Fwp%2Fv2%2Fproduct_brand&post=4339"},{"taxonomy":"product_cat","embeddable":true,"href":"https:\/\/www.kozmodern.com\/index.php?rest_route=%2Fwp%2Fv2%2Fproduct_cat&post=4339"},{"taxonomy":"product_tag","embeddable":true,"href":"https:\/\/www.kozmodern.com\/index.php?rest_route=%2Fwp%2Fv2%2Fproduct_tag&post=4339"}],"curies":[{"name":"wp","href":"https:\/\/api.w.org\/{rel}","templated":true}]}}