{"id":4345,"date":"2026-03-02T00:42:41","date_gmt":"2026-03-01T21:42:41","guid":{"rendered":"https:\/\/www.kozmodern.com\/?product=davines-alchemic-creative-lavanta-sac-kremi-250-ml"},"modified":"2026-04-06T19:00:26","modified_gmt":"2026-04-06T16:00:26","slug":"davines-alchemic-creative-lavanta-sac-kremi-250-ml","status":"publish","type":"product","link":"https:\/\/www.kozmodern.com\/?product=davines-alchemic-creative-lavanta-sac-kremi-250-ml","title":{"rendered":"Davines Alchemic Creative Lavender Conditioner 250\u202fml  (Lavanta Tonlar\u0131 \u0130\u00e7in Renk Koruyucu Sa\u00e7 Kremi)"},"content":{"rendered":"<ul>\n<li>\n<h3 data-section-id=\"1ois3w7\" data-start=\"118\" data-end=\"147\"><span role=\"text\">Kimler i\u00e7in uygundur?<\/span><\/h3>\n<ul data-start=\"148\" data-end=\"375\">\n<li data-section-id=\"16lzwhg\" data-start=\"148\" data-end=\"214\">Lavanta veya so\u011fuk tonlardaki sa\u00e7lara (do\u011fal ya da boyal\u0131)<\/li>\n<li data-section-id=\"ygb58z\" data-start=\"215\" data-end=\"280\">Sa\u00e7 renginin so\u011fuk\/lavanta yans\u0131mas\u0131n\u0131 korumak isteyenler<\/li>\n<li data-section-id=\"1liele3\" data-start=\"281\" data-end=\"339\">Renk solmas\u0131na kar\u015f\u0131 bak\u0131m ve parlakl\u0131k isteyenler<\/li>\n<li data-section-id=\"mtsw9l\" data-start=\"340\" data-end=\"375\">T\u00fcm sa\u00e7 tiplerinde kullan\u0131labilir<\/li>\n<\/ul>\n<\/li>\n<\/ul>\n","protected":false},"excerpt":{"rendered":"<h3 data-section-id=\"1ywxi6s\" data-start=\"382\" data-end=\"409\"><span role=\"text\">Ne i\u00e7in kullan\u0131l\u0131r?<\/span><\/h3>\n<ul data-start=\"410\" data-end=\"668\">\n<li data-section-id=\"1bzg4an\" data-start=\"410\" data-end=\"457\">Sa\u00e7taki lavanta tonlar\u0131n\u0131 g\u00fc\u00e7lendirmeye<\/li>\n<li data-section-id=\"7qvwod\" data-start=\"458\" data-end=\"490\">Renk solmas\u0131n\u0131 azaltmaya<\/li>\n<li data-section-id=\"1q0tzlr\" data-start=\"491\" data-end=\"532\">Sa\u00e7\u0131 nemlendirmeye ve yumu\u015fatmaya<\/li>\n<li data-section-id=\"1csfucv\" data-start=\"533\" data-end=\"668\">Sa\u00e7\u0131n parlak ve canl\u0131 g\u00f6r\u00fcnmesini sa\u011flamaya<br data-start=\"582\" data-end=\"585\" \/>-D\u00fczenli kullan\u0131mda renk tonunun daha uzun s\u00fcre belirgin kalmas\u0131na yard\u0131mc\u0131 olur.<\/li>\n<\/ul>\n<h3 data-section-id=\"tx8gfr\" data-start=\"675\" data-end=\"700\"><span role=\"text\">Nas\u0131l kullan\u0131l\u0131r?<\/span><\/h3>\n<ol data-start=\"701\" data-end=\"861\">\n<li data-section-id=\"xz5nc2\" data-start=\"701\" data-end=\"763\">\u015eampuan sonras\u0131 havluyla nemi al\u0131nm\u0131\u015f sa\u00e7a uygulay\u0131n.<\/li>\n<li data-section-id=\"epcmxz\" data-start=\"764\" data-end=\"807\">Boy ve u\u00e7lara masaj yaparak yay\u0131n.<\/li>\n<li data-section-id=\"l2t7dk\" data-start=\"808\" data-end=\"837\">3\u20135 dakika bekletin.<\/li>\n<li data-section-id=\"34ss16\" data-start=\"838\" data-end=\"861\">\u0130yice durulay\u0131n.<\/li>\n<\/ol>\n<h3 data-section-id=\"34e2gn\" data-start=\"868\" data-end=\"920\"><span role=\"text\">\u0130\u00e7erik:<\/span><\/h3>\n<p data-start=\"921\" data-end=\"1389\">Aqua\u202f\/\u202fWater\u202f\/\u202fEau \u2022 Cetearyl Alcohol \u2022 Glycerin \u2022 Cetyl Alcohol \u2022 Cetrimonium Chloride \u2022 Beheneth\u201125 \u2022 Glyceryl Stearate \u2022 Polyglyceryl\u20114\u202fOleate \u2022 Benzyl Alcohol \u2022 Ethylhexyl\u202fMethoxycinnamate \u2022 Parfum\u202f\/\u202fFragrance \u2022 Tocopherol \u2022 Disodium EDTA \u2022 Hydroxyethylcellulose \u2022 Sodium\u202fBenzoate \u2022 Glyceryl\u202fOlivate \u2022 Hydrogenated\u202fPalm\u202fGlycerides\u202fCitrate \u2022 Hydrogenated\u202fRapeseed\u202fAlcohol \u2022 Sclerotium\u202fGum \u2022 Citric Acid \u2022 Basic Violet\u202f99 \u2022 Basic Blue\u202f99 \u2022 Basic Red\u202f76 \u2022 CI Pigments<\/p>\n<p data-start=\"1396\" data-end=\"1528\" data-is-last-node=\"\" data-is-only-node=\"\">\n","protected":false},"featured_media":4344,"comment_status":"open","ping_status":"closed","template":"","meta":{"_acf_changed":false},"product_brand":[189],"product_cat":[397],"product_tag":[],"class_list":{"0":"post-4345","1":"product","2":"type-product","3":"status-publish","4":"has-post-thumbnail","6":"product_brand-davines","7":"product_cat-sac-kremi-davines","9":"first","10":"instock","11":"shipping-taxable","12":"purchasable","13":"product-type-simple"},"acf":[],"_links":{"self":[{"href":"https:\/\/www.kozmodern.com\/index.php?rest_route=\/wp\/v2\/product\/4345","targetHints":{"allow":["GET"]}}],"collection":[{"href":"https:\/\/www.kozmodern.com\/index.php?rest_route=\/wp\/v2\/product"}],"about":[{"href":"https:\/\/www.kozmodern.com\/index.php?rest_route=\/wp\/v2\/types\/product"}],"replies":[{"embeddable":true,"href":"https:\/\/www.kozmodern.com\/index.php?rest_route=%2Fwp%2Fv2%2Fcomments&post=4345"}],"wp:featuredmedia":[{"embeddable":true,"href":"https:\/\/www.kozmodern.com\/index.php?rest_route=\/wp\/v2\/media\/4344"}],"wp:attachment":[{"href":"https:\/\/www.kozmodern.com\/index.php?rest_route=%2Fwp%2Fv2%2Fmedia&parent=4345"}],"wp:term":[{"taxonomy":"product_brand","embeddable":true,"href":"https:\/\/www.kozmodern.com\/index.php?rest_route=%2Fwp%2Fv2%2Fproduct_brand&post=4345"},{"taxonomy":"product_cat","embeddable":true,"href":"https:\/\/www.kozmodern.com\/index.php?rest_route=%2Fwp%2Fv2%2Fproduct_cat&post=4345"},{"taxonomy":"product_tag","embeddable":true,"href":"https:\/\/www.kozmodern.com\/index.php?rest_route=%2Fwp%2Fv2%2Fproduct_tag&post=4345"}],"curies":[{"name":"wp","href":"https:\/\/api.w.org\/{rel}","templated":true}]}}