{"id":4357,"date":"2026-03-02T00:42:47","date_gmt":"2026-03-01T21:42:47","guid":{"rendered":"https:\/\/www.kozmodern.com\/?product=davines-alchemic-red-kirmizi-sac-kremi-250-ml"},"modified":"2026-04-06T19:09:49","modified_gmt":"2026-04-06T16:09:49","slug":"davines-alchemic-red-kirmizi-sac-kremi-250-ml","status":"publish","type":"product","link":"https:\/\/www.kozmodern.com\/?product=davines-alchemic-red-kirmizi-sac-kremi-250-ml","title":{"rendered":"Davines Alchemic Red Conditioner 250\u202fml  (K\u0131rm\u0131z\u0131 \/ Red Tonlar \u0130\u00e7in Renk Koruyucu Sa\u00e7 Kremi)"},"content":{"rendered":"<h3 data-section-id=\"1ois3w7\" data-start=\"109\" data-end=\"138\"><span role=\"text\">Kimler i\u00e7in uygundur?<\/span><\/h3>\n<ul data-start=\"139\" data-end=\"366\">\n<li data-section-id=\"vt65x0\" data-start=\"139\" data-end=\"194\">K\u0131rm\u0131z\u0131 tonlar\u0131ndaki sa\u00e7lar (do\u011fal veya boyal\u0131)<\/li>\n<li data-section-id=\"1v7dw23\" data-start=\"195\" data-end=\"275\">Renk solmas\u0131n\u0131 \u00f6nlemek ve canl\u0131 k\u0131rm\u0131z\u0131 yans\u0131malar elde etmek isteyenler<\/li>\n<li data-section-id=\"1xbo8ob\" data-start=\"276\" data-end=\"334\">Sa\u00e7\u0131n\u0131 nemlendirip yumu\u015fak hissettirmek isteyenler<\/li>\n<li data-section-id=\"1vpaqd9\" data-start=\"335\" data-end=\"366\">T\u00fcm sa\u00e7 tipleri i\u00e7in uygundur<\/li>\n<\/ul>\n<h3 data-section-id=\"1ywxi6s\" data-start=\"373\" data-end=\"400\"><\/h3>\n","protected":false},"excerpt":{"rendered":"<h3 data-section-id=\"1ywxi6s\" data-start=\"373\" data-end=\"400\"><span role=\"text\">Ne i\u00e7in kullan\u0131l\u0131r?<\/span><\/h3>\n<ul data-start=\"401\" data-end=\"684\">\n<li data-section-id=\"h4eym8\" data-start=\"401\" data-end=\"455\">Sa\u00e7taki k\u0131rm\u0131z\u0131 renk tonlar\u0131n\u0131 yo\u011funla\u015ft\u0131rmaya<\/li>\n<li data-section-id=\"7qvwod\" data-start=\"456\" data-end=\"488\">Renk solmas\u0131n\u0131 azaltmaya<\/li>\n<li data-section-id=\"hv1x7l\" data-start=\"489\" data-end=\"525\">Sa\u00e7\u0131 nemlendirip yumu\u015fatmaya<\/li>\n<li data-section-id=\"e8sudx\" data-start=\"526\" data-end=\"684\">Sa\u00e7\u0131n parlak, canl\u0131 ve kontrol edilen g\u00f6r\u00fcnmesini sa\u011flamaya<br data-start=\"591\" data-end=\"594\" \/>-Renk bak\u0131m\u0131n\u0131 desteklemek ve k\u0131rm\u0131z\u0131 tonlar\u0131n daha uzun s\u00fcre belirgin kalmas\u0131n\u0131 sa\u011flar.<\/li>\n<\/ul>\n<h3 data-section-id=\"tx8gfr\" data-start=\"691\" data-end=\"716\"><span role=\"text\">Nas\u0131l kullan\u0131l\u0131r?<\/span><\/h3>\n<ol data-start=\"717\" data-end=\"873\">\n<li data-section-id=\"1a8bhho\" data-start=\"717\" data-end=\"778\">\u015eampuan sonras\u0131 havluyla nemi al\u0131nm\u0131\u015f sa\u00e7a uygulay\u0131n<\/li>\n<li data-section-id=\"1t0osq1\" data-start=\"779\" data-end=\"821\">Boy ve u\u00e7lara masaj yaparak yay\u0131n<\/li>\n<li data-section-id=\"118alx2\" data-start=\"822\" data-end=\"850\">3\u20135 dakika bekletin<\/li>\n<li data-section-id=\"19ao6kk\" data-start=\"851\" data-end=\"873\">\u0130yice durulay\u0131n<\/li>\n<\/ol>\n<h3 data-section-id=\"34e2gn\" data-start=\"880\" data-end=\"932\"><span role=\"text\">\u0130\u00e7erik:<\/span><\/h3>\n<p data-start=\"933\" data-end=\"1400\">Aqua \/ Water \/ Eau \u2022 Cetearyl Alcohol \u2022 Glycerin \u2022 Cetyl Alcohol \u2022 Cetrimonium Chloride \u2022 Beheneth\u201125 \u2022 Glyceryl Stearate \u2022 Polyglyceryl\u20114 Oleate \u2022 Benzyl Alcohol \u2022 Ethylhexyl Methoxycinnamate \u2022 Parfum \/ Fragrance \u2022 Tocopherol \u2022 Disodium EDTA \u2022 Hydroxyethylcellulose \u2022 Sodium Benzoate \u2022 Glyceryl Olivate \u2022 Hydrogenated Palm Glycerides Citrate \u2022 Hydrogenated Rapeseed Alcohol \u2022 Sclerotium Gum \u2022 Citric Acid \u2022 Basic Red 76 \u2022 Basic Red 51 \u2022 Basic Orange 85 \u2022 CI Pigments<\/p>\n","protected":false},"featured_media":4356,"comment_status":"open","ping_status":"closed","template":"","meta":{"_acf_changed":false},"product_brand":[189],"product_cat":[397],"product_tag":[],"class_list":{"0":"post-4357","1":"product","2":"type-product","3":"status-publish","4":"has-post-thumbnail","6":"product_brand-davines","7":"product_cat-sac-kremi-davines","9":"first","10":"instock","11":"shipping-taxable","12":"purchasable","13":"product-type-simple"},"acf":[],"_links":{"self":[{"href":"https:\/\/www.kozmodern.com\/index.php?rest_route=\/wp\/v2\/product\/4357","targetHints":{"allow":["GET"]}}],"collection":[{"href":"https:\/\/www.kozmodern.com\/index.php?rest_route=\/wp\/v2\/product"}],"about":[{"href":"https:\/\/www.kozmodern.com\/index.php?rest_route=\/wp\/v2\/types\/product"}],"replies":[{"embeddable":true,"href":"https:\/\/www.kozmodern.com\/index.php?rest_route=%2Fwp%2Fv2%2Fcomments&post=4357"}],"wp:featuredmedia":[{"embeddable":true,"href":"https:\/\/www.kozmodern.com\/index.php?rest_route=\/wp\/v2\/media\/4356"}],"wp:attachment":[{"href":"https:\/\/www.kozmodern.com\/index.php?rest_route=%2Fwp%2Fv2%2Fmedia&parent=4357"}],"wp:term":[{"taxonomy":"product_brand","embeddable":true,"href":"https:\/\/www.kozmodern.com\/index.php?rest_route=%2Fwp%2Fv2%2Fproduct_brand&post=4357"},{"taxonomy":"product_cat","embeddable":true,"href":"https:\/\/www.kozmodern.com\/index.php?rest_route=%2Fwp%2Fv2%2Fproduct_cat&post=4357"},{"taxonomy":"product_tag","embeddable":true,"href":"https:\/\/www.kozmodern.com\/index.php?rest_route=%2Fwp%2Fv2%2Fproduct_tag&post=4357"}],"curies":[{"name":"wp","href":"https:\/\/api.w.org\/{rel}","templated":true}]}}