{"id":4367,"date":"2026-03-02T00:42:51","date_gmt":"2026-03-01T21:42:51","guid":{"rendered":"https:\/\/www.kozmodern.com\/?product=davines-alchemic-silver-gumus-sac-kremi-250-ml"},"modified":"2026-04-06T19:15:19","modified_gmt":"2026-04-06T16:15:19","slug":"davines-alchemic-silver-gumus-sac-kremi-250-ml","status":"publish","type":"product","link":"https:\/\/www.kozmodern.com\/?product=davines-alchemic-silver-gumus-sac-kremi-250-ml","title":{"rendered":"Davines Alchemic Silver G\u00fcm\u00fc\u015f Sa\u00e7 Kremi 250 ml"},"content":{"rendered":"<ul>\n<li>\n<h3 data-section-id=\"1ois3w7\" data-start=\"121\" data-end=\"150\"><span role=\"text\">Kimler i\u00e7in uygundur?<\/span><\/h3>\n<ul data-start=\"151\" data-end=\"430\">\n<li data-section-id=\"16khd40\" data-start=\"151\" data-end=\"266\">Platin, so\u011fuk sar\u0131, beyaz veya gri tonlu sa\u00e7lar (do\u011fal ya da boyal\u0131).<\/li>\n<li data-section-id=\"a8jtdb\" data-start=\"267\" data-end=\"344\">Renk solmas\u0131n\u0131 azaltmak isteyenler.<\/li>\n<li data-section-id=\"wmck5q\" data-start=\"345\" data-end=\"430\">Sa\u00e7ta parlakl\u0131k ve yumu\u015fakl\u0131k isteyenler.<\/li>\n<\/ul>\n<\/li>\n<\/ul>\n","protected":false},"excerpt":{"rendered":"<h3 data-section-id=\"1ywxi6s\" data-start=\"437\" data-end=\"464\"><span role=\"text\">Ne i\u00e7in kullan\u0131l\u0131r?<\/span><\/h3>\n<ul data-start=\"465\" data-end=\"872\">\n<li data-section-id=\"17ejzwt\" data-start=\"465\" data-end=\"601\">Sa\u00e7taki g\u00fcm\u00fc\u015f\/platin\/so\u011fuk sar\u0131 tonlar\u0131n\u0131 n\u00f6tralize etmeye ve g\u00fc\u00e7lendirmeye yard\u0131mc\u0131 olur.<\/li>\n<li data-section-id=\"brq1s\" data-start=\"602\" data-end=\"699\">Renk bak\u0131m\u0131n\u0131 destekleyerek renk solmas\u0131n\u0131 azalt\u0131r.<\/li>\n<li data-section-id=\"o1dt8p\" data-start=\"700\" data-end=\"791\">Sa\u00e7a nem, yumu\u015fakl\u0131k ve parlakl\u0131k kazand\u0131r\u0131r.<\/li>\n<li data-section-id=\"ulviue\" data-start=\"792\" data-end=\"872\">Sa\u00e7\u0131n daha kolay taranmas\u0131n\u0131 sa\u011flar.<\/li>\n<\/ul>\n<h3 data-section-id=\"tx8gfr\" data-start=\"879\" data-end=\"904\"><span role=\"text\">Nas\u0131l kullan\u0131l\u0131r?<\/span><\/h3>\n<ol data-start=\"905\" data-end=\"1224\">\n<li data-section-id=\"11xcudw\" data-start=\"905\" data-end=\"1007\">Alchemic Silver \u015fampuan ile sa\u00e7\u0131n\u0131z\u0131 y\u0131kay\u0131p durulay\u0131n.<\/li>\n<li data-section-id=\"1dhmiks\" data-start=\"1008\" data-end=\"1085\">Boy ve u\u00e7lara kremi uygulay\u0131n.<\/li>\n<li data-section-id=\"w65ymm\" data-start=\"1086\" data-end=\"1155\">5\u20138 dakika bekletin.<\/li>\n<li data-section-id=\"11y6s0y\" data-start=\"1156\" data-end=\"1224\">Taray\u0131n ve durulay\u0131n.<\/li>\n<\/ol>\n<h3 data-section-id=\"34e2gn\" data-start=\"1231\" data-end=\"1283\"><span role=\"text\">\u0130\u00e7erik:\u00a0<\/span><\/h3>\n<p data-start=\"1284\" data-end=\"1787\">Aqua \/ Water \/ Eau \u2022 Cetearyl Alcohol \u2022 Glycerin \u2022 Cetyl Alcohol \u2022 Cetrimonium Chloride \u2022 Beheneth\u201125 \u2022 Glyceryl Stearate \u2022 Polyglyceryl\u20114 Oleate \u2022 Benzyl Alcohol \u2022 Ethylhexyl Methoxycinnamate \u2022 Parfum \/ Fragrance \u2022 Simmondsia Chinensis (Jojoba) Seed Oil \u2022 Tocopherol \u2022 Disodium EDTA \u2022 Hydroxyethylcellulose \u2022 Sodium Benzoate \u2022 Glyceryl Olivate \u2022 Hydrogenated Palm Glycerides Citrate \u2022 Hydrogenated Rapeseed Alcohol \u2022 Sclerotium Gum \u2022 Citric Acid \u2022 Acid Violet 43<\/p>\n<p data-start=\"1794\" data-end=\"1916\">\n","protected":false},"featured_media":4366,"comment_status":"open","ping_status":"closed","template":"","meta":{"_acf_changed":false},"product_brand":[189],"product_cat":[397],"product_tag":[],"class_list":{"0":"post-4367","1":"product","2":"type-product","3":"status-publish","4":"has-post-thumbnail","6":"product_brand-davines","7":"product_cat-sac-kremi-davines","9":"first","10":"outofstock","11":"shipping-taxable","12":"purchasable","13":"product-type-simple"},"acf":[],"_links":{"self":[{"href":"https:\/\/www.kozmodern.com\/index.php?rest_route=\/wp\/v2\/product\/4367","targetHints":{"allow":["GET"]}}],"collection":[{"href":"https:\/\/www.kozmodern.com\/index.php?rest_route=\/wp\/v2\/product"}],"about":[{"href":"https:\/\/www.kozmodern.com\/index.php?rest_route=\/wp\/v2\/types\/product"}],"replies":[{"embeddable":true,"href":"https:\/\/www.kozmodern.com\/index.php?rest_route=%2Fwp%2Fv2%2Fcomments&post=4367"}],"wp:featuredmedia":[{"embeddable":true,"href":"https:\/\/www.kozmodern.com\/index.php?rest_route=\/wp\/v2\/media\/4366"}],"wp:attachment":[{"href":"https:\/\/www.kozmodern.com\/index.php?rest_route=%2Fwp%2Fv2%2Fmedia&parent=4367"}],"wp:term":[{"taxonomy":"product_brand","embeddable":true,"href":"https:\/\/www.kozmodern.com\/index.php?rest_route=%2Fwp%2Fv2%2Fproduct_brand&post=4367"},{"taxonomy":"product_cat","embeddable":true,"href":"https:\/\/www.kozmodern.com\/index.php?rest_route=%2Fwp%2Fv2%2Fproduct_cat&post=4367"},{"taxonomy":"product_tag","embeddable":true,"href":"https:\/\/www.kozmodern.com\/index.php?rest_route=%2Fwp%2Fv2%2Fproduct_tag&post=4367"}],"curies":[{"name":"wp","href":"https:\/\/api.w.org\/{rel}","templated":true}]}}