{"id":4385,"date":"2026-03-02T00:42:58","date_gmt":"2026-03-01T21:42:58","guid":{"rendered":"https:\/\/www.kozmodern.com\/?product=davines-alchemic-yaratici-pembe-sac-kremi-250-ml"},"modified":"2026-04-07T13:44:15","modified_gmt":"2026-04-07T10:44:15","slug":"davines-alchemic-yaratici-pembe-sac-kremi-250-ml","status":"publish","type":"product","link":"https:\/\/www.kozmodern.com\/?product=davines-alchemic-yaratici-pembe-sac-kremi-250-ml","title":{"rendered":"Davines Alchemic Yarat\u0131c\u0131 Pembe Sa\u00e7 Kremi 250 ml"},"content":{"rendered":"<h3 data-section-id=\"s66swd\" data-start=\"268\" data-end=\"299\"><strong><span role=\"text\"> Kimler i\u00e7in uygundur?<\/span><\/strong><\/h3>\n<ul data-start=\"300\" data-end=\"590\">\n<li data-section-id=\"8pixxj\" data-start=\"300\" data-end=\"345\">A\u00e7\u0131k renkli, sar\u0131 veya a\u00e7\u0131lm\u0131\u015f sa\u00e7lar<\/li>\n<li data-section-id=\"2vkfb5\" data-start=\"346\" data-end=\"408\">Sa\u00e7\u0131nda hafif pastel pembe renk yans\u0131malar\u0131 isteyenler<\/li>\n<li data-section-id=\"o3lbji\" data-start=\"409\" data-end=\"590\">Renk bak\u0131m\u0131n\u0131 ayn\u0131 zamanda nem ve yumu\u015fakl\u0131kla birle\u015ftirmek isteyenler<\/li>\n<li data-section-id=\"o3lbji\" data-start=\"409\" data-end=\"590\">Pigmentler sa\u00e7a ge\u00e7ici renk verir; etkisi y\u0131kamalarla azal\u0131r.<\/li>\n<\/ul>\n","protected":false},"excerpt":{"rendered":"<h3 data-section-id=\"1hunrus\" data-start=\"597\" data-end=\"626\"><span role=\"text\">Ne i\u00e7in kullan\u0131l\u0131r?<\/span><\/h3>\n<ul data-start=\"627\" data-end=\"863\">\n<li data-section-id=\"o9hie6\" data-start=\"627\" data-end=\"699\">Sa\u00e7a yo\u011fun pastel pembe pigmentler vererek renk efekti olu\u015fturur<\/li>\n<li data-section-id=\"1lns1q3\" data-start=\"700\" data-end=\"749\">Sa\u00e7\u0131n rengini canland\u0131r\u0131r ve renklendirir<\/li>\n<li data-section-id=\"ekm2kc\" data-start=\"750\" data-end=\"781\">Nem ve parlakl\u0131k sa\u011flar<\/li>\n<li data-section-id=\"1xqbl4o\" data-start=\"782\" data-end=\"863\">Sa\u00e7 telini besler ve yumu\u015fak hale getirir<\/li>\n<\/ul>\n<h3 data-section-id=\"1vuizxy\" data-start=\"870\" data-end=\"897\"><span role=\"text\">Nas\u0131l kullan\u0131l\u0131r?<\/span><\/h3>\n<ol data-start=\"898\" data-end=\"1228\">\n<li data-section-id=\"kwm1as\" data-start=\"898\" data-end=\"960\">\u015eampuandan sonra sa\u00e7\u0131n\u0131z\u0131 hafif\u00e7e havluyla kurulay\u0131n.<\/li>\n<li data-section-id=\"fa3exp\" data-start=\"961\" data-end=\"1023\">\u00dcr\u00fcn\u00fc nemli sa\u00e7a uygulay\u0131n (\u00f6zellikle boy ve u\u00e7lara).<\/li>\n<li data-section-id=\"2mq60q\" data-start=\"1024\" data-end=\"1089\">5\u201320 dakika bekletin (renk yo\u011funlu\u011fu beklentisine g\u00f6re).<\/li>\n<li data-section-id=\"93dxe3\" data-start=\"1090\" data-end=\"1228\">Bol su ile durulay\u0131n.<br data-start=\"1114\" data-end=\"1117\" \/>\ud83d\udc49 Renk etkisi, sa\u00e7\u0131n ba\u015flang\u0131\u00e7 rengine ve bekleme s\u00fcresine g\u00f6re de\u011fi\u015fir.<\/li>\n<\/ol>\n<h2 data-section-id=\"12653v3\" data-start=\"1235\" data-end=\"1282\"><span role=\"text\">\u0130\u00e7erik:<\/span><\/h2>\n<p data-start=\"1283\" data-end=\"1856\">Aqua\u202f\/\u202fWater\u202f\/\u202fEau, Cetyl Alcohol, Glycerin, Cetearyl Alcohol, Cetrimonium Chloride,\u202fPolyglyceryl\u20114\u202fOleate,\u202fBehentrimonium\u202fChloride,\u202fGlyceryl Stearate,\u202fBenzyl Alcohol,\u202fParfum\u202f\/\u202fFragrance, Simmondsia Chinensis (Jojoba) Seed Oil, Glyceryl Olivate, Disodium EDTA, Hydroxyethylcellulose, Sodium Benzoate, Hydrogenated Rapeseed Alcohol, Hydrogenated Palm Glycerides Citrate, Sclerotium Gum, Citric Acid, Basic Red\u202f51, Basic Yellow\u202f87, Basic Blue\u202f99, Basic Brown\u202f16, Acid Violet\u202f43, Basic Red\u202f76, Basic Yellow\u202f57.<\/p>\n","protected":false},"featured_media":4384,"comment_status":"open","ping_status":"closed","template":"","meta":{"_acf_changed":false},"product_brand":[189],"product_cat":[397],"product_tag":[],"class_list":{"0":"post-4385","1":"product","2":"type-product","3":"status-publish","4":"has-post-thumbnail","6":"product_brand-davines","7":"product_cat-sac-kremi-davines","9":"first","10":"outofstock","11":"shipping-taxable","12":"purchasable","13":"product-type-simple"},"acf":[],"_links":{"self":[{"href":"https:\/\/www.kozmodern.com\/index.php?rest_route=\/wp\/v2\/product\/4385","targetHints":{"allow":["GET"]}}],"collection":[{"href":"https:\/\/www.kozmodern.com\/index.php?rest_route=\/wp\/v2\/product"}],"about":[{"href":"https:\/\/www.kozmodern.com\/index.php?rest_route=\/wp\/v2\/types\/product"}],"replies":[{"embeddable":true,"href":"https:\/\/www.kozmodern.com\/index.php?rest_route=%2Fwp%2Fv2%2Fcomments&post=4385"}],"wp:featuredmedia":[{"embeddable":true,"href":"https:\/\/www.kozmodern.com\/index.php?rest_route=\/wp\/v2\/media\/4384"}],"wp:attachment":[{"href":"https:\/\/www.kozmodern.com\/index.php?rest_route=%2Fwp%2Fv2%2Fmedia&parent=4385"}],"wp:term":[{"taxonomy":"product_brand","embeddable":true,"href":"https:\/\/www.kozmodern.com\/index.php?rest_route=%2Fwp%2Fv2%2Fproduct_brand&post=4385"},{"taxonomy":"product_cat","embeddable":true,"href":"https:\/\/www.kozmodern.com\/index.php?rest_route=%2Fwp%2Fv2%2Fproduct_cat&post=4385"},{"taxonomy":"product_tag","embeddable":true,"href":"https:\/\/www.kozmodern.com\/index.php?rest_route=%2Fwp%2Fv2%2Fproduct_tag&post=4385"}],"curies":[{"name":"wp","href":"https:\/\/api.w.org\/{rel}","templated":true}]}}