{"id":4388,"date":"2026-03-02T00:42:59","date_gmt":"2026-03-01T21:42:59","guid":{"rendered":"https:\/\/www.kozmodern.com\/?product=davines-alchemic-yaratici-turkuaz-sac-kremi-250-ml"},"modified":"2026-04-07T13:41:57","modified_gmt":"2026-04-07T10:41:57","slug":"davines-alchemic-yaratici-turkuaz-sac-kremi-250-ml","status":"publish","type":"product","link":"https:\/\/www.kozmodern.com\/?product=davines-alchemic-yaratici-turkuaz-sac-kremi-250-ml","title":{"rendered":"Davines Alchemic Yarat\u0131c\u0131 Turkuaz Sa\u00e7 Kremi 250 ml"},"content":{"rendered":"<h3 data-section-id=\"s66swd\" data-start=\"286\" data-end=\"317\"><span role=\"text\">Kimler i\u00e7in uygundur?<\/span><\/h3>\n<ul data-start=\"318\" data-end=\"595\">\n<li data-section-id=\"8pixxj\" data-start=\"318\" data-end=\"363\">A\u00e7\u0131k renkli, sar\u0131 veya a\u00e7\u0131lm\u0131\u015f sa\u00e7lar<\/li>\n<li data-section-id=\"1a7vsfw\" data-start=\"364\" data-end=\"439\">Sa\u00e7\u0131na hafif renk efekti \/ pastel turkuaz tonlar\u0131 vermek isteyenler<\/li>\n<li data-section-id=\"1xs62bw\" data-start=\"440\" data-end=\"506\">Sa\u00e7\u0131 hem renk bak\u0131m\u0131na hem de yumu\u015fakl\u0131\u011fa ihtiya\u00e7 duyanlar<\/li>\n<li data-section-id=\"1uwj92v\" data-start=\"507\" data-end=\"595\">Renklerini tazelemek isteyen boya sonras\u0131 sa\u00e7lar<\/li>\n<\/ul>\n","protected":false},"excerpt":{"rendered":"<h3 data-section-id=\"1hunrus\" data-start=\"602\" data-end=\"631\"><span role=\"text\">Ne i\u00e7in kullan\u0131l\u0131r?<\/span><\/h3>\n<ul data-start=\"632\" data-end=\"951\">\n<li data-section-id=\"1yhtfy9\" data-start=\"632\" data-end=\"713\">Sa\u00e7a yo\u011fun pastel turkuaz pigmentler vererek hafif bir renk efekti sa\u011flar<\/li>\n<li data-section-id=\"1rgglxx\" data-start=\"714\" data-end=\"748\">Sa\u00e7\u0131 nemlendirir ve besler<\/li>\n<li data-section-id=\"1a61950\" data-start=\"749\" data-end=\"787\">Parlakl\u0131k ve yumu\u015fakl\u0131k kazand\u0131r\u0131r<\/li>\n<li data-section-id=\"37vgmn\" data-start=\"788\" data-end=\"951\">Renk bak\u0131m rutininin bir par\u00e7as\u0131 olarak kullan\u0131l\u0131r<br data-start=\"840\" data-end=\"843\" \/>-Turkuaz krem sa\u00e7ta kald\u0131\u011f\u0131 s\u00fcreye g\u00f6re renk yo\u011funlu\u011fu g\u00f6sterebilir.<\/li>\n<\/ul>\n<h3 data-section-id=\"1vuizxy\" data-start=\"958\" data-end=\"985\"><span role=\"text\">Nas\u0131l kullan\u0131l\u0131r?<\/span><\/h3>\n<ol data-start=\"986\" data-end=\"1222\">\n<li data-section-id=\"uea8r\" data-start=\"986\" data-end=\"1022\">Temiz, nemli sa\u00e7a uygulay\u0131n<\/li>\n<li data-section-id=\"16qahoe\" data-start=\"1023\" data-end=\"1060\">Boy ve u\u00e7lara e\u015fit \u015fekilde yay\u0131n<\/li>\n<li data-section-id=\"hj8qur\" data-start=\"1061\" data-end=\"1089\">5\u20136 dakika bekletin<\/li>\n<li data-section-id=\"rjvvif\" data-start=\"1090\" data-end=\"1222\">Ard\u0131ndan bol suyla durulay\u0131n<br data-start=\"1125\" data-end=\"1128\" \/>-D\u00fczenli kullan\u0131mlarda renk etkisi daha belirgin olur.<\/li>\n<\/ol>\n<h3 data-section-id=\"7aldbc\" data-start=\"1229\" data-end=\"1276\"><span role=\"text\"><strong data-start=\"1235\" data-end=\"1274\">\u0130\u00e7erik: <\/strong><\/span><\/h3>\n<p data-section-id=\"7aldbc\" data-start=\"1229\" data-end=\"1276\">Aqua \/ Water \/ Eau, Cetyl Alcohol, Glycerin, Cetearyl Alcohol, Cetrimonium Chloride, Polyglyceryl\u20114 Oleate, Behentrimonium Chloride, Glyceryl Stearate, Benzyl Alcohol, Parfum \/ Fragrance, Simmondsia Chinensis (Jojoba) Seed Oil, Glyceryl Olivate, Disodium EDTA, Hydroxyethylcellulose, Sodium Benzoate, Hydrogenated Rapeseed Alcohol, Hydrogenated Palm Glycerides Citrate, Sclerotium Gum, Citric Acid, Basic Blue 99, Basic Red 51, Basic Yellow 87<\/p>\n","protected":false},"featured_media":4387,"comment_status":"open","ping_status":"closed","template":"","meta":{"_acf_changed":false},"product_brand":[189],"product_cat":[397],"product_tag":[],"class_list":{"0":"post-4388","1":"product","2":"type-product","3":"status-publish","4":"has-post-thumbnail","6":"product_brand-davines","7":"product_cat-sac-kremi-davines","9":"first","10":"outofstock","11":"shipping-taxable","12":"purchasable","13":"product-type-simple"},"acf":[],"_links":{"self":[{"href":"https:\/\/www.kozmodern.com\/index.php?rest_route=\/wp\/v2\/product\/4388","targetHints":{"allow":["GET"]}}],"collection":[{"href":"https:\/\/www.kozmodern.com\/index.php?rest_route=\/wp\/v2\/product"}],"about":[{"href":"https:\/\/www.kozmodern.com\/index.php?rest_route=\/wp\/v2\/types\/product"}],"replies":[{"embeddable":true,"href":"https:\/\/www.kozmodern.com\/index.php?rest_route=%2Fwp%2Fv2%2Fcomments&post=4388"}],"wp:featuredmedia":[{"embeddable":true,"href":"https:\/\/www.kozmodern.com\/index.php?rest_route=\/wp\/v2\/media\/4387"}],"wp:attachment":[{"href":"https:\/\/www.kozmodern.com\/index.php?rest_route=%2Fwp%2Fv2%2Fmedia&parent=4388"}],"wp:term":[{"taxonomy":"product_brand","embeddable":true,"href":"https:\/\/www.kozmodern.com\/index.php?rest_route=%2Fwp%2Fv2%2Fproduct_brand&post=4388"},{"taxonomy":"product_cat","embeddable":true,"href":"https:\/\/www.kozmodern.com\/index.php?rest_route=%2Fwp%2Fv2%2Fproduct_cat&post=4388"},{"taxonomy":"product_tag","embeddable":true,"href":"https:\/\/www.kozmodern.com\/index.php?rest_route=%2Fwp%2Fv2%2Fproduct_tag&post=4388"}],"curies":[{"name":"wp","href":"https:\/\/api.w.org\/{rel}","templated":true}]}}