{"id":4462,"date":"2026-03-02T00:43:46","date_gmt":"2026-03-01T21:43:46","guid":{"rendered":"https:\/\/www.kozmodern.com\/?product=davines-calming-hassas-bas-derisi-yatistirici-sampuan-1000-ml"},"modified":"2026-04-07T13:15:30","modified_gmt":"2026-04-07T10:15:30","slug":"davines-calming-hassas-bas-derisi-yatistirici-sampuan-1000-ml","status":"publish","type":"product","link":"https:\/\/www.kozmodern.com\/?product=davines-calming-hassas-bas-derisi-yatistirici-sampuan-1000-ml","title":{"rendered":"Davines Calming Hassas Ba\u015f Derisi Yat\u0131\u015ft\u0131r\u0131c\u0131 \u015eampuan 1000 ml"},"content":{"rendered":"<h3 data-section-id=\"g3jpl9\" data-start=\"121\" data-end=\"148\">Kimler i\u00e7in uygundur?<\/h3>\n<ul data-start=\"149\" data-end=\"362\">\n<li data-section-id=\"167d3a6\" data-start=\"149\" data-end=\"207\">Hassas ve kolay tahri\u015f olan ba\u015f derisine sahip ki\u015filer<\/li>\n<li data-section-id=\"1tql71q\" data-start=\"208\" data-end=\"257\">Ka\u015f\u0131nt\u0131, k\u0131zar\u0131kl\u0131k veya gerginlik ya\u015fayanlar<\/li>\n<li data-section-id=\"f75nkf\" data-start=\"258\" data-end=\"310\">Alerjik ya da reaktif sa\u00e7 derisine sahip olanlar<\/li>\n<li data-section-id=\"1ydzfqb\" data-start=\"311\" data-end=\"362\">G\u00fcnl\u00fck kullan\u0131ma uygun, nazik \u015fampuan arayanlar<\/li>\n<li data-section-id=\"1ydzfqb\" data-start=\"311\" data-end=\"362\">\u00d6zellikle dermatolojik hassasiyeti olan sa\u00e7 derileri i\u00e7in geli\u015ftirilmi\u015ftir.<\/li>\n<\/ul>\n","protected":false},"excerpt":{"rendered":"<h3 data-section-id=\"15cks3o\" data-start=\"489\" data-end=\"514\">Ne i\u00e7in kullan\u0131l\u0131r?<\/h3>\n<ul data-start=\"515\" data-end=\"713\">\n<li data-section-id=\"kl3ta7\" data-start=\"515\" data-end=\"565\">Sa\u00e7 derisini <strong data-start=\"530\" data-end=\"563\">yat\u0131\u015ft\u0131rmak ve sakinle\u015ftirmek<\/strong><\/li>\n<li data-section-id=\"10cnefw\" data-start=\"566\" data-end=\"617\">Ka\u015f\u0131nt\u0131 ve k\u0131zar\u0131kl\u0131\u011f\u0131 azaltmaya yard\u0131mc\u0131 olmak<\/li>\n<li data-section-id=\"d8wb4i\" data-start=\"618\" data-end=\"667\">Sa\u00e7\u0131 nazik\u00e7e temizlerken ba\u015f derisini korumak<\/li>\n<li data-section-id=\"1q0dy08\" data-start=\"668\" data-end=\"713\">G\u00fcnl\u00fck sa\u00e7 bak\u0131m\u0131n\u0131 hassas \u015fekilde yapmak<\/li>\n<li data-section-id=\"1q0dy08\" data-start=\"668\" data-end=\"713\">\u0130\u00e7eri\u011findeki bitkisel \u00f6zler sayesinde rahatlat\u0131c\u0131 etki sa\u011flar.<\/li>\n<\/ul>\n<h3 data-section-id=\"9ug77a\" data-start=\"827\" data-end=\"850\">Nas\u0131l kullan\u0131l\u0131r?<\/h3>\n<ol data-start=\"851\" data-end=\"997\">\n<li data-section-id=\"1jv6xmg\" data-start=\"851\" data-end=\"876\">Nemli sa\u00e7a uygulay\u0131n<\/li>\n<li data-section-id=\"1rqit58\" data-start=\"877\" data-end=\"912\">Nazik\u00e7e masaj yaparak k\u00f6p\u00fcrt\u00fcn<\/li>\n<li data-section-id=\"16g1soh\" data-start=\"913\" data-end=\"937\">2\u20133 dakika bekletin<\/li>\n<li data-section-id=\"6pxo79\" data-start=\"938\" data-end=\"963\">Bol su ile durulay\u0131n<\/li>\n<li data-section-id=\"4ahg5i\" data-start=\"964\" data-end=\"997\">Gerekirse i\u015flemi tekrarlay\u0131n<\/li>\n<\/ol>\n<p data-start=\"999\" data-end=\"1068\">-D\u00fczenli kullan\u0131m \u00f6nerilir.<\/p>\n<h3 data-start=\"999\" data-end=\"1068\">\u0130\u00e7erik:<\/h3>\n<div class=\"flex flex-col text-sm\">\n<section class=\"text-token-text-primary w-full focus:outline-none [--shadow-height:45px] has-data-writing-block:pointer-events-none has-data-writing-block:-mt-(--shadow-height) has-data-writing-block:pt-(--shadow-height) [&amp;:has([data-writing-block])&gt;*]:pointer-events-auto scroll-mt-[calc(var(--header-height)+min(200px,max(70px,20svh)))]\" dir=\"auto\" data-turn-id=\"request-WEB:b5cc59e2-8308-4823-814b-0bbc237bfaba-2\" data-testid=\"conversation-turn-6\" data-scroll-anchor=\"true\" data-turn=\"assistant\">\n<div class=\"text-base my-auto mx-auto pb-10 [--thread-content-margin:var(--thread-content-margin-xs,calc(var(--spacing)*4))] @w-sm\/main:[--thread-content-margin:var(--thread-content-margin-sm,calc(var(--spacing)*6))] @w-lg\/main:[--thread-content-margin:var(--thread-content-margin-lg,calc(var(--spacing)*16))] px-(--thread-content-margin)\">\n<div class=\"[--thread-content-max-width:40rem] @w-lg\/main:[--thread-content-max-width:48rem] mx-auto max-w-(--thread-content-max-width) flex-1 group\/turn-messages focus-visible:outline-hidden relative flex w-full min-w-0 flex-col agent-turn\">\n<div class=\"flex max-w-full flex-col gap-4 grow\">\n<div class=\"min-h-8 text-message relative flex w-full flex-col items-end gap-2 text-start break-words whitespace-normal outline-none keyboard-focused:focus-ring [.text-message+&amp;]:mt-1\" dir=\"auto\" tabindex=\"0\" data-message-author-role=\"assistant\" data-message-id=\"0818e2a8-e6e0-43bf-a297-af5bfe618082\" data-message-model-slug=\"gpt-5-3\" data-turn-start-message=\"true\">\n<div class=\"flex w-full flex-col gap-1 empty:hidden\">\n<div class=\"markdown prose dark:prose-invert w-full wrap-break-word light markdown-new-styling\">\n<p data-start=\"112\" data-end=\"704\" data-is-last-node=\"\" data-is-only-node=\"\">Aqua \/ Water \/ Eau, Sodium Lauroyl Methyl Isethionate, Disodium Cocoamphodiacetate, Glycerin, Sodium Lauroyl Sarcosinate, Propanediol, Polysorbate 20, Sodium Olivamphoacetate, Sodium Chloride, 1,2-Hexanediol, Acrylates\/C10-30 Alkyl Acrylate Crosspolymer, Parfum \/ Fragrance, Coco-Glucoside, Glyceryl Oleate, Sodium Benzoate, Trisodium Ethylenediamine Disuccinate, Polyquaternium-10, Oleyl Alcohol, Caprylhydroxamic Acid, Tetrasodium Glutamate Diacetate, Sodium Hydroxide, Polyquaternium-67, Zanthoxylum Bungeanum Fruit Extract, Vaccinium Myrtillus Leaf Extract, Citric Acid, CI 17200 (Red 33)<\/p>\n<\/div>\n<\/div>\n<\/div>\n<\/div>\n<div class=\"z-0 flex min-h-[46px] justify-start\"><\/div>\n<\/div>\n<\/div>\n<\/section>\n<\/div>\n<div class=\"pointer-events-none h-px w-px absolute bottom-0\" aria-hidden=\"true\" data-edge=\"true\"><\/div>\n","protected":false},"featured_media":4461,"comment_status":"open","ping_status":"closed","template":"","meta":{"_acf_changed":false},"product_brand":[189],"product_cat":[398],"product_tag":[],"class_list":{"0":"post-4462","1":"product","2":"type-product","3":"status-publish","4":"has-post-thumbnail","6":"product_brand-davines","7":"product_cat-sampuan-davines","9":"first","10":"outofstock","11":"shipping-taxable","12":"purchasable","13":"product-type-simple"},"acf":[],"_links":{"self":[{"href":"https:\/\/www.kozmodern.com\/index.php?rest_route=\/wp\/v2\/product\/4462","targetHints":{"allow":["GET"]}}],"collection":[{"href":"https:\/\/www.kozmodern.com\/index.php?rest_route=\/wp\/v2\/product"}],"about":[{"href":"https:\/\/www.kozmodern.com\/index.php?rest_route=\/wp\/v2\/types\/product"}],"replies":[{"embeddable":true,"href":"https:\/\/www.kozmodern.com\/index.php?rest_route=%2Fwp%2Fv2%2Fcomments&post=4462"}],"wp:featuredmedia":[{"embeddable":true,"href":"https:\/\/www.kozmodern.com\/index.php?rest_route=\/wp\/v2\/media\/4461"}],"wp:attachment":[{"href":"https:\/\/www.kozmodern.com\/index.php?rest_route=%2Fwp%2Fv2%2Fmedia&parent=4462"}],"wp:term":[{"taxonomy":"product_brand","embeddable":true,"href":"https:\/\/www.kozmodern.com\/index.php?rest_route=%2Fwp%2Fv2%2Fproduct_brand&post=4462"},{"taxonomy":"product_cat","embeddable":true,"href":"https:\/\/www.kozmodern.com\/index.php?rest_route=%2Fwp%2Fv2%2Fproduct_cat&post=4462"},{"taxonomy":"product_tag","embeddable":true,"href":"https:\/\/www.kozmodern.com\/index.php?rest_route=%2Fwp%2Fv2%2Fproduct_tag&post=4462"}],"curies":[{"name":"wp","href":"https:\/\/api.w.org\/{rel}","templated":true}]}}